{"id":38372,"date":"2026-03-18T16:55:03","date_gmt":"2026-03-18T16:55:03","guid":{"rendered":"https:\/\/soydeaqui.ddns.net\/pachuca\/index.php\/producto\/kit-solar-interconexion-10kw-220vca-inversor-growatt-montaje-incluido\/"},"modified":"2026-03-18T16:55:03","modified_gmt":"2026-03-18T16:55:03","slug":"kit-solar-interconexion-10kw-220vca-inversor-growatt-montaje-incluido","status":"publish","type":"product","link":"https:\/\/soydeaqui.ddns.net\/pachuca\/index.php\/producto\/kit-solar-interconexion-10kw-220vca-inversor-growatt-montaje-incluido\/","title":{"rendered":"Kit Solar Interconexion  \/ 10kW  220Vca \/ Inversor GROWATT \/ Montaje Incluido"},"content":{"rendered":"<div style='width: 100%; max-width: 1200px; margin: 0 auto; font-family: sans-serif; line-height: 1.6; color: inherit; background-color: transparent;'> <!-- Secci\u00f3n de funcionamiento --> <\/p>\n<div style='text-align: center; margin: 30px 0;'>\n<h2 style='font-size: 24px; color: #2880b9; margin-bottom: 15px;'>\u00bfC\u00f3mo Funciona?<\/h2>\n<p style='font-size: 14px; max-width: 800px; margin: 0 auto; color: inherit;'>Los sistemas de interconexi\u00f3n convierten&comma; mediante un inversor&comma; la energ\u00eda en corriente directa generada por los paneles solares en energ\u00eda en corriente alterna en total sincron\u00eda en voltaje y frecuencia tal y como lo entrega CFE.<\/p>\n<\/p><\/div>\n<p> <!-- Secci\u00f3n de componentes --> <\/p>\n<div style='display: flex; flex-wrap: wrap; gap: 30px; margin: 30px 0;'>\n<div style='flex: 1 1 300px; min-width: 280px;'> <img style='width: 100%; height: auto; border: 1px solid rgba(150&comma;150&comma;150&comma;0.3); border-radius: 8px;' src='https:\/\/ftp3.syscom.mx\/cdn-cgi\/image\/format=png&comma;width=390&comma;height=390\/usuarios\/fotos\/BancoFotografiasSyscom\/GROWATT\/MIN10000TLX2\/MIN10000TLX2-p.PNG?v=1.000250404' alt='Inversor GROWATT'> <\/div>\n<div style='flex: 1 1 300px; min-width: 280px;'>\n<h3 style='font-size: 20px; border-bottom: 2px solid currentColor; padding-bottom: 5px; margin-top: 0; color: inherit; opacity: 0.8;'>Componentes Principales<\/h3>\n<ul style='padding-left: 20px; font-size: 15px; color: inherit;'>\n<li style='margin-bottom: 10px;'><strong>1 X <\/strong><a style='color: #18a085; text-decoration: none;' href='https:\/\/www.syscom.mx\/producto\/MIN10000TLX2-GROWATT-225258.html'>MIN10000TLX2<\/a>: Inversor de Interconexi\u00f3n GROWATT 10kW 220Va<\/li>\n<li style='margin-bottom: 10px;'><strong>16 X <\/strong><a style='color: #18a085; text-decoration: none;' href='https:\/\/syscom.pro\/products\/237575' target='_blank' rel='noopener noreferrer'>LR772HVH645M<\/a>: M\u00f3dulo Fotovoltaico 645W 50Vcc<\/li>\n<li style='margin-bottom: 10px;'><strong>3 X <\/strong><a style='color: #18a085; text-decoration: none;' href='https:\/\/www.syscom.mx\/principal\/searchcont?route=EPL-01-EPCOM-POWERLINE-144817&#038;autodetect=EPL01'>EPL01<\/a>: Conector MC4<\/li>\n<li style='margin-bottom: 10px;'><strong>4 X <\/strong><a style='color: #18a085; text-decoration: none;' href='https:\/\/www.syscom.mx\/principal\/searchcont?route=VEKTOR8R-EPCOM-POWERLINE-216369&#038;autodetect=VEKTOR8R'>VEKTOR8R<\/a>: Montaje para 4 M\u00f3dulos Solares<\/li>\n<\/ul><\/div>\n<\/p><\/div>\n<p> <!-- Secci\u00f3n de accesorios --> <\/p>\n<div style='margin: 30px 0;'>\n<h3 style='font-size: 20px; border-bottom: 2px solid currentColor; padding-bottom: 5px; margin-top: 0; color: inherit; opacity: 0.8;'>Accesorios de Instalaci\u00f3n (NO incluidos)<\/h3>\n<ul style='padding-left: 20px; font-size: 15px; color: inherit; list-style-type: circle;'>\n<li style='margin-bottom: 10px;'><strong>Cable PV (Conexi\u00f3n de m\u00f3dulos a inversor)<\/strong>\n<ul style='padding-left: 20px; list-style-type: circle;'>\n<li>FJ81 y FJ86 (venta por metro)<\/li>\n<\/ul>\n<\/li>\n<li style='margin-bottom: 10px;'><strong>Pastillas de protecci\u00f3n (Corriente Directa)<\/strong>\n<ul style='padding-left: 20px; list-style-type: circle;'>\n<li>PL20ACD (se requiere 1 por cadena)<\/li>\n<\/ul>\n<\/li>\n<li style='margin-bottom: 10px;'><strong>Pastillas de protecci\u00f3n (Corriente Alterna)<\/strong>\n<ul style='padding-left: 20px; list-style-type: circle;'>\n<li>PL63ACA<\/li>\n<\/ul>\n<\/li>\n<li style='margin-bottom: 10px;'><strong>Cableado CA<\/strong>\n<ul style='padding-left: 20px; list-style-type: circle;'>\n<li>SLY-296-BLK Cable de Cobre uso rudo 8AWG<\/li>\n<li>SLY-296-WTH Cable de Cobre uso rudo 8AWG<\/li>\n<li>SLY-296-GRN Cable de Cobre uso rudo 8AWG<\/li>\n<\/ul>\n<\/li>\n<\/ul><\/div>\n<p> <!-- Notas t\u00e9cnicas --> <\/p>\n<div style='margin: 30px 0;'>\n<h3 style='font-size: 20px; border-bottom: 2px solid currentColor; padding-bottom: 5px; margin-top: 0; color: inherit; opacity: 0.8;'>Notas t\u00e9cnicas<\/h3>\n<ul style='padding-left: 20px; font-size: 15px; color: inherit; list-style-type: disc;'>\n<li style='margin-bottom: 10px;'>Los inversores requieren sincronizarse para entregar voltaje&comma; de lo contrario el equipo no entregar\u00e1 voltaje. Si se miden las terminales con los paneles conectados el voltaje medido debe ser 0V.<\/li>\n<li style='margin-bottom: 10px;'>Se recomienda utilizar sistemas de tierra f\u00edsica (<a style='color: #2880b9; text-decoration: none;' href='https:\/\/www.syscom.mx\/principal\/searchcont?route=LP-GROUND-30A-LINKEDPRO-BY-EPCOM-172180&#038;autodetect=lp30ground'>LP-GROUND-30A<\/a>)&comma; colocar supresores de picos (<a style='color: #2880b9; text-decoration: none;' href='https:\/\/www.syscom.mx\/principal\/searchcont?route=LA302R-DELTA-167343&#038;autodetect=la302'>LA302R<\/a>) y verificar voltajes de operaci\u00f3n.<\/li>\n<\/ul><\/div>\n<p> <!-- Secci\u00f3n de beneficios --> <\/p>\n<div style='margin: 30px 0;'>\n<h3 style='font-size: 20px; border-bottom: 2px solid currentColor; padding-bottom: 5px; margin-top: 0; color: inherit; opacity: 0.8;'>Beneficios<\/h3>\n<div style='display: grid; grid-template-columns: repeat(auto-fit&comma; minmax(200px&comma; 1fr)); gap: 20px; margin-top: 20px;'>\n<div style='text-align: center;'> <img style='width: 100px; height: auto; border: 1px solid rgba(150&comma;150&comma;150&comma;0.3); border-radius: 8px;' src='https:\/\/ftp3.syscom.mx\/usuarios\/ftp\/single_page\/epcom_powerline\/limpia.png' alt='Energ\u00eda Limpia'> <\/p>\n<p style='margin-top: 10px; color: inherit;'>Energ\u00eda Limpia<\/p>\n<\/p><\/div>\n<div style='text-align: center;'> <img style='width: 100px; height: auto; border: 1px solid rgba(150&comma;150&comma;150&comma;0.3); border-radius: 8px;' src='https:\/\/ftp3.syscom.mx\/usuarios\/ftp\/single_page\/epcom_powerline\/ahorro.png' alt='Ahorro de Energ\u00eda'> <\/p>\n<p style='margin-top: 10px; color: inherit;'>Ahorro de Energ\u00eda<\/p>\n<\/p><\/div>\n<div style='text-align: center;'> <img style='width: 100px; height: auto; border: 1px solid rgba(150&comma;150&comma;150&comma;0.3); border-radius: 8px;' src='https:\/\/ftp3.syscom.mx\/usuarios\/ftp\/single_page\/epcom_powerline\/ciudad.png' alt='Cuidado del Medio Ambiente'> <\/p>\n<p style='margin-top: 10px; color: inherit;'>Cuidado del Medio Ambiente<\/p>\n<\/p><\/div>\n<div style='text-align: center;'> <img style='width: 100px; height: auto; border: 1px solid rgba(150&comma;150&comma;150&comma;0.3); border-radius: 8px;' src='https:\/\/ftp3.syscom.mx\/usuarios\/ftp\/single_page\/epcom_powerline\/conexion.png' alt='Conexi\u00f3n sencilla'> <\/p>\n<p style='margin-top: 10px; color: inherit;'>Conexi\u00f3n sencilla<\/p>\n<\/p><\/div>\n<\/p><\/div>\n<\/p><\/div>\n<p> <!-- Separador --> <\/p>\n<hr style='border: 0; border-top: 1px solid rgba(150&comma; 150&comma; 150&comma; 0.3); margin: 30px 0;'> <\/div>\n","protected":false},"excerpt":{"rendered":"<p>Kit Solar Interconexion  \/ 10kW  220Vca \/ Inversor GROWATT \/ Montaje Incluido<\/p>\n","protected":false},"featured_media":38371,"comment_status":"open","ping_status":"closed","template":"","meta":[],"product_brand":[],"product_cat":[1129],"product_tag":[964,1157,1130],"class_list":{"0":"post-38372","1":"product","2":"type-product","3":"status-publish","4":"has-post-thumbnail","6":"product_cat-kit-solar-interconexion","7":"product_tag-energia-solar","8":"product_tag-growatt","9":"product_tag-kit-solar-interconexion","11":"first","12":"outofstock","13":"sale","14":"shipping-taxable","15":"purchasable","16":"product-type-simple"},"_links":{"self":[{"href":"https:\/\/soydeaqui.ddns.net\/pachuca\/index.php\/wp-json\/wp\/v2\/product\/38372","targetHints":{"allow":["GET"]}}],"collection":[{"href":"https:\/\/soydeaqui.ddns.net\/pachuca\/index.php\/wp-json\/wp\/v2\/product"}],"about":[{"href":"https:\/\/soydeaqui.ddns.net\/pachuca\/index.php\/wp-json\/wp\/v2\/types\/product"}],"replies":[{"embeddable":true,"href":"https:\/\/soydeaqui.ddns.net\/pachuca\/index.php\/wp-json\/wp\/v2\/comments?post=38372"}],"wp:featuredmedia":[{"embeddable":true,"href":"https:\/\/soydeaqui.ddns.net\/pachuca\/index.php\/wp-json\/wp\/v2\/media\/38371"}],"wp:attachment":[{"href":"https:\/\/soydeaqui.ddns.net\/pachuca\/index.php\/wp-json\/wp\/v2\/media?parent=38372"}],"wp:term":[{"taxonomy":"product_brand","embeddable":true,"href":"https:\/\/soydeaqui.ddns.net\/pachuca\/index.php\/wp-json\/wp\/v2\/product_brand?post=38372"},{"taxonomy":"product_cat","embeddable":true,"href":"https:\/\/soydeaqui.ddns.net\/pachuca\/index.php\/wp-json\/wp\/v2\/product_cat?post=38372"},{"taxonomy":"product_tag","embeddable":true,"href":"https:\/\/soydeaqui.ddns.net\/pachuca\/index.php\/wp-json\/wp\/v2\/product_tag?post=38372"}],"curies":[{"name":"wp","href":"https:\/\/api.w.org\/{rel}","templated":true}]}}