{"id":38370,"date":"2026-03-18T16:55:00","date_gmt":"2026-03-18T16:55:00","guid":{"rendered":"https:\/\/soydeaqui.ddns.net\/pachuca\/index.php\/producto\/kit-solar-interconexion-2kw-220vca-microinversores-hoymiles-montaje-incluido\/"},"modified":"2026-03-18T16:55:01","modified_gmt":"2026-03-18T16:55:01","slug":"kit-solar-interconexion-2kw-220vca-microinversores-hoymiles-montaje-incluido","status":"publish","type":"product","link":"https:\/\/soydeaqui.ddns.net\/pachuca\/index.php\/producto\/kit-solar-interconexion-2kw-220vca-microinversores-hoymiles-montaje-incluido\/","title":{"rendered":"Kit Solar Interconexion  \/ 2kW  220Vca \/ Microinversores HOYMILES \/ Montaje Incluido"},"content":{"rendered":"<div style='width: 100%; max-width: 1200px; margin: 0 auto; font-family: sans-serif; line-height: 1.6; color: inherit; background-color: transparent;'> <!-- Barra gris --> <\/p>\n<div style='width: 100%; background-color: #f0f0f0; padding: 10px 0;'>\n<div style='width: 100%; max-width: 1200px; margin: 0 auto;'>\n<div style='width: 100%; max-width: 300px; margin: 0 auto;'> <!-- Espacio vac\u00edo --> <\/div>\n<\/p><\/div>\n<\/p><\/div>\n<p> <!-- Secci\u00f3n de c\u00f3mo funciona --> <\/p>\n<div style='width: 100%; background-color: #014e94; padding: 30px 20px; margin: 30px 0;'>\n<div style='width: 100%; max-width: 1200px; margin: 0 auto;'>\n<p style='text-align: center; color: white; font-size: 18px; margin: 0;'>M\u00e1xima eficiencia<\/p>\n<p style='text-align: center; color: white; font-size: 24px; margin: 15px 0 0; color: #2880b9;'>\u00bfC\u00f3mo Funciona?<\/p>\n<div style='width: 100%; max-width: 800px; margin: 20px auto 30px; color: white;'>\n<p>Los sistemas de interconexi\u00f3n convierten&comma; mediante un inversor&comma; la energ\u00eda en corriente directa generada por los paneles solares en energ\u00eda en corriente alterna en total sincron\u00eda en voltaje y frecuencia tal y como lo entrega CFE.<\/p>\n<p>Los microinversores HOYMILES son una soluci\u00f3n avanzada dise\u00f1ada para aplicaciones de sistemas fotovoltaicos residenciales. Este inversor es ideal para aquellos que buscan optimizar la generaci\u00f3n de energ\u00eda de sus sistemas PV.<\/p>\n<p>Gracias a su tecnolog\u00eda de vanguardia&comma; ofrece una m\u00e1xima eficiencia&comma; asegurando que se aproveche al m\u00e1ximo la energ\u00eda solar recogida por sus paneles.<\/p>\n<\/p><\/div>\n<\/p><\/div>\n<\/p><\/div>\n<p> <!-- Secci\u00f3n de componentes --> <\/p>\n<div style='width: 100%; max-width: 1200px; margin: 0 auto; padding: 20px 0;'>\n<div style='display: flex; flex-wrap: wrap; gap: 30px; align-items: start;'> <!-- Im\u00e1genes --> <\/p>\n<div style='flex: 1 1 300px; min-width: 280px;'> <img style='width: 100%; height: auto; border: 1px solid rgba(150&comma;150&comma;150&comma;0.3); border-radius: 8px;' src='https:\/\/ftp3.syscom.mx\/cdn-cgi\/image\/format=png&comma;width=390&comma;height=390\/usuarios\/fotos\/BancoFotografiasSyscom\/HOYMILES\/HMS10002T\/HMS10002T-p.PNG?v=1.000250404' alt='Microinversor HOYMILES HMS20004TA'> <img style='width: 100%; height: auto; border: 1px solid rgba(150&comma;150&comma;150&comma;0.3); border-radius: 8px; margin-top: 15px;' src='https:\/\/ftp3.syscom.mx\/cdn-cgi\/image\/format=png&comma;width=390&comma;height=390\/usuarios\/fotos\/BancoFotografiasSyscom\/HOYMILES\/HMS20004TA\/HMS20004TA-p.PNG?v=1.000250404' alt='Kit Solar HOYMILES'> <\/div>\n<p> <!-- Lista de componentes --> <\/p>\n<div style='flex: 1 1 300px; min-width: 280px;'>\n<h2 style='font-size: 20px; margin-top: 0; margin-bottom: 20px; color: inherit; opacity: 0.9;'>Componentes Principales<\/h2>\n<ul style='padding-left: 20px; font-size: 15px; color: inherit; list-style: none;'>\n<li style='margin-bottom: 15px;'> <strong style='color: #18a085;'>1 x <a style='color: #18a085; text-decoration: none;' href='https:\/\/www.syscom.mx\/producto\/HMS20004TA-HOYMILES-215988.html' target='_blank' rel='noopener noreferrer'>HMS20004TA<\/a><\/strong>: Microinversor de Interconexi\u00f3n 2kW 220Vca <\/li>\n<li style='margin-bottom: 15px;'> <strong style='color: #18a085;'>4 x <a style='color: #18a085; text-decoration: none;' href='https:\/\/syscom.pro\/products\/237575' target='_blank' rel='noopener noreferrer'>LR772HVH645M<\/a><\/strong>: M\u00f3dulo Fotovoltaico 645W 50Vcc <\/li>\n<li style='margin-bottom: 15px;'> <strong style='color: #18a085;'>1 x <a style='color: #18a085; text-decoration: none;' href='https:\/\/www.syscom.mx\/principal\/searchcont?route=VEKTOR8R-EPCOM-POWERLINE-216369&#038;autodetect=VEKTOR8R' target='_blank' rel='noopener noreferrer'>VEKTOR8R<\/a><\/strong>: Montaje para 4 M\u00f3dulos Solares <\/li>\n<li style='margin-bottom: 15px;'> <strong style='color: #18a085;'>1 x <a style='color: #18a085; text-decoration: none;' href='https:\/\/syscom.pro\/products\/201218' target='_blank' rel='noopener noreferrer'>ACTRUNKCONNECTOR<\/a><\/strong>: Conector para Cable Troncal de Inversor de la serie HMS <\/li>\n<\/ul><\/div>\n<\/p><\/div>\n<\/p><\/div>\n<p> <!-- Accesorios no incluidos --> <\/p>\n<div style='width: 100%; max-width: 1200px; margin: 30px auto; padding: 20px; border: 1px solid rgba(150&comma;150&comma;150&comma;0.3); border-radius: 8px;'>\n<h3 style='margin-top: 0; margin-bottom: 20px; font-size: 18px; color: inherit; opacity: 0.9;'>Accesorios de Instalaci\u00f3n (NO incluidos)<\/h3>\n<ul style='padding-left: 20px; font-size: 14px; color: inherit; list-style: circle;'>\n<li style='margin-bottom: 10px; margin-left: 15px;'> <strong>Cable PV (Conexi\u00f3n de m\u00f3dulos a inversor)<\/strong>\n<ul style='padding-left: 20px; margin-top: 5px;'>\n<li>FJ81 y FJ86 (venta por metro)<\/li>\n<\/ul>\n<\/li>\n<li style='margin-bottom: 10px; margin-left: 15px;'> <strong>Pastillas de protecci\u00f3n (Corriente Alterna)<\/strong>\n<ul style='padding-left: 20px; margin-top: 5px;'>\n<li>PL16ACA<\/li>\n<\/ul>\n<\/li>\n<li style='margin-bottom: 10px; margin-left: 15px;'> <strong>Cableado CA<\/strong>\n<ul style='padding-left: 20px; margin-top: 5px;'>\n<li>SLY-308-BLK Cable de Cobre uso rudo 12AWG<\/li>\n<li>SLY-308-WTH Cable de Cobre uso rudo 12AWG<\/li>\n<li>SLY-308-GRN Cable de Cobre uso rudo 12AWG<\/li>\n<\/ul>\n<\/li>\n<\/ul><\/div>\n<p> <!-- Notas importantes --> <\/p>\n<div style='width: 100%; max-width: 1200px; margin: 30px auto;'>\n<h3 style='font-size: 18px; margin-bottom: 15px; color: inherit; opacity: 0.9;'>Notas importantes<\/h3>\n<ul style='padding-left: 20px; font-size: 14px; color: inherit;'>\n<li style='margin-bottom: 10px;'> <em>Los inversores requieren sincronizarse para entregar voltaje&comma; de lo contrario el equipo no entregar\u00e1 voltaje. Si se miden las terminales con los paneles conectados el voltaje medido debe ser 0V.<\/em> <\/li>\n<li style='margin-bottom: 10px;'> <em>Se recomienda utilizar sistemas de tierra f\u00edsica (<a style='color: #2880b9; text-decoration: none;' href='https:\/\/www.syscom.mx\/principal\/searchcont?route=LP-GROUND-30A-LINKEDPRO-BY-EPCOM-172180&#038;autodetect=lp30ground'>LP-GROUND-30A<\/a>)&comma; colocar supresores de picos (<a style='color: #2880b9; text-decoration: none;' href='https:\/\/www.syscom.mx\/principal\/searchcont?route=LA302R-DELTA-167343&#038;autodetect=la302'>LA302R<\/a>) y verificar voltajes de operaci\u00f3n.<\/em> <\/li>\n<\/ul><\/div>\n<p> <!-- Iconos de beneficios --> <\/p>\n<div style='width: 100%; max-width: 1200px; margin: 30px auto;'>\n<h3 style='font-size: 18px; margin-bottom: 20px; color: inherit; opacity: 0.9; text-align: center;'>Beneficios del sistema<\/h3>\n<div style='display: flex; flex-wrap: wrap; gap: 20px; justify-content: center;'>\n<div style='flex: 1 1 200px; min-width: 150px; text-align: center;'> <img style='width: 60px; height: auto; margin-bottom: 10px;' src='https:\/\/ftp3.syscom.mx\/usuarios\/ftp\/single_page\/epcom_powerline\/limpia.png' alt='Energ\u00eda Limpia'> <\/p>\n<p style='color: inherit;'>Energ\u00eda Limpia<\/p>\n<\/p><\/div>\n<div style='flex: 1 1 200px; min-width: 150px; text-align: center;'> <img style='width: 60px; height: auto; margin-bottom: 10px;' src='https:\/\/ftp3.syscom.mx\/usuarios\/ftp\/single_page\/epcom_powerline\/ahorro.png' alt='Ahorro de Energ\u00eda'> <\/p>\n<p style='color: inherit;'>Ahorro de Energ\u00eda<\/p>\n<\/p><\/div>\n<div style='flex: 1 1 200px; min-width: 150px; text-align: center;'> <img style='width: 60px; height: auto; margin-bottom: 10px;' src='https:\/\/ftp3.syscom.mx\/usuarios\/ftp\/single_page\/epcom_powerline\/ciudad.png' alt='Cuidado del Medio Ambiente'> <\/p>\n<p style='color: inherit;'>Cuidado del Medio Ambiente<\/p>\n<\/p><\/div>\n<div style='flex: 1 1 200px; min-width: 150px; text-align: center;'> <img style='width: 60px; height: auto; margin-bottom: 10px;' src='https:\/\/ftp3.syscom.mx\/usuarios\/ftp\/single_page\/epcom_powerline\/conexion.png' alt='Conexi\u00f3n Sencilla'> <\/p>\n<p style='color: inherit;'>Conexi\u00f3n Sencilla<\/p>\n<\/p><\/div>\n<\/p><\/div>\n<\/p><\/div>\n<p> <!-- Separador final --> <\/p>\n<hr style='border: 0; border-top: 1px solid rgba(150&comma; 150&comma; 150&comma; 0.3); margin: 30px 0;'> <\/div>\n","protected":false},"excerpt":{"rendered":"<p>Kit Solar Interconexion  \/ 2kW  220Vca \/ Microinversores HOYMILES \/ Montaje Incluido<\/p>\n","protected":false},"featured_media":38369,"comment_status":"open","ping_status":"closed","template":"","meta":[],"product_brand":[],"product_cat":[1129],"product_tag":[964,1094,1130],"class_list":{"0":"post-38370","1":"product","2":"type-product","3":"status-publish","4":"has-post-thumbnail","6":"product_cat-kit-solar-interconexion","7":"product_tag-energia-solar","8":"product_tag-hoymiles","9":"product_tag-kit-solar-interconexion","11":"first","12":"outofstock","13":"sale","14":"shipping-taxable","15":"purchasable","16":"product-type-simple"},"_links":{"self":[{"href":"https:\/\/soydeaqui.ddns.net\/pachuca\/index.php\/wp-json\/wp\/v2\/product\/38370","targetHints":{"allow":["GET"]}}],"collection":[{"href":"https:\/\/soydeaqui.ddns.net\/pachuca\/index.php\/wp-json\/wp\/v2\/product"}],"about":[{"href":"https:\/\/soydeaqui.ddns.net\/pachuca\/index.php\/wp-json\/wp\/v2\/types\/product"}],"replies":[{"embeddable":true,"href":"https:\/\/soydeaqui.ddns.net\/pachuca\/index.php\/wp-json\/wp\/v2\/comments?post=38370"}],"wp:featuredmedia":[{"embeddable":true,"href":"https:\/\/soydeaqui.ddns.net\/pachuca\/index.php\/wp-json\/wp\/v2\/media\/38369"}],"wp:attachment":[{"href":"https:\/\/soydeaqui.ddns.net\/pachuca\/index.php\/wp-json\/wp\/v2\/media?parent=38370"}],"wp:term":[{"taxonomy":"product_brand","embeddable":true,"href":"https:\/\/soydeaqui.ddns.net\/pachuca\/index.php\/wp-json\/wp\/v2\/product_brand?post=38370"},{"taxonomy":"product_cat","embeddable":true,"href":"https:\/\/soydeaqui.ddns.net\/pachuca\/index.php\/wp-json\/wp\/v2\/product_cat?post=38370"},{"taxonomy":"product_tag","embeddable":true,"href":"https:\/\/soydeaqui.ddns.net\/pachuca\/index.php\/wp-json\/wp\/v2\/product_tag?post=38370"}],"curies":[{"name":"wp","href":"https:\/\/api.w.org\/{rel}","templated":true}]}}