{"id":38362,"date":"2026-03-18T16:54:48","date_gmt":"2026-03-18T16:54:48","guid":{"rendered":"https:\/\/soydeaqui.ddns.net\/pachuca\/index.php\/producto\/pastilla-para-riel-din-2-polos-40-amp-vca110-415v-10ka-catalogo-nxb632pc40-serie-nxb-63\/"},"modified":"2026-03-18T16:54:48","modified_gmt":"2026-03-18T16:54:48","slug":"pastilla-para-riel-din-2-polos-40-amp-vca110-415v-10ka-catalogo-nxb632pc40-serie-nxb-63","status":"publish","type":"product","link":"https:\/\/soydeaqui.ddns.net\/pachuca\/index.php\/producto\/pastilla-para-riel-din-2-polos-40-amp-vca110-415v-10ka-catalogo-nxb632pc40-serie-nxb-63\/","title":{"rendered":"Pastilla para Riel Din, 2 Polos, 40 Amp, Vca:110\/415v, 10kA, Cat\u00e1logo: NXB632PC40, Serie: NXB-63."},"content":{"rendered":"<\/p>\n<p>Los dispositivos NXB63 son capaces de suspender el paso de la corriente el\u00e9ctrica en un circuito al detectar una sobre carga (parte t\u00e9rmica) o una sobretensi\u00f3n (parte magn\u00e9tica) <\/p>\n<p>Datos T\u00e9cnicos:<\/p>\n<ul>\n<li>Voltaje de operaci\u00f3n: 110VCA &#8211; 415 VCA.<\/li>\n<li>Corriente nominal: 40A.<\/li>\n<li>Configuraci\u00f3n: 2 polos.<\/li>\n<li>Capacidad interruptiva: 10kA.<\/li>\n<li>Montaje: Riel Din.<\/li>\n<li>Bandera indicadora de estado.<\/li>\n<li>Tornillos cautivos.<\/li>\n<li>Temperatura de funcionamiento: -30 a 70\u00b0C.<\/li>\n<\/ul>\n<p><img class='fr-fic fr-dii' src='data:image\/jpeg;base64&comma;\/9j\/4AAQSkZJRgABAQAAAQABAAD\/2wCEAAoHCBIWFRUVFRUYGBgaGhgYGBocGBoYFRgYGRoaGhgYGRgcIS4lHB4rIRwYJjgmKy8xNTU1GiQ7QDs0Py40NTEBDAwMEA8QHBISHzEsISw9PzQ0PTQ0Pz80NDw6NDQ2NDQ0NDE\/PTQ0NDYxNTE2PTQ0PTE0NDE0NDQ0ODQ9MTE0NP\/AABEIAQMAwwMBIgACEQEDEQH\/xAAbAAEAAgMBAQAAAAAAAAAAAAAAAwUBBAYCB\/\/EADwQAAIBAgMEBwUGBgMBAQAAAAECAAMRBBIhMUFRcQUGEyJhgbEycpGhwRQjM0JS8AeCkqKy0WLC4dJD\/8QAGgEBAAIDAQAAAAAAAAAAAAAAAAECAwQFBv\/EACwRAQEAAQMDAgUCBwAAAAAAAAABAgMEERIhUQUxE0FhgZEUJBUiM0JxobH\/2gAMAwEAAhEDEQA\/APs0REBERAREQEREBERAREQEREBERAREQEREBERAREQEREBERAREQEREBERAREQEREBERAREQEREBERAREQEREBERAREQEREBEqsf0kyVAlhYpmvvv3tPlNZumuDD+n\/AHAvolOmOfaTflYfSeWxZJtnt\/UfQCBdRKQ1WP53P8rSHvk6ZzzVgD8YHQEzz2i\/qHxEoHo1L6LccNh53JsZIrsGCb7XtpsBtAuTXT9S\/ETH2hNmYfGVfYufyr5uxg4duCfFjAuolQlJ7WLgeAJt6zbpViBZmDcNx84G5E8U6gYXE9wEREBERAREQEREBERAREQOb6f\/ABl9z6tKUhdLvY2NltfNrqb7raf1S\/6xEZ6XGz35aW+soBu\/e2QJMPimUgg7De0v8NjGdcwAA2ec5vcdeH7M2+ja7ZkTcTc+v0gXFTFsLDQ34AmY+0VNwPwm4DGfcIS0DVrfpb4WhsMWIZgwYAgMCARe1xy0GnhMHpnD5svbprsOYZb7CMw03DfNwvCGuEYWDXJJsNgG\/bt3TDYeoToQB7xJ9JsnavP6GSCEtP7I\/wCofOFwTfr\/ALb\/AFmcbjkpqHc2BIVQNpJ2C3xPgBOdodb1LgNSAUtlNnBdDxtlAbYDoTa\/K88VW2S8Oso0iuobX3QPSb1N7yvSps4HUTcw52+X1hLYiIgIiICIiAiIgIiICIiBznWM2emfA+spJddZvbT3T6yncd0cz9JAjmz0cPvE5n\/EzWm10f8AiLzPoYHR1GsJzvWbEVBRVEBJdu9lNmyLlLa3G9lBG8XnSVUuJWYrCrUXI5IswYEEgXG48QRukz3LOY+eOlLO7ByyDvZ2bJSzoWAykXVibjQEE5hoJ3\/QtQth6bG+xct\/aylQQD42MiwfQVKmpRNFzM5u1yS+jagDaBa3ADztaVIAAAaD5njaTleVcMbJ3e1\/Lz+hma50nrLqOf0My6XFpVdzfWZ8hR7FsqOyrbuFgRmLNfZbLpa+m0XlKuFqkBgFD1GR1ypdFvucjVdmoBsLHUbJ2rKdhFwNRxHjPNKko0CCw0UbAByHjfSWmXbhS4c5cvVFbBBwBPkTpLHCjb5fWa1OnvO2bdAbZVZPERJCIiAiIgIiICIiAiIgUfWLCswV1FwoN+IG2\/KUDeyOZ9FnZ41S1NwBclWAHEkG041vZHNvRYEc2MAbOhOzMB\/VcD52kEBiBpobg\/CQOvM8NTB3SFcUhAN9oB+IvMfaRwMlKZaQnuapxHhMfafD5yBssf38pm81TXJ3TycQ17bP3ugblxMAianaNxi7cYG4DNjDnUiVgLcT8ZkVGBBB1hC6iauHxYbQ6H5HlNqSEREBERAREQEREBERATia62uODP8AK067HH7t7fob\/Ezjz7I5t6LAjtPFUkKxG0KxHMAkSTN9fpPNRSQwGhIIHMi0DnehOsLowSoSwJADHaL8eI9PlO7w9ZWtc2M+Rldx03eIn0boh8\/ZMfzKjfEAn6xYiVfhPCZFE8D8JwuNxlUtmrYvEqKmIrUkSgNFFNwutmB3iwUEm28mRVeh6jPSU4p3DUs5Rq5SuzAVPZpsCQvdBNxfRhtE2Zt586wXcX5T\/b6AaRG3Tnp6zWr4ugo79WkvvVEHqZxOJ6tYZTiHUmolKkGZGYh1qkU3UEixKsjNYjYQw2iVPTtKgi0BToInaUadZjmqOwLFgVBZiMvdG68vp7XHOyS38ffyx6m6ywxtsn5fScLjqTkinUSpYgHI6uVzGyk23X0vNTE9ZcDTZkauMykghUd7EaEZlW3znOfw\/wCj3DPXK2p2VATpmbtabHLxAym54nnawqfw\/Vnd2xDWZmawQAgEk2uWN\/hIulo4alxzt4nhM1dbPTmWMnN8p6nXXBDY1Rvdp\/8A0RNZuvmF3U6x5hF\/7mTp\/D3Db6tY8ig9VM26fUXAjartzc\/9QJf9pPNV\/dXxFLU6+p+XDOfeqhfkEM6Tqh1kOL7QGnkyZLd\/PcNm35Ra2U\/GKXVHo9dlAHm7t6tLbo3o2hRJ7KmiZrZsosTa9rnfa5+Mx6uehcbMMbL5q+njryy52ceIs4iJqtoiIgIiICIiAiIgQY38N\/db0M48eyObeizscV7D+63oZxw9kc29FgRjfBELPYb0PoJApelehVqXdLK+0\/pc+PA+Mu+iaeRqSfpCr8Bb6TFRN9v9bBf5mSYH8ROckQDq5jld8mIpohqPUQGktRlLtmuCy907Nh2iQr1OrM6u+OYuiFAQgDhDmuL57\/mbUj80tMX0cc1TNXVVYO7BnOelmqUytVCfYyhLjcHVTvaY6O6MUVWZK6ZgEzdnlLAGnTQGzFgobs81yCe9YHaTn+PnPbj8Rh+Bhffn8qsdU8MWObG1GdyUa1RAzlQt0a9ycoy907O74TdTqNhBbM1V7aDM42cO6osOUscN0PkCL2jFVdXAsfyZMmrMSD3LG2hzGyjQi1JkfqNTzU\/p9PxEJpKiIiKFVSgUDQABl0EnJkdbYPeX\/IT1MLKzeLzEyBA9CS0dshEmo7YGxERAREQEREBERAREQIsT7D+6fQzjfyjmfRZ2WI9luR9Jxv5RzPoIEY3ecwTM3mJA9l9t+FvmP9STA\/iJzkEnwP4i8xA3MdgwzOpZgC61AVw1VmzKabAGqujJ3ACFym1hfTXZ6MwwRr3qNamiBnXKSqbMxOrNcsb23mVnSlekKrZ0dyGBszgJsyEAFdnc2fzbVutv0O4amGC5dbasXJsB3ixAJJ3nftkjnOtfWzFYav2NHCmr92r57VGF2LDKFRd2Ub986XorEPUoUqlRMjvTR3SxGRmUFlsdRY6azcmDCJLz7o6uwe8v+QnueKuwe8v+QnuEk4nrN1MxOKrvUXGFEYIFSzsEsiq3dDgakE+c6jF9IMj5AmbuM9766NTUALa5vnbZf2RvYCbGBrM9Om7KFZkRmUMGCsygkBhowB374RZL2qXDU8qKt75VC342FrzZo7ZCJNR2+UJbEREBERAREQEREBERAjrey3I+k40eyOZ9BOzqeyeR9Jxf5BzPoIEbCYiJASfBe2nMSASfDWFRfBhAs8Q1TtXASpl7pzKQim4FwCqZid2rbTuAuIqX2pSStHfY58Q7gKHIvlZiNVANxbaRbcdurQBZz27jMVyhWAyWCiyjW9yvC\/eNrXvPOH6NRHD56rEX9okrquXUW4SRrVsRjEVnc0ERBndjm7qIEZ7gE62D630\/5WBO62MVFJdrm7eyrNpe6gBRr3XQeJMdJVENOojOKedGXOWQFMylcwDGxIvfWV6V8PWZqa4pXclmKJWQ1ADoTlViRYd24AFidLm8ngWudWVHU3VijA8QSCD8JNaVmOrdgqZUur1kVyXPcFRvaNxqL5VA\/wCQ4TcxeJKI7ldEVnYAFmyqLnKNLmwOkga+LUmpTcIzGkHcEABWzoUyqTtbZpcC19ptafo3DZKapa3tG17kZmLWJ3nXU8ZyT\/xIwv5aeIbxCU1H91S\/ykFX+I6fkw9Q+86J6K0zzba1\/trDdfSnvY74CTUhrOK6rdcDi67UWo9n92zqRVL5spUFT3VsbNfyM7SiLX\/2TMWeGWF6cpxWTHLHKc43s2IiJVYiIgIiICIiAiIgV\/SuN7NRYXLXAvsHEmcx+Ucz6CXfWXZT5t9JRn2RzPoIHiYAmYkDNAd5eY9ZgA7fOeqHtLzHrJEIuoIJvnGmwGxNz4WBHMiB0lEB0BOxlF\/Maz4XjKDh3R3ZyjuhzMW1Rip28p9x6Lb7pORHwJE+N9aaoTG4lQCfvGOlrd7vcfGdL02zrsvho7+ZdEuPlWLhVGxQPIS16s1OzxmGfZ94qHlUvTN\/Dv38pVHEHh8SBPWDxTdvhxYfi0tb3t3112Tra8l07PpXN0fifEl+r7b1ho5sNX0uQjOvvJ31+aib2HIdFY6hlBPJh\/7I8ewNOoDsyPfllMg6Cqk4bD329ml+eQTzD0D4pVwwR3T9DMnj3SR9JjIJjpdn+04mxsO3rW9nZ2jW2zVPix+NvSep0rbhK85qafGd7uk6nVMuOwxG92U+IZHW3xIPlPs67Z8H6pKPt+FIN++Ta5OxWJ2+AJ8p90pvcicX1L+tP8OvsZxpcfVsxETQbhERAREQEREBERApOsQv2Y\/5H6SiJ0t4n6f6l91h\/wDy94\/Sc+20yAmJmYPHl84AGSMbMTzt5\/8AkiktJCzKo2nSBcYTFKlNATuv8ST9Z8d6cxHa4nE1BazVXAOUG4Vit78NJ1vWqs6IxNVUNu4MxBNrd1b21tppxnBADgPhOv6Zp8c5\/Zzt9n2mP3SefwAEkwdULVpOzNlSpTZhtuqurEW5CRDl8p614TrZ49WNx8ubjl02V3XS3XRWpVVS5ZkdV0PtMpUHyJvI6PXNURUVWIUBRYbQug2+AE4mx4TNj4Tnz03T+drcu\/z+UiFczXZgMzEs2w95iSfWS+XpPWUwUP7E6GOPTJI0cs+q81P0ZizSqpVABKEka66qVO7gxHnPqfUvp4Yo1O6VKBdCb3DX1BsNlvmJ8myGdH1DxDUsbS17r5kbxDC6\/wBwWae92+OeFz47yf8AG1tdxccpjz2tfZoiJ592yIiAiIgIiICIiBTdPoSKbAaBtfC9rXnPv56kjlYXueAnbsAdDOb6ZwRRlZCVViQw3bNV5EgH+WBVkTIzbF23Fud5l9uzcNnLfPeHU505iQNirg7ju7R87fWQ4IEVEB01PoZbkSB6YLBt4IN\/AboS+c\/xRwrfcVB+pkPnYj0ac5StlXkPSfTes\/RQxOHco63R8yHUrnS4ZTlBNrFhceHCchT6l4vQF6QFhY52II8CqG86+y3OGGHGV4czd6OeeX8sUoZZm44TqafUGqbXxCC\/BGb1Iir\/AA0QnNUxLHcAKYUD4uZtZb\/RntWtjsdS3v2coHG6Z7SdenUfA0ABUrVQWuQAUBbKNQO4dl\/nPPRvQ2BcVG7OqBTqBAHqWd1st2yqq5CMw0Mr\/EdPjnipuxy6uOY42tjEW12Avs33tt0E8UscjGytfyI9QJ9Uo9TOjiwLUA+9S1SodD4Z7S7wXVTo9QbYWlt3oG4fqvMN9TnPaXhmnp3bve74r2njLrqhSapjKCrc5WDtbcq6kngNLcyJ9ho9D4VfZw9JeVNB6CbaU1GwAcgB6THqepdWNxmPv9V8NhMcplb7JJmInLdEiIgIiICIiAiIgJDiKKupVhcH93EmiByGOwLU212HY25h4+MKPvE\/lnS43DiopQm2w327DKiv0eyujbQCovbS2g8tTIE7roZTdPYqoiKEpO5qEqxUgZF0zM1wRaxIsbcxL7LNfEYe4tcrvBGtj4g7RE9yzmOB6vVsSC4pulLDo1zTyMWIB2DMWK51Ui4bQg6ceuwtIikgO42A4LbQeWg8pqYPq+EqvUeozs9r6C1gzsqgWFrFm239qXiUb200GgH73y2V5Vxxsjwi6r5+kkqrpJlw7aGxsLyTsG4GVXct1qwgakzooNUKVpnRW72jDOxAAsWNr+I1AIoML0XULIEdyWZHq6kkkAEorixyZs2hucpFzpPo32JtlhbgbERS6Py3sFF+AseV+Et1XjhS4zq5QYelaw\/SAvmNss8NsPP6CRphiOE2KaWFpCz3ERAREQEREBERAREQEREBERATyygixnqIEP2deHzM9CkvASSIHjIOA+E9xEBERAREQEREBERAREQEREBERAREQEREBERAREQEREBERAREQEREBERAREQEREBERAREQEREBERAREQEREBERAREQEREBERAREQEREBERAREQERED\/\/Z' alt='Interruptor automatico serie NXB 63 | Chint Electrics' \/><\/p>\n<p style='box-sizing: border-box; margin-top: 0px; margin-bottom: 1rem; color: #212529; font-family: Satoshi-Variable&comma; sans-serif; font-size: 16px; background-color: #ffffff;'>Caracter\u00edsitcas:<\/p>\n<ul style='box-sizing: border-box; padding-left: 2rem; margin-top: 0px; margin-bottom: 1rem; color: #212529; font-family: Satoshi-Variable&comma; sans-serif; font-size: 16px; background-color: #ffffff;'>\n<li style='box-sizing: border-box;'>Amplio rango de temperatura de operaci\u00f3n: -40 \u00b0C a 70\u00b0C.<\/li>\n<li style='box-sizing: border-box;'>Bandera indicadora de estado.\n<ul style='box-sizing: border-box; padding-left: 2rem; margin-top: 0px; margin-bottom: 0px;'>\n<li style='box-sizing: border-box;'><span style='box-sizing: border-box;'><span style='box-sizing: border-box; background-color: #e74c3c;'>Rojo<\/span>:<\/span> Circuito Cerrado.<\/li>\n<li style='box-sizing: border-box;'><span style='box-sizing: border-box; background-color: #2fcc71; color: #000000;'>Verde<\/span>: Circuito Abierto.<\/li>\n<\/ul>\n<\/li>\n<li style='box-sizing: border-box;'>Vida mec\u00e1nica de hasta 20&comma;000 ciclos.<\/li>\n<li style='box-sizing: border-box;'>Vida el\u00e9ctrica de hasta 10&comma;000 ciclos.<\/li>\n<li style='box-sizing: border-box;'>Protecci\u00f3n t\u00e9rmica contra sobrecorrientes.<\/li>\n<li style='box-sizing: border-box;'>Protecci\u00f3n magn\u00e9tica contra cortocircuitos.<\/li>\n<li style='box-sizing: border-box;'>Accesorios disponibles: contactos auxiliares&comma; alarmas&comma; bobinas de disparo&comma; etc. <\/li>\n<\/ul>\n","protected":false},"excerpt":{"rendered":"<p>Pastilla para Riel Din, 2 Polos, 40 Amp, Vca:110\/415v, 10kA, Cat\u00e1logo: NXB632PC40, Serie: NXB-63.<\/p>\n","protected":false},"featured_media":38361,"comment_status":"open","ping_status":"closed","template":"","meta":[],"product_brand":[],"product_cat":[1069],"product_tag":[1066,1070,1079],"class_list":{"0":"post-38362","1":"product","2":"type-product","3":"status-publish","4":"has-post-thumbnail","6":"product_cat-centros-de-carga-e-interruptores","7":"product_tag-area-electrica","8":"product_tag-centros-de-carga-e-interruptores","9":"product_tag-chint","11":"first","12":"outofstock","13":"sale","14":"shipping-taxable","15":"purchasable","16":"product-type-simple"},"_links":{"self":[{"href":"https:\/\/soydeaqui.ddns.net\/pachuca\/index.php\/wp-json\/wp\/v2\/product\/38362","targetHints":{"allow":["GET"]}}],"collection":[{"href":"https:\/\/soydeaqui.ddns.net\/pachuca\/index.php\/wp-json\/wp\/v2\/product"}],"about":[{"href":"https:\/\/soydeaqui.ddns.net\/pachuca\/index.php\/wp-json\/wp\/v2\/types\/product"}],"replies":[{"embeddable":true,"href":"https:\/\/soydeaqui.ddns.net\/pachuca\/index.php\/wp-json\/wp\/v2\/comments?post=38362"}],"wp:featuredmedia":[{"embeddable":true,"href":"https:\/\/soydeaqui.ddns.net\/pachuca\/index.php\/wp-json\/wp\/v2\/media\/38361"}],"wp:attachment":[{"href":"https:\/\/soydeaqui.ddns.net\/pachuca\/index.php\/wp-json\/wp\/v2\/media?parent=38362"}],"wp:term":[{"taxonomy":"product_brand","embeddable":true,"href":"https:\/\/soydeaqui.ddns.net\/pachuca\/index.php\/wp-json\/wp\/v2\/product_brand?post=38362"},{"taxonomy":"product_cat","embeddable":true,"href":"https:\/\/soydeaqui.ddns.net\/pachuca\/index.php\/wp-json\/wp\/v2\/product_cat?post=38362"},{"taxonomy":"product_tag","embeddable":true,"href":"https:\/\/soydeaqui.ddns.net\/pachuca\/index.php\/wp-json\/wp\/v2\/product_tag?post=38362"}],"curies":[{"name":"wp","href":"https:\/\/api.w.org\/{rel}","templated":true}]}}