{"id":38348,"date":"2026-03-18T16:54:29","date_gmt":"2026-03-18T16:54:29","guid":{"rendered":"https:\/\/soydeaqui.ddns.net\/pachuca\/index.php\/producto\/modulo-solar-hi-mo-x10-640-w-53-7-vcc-monocristalino-hpbc\/"},"modified":"2026-03-18T16:54:30","modified_gmt":"2026-03-18T16:54:30","slug":"modulo-solar-hi-mo-x10-640-w-53-7-vcc-monocristalino-hpbc","status":"publish","type":"product","link":"https:\/\/soydeaqui.ddns.net\/pachuca\/index.php\/producto\/modulo-solar-hi-mo-x10-640-w-53-7-vcc-monocristalino-hpbc\/","title":{"rendered":"Modulo Solar HI-MO X10,  640 W, 53.7 Vcc, Monocristalino HPBC"},"content":{"rendered":"<div style='width: 100%; max-width: 1200px; margin: 0 auto; font-family: sans-serif; line-height: 1.6; color: inherit;'>\n<div style='display: flex; flex-direction: column; gap: 30px;'>\n<div style='display: flex; flex-direction: column; align-items: center; text-align: center;'> <img style='width: 100%; max-width: 600px; height: auto; border: 1px solid rgba(150&comma;150&comma;150&comma;0.3); border-radius: 8px;' src='https:\/\/static.longi.com\/Hi_MO_X10_06_f6bec6bc7e.jpg' alt='M\u00f3dulo Solar Hi-MO X10'> <\/p>\n<h1 style='font-size: 28px; margin: 20px 0 10px; color: inherit; font-weight: 700;'>Nueva serie de productos Hi-MO X10<\/h1>\n<h2 style='font-size: 24px; margin: 0 0 20px; color: inherit; font-weight: 700;'>Una nueva evoluci\u00f3n HPBC 2.0<\/h2>\n<\/p><\/div>\n<div style='display: flex; flex-direction: column; gap: 20px;'>\n<p>Descubre el <strong>HIMOX10<\/strong>&comma; el m\u00f3dulo solar m\u00e1s eficiente de su categor\u00eda con <strong>640W de potencia y un 23.7% de eficiencia<\/strong>. Gracias a su avanzada tecnolog\u00eda <strong>HPBC 2.0<\/strong> y los exclusivos wafers <strong>Longi Tairay<\/strong>&comma; ofrece <strong>mayor durabilidad&comma; menor degradaci\u00f3n y m\u00e1xima generaci\u00f3n de energ\u00eda<\/strong>.<\/p>\n<div style='display: flex; flex-direction: column; gap: 30px;'>\n<div style='display: flex; flex-direction: column; gap: 15px;'>\n<h3 style='font-size: 22px; border-bottom: 2px solid currentColor; padding-bottom: 5px; margin: 0; color: inherit; opacity: 0.8;'>Caracter\u00edsticas principales<\/h3>\n<div style='display: flex; flex-wrap: wrap; gap: 20px;'>\n<div style='flex: 1 1 250px; min-width: 220px; border: 1px solid rgba(150&comma;150&comma;150&comma;0.4); border-radius: 8px; overflow: hidden;'>\n<div style='padding: 15px; border-bottom: 1px solid rgba(150&comma;150&comma;150&comma;0.2); font-weight: bold; font-size: 18px; color: inherit;'>Mayor Eficiencia<\/div>\n<div style='padding: 15px; color: inherit;'>\n<ul style='padding-left: 20px; margin: 0; font-size: 14px; list-style-type: disc;'>\n<li style='margin-bottom: 5px;'>La eficiencia de la celda HPBC 2.0&comma; 40W m\u00e1s que otros m\u00f3dulos<\/li>\n<\/ul><\/div>\n<\/p><\/div>\n<div style='flex: 1 1 250px; min-width: 220px; border: 1px solid rgba(150&comma;150&comma;150&comma;0.4); border-radius: 8px; overflow: hidden;'>\n<div style='padding: 15px; border-bottom: 1px solid rgba(150&comma;150&comma;150&comma;0.2); font-weight: bold; font-size: 18px; color: inherit;'>Menor degradaci\u00f3n<\/div>\n<div style='padding: 15px; color: inherit;'>\n<ul style='padding-left: 20px; margin: 0; font-size: 14px; list-style-type: disc;'>\n<li style='margin-bottom: 5px;'>Solo <strong>1% el primer a\u00f1o<\/strong> y <strong>0.35% anual<\/strong><\/li>\n<\/ul><\/div>\n<\/p><\/div>\n<div style='flex: 1 1 250px; min-width: 220px; border: 1px solid rgba(150&comma;150&comma;150&comma;0.4); border-radius: 8px; overflow: hidden;'>\n<div style='padding: 15px; border-bottom: 1px solid rgba(150&comma;150&comma;150&comma;0.2); font-weight: bold; font-size: 18px; color: inherit;'>Mayor resistencia<\/div>\n<div style='padding: 15px; color: inherit;'>\n<ul style='padding-left: 20px; margin: 0; font-size: 14px; list-style-type: disc;'>\n<li style='margin-bottom: 5px;'>Hasta <strong>16% m\u00e1s fuerte<\/strong> que los wafers tradicionales<\/li>\n<\/ul><\/div>\n<\/p><\/div>\n<div style='flex: 1 1 250px; min-width: 220px; border: 1px solid rgba(150&comma;150&comma;150&comma;0.4); border-radius: 8px; overflow: hidden;'>\n<div style='padding: 15px; border-bottom: 1px solid rgba(150&comma;150&comma;150&comma;0.2); font-weight: bold; font-size: 18px; color: inherit;'>Protecci\u00f3n avanzada contra sombras y hotspots<\/div>\n<div style='padding: 15px; color: inherit;'>\n<ul style='padding-left: 20px; margin: 0; font-size: 14px; list-style-type: disc;'>\n<li style='margin-bottom: 5px;'>Ideal para climas extremos como M\u00e9xico<\/li>\n<\/ul><\/div>\n<\/p><\/div>\n<\/p><\/div>\n<\/p><\/div>\n<div style='display: flex; flex-direction: column; gap: 15px;'>\n<h3 style='font-size: 22px; border-bottom: 2px solid currentColor; padding-bottom: 5px; margin: 0; color: inherit; opacity: 0.8;'>Iluminando posibilidades<\/h3>\n<p>Las cuatro l\u00edneas de producto de la serie Hi-MO X10 pueden adaptarse a las diversas necesidades de nuestros clientes para ofrecer una nueva experiencia de energ\u00eda renovable.<\/p>\n<\/p><\/div>\n<div style='display: flex; flex-direction: column; gap: 15px;'>\n<h3 style='font-size: 22px; border-bottom: 2px solid currentColor; padding-bottom: 5px; margin: 0; color: inherit; opacity: 0.8;'>Especificaciones mec\u00e1nicas<\/h3>\n<div style='display: flex; flex-wrap: wrap; gap: 20px;'>\n<div style='flex: 1 1 250px; min-width: 220px; border: 1px solid rgba(150&comma;150&comma;150&comma;0.4); border-radius: 8px; overflow: hidden;'>\n<div style='padding: 15px; border-bottom: 1px solid rgba(150&comma;150&comma;150&comma;0.2); font-weight: bold; font-size: 18px; color: inherit;'>Caracter\u00edsticas<\/div>\n<div style='padding: 15px; color: inherit;'>\n<ul style='padding-left: 20px; margin: 0; font-size: 14px; list-style-type: disc;'>\n<li style='margin-bottom: 5px;'><strong>Distribuci\u00f3n de las celdas:<\/strong> 144 (6X24)<\/li>\n<li style='margin-bottom: 5px;'><strong>Caja de conexiones:<\/strong> Caja de conexiones dividida&comma; IP68<\/li>\n<li style='margin-bottom: 5px;'><strong>Peso:<\/strong> 28.5kg<\/li>\n<li style='margin-bottom: 5px;'><strong>Dimensi\u00f3n:<\/strong> 2382X1134X30mm<\/li>\n<li style='margin-bottom: 5px;'><strong>Embalaje:<\/strong> 36 piezas por palet&comma; 144 piezas\/20GP&comma; 720 piezas\/40HC<\/li>\n<\/ul><\/div>\n<\/p><\/div>\n<div style='flex: 1 1 250px; min-width: 220px; border: 1px solid rgba(150&comma;150&comma;150&comma;0.4); border-radius: 8px; overflow: hidden;'>\n<div style='padding: 15px; border-bottom: 1px solid rgba(150&comma;150&comma;150&comma;0.2); font-weight: bold; font-size: 18px; color: inherit;'>Capacidad de carga mec\u00e1nica<\/div>\n<div style='padding: 15px; color: inherit;'>\n<ul style='padding-left: 20px; margin: 0; font-size: 14px; list-style-type: disc;'>\n<li style='margin-bottom: 5px;'><strong>M\u00e1xima carga est\u00e1tica en superficie frontal:<\/strong> 5400Pa<\/li>\n<li style='margin-bottom: 5px;'><strong>M\u00e1xima carga est\u00e1tica en superficie posterior:<\/strong> 2400Pa<\/li>\n<li style='margin-bottom: 5px;'><strong>Test de granizo:<\/strong> Di\u00e1metro de 25mm&comma; velocidad de impacto de 23m\/s<\/li>\n<\/ul><\/div>\n<\/p><\/div>\n<div style='flex: 1 1 250px; min-width: 220px; border: 1px solid rgba(150&comma;150&comma;150&comma;0.4); border-radius: 8px; overflow: hidden;'>\n<div style='padding: 15px; border-bottom: 1px solid rgba(150&comma;150&comma;150&comma;0.2); font-weight: bold; font-size: 18px; color: inherit;'>Coeficientes de temperatura (STC)<\/div>\n<div style='padding: 15px; color: inherit;'>\n<ul style='padding-left: 20px; margin: 0; font-size: 14px; list-style-type: disc;'>\n<li style='margin-bottom: 5px;'><strong>Coeficiente de temperatura Isc:<\/strong> +0.050%\/\u00b0C<\/li>\n<li style='margin-bottom: 5px;'><strong>Coeficiente de temperatura Voc:<\/strong> -0.200%\/\u00b0C<\/li>\n<li style='margin-bottom: 5px;'><strong>Coeficiente de temperatura Pmax:<\/strong> -0.260%\/\u00b0C<\/li>\n<\/ul><\/div>\n<\/p><\/div>\n<\/p><\/div>\n<\/p><\/div>\n<div style='display: flex; flex-direction: column; gap: 15px;'>\n<h3 style='font-size: 22px; border-bottom: 2px solid currentColor; padding-bottom: 5px; margin: 0; color: inherit; opacity: 0.8;'>Especificaciones el\u00e9ctricas<\/h3>\n<div style='display: flex; flex-wrap: wrap; gap: 20px;'>\n<div style='flex: 1 1 250px; min-width: 220px; border: 1px solid rgba(150&comma;150&comma;150&comma;0.4); border-radius: 8px; overflow: hidden;'>\n<div style='padding: 15px; border-bottom: 1px solid rgba(150&comma;150&comma;150&comma;0.2); font-weight: bold; font-size: 18px; color: inherit;'>Par\u00e1metros el\u00e9ctricos<\/div>\n<div style='padding: 15px; color: inherit;'>\n<ul style='padding-left: 20px; margin: 0; font-size: 14px; list-style-type: disc;'>\n<li style='margin-bottom: 5px;'><strong>Potencia M\u00e1xima:<\/strong> 640 W<\/li>\n<li style='margin-bottom: 5px;'><strong>Tolerancia de Potencia:<\/strong> 0~5 W<\/li>\n<li style='margin-bottom: 5px;'><strong>Eficiencia del M\u00f3dulo:<\/strong> 23.7%<\/li>\n<li style='margin-bottom: 5px;'><strong>M\u00e1xima Capacidad de Voltaje (Vmp):<\/strong> 44.36 V<\/li>\n<li style='margin-bottom: 5px;'><strong>M\u00e1xima Capacidad de Corriente (Imp):<\/strong> 14.43 A<\/li>\n<li style='margin-bottom: 5px;'><strong>Voltaje de Circuito Abierto (Voc):<\/strong> 53.7 V<\/li>\n<li style='margin-bottom: 5px;'><strong>Corriente de Cortocircuito (Isc):<\/strong> 15.13 A<\/li>\n<\/ul><\/div>\n<\/p><\/div>\n<\/p><\/div>\n<\/p><\/div>\n<div style='display: flex; flex-direction: column; gap: 15px;'>\n<h3 style='font-size: 22px; border-bottom: 2px solid currentColor; padding-bottom: 5px; margin: 0; color: inherit; opacity: 0.8;'>Aplicaciones<\/h3>\n<ul style='padding-left: 20px; font-size: 14px; color: inherit; list-style-type: disc;'>\n<li style='margin-bottom: 5px;'>Para interconexi\u00f3n a la red el\u00e9ctrica<\/li>\n<li style='margin-bottom: 5px;'>Sistemas aislados con controladores MPPT<\/li>\n<\/ul><\/div>\n<div style='display: flex; flex-direction: column; gap: 15px;'>\n<h3 style='font-size: 22px; border-bottom: 2px solid currentColor; padding-bottom: 5px; margin: 0; color: inherit; opacity: 0.8;'>Garant\u00eda<\/h3>\n<div style='font-size: 14px; color: inherit;'>\n<p>Se ofrece una garant\u00eda de 15 a\u00f1os contra defectos de fabricaci\u00f3n&comma; as\u00ed como una vida \u00fatil de 25 a\u00f1os en t\u00e9rminos de salida de potencia.<\/p>\n<p style='margin-top: 15px;'><strong>Recomendaciones y Notas de Garant\u00eda:<\/strong><\/p>\n<ul style='padding-left: 20px; margin-top: 10px; font-size: 14px; list-style-type: disc;'>\n<li style='margin-bottom: 5px;'>Cualquier reclamo relacionado con este producto debe ser presentado durante el per\u00edodo de garant\u00eda y debe ir acompa\u00f1ado de la factura correspondiente<\/li>\n<\/ul><\/div>\n<\/p><\/div>\n<\/p><\/div>\n<\/p><\/div>\n<\/p><\/div>\n<\/p><\/div>\n","protected":false},"excerpt":{"rendered":"<p>Modulo Solar HI-MO X10,  640 W, 53.7 Vcc, Monocristalino HPBC<\/p>\n","protected":false},"featured_media":38347,"comment_status":"open","ping_status":"closed","template":"","meta":[],"product_brand":[],"product_cat":[1152],"product_tag":[964,1154,1153],"class_list":{"0":"post-38348","1":"product","2":"type-product","3":"status-publish","4":"has-post-thumbnail","6":"product_cat-modulos-solares","7":"product_tag-energia-solar","8":"product_tag-longi","9":"product_tag-modulos-solares","11":"first","12":"instock","13":"sale","14":"shipping-taxable","15":"purchasable","16":"product-type-simple"},"_links":{"self":[{"href":"https:\/\/soydeaqui.ddns.net\/pachuca\/index.php\/wp-json\/wp\/v2\/product\/38348","targetHints":{"allow":["GET"]}}],"collection":[{"href":"https:\/\/soydeaqui.ddns.net\/pachuca\/index.php\/wp-json\/wp\/v2\/product"}],"about":[{"href":"https:\/\/soydeaqui.ddns.net\/pachuca\/index.php\/wp-json\/wp\/v2\/types\/product"}],"replies":[{"embeddable":true,"href":"https:\/\/soydeaqui.ddns.net\/pachuca\/index.php\/wp-json\/wp\/v2\/comments?post=38348"}],"wp:featuredmedia":[{"embeddable":true,"href":"https:\/\/soydeaqui.ddns.net\/pachuca\/index.php\/wp-json\/wp\/v2\/media\/38347"}],"wp:attachment":[{"href":"https:\/\/soydeaqui.ddns.net\/pachuca\/index.php\/wp-json\/wp\/v2\/media?parent=38348"}],"wp:term":[{"taxonomy":"product_brand","embeddable":true,"href":"https:\/\/soydeaqui.ddns.net\/pachuca\/index.php\/wp-json\/wp\/v2\/product_brand?post=38348"},{"taxonomy":"product_cat","embeddable":true,"href":"https:\/\/soydeaqui.ddns.net\/pachuca\/index.php\/wp-json\/wp\/v2\/product_cat?post=38348"},{"taxonomy":"product_tag","embeddable":true,"href":"https:\/\/soydeaqui.ddns.net\/pachuca\/index.php\/wp-json\/wp\/v2\/product_tag?post=38348"}],"curies":[{"name":"wp","href":"https:\/\/api.w.org\/{rel}","templated":true}]}}