{"id":38343,"date":"2026-03-18T16:54:24","date_gmt":"2026-03-18T16:54:24","guid":{"rendered":"https:\/\/soydeaqui.ddns.net\/pachuca\/index.php\/producto\/inversor-hibrido-para-interconexion-a-cfe-de-7-6-kw-con-salida-de-220-vca-modulo-wifi-incluido\/"},"modified":"2026-03-18T16:54:25","modified_gmt":"2026-03-18T16:54:25","slug":"inversor-hibrido-para-interconexion-a-cfe-de-7-6-kw-con-salida-de-220-vca-modulo-wifi-incluido","status":"publish","type":"product","link":"https:\/\/soydeaqui.ddns.net\/pachuca\/index.php\/producto\/inversor-hibrido-para-interconexion-a-cfe-de-7-6-kw-con-salida-de-220-vca-modulo-wifi-incluido\/","title":{"rendered":"Inversor H\u00edbrido para Interconexi\u00f3n a CFE de 7.6 kW con Salida de 220 Vca, M\u00f3dulo Wifi Incluido"},"content":{"rendered":"<div style='width: 100%; max-width: 1200px; margin: 0 auto; font-family: sans-serif; line-height: 1.6; color: inherit; background-color: transparent;'> <!-- Secci\u00f3n de caracter\u00edsticas --> <\/p>\n<h4 style='font-size: 18px; margin-top: 0; color: inherit; opacity: 0.9;'><strong>\u00bfPor qu\u00e9 utilizar inversores Growatt?<\/strong><\/h4>\n<ul style='padding-left: 20px; font-size: 14px; color: inherit;'>\n<li style='margin-bottom: 5px;'><em>M\u00e1xima eficiencia de conversi\u00f3n de hasta un 99.5%.<\/em><\/li>\n<li style='margin-bottom: 5px;'><em>Ahorros de hasta un 98% en el pago de recibo de luz.<\/em><\/li>\n<li style='margin-bottom: 5px;'><em>Aproveche al m\u00e1ximo la potencia del sol con la tecnolog\u00eda MPPT.<\/em><\/li>\n<li style='margin-bottom: 5px;'><em>Amplio rango de Vcc de entrada.<\/em><\/li>\n<li style='margin-bottom: 5px;'><em>F\u00e1cil configuraci\u00f3n para el dise\u00f1ador.<\/em><\/li>\n<li style='margin-bottom: 5px;'><em>No mezclar potencias de paneles en las cadenas.<\/em><\/li>\n<li style='margin-bottom: 5px;'><em>contra defectos de f\u00e1brica.<\/em><\/li>\n<li style='margin-bottom: 5px;'><em>Utilice los protectores de picos <a href='https:\/\/www.syscom.mx\/producto\/SP-50-240S-P-LEA-INTERNATIONAL-144712.html' style='color: inherit; text-decoration: underline;'>SP50-240SP<\/a>&comma; para alargar la vida de su inversor.<\/em><\/li>\n<li style='margin-bottom: 5px;'><em>Excelente beneficio.<\/em><\/li>\n<li style='margin-bottom: 5px;'><em>Cuenta con la certificaci\u00f3n necesaria para realizar contratos de interconexi\u00f3n con la red de CFE (IEE1547 y UL1741).<\/em><\/li>\n<\/ul>\n<p> <!-- Garant\u00eda --> <\/p>\n<div style='margin: 30px 0; padding: 20px; border-left: 4px solid rgba(0&comma;0&comma;0&comma;0.1);'>\n<p style='font-size: 24px; text-align: center; margin: 0; color: inherit;'><strong>Garant\u00eda de 10 a\u00f1os contra defectos de fabricaci\u00f3n&#8230;!<\/strong><\/p>\n<\/p><\/div>\n<p> <!-- Secci\u00f3n de monitoreo --> <\/p>\n<h2 style='font-size: 22px; margin-top: 30px; margin-bottom: 20px; color: inherit;'><em>Monitoreo desde P\u00e1gina Web<\/em><\/h2>\n<p> <!-- Im\u00e1genes de monitoreo --> <\/p>\n<div style='display: flex; flex-wrap: wrap; gap: 20px; justify-content: center; margin-bottom: 30px;'> <a href='http:\/\/server.growatt.com\/login\/toViewExamlePlant' style='flex: 1 1 300px; min-width: 280px; display: block;'> <img style='width: 100%; height: auto; border: 1px solid rgba(150&comma;150&comma;150&comma;0.3); border-radius: 8px;' src='https:\/\/ftp3.syscom.mx\/usuarios\/mtopete\/Energia%20Solar\/Growatt\/monitoreo%20Growatt.png' alt=''> <\/a> <a href='http:\/\/server.growatt.com\/indexbC\/getInvPage' style='flex: 1 1 300px; min-width: 280px; display: block;'> <img style='width: 100%; height: auto; border: 1px solid rgba(150&comma;150&comma;150&comma;0.3); border-radius: 8px;' src='https:\/\/ftp3.syscom.mx\/usuarios\/mtopete\/Energia%20Solar\/Growatt\/monitoreo%20Growatt%20planta.png' alt=''> <\/a> <a href='http:\/\/server.growatt.com\/login\/toViewExamlePlant' style='flex: 1 1 300px; min-width: 280px; display: block;'> <img style='width: 100%; height: auto; border: 1px solid rgba(150&comma;150&comma;150&comma;0.3); border-radius: 8px;' src='https:\/\/ftp3.syscom.mx\/usuarios\/mtopete\/Energia%20Solar\/Growatt\/plantas%20monitoreo.PNG' alt=''> <\/a> <\/div>\n<p> <!-- Video de demostraci\u00f3n --> <\/p>\n<div style='text-align: center; margin-bottom: 30px;'> <a href='http:\/\/server.growatt.com\/login\/toViewExamlePlant' style='display: inline-block; text-decoration: none; margin-bottom: 15px; color: inherit;'> <strong style='font-size: 16px; color: inherit;'>De Click en la Imagen Para Acceder a las Plantas Demo<\/strong> <\/a> <\/p>\n<div style='position: relative; padding-bottom: 56.25%; height: 0; overflow: hidden; margin: 15px auto; max-width: 800px;'>   <\/div>\n<\/p><\/div>\n<p> <!-- Beneficios iconos --> <\/p>\n<div style='display: flex; flex-wrap: wrap; gap: 20px; margin-bottom: 30px;'>\n<div style='flex: 1 1 200px; min-width: 150px; text-align: center;'> <img style='width: 100%; max-width: 100px; height: auto; margin: 0 auto 15px; border: 1px solid rgba(150&comma;150&comma;150&comma;0.3); border-radius: 8px;' src='https:\/\/ftp3.syscom.mx\/usuarios\/ftp\/single_page\/epcom_powerline\/limpia.png' alt=''> <\/p>\n<p style='margin: 10px 0 0; color: inherit;'>Energ\u00eda Limpia<\/p>\n<\/p><\/div>\n<div style='flex: 1 1 200px; min-width: 150px; text-align: center;'> <img style='width: 100%; max-width: 100px; height: auto; margin: 0 auto 15px; border: 1px solid rgba(150&comma;150&comma;150&comma;0.3); border-radius: 8px;' src='https:\/\/ftp3.syscom.mx\/usuarios\/ftp\/single_page\/epcom_powerline\/ahorro.png' alt=''> <\/p>\n<p style='margin: 10px 0 0; color: inherit;'>Ahorro de Energ\u00eda<\/p>\n<\/p><\/div>\n<div style='flex: 1 1 200px; min-width: 150px; text-align: center;'> <img style='width: 100%; max-width: 100px; height: auto; margin: 0 auto 15px; border: 1px solid rgba(150&comma;150&comma;150&comma;0.3); border-radius: 8px;' src='https:\/\/ftp3.syscom.mx\/usuarios\/ftp\/single_page\/epcom_powerline\/ciudad.png' alt=''> <\/p>\n<p style='margin: 10px 0 0; color: inherit;'>Cuidado del Medio Ambiente<\/p>\n<\/p><\/div>\n<div style='flex: 1 1 200px; min-width: 150px; text-align: center;'> <img style='width: 100%; max-width: 100px; height: auto; margin: 0 auto 15px; border: 1px solid rgba(150&comma;150&comma;150&comma;0.3); border-radius: 8px;' src='https:\/\/ftp3.syscom.mx\/usuarios\/ftp\/single_page\/epcom_powerline\/conexion.png' alt=''> <\/p>\n<p style='margin: 10px 0 0; color: inherit;'>Conexi\u00f3n sencilla<\/p>\n<\/p><\/div>\n<\/p><\/div>\n<p> <!-- Diagramas de conexi\u00f3n --> <\/p>\n<div style='display: flex; flex-wrap: wrap; gap: 30px; margin-bottom: 30px;'>\n<div style='flex: 1 1 400px; min-width: 300px;'>\n<h4 style='font-size: 18px; text-align: center; margin-bottom: 15px; color: inherit;'>Diagrama de Conexi\u00f3n para Soluci\u00f3n con Inversores de Cadena<\/h4>\n<p> <img style='width: 100%; height: auto; border: 1px solid rgba(150&comma;150&comma;150&comma;0.3); border-radius: 8px;' src='https:\/\/ftp3.syscom.mx\/usuarios\/ftp\/single_page\/epcom_powerline\/DIAG-2.png' alt=''> <\/div>\n<div style='flex: 1 1 400px; min-width: 300px;'>\n<h4 style='font-size: 18px; text-align: center; margin-bottom: 15px; color: inherit;'>Diagrama de Conexi\u00f3n para Soluci\u00f3n con Microinversores<\/h4>\n<p> <img style='width: 100%; height: auto; border: 1px solid rgba(150&comma;150&comma;150&comma;0.3); border-radius: 8px;' src='https:\/\/ftp3.syscom.mx\/usuarios\/ftp\/single_page\/epcom_powerline\/diagrama-1.png' alt=''> <\/div>\n<\/p><\/div>\n<p> <!-- Recibo de luz --> <\/p>\n<div style='margin-bottom: 30px;'>\n<h4 style='font-size: 18px; margin-bottom: 15px; color: inherit;'>Revise en el consumo bimestral de su recibo de luz y tabule lo siguiente con nuestros KITS&comma; para saber que kit necesita.<\/h4>\n<p> <img style='width: 100%; height: auto; border: 1px solid rgba(150&comma;150&comma;150&comma;0.3); border-radius: 8px;' src='https:\/\/ftp3.syscom.mx\/usuarios\/ftp\/single_page\/epcom_powerline\/recibo.png' alt=''> <\/div>\n<p> <!-- Notas importantes --> <\/p>\n<div style='margin-top: 30px;'>\n<h2 style='font-size: 20px; margin-bottom: 15px; color: inherit;'><strong>Notas<\/strong><\/h2>\n<ul style='padding-left: 20px; font-size: 14px; color: inherit;'>\n<li style='margin-bottom: 10px;'><em>Los equipos de interconexi\u00f3n a la red el\u00e9ctrica no pueden operar con generadores di\u00e9sel o a gasolina.<\/em><\/li>\n<li style='margin-bottom: 10px;'><em>Los inversores requieren sincronizarse para entregar voltaje&comma; de lo contrario el equipo no entregara voltaje&comma; si se miden las terminales con los paneles conectados el voltaje medido debe ser 0V.<\/em><\/li>\n<\/ul><\/div>\n<p> <!-- Recomendaciones --> <\/p>\n<div style='margin-top: 30px; padding: 20px; border: 1px solid rgba(150&comma;150&comma;150&comma;0.3); border-radius: 8px;'>\n<p style='margin: 0; font-size: 14px; color: inherit;'> <strong>Nota:<\/strong> Se recomienda utilizar sistemas de tierra f\u00edsica <a href='https:\/\/www.syscom.mx\/principal\/searchcont?route=LP-GROUND-30A-LINKEDPRO-172180&#038;autodetect=lpground30a' style='color: inherit; text-decoration: underline;'>LP-GROUND-30A<\/a>&comma; colocar supresores de picos <a href='https:\/\/www.syscom.mx\/principal\/searchcont?route=LA302R-DELTA-167343&#038;autodetect=la302' style='color: inherit; text-decoration: underline;'>LA302R<\/a> y verificar voltajes de operaci\u00f3n. <\/p>\n<p>Consultarlo con el departamento de ingenier\u00eda en energ\u00eda solar. <\/p>\n<\/p><\/div>\n<p> <!-- Separador final --> <\/p>\n<hr style='border: 0; border-top: 1px solid rgba(150&comma; 150&comma; 150&comma; 0.3); margin: 30px 0;'> <\/div>\n","protected":false},"excerpt":{"rendered":"<p>Inversor H\u00edbrido para Interconexi\u00f3n a CFE de 7.6 kW con Salida de 220 Vca, M\u00f3dulo Wifi Incluido<\/p>\n","protected":false},"featured_media":32,"comment_status":"open","ping_status":"closed","template":"","meta":[],"product_brand":[],"product_cat":[1092],"product_tag":[964,1182,1093],"class_list":{"0":"post-38343","1":"product","2":"type-product","3":"status-publish","4":"has-post-thumbnail","6":"product_cat-inversores-interconexion-on-grid","7":"product_tag-energia-solar","8":"product_tag-epever","9":"product_tag-inversores-interconexion-on-grid","11":"first","12":"instock","13":"sale","14":"shipping-taxable","15":"purchasable","16":"product-type-simple"},"_links":{"self":[{"href":"https:\/\/soydeaqui.ddns.net\/pachuca\/index.php\/wp-json\/wp\/v2\/product\/38343","targetHints":{"allow":["GET"]}}],"collection":[{"href":"https:\/\/soydeaqui.ddns.net\/pachuca\/index.php\/wp-json\/wp\/v2\/product"}],"about":[{"href":"https:\/\/soydeaqui.ddns.net\/pachuca\/index.php\/wp-json\/wp\/v2\/types\/product"}],"replies":[{"embeddable":true,"href":"https:\/\/soydeaqui.ddns.net\/pachuca\/index.php\/wp-json\/wp\/v2\/comments?post=38343"}],"wp:featuredmedia":[{"embeddable":true,"href":"https:\/\/soydeaqui.ddns.net\/pachuca\/index.php\/wp-json\/wp\/v2\/media\/32"}],"wp:attachment":[{"href":"https:\/\/soydeaqui.ddns.net\/pachuca\/index.php\/wp-json\/wp\/v2\/media?parent=38343"}],"wp:term":[{"taxonomy":"product_brand","embeddable":true,"href":"https:\/\/soydeaqui.ddns.net\/pachuca\/index.php\/wp-json\/wp\/v2\/product_brand?post=38343"},{"taxonomy":"product_cat","embeddable":true,"href":"https:\/\/soydeaqui.ddns.net\/pachuca\/index.php\/wp-json\/wp\/v2\/product_cat?post=38343"},{"taxonomy":"product_tag","embeddable":true,"href":"https:\/\/soydeaqui.ddns.net\/pachuca\/index.php\/wp-json\/wp\/v2\/product_tag?post=38343"}],"curies":[{"name":"wp","href":"https:\/\/api.w.org\/{rel}","templated":true}]}}