{"id":38329,"date":"2026-03-18T16:54:03","date_gmt":"2026-03-18T16:54:03","guid":{"rendered":"https:\/\/soydeaqui.ddns.net\/pachuca\/index.php\/producto\/unidad-externa-para-manejadora-de-aire-inverter-r32-capacidad-de-5-toneladas-a-220-vca\/"},"modified":"2026-03-18T16:54:06","modified_gmt":"2026-03-18T16:54:06","slug":"unidad-externa-para-manejadora-de-aire-inverter-r32-capacidad-de-5-toneladas-a-220-vca","status":"publish","type":"product","link":"https:\/\/soydeaqui.ddns.net\/pachuca\/index.php\/producto\/unidad-externa-para-manejadora-de-aire-inverter-r32-capacidad-de-5-toneladas-a-220-vca\/","title":{"rendered":"Unidad externa para manejadora de aire inverter R32 capacidad de 5 toneladas a 220 Vca"},"content":{"rendered":"<div style='width: 100%; max-width: 1200px; margin: 0 auto; font-family: sans-serif; line-height: 1.6; color: inherit; background-color: transparent;'> <!-- Secci\u00f3n de caracter\u00edsticas en grid --> <\/p>\n<div style='display: grid; grid-template-columns: repeat(auto-fit&comma; minmax(280px&comma; 1fr)); gap: 30px; margin-bottom: 30px;'> <!-- Caracter\u00edsticas principales --> <\/p>\n<div style='border-left: 5px solid #02D9DB; border-radius: 5px; padding: 15px; box-shadow: 2px 2px 10px rgba(216&comma; 216&comma; 216&comma; 0.4);'>\n<h3 style='font-size: 22px; border-bottom: 2px solid currentColor; padding-bottom: 5px; margin-top: 0; color: inherit; opacity: 0.8;'>Caracter\u00edsticas principales<\/h3>\n<ul style='padding-left: 20px; font-size: 15px; color: inherit; list-style-type: disc;'>\n<li style='margin-bottom: 5px;'><strong>M\u00f3dulo WIFI<\/strong><\/li>\n<li style='margin-bottom: 5px;'><strong>Tecnolog\u00eda:<\/strong> INVERTER<\/li>\n<li style='margin-bottom: 5px;'><strong>SEER:<\/strong> 17 (Relaci\u00f3n de eficiencia de energ\u00eda de estaci\u00f3n)<\/li>\n<li style='margin-bottom: 5px;'>Modo: Fr\u00edo y calor<\/li>\n<li style='margin-bottom: 5px;'>Filtro de alta densidad<\/li>\n<li style='margin-bottom: 5px;'>Limpieza autom\u00e1tica<\/li>\n<li style='margin-bottom: 5px;'>Auto diagn\u00f3stico<\/li>\n<li style='margin-bottom: 5px;'>Eco friendly<\/li>\n<li style='margin-bottom: 5px;'>Aplicaci\u00f3n m\u00f3vil gratuita<\/li>\n<li style='margin-bottom: 5px;'><strong>Integraci\u00f3n:<\/strong> Alexa y Google Home<\/li>\n<li style='margin-bottom: 5px;'><strong>Garant\u00eda Unidad completa:<\/strong> 2 a\u00f1os<\/li>\n<li style='margin-bottom: 5px;'><strong>Garant\u00eda Compresor:<\/strong> 5 a\u00f1os<\/li>\n<li style='margin-bottom: 5px;'><strong>Garant\u00eda Resto de los componentes:<\/strong> 2 a\u00f1os<\/li>\n<li style='margin-bottom: 5px;'><strong>Equipos clasificados como *B y *C<\/strong> (Pueden tener o no tener l\u00edneas de refrigerante de Cobre)<\/li>\n<\/ul><\/div>\n<p> <!-- Caracter\u00edsticas F\u00edsicas y El\u00e9ctricas --> <\/p>\n<div style='border-left: 5px solid #02D9DB; border-radius: 5px; padding: 15px; box-shadow: 2px 2px 10px rgba(216&comma; 216&comma; 216&comma; 0.4);'>\n<h3 style='font-size: 22px; border-bottom: 2px solid currentColor; padding-bottom: 5px; margin-top: 0; color: inherit; opacity: 0.8;'>Caracter\u00edsticas F\u00edsicas y El\u00e9ctricas<\/h3>\n<ul style='padding-left: 20px; font-size: 15px; color: inherit; list-style-type: disc;'>\n<li style='margin-bottom: 5px;'><strong>Nueva tecnolog\u00eda con refrigerante ecol\u00f3gico:<\/strong> R32<\/li>\n<li style='margin-bottom: 5px;'><strong>Capacidad:<\/strong> 1 Tonelada (12&comma;000 BTU)<\/li>\n<li style='margin-bottom: 5px;'><strong>Alimentaci\u00f3n:<\/strong> 220 Vca \/ 60 Hz<\/li>\n<li style='margin-bottom: 5px;'><strong>Potencia en Calefacci\u00f3n:<\/strong> 1080 W<\/li>\n<li style='margin-bottom: 5px;'><strong>Potencia en Enfr\u00edamiento:<\/strong> 1250 W<\/li>\n<li style='margin-bottom: 5px;'><strong>Refrigerante ecol\u00f3gico:<\/strong> R32<\/li>\n<li style='margin-bottom: 5px;'><strong>Peso unidad interior:<\/strong> 8 Kg<\/li>\n<li style='margin-bottom: 5px;'><strong>Peso unidad exterior:<\/strong> 22.5 Kg<\/li>\n<li style='margin-bottom: 5px;'><strong>Medidas unidad interior:<\/strong> 750 x 285 x 200 mm<\/li>\n<li style='margin-bottom: 5px;'><strong>Medidas unidad exterior:<\/strong> 705 x 279 x 530 mm<\/li>\n<li style='margin-bottom: 5px;'><strong>Longitud de tuber\u00eda de cobre:<\/strong> 3 metros<\/li>\n<li style='margin-bottom: 5px;'><strong>Di\u00e1metros tuber\u00edas de cobre:<\/strong> 1\/4&#8242; y 3\/8&#8242;<\/li>\n<li style='margin-bottom: 5px;'><strong>Longitud de tuber\u00eda de desague:<\/strong> 2.10 metros<\/li>\n<li style='margin-bottom: 5px;'><strong>Di\u00e1metro tuber\u00edas de desag\u00fce:<\/strong> 11 \/ 16 &#8216;<\/li>\n<\/ul><\/div>\n<p> <!-- Caracter\u00edsticas Destacadas --> <\/p>\n<div style='border-left: 5px solid #02D9DB; border-radius: 5px; padding: 15px; box-shadow: 2px 2px 10px rgba(216&comma; 216&comma; 216&comma; 0.4);'>\n<h3 style='font-size: 22px; border-bottom: 2px solid currentColor; padding-bottom: 5px; margin-top: 0; color: inherit; opacity: 0.8;'>Caracter\u00edsticas Destacadas<\/h3>\n<p style='margin-bottom: 15px; font-size: 15px; color: inherit;'>Los aires acondicionados divididos de AUFIT son ideales para controlar la temperatura de una forma sencilla&comma; r\u00e1pida y pr\u00e1ctica.<\/p>\n<p style='margin-bottom: 15px; font-size: 15px; color: inherit;'>Su dise\u00f1o interno permite mejorar la distribuci\u00f3n y el flujo de aire en cuatro direcciones logrando un r\u00e1pido enfriamiento en alrededor de 30s.<\/p>\n<p style='margin-bottom: 0; font-size: 15px; color: inherit;'>Super silencioso con un ruido tan bajo como 23 dB&comma; luz indicadora inteligente&comma; auto diagn\u00f3stico para facilitar servicio de mantenimiento&comma; auto reinicio&comma; entre otras m\u00e1s funciones que hacen del equipo potente y profesional.<\/p>\n<\/p><\/div>\n<\/p><\/div>\n<p> <!-- Separador --> <\/p>\n<hr style='border: 0; border-top: 1px solid rgba(150&comma; 150&comma; 150&comma; 0.3); margin: 30px 0;'> <\/div>\n","protected":false},"excerpt":{"rendered":"<p>Unidad externa para manejadora de aire inverter R32 capacidad de 5 toneladas a 220 Vca<\/p>\n","protected":false},"featured_media":38328,"comment_status":"open","ping_status":"closed","template":"","meta":[],"product_brand":[],"product_cat":[1180],"product_tag":[186,1144,1181],"class_list":{"0":"post-38329","1":"product","2":"type-product","3":"status-publish","4":"has-post-thumbnail","6":"product_cat-manejadoras-de-aire","7":"product_tag-aufit","8":"product_tag-climatizacion-refrigeracion","9":"product_tag-manejadoras-de-aire","11":"first","12":"outofstock","13":"sale","14":"shipping-taxable","15":"purchasable","16":"product-type-simple"},"_links":{"self":[{"href":"https:\/\/soydeaqui.ddns.net\/pachuca\/index.php\/wp-json\/wp\/v2\/product\/38329","targetHints":{"allow":["GET"]}}],"collection":[{"href":"https:\/\/soydeaqui.ddns.net\/pachuca\/index.php\/wp-json\/wp\/v2\/product"}],"about":[{"href":"https:\/\/soydeaqui.ddns.net\/pachuca\/index.php\/wp-json\/wp\/v2\/types\/product"}],"replies":[{"embeddable":true,"href":"https:\/\/soydeaqui.ddns.net\/pachuca\/index.php\/wp-json\/wp\/v2\/comments?post=38329"}],"wp:featuredmedia":[{"embeddable":true,"href":"https:\/\/soydeaqui.ddns.net\/pachuca\/index.php\/wp-json\/wp\/v2\/media\/38328"}],"wp:attachment":[{"href":"https:\/\/soydeaqui.ddns.net\/pachuca\/index.php\/wp-json\/wp\/v2\/media?parent=38329"}],"wp:term":[{"taxonomy":"product_brand","embeddable":true,"href":"https:\/\/soydeaqui.ddns.net\/pachuca\/index.php\/wp-json\/wp\/v2\/product_brand?post=38329"},{"taxonomy":"product_cat","embeddable":true,"href":"https:\/\/soydeaqui.ddns.net\/pachuca\/index.php\/wp-json\/wp\/v2\/product_cat?post=38329"},{"taxonomy":"product_tag","embeddable":true,"href":"https:\/\/soydeaqui.ddns.net\/pachuca\/index.php\/wp-json\/wp\/v2\/product_tag?post=38329"}],"curies":[{"name":"wp","href":"https:\/\/api.w.org\/{rel}","templated":true}]}}