{"id":38320,"date":"2026-03-18T16:53:50","date_gmt":"2026-03-18T16:53:50","guid":{"rendered":"https:\/\/soydeaqui.ddns.net\/pachuca\/index.php\/producto\/matrices-de-prensado-cd-920-2-para-calibre-2-awg\/"},"modified":"2026-03-18T16:53:54","modified_gmt":"2026-03-18T16:53:54","slug":"matrices-de-prensado-cd-920-2-para-calibre-2-awg","status":"publish","type":"product","link":"https:\/\/soydeaqui.ddns.net\/pachuca\/index.php\/producto\/matrices-de-prensado-cd-920-2-para-calibre-2-awg\/","title":{"rendered":"Matrices de prensado CD-920-2 para calibre 2 Awg"},"content":{"rendered":"<div style='width: 100%; max-width: 1200px; margin: 0 auto; font-family: sans-serif; line-height: 1.6; color: inherit; background-color: transparent;'>\n<div style='display: flex; flex-wrap: wrap; gap: 20px; margin-bottom: 30px;'>\n<div style='flex: 1 1 300px; min-width: 280px;'>\n<h3 style='font-size: 22px; border-bottom: 2px solid currentColor; padding-bottom: 5px; margin-top: 0; color: inherit; opacity: 0.8;'>Especificaciones<\/h3>\n<ul style='padding-left: 20px; font-size: 15px; color: inherit;'>\n<li style='margin-bottom: 5px;'><strong>Tipo de producto:<\/strong> Matrices de prensado<\/li>\n<li style='margin-bottom: 5px;'><strong>Submarca:<\/strong> Pan-Lug\u2122<\/li>\n<li style='margin-bottom: 5px;'><strong>Aplicaci\u00f3n:<\/strong> Matrices para conectores y empalmes de potencia Panduit.<\/li>\n<li style='margin-bottom: 5px;'><strong>C\u00f3digo de color:<\/strong> Marr\u00f3n<\/li>\n<li style='margin-bottom: 5px;'><strong>Tama\u00f1o de conductor de cobre (AWG):<\/strong> 2<\/li>\n<li style='margin-bottom: 5px;'><strong>Tama\u00f1o de conductor flexible (AWG):<\/strong> 2<\/li>\n<li style='margin-bottom: 5px;'><strong>N\u00famero de \u00edndice de matriz Panduit\u2122:<\/strong> P33<\/li>\n<li style='margin-bottom: 5px;'><strong>Para usar con:<\/strong> Matriz de prensado para usar con las herramientas para prensar Panduit\u2122 CT-920&comma; CT-2920&comma; CT-930&comma; CT-2930\/L&comma; CT-2930\/LE&comma; CT-2931 y CT-2931\/E y cabezales de prensado CT-930\/CH y CT-930LPCH&comma; tambi\u00e9n se puede usar con las herramientas para prensar Panduit\u2122 CT-2940\/L y CT-2940\/LE&comma; y con el cabezal de prensado CT-940CH con el adaptador de matriz CD-940-DA que se vende por separado.<\/li>\n<li style='margin-bottom: 5px;'><strong>Tipo de conexi\u00f3n:<\/strong> Prensa<\/li>\n<li style='margin-bottom: 5px;'><strong>Perfil de prensado:<\/strong> Circunferencial<\/li>\n<li style='margin-bottom: 5px;'><strong>Material de base:<\/strong> Acero<\/li>\n<li style='margin-bottom: 5px;'><strong>Acabado\/recubrimiento:<\/strong> \u00d3xido negro<\/li>\n<li style='margin-bottom: 5px;'><strong>Caracts. pza.:<\/strong> Codificaci\u00f3n por color con el conector&comma; prensa pr\u00e9mium&comma; graba el n\u00famero de matriz<\/li>\n<\/ul><\/div>\n<\/p><\/div>\n<\/p><\/div>\n","protected":false},"excerpt":{"rendered":"<p>Matrices de prensado CD-920-2 para calibre 2 Awg<\/p>\n","protected":false},"featured_media":38319,"comment_status":"open","ping_status":"closed","template":"","meta":[],"product_brand":[],"product_cat":[574],"product_tag":[572,575,445],"class_list":{"0":"post-38320","1":"product","2":"type-product","3":"status-publish","4":"has-post-thumbnail","6":"product_cat-fijacion","7":"product_tag-canalizacion","8":"product_tag-fijacion","9":"product_tag-panduit","11":"first","12":"instock","13":"sale","14":"shipping-taxable","15":"purchasable","16":"product-type-simple"},"_links":{"self":[{"href":"https:\/\/soydeaqui.ddns.net\/pachuca\/index.php\/wp-json\/wp\/v2\/product\/38320","targetHints":{"allow":["GET"]}}],"collection":[{"href":"https:\/\/soydeaqui.ddns.net\/pachuca\/index.php\/wp-json\/wp\/v2\/product"}],"about":[{"href":"https:\/\/soydeaqui.ddns.net\/pachuca\/index.php\/wp-json\/wp\/v2\/types\/product"}],"replies":[{"embeddable":true,"href":"https:\/\/soydeaqui.ddns.net\/pachuca\/index.php\/wp-json\/wp\/v2\/comments?post=38320"}],"wp:featuredmedia":[{"embeddable":true,"href":"https:\/\/soydeaqui.ddns.net\/pachuca\/index.php\/wp-json\/wp\/v2\/media\/38319"}],"wp:attachment":[{"href":"https:\/\/soydeaqui.ddns.net\/pachuca\/index.php\/wp-json\/wp\/v2\/media?parent=38320"}],"wp:term":[{"taxonomy":"product_brand","embeddable":true,"href":"https:\/\/soydeaqui.ddns.net\/pachuca\/index.php\/wp-json\/wp\/v2\/product_brand?post=38320"},{"taxonomy":"product_cat","embeddable":true,"href":"https:\/\/soydeaqui.ddns.net\/pachuca\/index.php\/wp-json\/wp\/v2\/product_cat?post=38320"},{"taxonomy":"product_tag","embeddable":true,"href":"https:\/\/soydeaqui.ddns.net\/pachuca\/index.php\/wp-json\/wp\/v2\/product_tag?post=38320"}],"curies":[{"name":"wp","href":"https:\/\/api.w.org\/{rel}","templated":true}]}}