{"id":38286,"date":"2026-03-18T16:52:50","date_gmt":"2026-03-18T16:52:50","guid":{"rendered":"https:\/\/soydeaqui.ddns.net\/pachuca\/index.php\/producto\/conector-de-compresion-a-tierra-de-cobre-panduit-ctapr2-0-2-l-1pz\/"},"modified":"2026-03-18T16:52:55","modified_gmt":"2026-03-18T16:52:55","slug":"conector-de-compresion-a-tierra-de-cobre-panduit-ctapr2-0-2-l-1pz","status":"publish","type":"product","link":"https:\/\/soydeaqui.ddns.net\/pachuca\/index.php\/producto\/conector-de-compresion-a-tierra-de-cobre-panduit-ctapr2-0-2-l-1pz\/","title":{"rendered":"Conector de compresi\u00f3n a tierra de cobre Panduit CTAPR2\/0-2-L, 1Pz"},"content":{"rendered":"<div style='width: 100%; max-width: 1200px; margin: 0 auto; font-family: sans-serif; line-height: 1.6; color: inherit; background-color: transparent;'>\n<div style='margin-bottom: 30px;'>\n<p style='color: inherit; font-size: 16px; margin: 0 0 20px 0;'>El conector de compresi\u00f3n CTAPR2\/0-2-L presenta propiedades el\u00e9ctricas de alta calidad y alta resistencia. Para conductores de c\u00f3digo de cobre s\u00f3lido y trenzado. Para aplicaciones de derivaci\u00f3n de conductor a conductor y de conductor a varilla de conexi\u00f3n a tierra. Listado UL seg\u00fan UL486; se puede enterrar directamente en tierra y en concreto. Listado UL seg\u00fan 486A-486B para aplicaciones de alimentaci\u00f3n de cable a cable de hasta 36 kV y con calificaci\u00f3n de temperatura de 90\u00b0C con herramientas para prensar y matrices de prensado selectas de Panduit o est\u00e1ndar de la industria.<\/p>\n<\/p><\/div>\n<div style='display: flex; flex-wrap: wrap; gap: 20px; margin-bottom: 30px;'>\n<div style='flex: 1 1 250px; border: 1px solid rgba(150&comma; 150&comma; 150&comma; 0.4); border-radius: 8px; overflow: hidden; display: flex; flex-direction: column;'>\n<div style='padding: 15px; border-bottom: 1px solid rgba(150&comma; 150&comma; 150&comma; 0.2); font-weight: bold; font-size: 18px; color: inherit;'>Especificaciones<\/div>\n<div style='padding: 15px; color: inherit;'>\n<ul style='padding-left: 20px; margin: 0; font-size: 14px; list-style-type: disc;'>\n<li style='margin-bottom: 5px;'><strong>Tama\u00f1o m\u00e1ximo de conductor de cobre (AWG STR):<\/strong> <span style='font-weight: 600;'>2<\/span><\/li>\n<li style='margin-bottom: 5px;'><strong>Tama\u00f1o m\u00e1ximo de varilla de conexi\u00f3n a tierra (in):<\/strong> <span style='font-weight: 600;'>3\/8<\/span><\/li>\n<\/ul><\/div>\n<\/p><\/div>\n<\/p><\/div>\n<\/p><\/div>\n","protected":false},"excerpt":{"rendered":"<p>Conector de compresi\u00f3n a tierra de cobre Panduit CTAPR2\/0-2-L, 1Pz<\/p>\n","protected":false},"featured_media":38285,"comment_status":"open","ping_status":"closed","template":"","meta":[],"product_brand":[],"product_cat":[574],"product_tag":[572,575,445],"class_list":{"0":"post-38286","1":"product","2":"type-product","3":"status-publish","4":"has-post-thumbnail","6":"product_cat-fijacion","7":"product_tag-canalizacion","8":"product_tag-fijacion","9":"product_tag-panduit","11":"first","12":"instock","13":"sale","14":"shipping-taxable","15":"purchasable","16":"product-type-simple"},"_links":{"self":[{"href":"https:\/\/soydeaqui.ddns.net\/pachuca\/index.php\/wp-json\/wp\/v2\/product\/38286","targetHints":{"allow":["GET"]}}],"collection":[{"href":"https:\/\/soydeaqui.ddns.net\/pachuca\/index.php\/wp-json\/wp\/v2\/product"}],"about":[{"href":"https:\/\/soydeaqui.ddns.net\/pachuca\/index.php\/wp-json\/wp\/v2\/types\/product"}],"replies":[{"embeddable":true,"href":"https:\/\/soydeaqui.ddns.net\/pachuca\/index.php\/wp-json\/wp\/v2\/comments?post=38286"}],"wp:featuredmedia":[{"embeddable":true,"href":"https:\/\/soydeaqui.ddns.net\/pachuca\/index.php\/wp-json\/wp\/v2\/media\/38285"}],"wp:attachment":[{"href":"https:\/\/soydeaqui.ddns.net\/pachuca\/index.php\/wp-json\/wp\/v2\/media?parent=38286"}],"wp:term":[{"taxonomy":"product_brand","embeddable":true,"href":"https:\/\/soydeaqui.ddns.net\/pachuca\/index.php\/wp-json\/wp\/v2\/product_brand?post=38286"},{"taxonomy":"product_cat","embeddable":true,"href":"https:\/\/soydeaqui.ddns.net\/pachuca\/index.php\/wp-json\/wp\/v2\/product_cat?post=38286"},{"taxonomy":"product_tag","embeddable":true,"href":"https:\/\/soydeaqui.ddns.net\/pachuca\/index.php\/wp-json\/wp\/v2\/product_tag?post=38286"}],"curies":[{"name":"wp","href":"https:\/\/api.w.org\/{rel}","templated":true}]}}