{"id":38279,"date":"2026-03-18T16:52:40","date_gmt":"2026-03-18T16:52:40","guid":{"rendered":"https:\/\/soydeaqui.ddns.net\/pachuca\/index.php\/producto\/caja-con-cubierta-de-tornillo-de-aluminio-serie-gr-de-7-63-x-9-13-x-4-93-pulgadas-193-80-x-231-90-x-125-22-mm-clase-i-ii-iii-grupo-bcdefg\/"},"modified":"2026-03-18T16:52:40","modified_gmt":"2026-03-18T16:52:40","slug":"caja-con-cubierta-de-tornillo-de-aluminio-serie-gr-de-7-63-x-9-13-x-4-93-pulgadas-193-80-x-231-90-x-125-22-mm-clase-i-ii-iii-grupo-bcdefg","status":"publish","type":"product","link":"https:\/\/soydeaqui.ddns.net\/pachuca\/index.php\/producto\/caja-con-cubierta-de-tornillo-de-aluminio-serie-gr-de-7-63-x-9-13-x-4-93-pulgadas-193-80-x-231-90-x-125-22-mm-clase-i-ii-iii-grupo-bcdefg\/","title":{"rendered":"Caja con Cubierta de Tornillo de Aluminio Serie GR de 7.63 x 9.13 x 4.93 Pulgadas (193.80 x 231.90 x 125.22 mm) \/ Clase I, II, III, Grupo BCDEFG."},"content":{"rendered":"<div style='width: 100%; max-width: 1200px; margin: 0 auto; font-family: sans-serif; line-height: 1.6; color: inherit; background-color: transparent;'> <!-- Secci\u00f3n de caracter\u00edsticas --> <\/p>\n<div style='display: flex; flex-wrap: wrap; gap: 30px; margin-bottom: 30px;'>\n<div style='flex: 1 1 300px; min-width: 280px;'>\n<h3 style='font-size: 22px; border-bottom: 2px solid currentColor; padding-bottom: 5px; margin-top: 0; color: inherit; opacity: 0.8;'>Especificaciones<\/h3>\n<ul style='padding-left: 20px; font-size: 15px; color: inherit;'>\n<li style='margin-bottom: 5px;'><strong>Aplicaci\u00f3n:<\/strong> Lugares peligrosos debido a la presencia de gases o vapores inflamables&comma; polvos combustibles o fibras o part\u00edculas f\u00e1cilmente inflamables y \u00e1reas sujetas a corrosi\u00f3n&comma; intemperie y humedad. Instalaciones en refiner\u00edas de petr\u00f3leo&comma; qu\u00edmica y petroqu\u00edmica.<\/li>\n<li style='margin-bottom: 5px;'><strong>Color:<\/strong> Gris<\/li>\n<li style='margin-bottom: 5px;'><strong>Tipo de Tapa:<\/strong> Roscada<\/li>\n<li style='margin-bottom: 5px;'><strong>Material:<\/strong> Aluminio libre de Cobre &#8211; Menos de 4\/10 del 1%<\/li>\n<li style='margin-bottom: 5px;'><strong>Tama\u00f1o:<\/strong> 12 in x 11.25 in x 8.625 in<\/li>\n<li style='margin-bottom: 5px;'><strong>Tipo:<\/strong> Caja de conexiones<\/li>\n<li style='margin-bottom: 5px;'><strong>N\u00famero de archivo CSA:<\/strong> LR11716<\/li>\n<li style='margin-bottom: 5px;'><strong>Peso con empaque:<\/strong> 26.71<\/li>\n<li style='margin-bottom: 5px;'><strong>Clasificaci\u00f3n para \u00e1reas peligrosas:<\/strong><\/li>\n<ul style='padding-left: 30px; margin-top: 5px; margin-bottom: 5px; font-size: 14px;'>\n<li style='margin-bottom: 5px;'>Clase I&comma; Divisiones 1 &#038; 2&comma; Grupos B&comma;C&comma;D<\/li>\n<li style='margin-bottom: 5px;'>Clase I&comma; Zonas 1 &#038; 2&comma; Grupos IIB + H2&comma; IIA<\/li>\n<li style='margin-bottom: 5px;'>Clase II&comma; Divisiones 1 &#038; 2&comma; Grupos E&comma;F&comma;G<\/li>\n<li style='margin-bottom: 5px;'>Clase III&comma; Divisiones 1 &#038; 2<\/li>\n<\/ul>\n<\/ul><\/div>\n<\/p><\/div>\n<\/p><\/div>\n","protected":false},"excerpt":{"rendered":"<p>Caja con Cubierta de Tornillo de Aluminio Serie GR de 7.63 x 9.13 x 4.93 Pulgadas (193.80 x 231.90 x 125.22 mm) \/ Clase I, II, III, Grupo BCDEFG.<\/p>\n","protected":false},"featured_media":32,"comment_status":"open","ping_status":"closed","template":"","meta":[],"product_brand":[],"product_cat":[1076],"product_tag":[1078,1077,704],"class_list":{"0":"post-38279","1":"product","2":"type-product","3":"status-publish","4":"has-post-thumbnail","6":"product_cat-gabinetes-y-accesorios-antiexplosion","7":"product_tag-gabinetes-y-accesorios-antiexplosion","8":"product_tag-gabinetes-y-cajas","9":"product_tag-hubbell-killark","11":"first","12":"outofstock","13":"sale","14":"shipping-taxable","15":"purchasable","16":"product-type-simple"},"_links":{"self":[{"href":"https:\/\/soydeaqui.ddns.net\/pachuca\/index.php\/wp-json\/wp\/v2\/product\/38279","targetHints":{"allow":["GET"]}}],"collection":[{"href":"https:\/\/soydeaqui.ddns.net\/pachuca\/index.php\/wp-json\/wp\/v2\/product"}],"about":[{"href":"https:\/\/soydeaqui.ddns.net\/pachuca\/index.php\/wp-json\/wp\/v2\/types\/product"}],"replies":[{"embeddable":true,"href":"https:\/\/soydeaqui.ddns.net\/pachuca\/index.php\/wp-json\/wp\/v2\/comments?post=38279"}],"wp:featuredmedia":[{"embeddable":true,"href":"https:\/\/soydeaqui.ddns.net\/pachuca\/index.php\/wp-json\/wp\/v2\/media\/32"}],"wp:attachment":[{"href":"https:\/\/soydeaqui.ddns.net\/pachuca\/index.php\/wp-json\/wp\/v2\/media?parent=38279"}],"wp:term":[{"taxonomy":"product_brand","embeddable":true,"href":"https:\/\/soydeaqui.ddns.net\/pachuca\/index.php\/wp-json\/wp\/v2\/product_brand?post=38279"},{"taxonomy":"product_cat","embeddable":true,"href":"https:\/\/soydeaqui.ddns.net\/pachuca\/index.php\/wp-json\/wp\/v2\/product_cat?post=38279"},{"taxonomy":"product_tag","embeddable":true,"href":"https:\/\/soydeaqui.ddns.net\/pachuca\/index.php\/wp-json\/wp\/v2\/product_tag?post=38279"}],"curies":[{"name":"wp","href":"https:\/\/api.w.org\/{rel}","templated":true}]}}