{"id":38277,"date":"2026-03-18T16:52:37","date_gmt":"2026-03-18T16:52:37","guid":{"rendered":"https:\/\/soydeaqui.ddns.net\/pachuca\/index.php\/producto\/modulo-solar-hi-mo-x7-bifacial-610-w-48-38-vcc-monocristalino-hpbc\/"},"modified":"2026-03-18T16:52:39","modified_gmt":"2026-03-18T16:52:39","slug":"modulo-solar-hi-mo-x7-bifacial-610-w-48-38-vcc-monocristalino-hpbc","status":"publish","type":"product","link":"https:\/\/soydeaqui.ddns.net\/pachuca\/index.php\/producto\/modulo-solar-hi-mo-x7-bifacial-610-w-48-38-vcc-monocristalino-hpbc\/","title":{"rendered":"M\u00f3dulo Solar HI-MO X7 BIFACIAL,  610 W, 48.38 Vcc, Monocristalino HPBC"},"content":{"rendered":"<div style='width: 100%; max-width: 1200px; margin: 0 auto; font-family: sans-serif; line-height: 1.6; color: inherit; background-color: transparent;'>\n<div style='display: flex; flex-wrap: wrap; gap: 30px; margin-bottom: 30px;'>\n<div style='flex: 1 1 300px; min-width: 280px;'>\n<h3 style='font-size: 22px; border-bottom: 2px solid currentColor; padding-bottom: 5px; margin-top: 0; color: inherit; opacity: 0.8;'>Descripci\u00f3n del producto<\/h3>\n<p style='font-size: 15px; color: inherit;'>La tecnolog\u00eda de celdas HPBC de nueva generaci\u00f3n de LONGi&comma; abre un nuevo cap\u00edtulo en la producci\u00f3n en masa de celdas de alta eficiencia y contin\u00faa liderando la transformaci\u00f3n de la industria. La eficiencia de las celdas HPBC de LONGi supera 25.5%. La eficiencia de las celdas HPBC+ supera el 25.8%.<\/p>\n<p style='font-size: 15px; color: inherit;'><strong>Iluminando posibilidades<\/strong><\/p>\n<p style='font-size: 15px; color: inherit;'>La serie Hi-MO X6 puede adaptarse a las diversas necesidades de nuestros clientes para ofrecer una nueva experiencia de energ\u00eda renovable.<\/p>\n<\/p><\/div>\n<\/p><\/div>\n<div style='display: flex; flex-wrap: wrap; gap: 20px; margin-bottom: 30px;'>\n<div style='flex: 1 1 250px; border: 1px solid rgba(150&comma; 150&comma; 150&comma; 0.4); border-radius: 8px; overflow: hidden; display: flex; flex-direction: column;'>\n<div style='padding: 15px; border-bottom: 1px solid rgba(150&comma; 150&comma; 150&comma; 0.2); font-weight: bold; font-size: 18px; color: inherit;'>Caracter\u00edsticas<\/div>\n<div style='padding: 15px; color: inherit;'>\n<ul style='padding-left: 20px; margin: 0; font-size: 14px; list-style-type: disc;'>\n<li style='margin-bottom: 5px;'>Celdas de alta eficiencia<\/li>\n<li style='margin-bottom: 5px;'>Rendimiento excepcional<\/li>\n<li style='margin-bottom: 5px;'>Apariencia est\u00e9tica<\/li>\n<li style='margin-bottom: 5px;'>Confiabilidad l\u00edder del mercado<\/li>\n<\/ul><\/div>\n<\/p><\/div>\n<div style='flex: 1 1 250px; border: 1px solid rgba(150&comma; 150&comma; 150&comma; 0.4); border-radius: 8px; overflow: hidden; display: flex; flex-direction: column;'>\n<div style='padding: 15px; border-bottom: 1px solid rgba(150&comma; 150&comma; 150&comma; 0.2); font-weight: bold; font-size: 18px; color: inherit;'>Especificaciones el\u00e9ctricas<\/div>\n<div style='padding: 15px; color: inherit;'>\n<ul style='padding-left: 20px; margin: 0; font-size: 14px; list-style-type: disc;'>\n<li style='margin-bottom: 5px;'><strong>Potencia m\u00e1xima:<\/strong> 610 W<\/li>\n<li style='margin-bottom: 5px;'><strong>Tolerancia de potencia:<\/strong> 0~5 W<\/li>\n<li style='margin-bottom: 5px;'><strong>Eficiencia del m\u00f3dulo:<\/strong> 22.6%<\/li>\n<li style='margin-bottom: 5px;'><strong>Voltaje m\u00e1ximo (Vmp):<\/strong> 40.51 V<\/li>\n<li style='margin-bottom: 5px;'><strong>Corriente m\u00e1xima (Imp):<\/strong> 15.06 A<\/li>\n<li style='margin-bottom: 5px;'><strong>Voltaje de circuito abierto (Voc):<\/strong> 48.38 V<\/li>\n<li style='margin-bottom: 5px;'><strong>Corriente de cortocircuito (Isc):<\/strong> 15.95 A<\/li>\n<\/ul><\/div>\n<\/p><\/div>\n<div style='flex: 1 1 250px; border: 1px solid rgba(150&comma; 150&comma; 150&comma; 0.4); border-radius: 8px; overflow: hidden; display: flex; flex-direction: column;'>\n<div style='padding: 15px; border-bottom: 1px solid rgba(150&comma; 150&comma; 150&comma; 0.2); font-weight: bold; font-size: 18px; color: inherit;'>Especificaciones mec\u00e1nicas<\/div>\n<div style='padding: 15px; color: inherit;'>\n<ul style='padding-left: 20px; margin: 0; font-size: 14px; list-style-type: disc;'>\n<li style='margin-bottom: 5px;'><strong>Distribuci\u00f3n de las celdas:<\/strong> 144 (6X24)<\/li>\n<li style='margin-bottom: 5px;'><strong>Caja de conexiones:<\/strong> Caja de conexiones dividida&comma; IP68<\/li>\n<li style='margin-bottom: 5px;'><strong>Peso:<\/strong> 33.5 kg<\/li>\n<li style='margin-bottom: 5px;'><strong>Dimensiones:<\/strong> 2382x1134x30 mm<\/li>\n<li style='margin-bottom: 5px;'><strong>Embalaje:<\/strong> 36 piezas por palet&comma; 144 piezas\/20GP&comma; 720 piezas\/40HC<\/li>\n<\/ul><\/div>\n<\/p><\/div>\n<div style='flex: 1 1 250px; border: 1px solid rgba(150&comma; 150&comma; 150&comma; 0.4); border-radius: 8px; overflow: hidden; display: flex; flex-direction: column;'>\n<div style='padding: 15px; border-bottom: 1px solid rgba(150&comma; 150&comma; 150&comma; 0.2); font-weight: bold; font-size: 18px; color: inherit;'>Capacidad de carga mec\u00e1nica<\/div>\n<div style='padding: 15px; color: inherit;'>\n<ul style='padding-left: 20px; margin: 0; font-size: 14px; list-style-type: disc;'>\n<li style='margin-bottom: 5px;'><strong>M\u00e1xima carga est\u00e1tica en superficie frontal:<\/strong> 5400 Pa<\/li>\n<li style='margin-bottom: 5px;'><strong>M\u00e1xima carga est\u00e1tica en superficie posterior:<\/strong> 2400 Pa<\/li>\n<li style='margin-bottom: 5px;'><strong>Test de granizo:<\/strong> Di\u00e1metro de 25 mm&comma; velocidad de impacto de 23 m\/s<\/li>\n<\/ul><\/div>\n<\/p><\/div>\n<div style='flex: 1 1 250px; border: 1px solid rgba(150&comma; 150&comma; 150&comma; 0.4); border-radius: 8px; overflow: hidden; display: flex; flex-direction: column;'>\n<div style='padding: 15px; border-bottom: 1px solid rgba(150&comma; 150&comma; 150&comma; 0.2); font-weight: bold; font-size: 18px; color: inherit;'>Coeficientes de temperatura (STC)<\/div>\n<div style='padding: 15px; color: inherit;'>\n<ul style='padding-left: 20px; margin: 0; font-size: 14px; list-style-type: disc;'>\n<li style='margin-bottom: 5px;'><strong>Coeficiente de temperatura Isc:<\/strong> +0.050%\/\u00b0C<\/li>\n<li style='margin-bottom: 5px;'><strong>Coeficiente de temperatura Voc:<\/strong> -0.230%\/\u00b0C<\/li>\n<li style='margin-bottom: 5px;'><strong>Coeficiente de temperatura Pmax:<\/strong> -0.290%\/\u00b0C<\/li>\n<\/ul><\/div>\n<\/p><\/div>\n<div style='flex: 1 1 250px; border: 1px solid rgba(150&comma; 150&comma; 150&comma; 0.4); border-radius: 8px; overflow: hidden; display: flex; flex-direction: column;'>\n<div style='padding: 15px; border-bottom: 1px solid rgba(150&comma; 150&comma; 150&comma; 0.2); font-weight: bold; font-size: 18px; color: inherit;'>Aplicaciones<\/div>\n<div style='padding: 15px; color: inherit;'>\n<ul style='padding-left: 20px; margin: 0; font-size: 14px; list-style-type: disc;'>\n<li style='margin-bottom: 5px;'>Para interconexi\u00f3n a la red el\u00e9ctrica<\/li>\n<li style='margin-bottom: 5px;'>Sistemas aislados con controladores MPPT<\/li>\n<\/ul><\/div>\n<\/p><\/div>\n<div style='flex: 1 1 250px; border: 1px solid rgba(150&comma; 150&comma; 150&comma; 0.4); border-radius: 8px; overflow: hidden; display: flex; flex-direction: column;'>\n<div style='padding: 15px; border-bottom: 1px solid rgba(150&comma; 150&comma; 150&comma; 0.2); font-weight: bold; font-size: 18px; color: inherit;'>Garant\u00eda<\/div>\n<div style='padding: 15px; color: inherit;'>\n<p style='margin-bottom: 10px; font-size: 14px;'>Se ofrece una garant\u00eda de 15 a\u00f1os contra defectos de fabricaci\u00f3n&comma; as\u00ed como una vida \u00fatil de 25 a\u00f1os en t\u00e9rminos de salida de potencia.<\/p>\n<p style='font-size: 14px;'>Recomendaciones y Notas de Garant\u00eda:<\/p>\n<\/p><\/div>\n<\/p><\/div>\n<\/p><\/div>\n<div style='display: flex; flex-wrap: wrap; gap: 30px; margin-bottom: 30px;'>\n<div style='flex: 1 1 300px; min-width: 280px;'>\n<h3 style='font-size: 22px; border-bottom: 2px solid currentColor; padding-bottom: 5px; margin-top: 0; color: inherit; opacity: 0.8;'>M\u00e1s informaci\u00f3n<\/h3>\n<div style='display: flex; flex-direction: column; gap: 15px;'>\n<div style='border: 1px solid rgba(150&comma;150&comma;150&comma;0.3); border-radius: 8px; overflow: hidden;'> <img style='width: 100%; height: auto; border: none; border-radius: 8px;' src='https:\/\/static.longi.com\/Explorer_04_8b2c959558.png' alt='M\u00f3dulo LONGI LR772HTH610M'> <\/div>\n<div style='border: 1px solid rgba(150&comma;150&comma;150&comma;0.3); border-radius: 8px; overflow: hidden;'> <img style='width: 100%; height: auto; border: none; border-radius: 8px;' src='https:\/\/static.longi.com\/product_en_1134_487_20ebc6bd40.jpg' alt='M\u00f3dulo LONGI LR772HTH610M'> <\/div>\n<div style='position: relative; padding-bottom: 56.25%; height: 0; overflow: hidden; margin-bottom: 30px;'>   <\/div>\n<\/p><\/div>\n<\/p><\/div>\n<div style='flex: 1 1 300px; min-width: 280px;'>\n<h3 style='font-size: 22px; border-bottom: 2px solid currentColor; padding-bottom: 5px; margin-top: 0; color: inherit; opacity: 0.8;'>Caracter\u00edsticas detalladas<\/h3>\n<div style='display: flex; flex-direction: column; gap: 15px;'>\n<div style='border: 1px solid rgba(150&comma;150&comma;150&comma;0.3); border-radius: 8px; overflow: hidden;'>\n<div style='padding: 15px; background-color: rgba(150&comma;150&comma;150&comma;0.1); font-weight: bold;'>Celdas de alta eficiencia<\/div>\n<div style='padding: 15px;'> <img style='width: 100%; height: auto; border: 1px solid rgba(150&comma;150&comma;150&comma;0.3); border-radius: 8px;' src='https:\/\/static.longi.com\/1_6012705834.png' alt='Celdas de alta eficiencia'> <\/p>\n<p style='margin-top: 10px; font-size: 14px; color: inherit;'>La eficiencia de la celda HPBC es superior al 25.5%.<\/p>\n<\/p><\/div>\n<\/p><\/div>\n<div style='border: 1px solid rgba(150&comma;150&comma;150&comma;0.3); border-radius: 8px; overflow: hidden;'>\n<div style='padding: 15px; background-color: rgba(150&comma;150&comma;150&comma;0.1); font-weight: bold;'>Rendimiento excepcional<\/div>\n<div style='padding: 15px;'> <img style='width: 100%; height: auto; border: 1px solid rgba(150&comma;150&comma;150&comma;0.3); border-radius: 8px;' src='https:\/\/static.longi.com\/1_fafec785b3.png' alt='Rendimiento excepcional'> <\/p>\n<p style='margin-top: 10px; font-size: 14px; color: inherit;'>Hi-MO X6 mejora significativamente la capacidad de generaci\u00f3n de energ\u00eda con una actualizaci\u00f3n integral de las celdas y m\u00f3dulos HPBC.<\/p>\n<\/p><\/div>\n<\/p><\/div>\n<div style='border: 1px solid rgba(150&comma;150&comma;150&comma;0.3); border-radius: 8px; overflow: hidden;'>\n<div style='padding: 15px; background-color: rgba(150&comma;150&comma;150&comma;0.1); font-weight: bold;'>Apariencia est\u00e9tica<\/div>\n<div style='padding: 15px;'> <img style='width: 100%; height: auto; border: 1px solid rgba(150&comma;150&comma;150&comma;0.3); border-radius: 8px;' src='https:\/\/static.longi.com\/1_0528524109.png' alt='Apariencia est\u00e9tica'> <\/p>\n<p style='margin-top: 10px; font-size: 14px; color: inherit;'>Hi-MO X6 simplifica la complejidad y redefine el concepto est\u00e9tico de los m\u00f3dulos fotovoltaicos.<\/p>\n<\/p><\/div>\n<\/p><\/div>\n<div style='border: 1px solid rgba(150&comma;150&comma;150&comma;0.3); border-radius: 8px; overflow: hidden;'>\n<div style='padding: 15px; background-color: rgba(150&comma;150&comma;150&comma;0.1); font-weight: bold;'>Confiabilidad &#8211; L\u00edder del mercado<\/div>\n<div style='padding: 15px;'> <img style='width: 100%; height: auto; border: 1px solid rgba(150&comma;150&comma;150&comma;0.3); border-radius: 8px;' src='https:\/\/static.longi.com\/1_f634296284.png' alt='Confiabilidad - L\u00edder del mercado'> <\/p>\n<p style='margin-top: 10px; font-size: 14px; color: inherit;'>Hi-MO X6 es pionera en la adopci\u00f3n de la tecnolog\u00eda de soldadura por contacto posterior&comma; que reduce el estr\u00e9s del borde de las celdas y aumenta la resistencia al agrietamiento de los m\u00f3dulos.<\/p>\n<\/p><\/div>\n<\/p><\/div>\n<\/p><\/div>\n<\/p><\/div>\n<\/p><\/div>\n<hr style='border: 0; border-top: 1px solid rgba(150&comma; 150&comma; 150&comma; 0.3); margin: 30px 0;'>\n<div style='display: flex; flex-wrap: wrap; gap: 30px;'>\n<div style='flex: 1 1 300px; min-width: 280px;'>\n<h3 style='font-size: 22px; border-bottom: 2px solid currentColor; padding-bottom: 5px; margin-top: 0; color: inherit; opacity: 0.8;'>M\u00e1s informaci\u00f3n t\u00e9cnica<\/h3>\n<ul style='padding-left: 20px; font-size: 14px; color: inherit; list-style-type: disc;'>\n<li style='margin-bottom: 5px;'>Born for Light<\/li>\n<li style='margin-bottom: 5px;'>Tecnolog\u00eda innovadora<\/li>\n<li style='margin-bottom: 5px;'>Sigue la tendencia del minimalismo<\/li>\n<li style='margin-bottom: 5px;'>Redefine la est\u00e9tica de los m\u00f3dulos fotovoltaicos<\/li>\n<\/ul><\/div>\n<\/p><\/div>\n<\/p><\/div>\n","protected":false},"excerpt":{"rendered":"<p>M\u00f3dulo Solar HI-MO X7 BIFACIAL,  610 W, 48.38 Vcc, Monocristalino HPBC<\/p>\n","protected":false},"featured_media":38276,"comment_status":"open","ping_status":"closed","template":"","meta":[],"product_brand":[],"product_cat":[1152],"product_tag":[964,1154,1153],"class_list":{"0":"post-38277","1":"product","2":"type-product","3":"status-publish","4":"has-post-thumbnail","6":"product_cat-modulos-solares","7":"product_tag-energia-solar","8":"product_tag-longi","9":"product_tag-modulos-solares","11":"first","12":"outofstock","13":"sale","14":"shipping-taxable","15":"purchasable","16":"product-type-simple"},"_links":{"self":[{"href":"https:\/\/soydeaqui.ddns.net\/pachuca\/index.php\/wp-json\/wp\/v2\/product\/38277","targetHints":{"allow":["GET"]}}],"collection":[{"href":"https:\/\/soydeaqui.ddns.net\/pachuca\/index.php\/wp-json\/wp\/v2\/product"}],"about":[{"href":"https:\/\/soydeaqui.ddns.net\/pachuca\/index.php\/wp-json\/wp\/v2\/types\/product"}],"replies":[{"embeddable":true,"href":"https:\/\/soydeaqui.ddns.net\/pachuca\/index.php\/wp-json\/wp\/v2\/comments?post=38277"}],"wp:featuredmedia":[{"embeddable":true,"href":"https:\/\/soydeaqui.ddns.net\/pachuca\/index.php\/wp-json\/wp\/v2\/media\/38276"}],"wp:attachment":[{"href":"https:\/\/soydeaqui.ddns.net\/pachuca\/index.php\/wp-json\/wp\/v2\/media?parent=38277"}],"wp:term":[{"taxonomy":"product_brand","embeddable":true,"href":"https:\/\/soydeaqui.ddns.net\/pachuca\/index.php\/wp-json\/wp\/v2\/product_brand?post=38277"},{"taxonomy":"product_cat","embeddable":true,"href":"https:\/\/soydeaqui.ddns.net\/pachuca\/index.php\/wp-json\/wp\/v2\/product_cat?post=38277"},{"taxonomy":"product_tag","embeddable":true,"href":"https:\/\/soydeaqui.ddns.net\/pachuca\/index.php\/wp-json\/wp\/v2\/product_tag?post=38277"}],"curies":[{"name":"wp","href":"https:\/\/api.w.org\/{rel}","templated":true}]}}