{"id":38256,"date":"2026-03-18T16:52:06","date_gmt":"2026-03-18T16:52:06","guid":{"rendered":"https:\/\/soydeaqui.ddns.net\/pachuca\/index.php\/producto\/guantes-de-carnaza-largo-refuerzo-en-palma-resistente-a-abrasion-y-temperaturas-moderadas\/"},"modified":"2026-03-18T16:52:10","modified_gmt":"2026-03-18T16:52:10","slug":"guantes-de-carnaza-largo-refuerzo-en-palma-resistente-a-abrasion-y-temperaturas-moderadas","status":"publish","type":"product","link":"https:\/\/soydeaqui.ddns.net\/pachuca\/index.php\/producto\/guantes-de-carnaza-largo-refuerzo-en-palma-resistente-a-abrasion-y-temperaturas-moderadas\/","title":{"rendered":"Guantes de Carnaza Largo\/ Refuerzo en Palma \/ Resistente a Abrasi\u00f3n y Temperaturas Moderadas."},"content":{"rendered":"<div style='width: 100%; max-width: 1200px; margin: 0 auto; font-family: sans-serif; line-height: 1.6; color: inherit; background-color: transparent;'>\n<div style='margin-bottom: 30px;'>\n<p style='font-size: 18px; line-height: 1.6; margin: 0 0 20px 0; color: inherit;'>Los guantes de carnaza est\u00e1n dise\u00f1ados para ofrecer una m\u00e1xima protecci\u00f3n en trabajos de construcci\u00f3n y soldadura. Con refuerzos adicionales en la palma y una resistencia superior a la abrasi\u00f3n&comma; estos guantes son ideales para ambientes de trabajo exigentes.<\/p>\n<\/div>\n<div style='margin-bottom: 30px;'>\n<h2 style='font-size: 24px; font-weight: 600; margin: 0 0 20px 0; color: inherit; opacity: 0.9;'>Caracter\u00edsticas Principales<\/h2>\n<div style='display: flex; flex-wrap: wrap; gap: 20px;'>\n<div style='flex: 1 1 300px; min-width: 280px; border: 1px solid rgba(150&comma;150&comma;150&comma;0.4); border-radius: 8px; overflow: hidden; display: flex; flex-direction: column;'>\n<div style='padding: 15px; border-bottom: 1px solid rgba(150&comma;150&comma;150&comma;0.2); font-weight: bold; font-size: 18px; color: inherit;'>Caracter\u00edsticas<\/div>\n<div style='padding: 15px; color: inherit;'>\n<ul style='padding-left: 20px; margin: 0; font-size: 14px; list-style-type: disc;'>\n<li style='margin-bottom: 5px;'>Refuerzo en la palma para una mayor durabilidad y resistencia.<\/li>\n<li style='margin-bottom: 5px;'>Resistentes a temperaturas moderadas&comma; ideales para entornos industriales.<\/li>\n<li style='margin-bottom: 5px;'>Pu\u00f1o de expulsi\u00f3n r\u00e1pida para un uso y retiro eficiente.<\/li>\n<li style='margin-bottom: 5px;'>Modelos GCAC&comma; GCAL y GCAE adecuados para soldadura y trabajos de herrer\u00eda.<\/li>\n<\/ul>\n<\/div>\n<\/div>\n<\/div>\n<\/div>\n<\/div>\n<div style='margin-bottom: 30px;'>\n<h2 style='font-size: 24px; font-weight: 600; margin: 0 0 20px 0; color: inherit; opacity: 0.9;'>Detalles T\u00e9cnicos<\/h2>\n<div style='display: flex; flex-wrap: wrap; gap: 20px;'>\n<div style='flex: 1 1 300px; min-width: 280px; border: 1px solid rgba(150&comma;150&comma;150&comma;0.4); border-radius: 8px; overflow: hidden; display: flex; flex-direction: column;'>\n<div style='padding: 15px; border-bottom: 1px solid rgba(150&comma;150&comma;150&comma;0.2); font-weight: bold; font-size: 18px; color: inherit;'>Especificaciones<\/div>\n<div style='padding: 15px; color: inherit;'>\n<ul style='padding-left: 20px; margin: 0; font-size: 14px; list-style-type: disc;'>\n<li style='margin-bottom: 5px;'><strong>Material:<\/strong> Carnaza<\/li>\n<li style='margin-bottom: 5px;'><strong>Pu\u00f1o largo:<\/strong> 12.5 cm en modelo GCAE<\/li>\n<li style='margin-bottom: 5px;'><strong>Talla:<\/strong> Unitalla<\/li>\n<\/ul>\n<\/div>\n<\/div>\n<\/div>\n<\/div>\n<\/div>\n<div style='margin-bottom: 30px;'>\n<h2 style='font-size: 24px; font-weight: 600; margin: 0 0 20px 0; color: inherit; opacity: 0.9;'>Aplicaciones y Casos de Uso<\/h2>\n<div style='display: flex; flex-wrap: wrap; gap: 20px;'>\n<div style='flex: 1 1 300px; min-width: 280px; border: 1px solid rgba(150&comma;150&comma;150&comma;0.4); border-radius: 8px; overflow: hidden; display: flex; flex-direction: column; padding: 15px; background-color: rgba(150&comma;150&comma;150&comma;0.05);'>\n<h3 style='font-size: 18px; font-weight: 600; margin: 0 0 10px 0; color: inherit;'>Soldadura<\/h3>\n<p style='margin: 0; color: inherit; font-size: 14px;'>Los modelos GCAC&comma; GCAL y GCAE est\u00e1n dise\u00f1ados para proteger las manos durante trabajos de soldadura&comma; ofreciendo un equilibrio perfecto entre resistencia y comodidad.<\/p>\n<\/div>\n<div style='flex: 1 1 300px; min-width: 280px; border: 1px solid rgba(150&comma;150&comma;150&comma;0.4); border-radius: 8px; overflow: hidden; display: flex; flex-direction: column; padding: 15px; background-color: rgba(150&comma;150&comma;150&comma;0.05);'>\n<h3 style='font-size: 18px; font-weight: 600; margin: 0 0 10px 0; color: inherit;'>Herrer\u00eda<\/h3>\n<p style='margin: 0; color: inherit; font-size: 14px;'>Con refuerzos espec\u00edficos&comma; estos guantes son excelentes para trabajos de herrer\u00eda&comma; asegurando la protecci\u00f3n necesaria en estas condiciones.<\/p>\n<\/div>\n<\/div>\n<\/div>\n<hr style='border: 0; border-top: 1px solid rgba(150&comma;150&comma;150&comma;0.3); margin: 30px 0;'><\/div>\n<\/div>\n","protected":false},"excerpt":{"rendered":"<p>Guantes de Carnaza Largo\/ Refuerzo en Palma \/ Resistente a Abrasi\u00f3n y Temperaturas Moderadas.<\/p>\n","protected":false},"featured_media":38255,"comment_status":"open","ping_status":"closed","template":"","meta":[],"product_brand":[],"product_cat":[1133],"product_tag":[1058,1134,446],"class_list":{"0":"post-38256","1":"product","2":"type-product","3":"status-publish","4":"has-post-thumbnail","6":"product_cat-seguridad-personal","7":"product_tag-ferreteria","8":"product_tag-seguridad-personal","9":"product_tag-surtek","11":"first","12":"instock","13":"sale","14":"shipping-taxable","15":"purchasable","16":"product-type-simple"},"_links":{"self":[{"href":"https:\/\/soydeaqui.ddns.net\/pachuca\/index.php\/wp-json\/wp\/v2\/product\/38256","targetHints":{"allow":["GET"]}}],"collection":[{"href":"https:\/\/soydeaqui.ddns.net\/pachuca\/index.php\/wp-json\/wp\/v2\/product"}],"about":[{"href":"https:\/\/soydeaqui.ddns.net\/pachuca\/index.php\/wp-json\/wp\/v2\/types\/product"}],"replies":[{"embeddable":true,"href":"https:\/\/soydeaqui.ddns.net\/pachuca\/index.php\/wp-json\/wp\/v2\/comments?post=38256"}],"wp:featuredmedia":[{"embeddable":true,"href":"https:\/\/soydeaqui.ddns.net\/pachuca\/index.php\/wp-json\/wp\/v2\/media\/38255"}],"wp:attachment":[{"href":"https:\/\/soydeaqui.ddns.net\/pachuca\/index.php\/wp-json\/wp\/v2\/media?parent=38256"}],"wp:term":[{"taxonomy":"product_brand","embeddable":true,"href":"https:\/\/soydeaqui.ddns.net\/pachuca\/index.php\/wp-json\/wp\/v2\/product_brand?post=38256"},{"taxonomy":"product_cat","embeddable":true,"href":"https:\/\/soydeaqui.ddns.net\/pachuca\/index.php\/wp-json\/wp\/v2\/product_cat?post=38256"},{"taxonomy":"product_tag","embeddable":true,"href":"https:\/\/soydeaqui.ddns.net\/pachuca\/index.php\/wp-json\/wp\/v2\/product_tag?post=38256"}],"curies":[{"name":"wp","href":"https:\/\/api.w.org\/{rel}","templated":true}]}}