{"id":38238,"date":"2026-03-18T16:51:40","date_gmt":"2026-03-18T16:51:40","guid":{"rendered":"https:\/\/soydeaqui.ddns.net\/pachuca\/index.php\/producto\/lampara-de-techo-led-chips-led-ahorra-energia-80-110w-flujo-luminoso-8800-lm-montaje-sobreponer-interior-ip20-vida-util-50000-h\/"},"modified":"2026-03-18T16:51:45","modified_gmt":"2026-03-18T16:51:45","slug":"lampara-de-techo-led-chips-led-ahorra-energia-80-110w-flujo-luminoso-8800-lm-montaje-sobreponer-interior-ip20-vida-util-50000-h","status":"publish","type":"product","link":"https:\/\/soydeaqui.ddns.net\/pachuca\/index.php\/producto\/lampara-de-techo-led-chips-led-ahorra-energia-80-110w-flujo-luminoso-8800-lm-montaje-sobreponer-interior-ip20-vida-util-50000-h\/","title":{"rendered":"L\u00e1mpara de Techo LED \/ Chips LED Ahorra Energ\u00eda 80% \/ 110W \/ Flujo Luminoso 8,800 lm \/ Montaje Sobreponer \/ Interior IP20 \/ Vida \u00datil 50,000 h"},"content":{"rendered":"<div style='width: 100%; max-width: 1200px; margin: 0 auto; font-family: sans-serif; line-height: 1.6; color: inherit; background-color: transparent;'>\n<div style='margin-bottom: 30px;'>\n<p style='font-size: 18px; line-height: 1.6; margin: 0; color: inherit;'>La L\u00e1mpara de Techo LED de JWJ es una soluci\u00f3n de iluminaci\u00f3n moderna y eficiente&comma; dise\u00f1ada para una f\u00e1cil instalaci\u00f3n en cualquier superficie. Ofrece una luz brillante que no deslumbra&comma; perfecta para ambientes residenciales y comerciales&comma; como salas de estar&comma; dormitorios&comma; oficinas&comma; entre otros. Su dise\u00f1o elegante y acabado en caf\u00e9 la convierten en una excelente opci\u00f3n para cualquier espacio.<\/p>\n<\/div>\n<div style='margin-bottom: 30px;'>\n<h2 style='font-size: 24px; font-weight: 600; margin: 0 0 15px 0; color: inherit; opacity: 0.9;'>Caracter\u00edsticas Principales<\/h2>\n<div style='display: flex; flex-wrap: wrap; gap: 20px;'>\n<div style='flex: 1 1 250px; border: 1px solid rgba(150&comma; 150&comma; 150&comma; 0.4); border-radius: 8px; overflow: hidden; display: flex; flex-direction: column;'>\n<div style='padding: 15px; border-bottom: 1px solid rgba(150&comma; 150&comma; 150&comma; 0.2); font-weight: bold; font-size: 18px; color: inherit;'>Caracter\u00edsticas<\/div>\n<div style='padding: 15px; color: inherit;'>\n<ul style='padding-left: 20px; margin: 0; font-size: 14px; list-style-type: disc;'>\n<li style='margin-bottom: 5px;'>Chips LED que ahorran hasta un 80% de energ\u00eda.<\/li>\n<li style='margin-bottom: 5px;'>Flujo luminoso de 8&comma;800 lm para una iluminaci\u00f3n eficiente.<\/li>\n<li style='margin-bottom: 5px;'>Adecuada para usos residenciales y comerciales.<\/li>\n<li style='margin-bottom: 5px;'>Garantiza una vida \u00fatil de 50&comma;000 horas.<\/li>\n<li style='margin-bottom: 5px;'>Dise\u00f1o moderno y acabado en color caf\u00e9.<\/li>\n<\/ul>\n<\/div>\n<\/div>\n<\/div>\n<\/div>\n<\/div>\n<div style='margin-bottom: 30px;'>\n<h2 style='font-size: 24px; font-weight: 600; margin: 0 0 15px 0; color: inherit; opacity: 0.9;'>Detalles T\u00e9cnicos<\/h2>\n<div style='display: flex; flex-wrap: wrap; gap: 20px; margin-bottom: 30px;'>\n<div style='flex: 1 1 250px; border: 1px solid rgba(150&comma; 150&comma; 150&comma; 0.4); border-radius: 8px; overflow: hidden; display: flex; flex-direction: column;'>\n<div style='padding: 15px; border-bottom: 1px solid rgba(150&comma; 150&comma; 150&comma; 0.2); font-weight: bold; font-size: 18px; color: inherit;'>Especificaciones<\/div>\n<div style='padding: 15px; color: inherit;'>\n<ul style='padding-left: 20px; margin: 0; font-size: 14px; list-style-type: disc;'>\n<li style='margin-bottom: 5px;'><strong>Voltaje:<\/strong> 85-265V~ 50\/60Hz<\/li>\n<li style='margin-bottom: 5px;'><strong>Potencia:<\/strong> 110W<\/li>\n<li style='margin-bottom: 5px;'><strong>\u00c1ngulo de Luz:<\/strong> 120\u00b0<\/li>\n<li style='margin-bottom: 5px;'><strong>Material:<\/strong> Aluminio&comma; PC<\/li>\n<li style='margin-bottom: 5px;'><strong>Temperatura de Trabajo:<\/strong> TA 60\u00b0C&comma; TC 80\u00b0C<\/li>\n<li style='margin-bottom: 5px;'><strong>Consumo de Energ\u00eda:<\/strong> 0.11 kWh<\/li>\n<li style='margin-bottom: 5px;'><strong>Dimensiones:<\/strong> \u00d8275*\u00d8580mm<\/li>\n<\/ul>\n<\/div>\n<\/div>\n<\/div>\n<div style='flex: 1 1 250px; border: 1px solid rgba(150&comma; 150&comma; 150&comma; 0.4); border-radius: 8px; overflow: hidden; display: flex; flex-direction: column;'>\n<div style='padding: 15px; border-bottom: 1px solid rgba(150&comma; 150&comma; 150&comma; 0.2); font-weight: bold; font-size: 18px; color: inherit;'>Interfaces y Conectividad<\/div>\n<div style='padding: 15px; color: inherit;'>\n<ul style='padding-left: 20px; margin: 0; font-size: 14px; list-style-type: disc;'>\n<li style='margin-bottom: 5px;'>Cable de longitud ajustable<\/li>\n<li style='margin-bottom: 5px;'>No Dimeable<\/li>\n<\/ul>\n<\/div>\n<\/div>\n<\/div>\n<\/div>\n<\/div>\n<div style='margin-bottom: 30px;'>\n<h2 style='font-size: 24px; font-weight: 600; margin: 0 0 15px 0; color: inherit; opacity: 0.9;'>Aplicaciones y Casos de Uso<\/h2>\n<div style='display: flex; flex-wrap: wrap; gap: 20px;'>\n<div style='flex: 1 1 250px; border: 1px solid rgba(150&comma; 150&comma; 150&comma; 0.4); border-radius: 8px; overflow: hidden; display: flex; flex-direction: column;'>\n<div style='padding: 15px; border-bottom: 1px solid rgba(150&comma; 150&comma; 150&comma; 0.2); font-weight: bold; font-size: 18px; color: inherit;'>Aplicaciones<\/div>\n<div style='padding: 15px; color: inherit;'>\n<p style='font-size: 14px; margin: 0; color: inherit;'>Esta l\u00e1mpara es ideal para una amplia gama de aplicaciones&comma; incluyendo la iluminaci\u00f3n de salas de estar&comma; comedores&comma; cocinas&comma; estudios&comma; y oficinas. Su capacidad para ser instalada en cualquier superficie permite una versatilidad \u00f3ptima en contextos tanto residenciales como comerciales.<\/p>\n<\/div>\n<\/div>\n<\/div>\n<\/div>\n<\/div>\n<hr style='border: 0; border-top: 1px solid rgba(150&comma; 150&comma; 150&comma; 0.3); margin: 30px 0;'><\/div>\n","protected":false},"excerpt":{"rendered":"<p>L\u00e1mpara de Techo LED \/ Chips LED Ahorra Energ\u00eda 80% \/ 110W \/ Flujo Luminoso 8,800 lm \/ Montaje Sobreponer \/ Interior IP20 \/ Vida \u00datil 50,000 h<\/p>\n","protected":false},"featured_media":38237,"comment_status":"open","ping_status":"closed","template":"","meta":[],"product_brand":[],"product_cat":[1166],"product_tag":[1167,1169,1168],"class_list":{"0":"post-38238","1":"product","2":"type-product","3":"status-publish","4":"has-post-thumbnail","6":"product_cat-uso-interior","7":"product_tag-iluminacion","8":"product_tag-jwj","9":"product_tag-uso-interior","11":"first","12":"outofstock","13":"sale","14":"shipping-taxable","15":"purchasable","16":"product-type-simple"},"_links":{"self":[{"href":"https:\/\/soydeaqui.ddns.net\/pachuca\/index.php\/wp-json\/wp\/v2\/product\/38238","targetHints":{"allow":["GET"]}}],"collection":[{"href":"https:\/\/soydeaqui.ddns.net\/pachuca\/index.php\/wp-json\/wp\/v2\/product"}],"about":[{"href":"https:\/\/soydeaqui.ddns.net\/pachuca\/index.php\/wp-json\/wp\/v2\/types\/product"}],"replies":[{"embeddable":true,"href":"https:\/\/soydeaqui.ddns.net\/pachuca\/index.php\/wp-json\/wp\/v2\/comments?post=38238"}],"wp:featuredmedia":[{"embeddable":true,"href":"https:\/\/soydeaqui.ddns.net\/pachuca\/index.php\/wp-json\/wp\/v2\/media\/38237"}],"wp:attachment":[{"href":"https:\/\/soydeaqui.ddns.net\/pachuca\/index.php\/wp-json\/wp\/v2\/media?parent=38238"}],"wp:term":[{"taxonomy":"product_brand","embeddable":true,"href":"https:\/\/soydeaqui.ddns.net\/pachuca\/index.php\/wp-json\/wp\/v2\/product_brand?post=38238"},{"taxonomy":"product_cat","embeddable":true,"href":"https:\/\/soydeaqui.ddns.net\/pachuca\/index.php\/wp-json\/wp\/v2\/product_cat?post=38238"},{"taxonomy":"product_tag","embeddable":true,"href":"https:\/\/soydeaqui.ddns.net\/pachuca\/index.php\/wp-json\/wp\/v2\/product_tag?post=38238"}],"curies":[{"name":"wp","href":"https:\/\/api.w.org\/{rel}","templated":true}]}}