{"id":38227,"date":"2026-03-18T16:51:26","date_gmt":"2026-03-18T16:51:26","guid":{"rendered":"https:\/\/soydeaqui.ddns.net\/pachuca\/index.php\/producto\/kit-solar-interconexion-500-w-220vca-microinversores-hoymiles-montaje-incluido\/"},"modified":"2026-03-18T16:51:27","modified_gmt":"2026-03-18T16:51:27","slug":"kit-solar-interconexion-500-w-220vca-microinversores-hoymiles-montaje-incluido","status":"publish","type":"product","link":"https:\/\/soydeaqui.ddns.net\/pachuca\/index.php\/producto\/kit-solar-interconexion-500-w-220vca-microinversores-hoymiles-montaje-incluido\/","title":{"rendered":"Kit Solar Interconexion  \/ 500 W  220Vca \/ Microinversores HOYMILES \/ Montaje Incluido"},"content":{"rendered":"<div style='width: 100%; max-width: 1200px; margin: 0 auto; font-family: sans-serif; line-height: 1.6; color: inherit; background-color: transparent;'> <!-- Secci\u00f3n intro --> <\/p>\n<div style='text-align: center; padding: 30px 0;'>\n<p style='font-size: 24px; color: #2880b9; font-weight: bold; margin: 0 0 20px; color: inherit;'>\u00bfC\u00f3mo Funciona?<\/p>\n<p style='font-size: 14px; color: inherit; opacity: 0.9; max-width: 800px; margin: 0 auto 20px;'> Los sistemas de interconexi\u00f3n convierten&comma; mediante un inversor&comma; la energ\u00eda en corriente directa generada por los paneles solares en energ\u00eda en corriente alterna en total sincron\u00eda en voltaje y frecuencia tal y como lo entrega CFE. <\/p>\n<p style='font-size: 14px; color: inherit; opacity: 0.9; max-width: 800px; margin: 20px auto;'> Los microinversores HOYMILES son una soluci\u00f3n avanzada dise\u00f1ada para aplicaciones de sistemas fotovoltaicos residenciales. Este inversor es ideal para aquellos que buscan optimizar la generaci\u00f3n de energ\u00eda de sus sistemas PV. <\/p>\n<p style='font-size: 14px; color: inherit; opacity: 0.9; max-width: 800px; margin: 20px auto 0;'> Gracias a su tecnolog\u00eda de vanguardia&comma; ofrece una m\u00e1xima eficiencia&comma; asegurando que se aproveche al m\u00e1ximo la energ\u00eda solar recogida por sus paneles. <\/p>\n<\/p><\/div>\n<p> <!-- Secci\u00f3n de componentes --> <\/p>\n<div style='display: flex; flex-wrap: wrap; gap: 30px; margin: 40px 0;'>\n<div style='flex: 1 1 390px; min-width: 280px;'> <img style='width: 100%; height: auto; border: 1px solid rgba(150&comma;150&comma;150&comma;0.3); border-radius: 8px;' src='https:\/\/ftp3.syscom.mx\/cdn-cgi\/image\/format=png&comma;width=390&comma;height=390\/usuarios\/fotos\/BancoFotografiasSyscom\/HOYMILES\/HMS10002T\/HMS10002T-p.PNG?v=1.000250404' alt='Microinversor HOYMILES HMS5001T'> <\/div>\n<div style='flex: 1 1 300px; min-width: 280px;'>\n<h3 style='font-size: 20px; border-bottom: 2px solid currentColor; padding-bottom: 5px; margin-top: 0; color: inherit; opacity: 0.8;'>Componentes Principales<\/h3>\n<ul style='padding-left: 20px; font-size: 15px; color: inherit;'>\n<li style='margin-bottom: 15px;'><strong>1 X <\/strong><a href='https:\/\/www.syscom.mx\/principal\/searchcont?route=HMS5001T-HOYMILES-218221&#038;autodetect=HMS5001T' style='color: #18a085; text-decoration: none; font-weight: bold;'>HMS5001T<\/a>: Micro inversor de Interconexi\u00f3n 1kW 220Vca<\/li>\n<li style='margin-bottom: 15px;'><strong>1 X <\/strong><a href='https:\/\/syscom.pro\/products\/237575' target='_blank' rel='noopener noreferrer' style='color: #18a085; text-decoration: none; font-weight: bold;'>LR772HVH645M<\/a>: Modulo Fotovoltaico 640W 50Vcc<\/li>\n<li style='margin-bottom: 15px;'><strong>1 X <\/strong><a href='https:\/\/syscom.pro\/products\/225923' style='color: #18a085; text-decoration: none; font-weight: bold;'>VEKTOR8R1M<\/a>: Montaje para 1 Modulo Solar<\/li>\n<\/ul><\/div>\n<\/p><\/div>\n<p> <!-- Secci\u00f3n de accesorios --> <\/p>\n<div style='margin: 40px 0;'>\n<h3 style='font-size: 18px; background-color: #014e94; color: white; padding: 15px; border-radius: 8px 8px 0 0; margin: 0;'> <strong>Accesorios de Instalaci\u00f3n (NO incluidos)<\/strong> <\/h3>\n<div style='border: 1px solid rgba(150&comma;150&comma;150&comma;0.3); border-top: none; border-radius: 0 0 8px 8px; padding: 20px; background-color: rgba(240&comma;240&comma;240&comma;0.1);'>\n<ul style='list-style-type: circle; padding-left: 20px; font-size: 14px; color: inherit;'>\n<li style='margin-bottom: 15px;'><strong>Cable PV (Conexi\u00f3n de m\u00f3dulos a inversor)<\/strong>\n<ul style='list-style-type: disc; padding-left: 20px; margin-top: 8px;'>\n<li>FJ81 y FJ86 (venta por metro)<\/li>\n<\/ul>\n<\/li>\n<li style='margin-bottom: 15px;'><strong>Pastillas de protecci\u00f3n (Corriente Alterna)<\/strong>\n<ul style='list-style-type: disc; padding-left: 20px; margin-top: 8px;'>\n<li>Se recomienda pastilla de 5A CA<\/li>\n<\/ul>\n<\/li>\n<li style='margin-bottom: 15px;'><strong>Cableado CA<\/strong>\n<ul style='list-style-type: disc; padding-left: 20px; margin-top: 8px;'>\n<li>SLY-312-BLK Cable de Cobre uso rudo 14AWG<\/li>\n<li>SLY-312-WTH Cable de Cobre uso rudo 14AWG<\/li>\n<li>SLY-312-GRN Cable de Cobre uso rudo 14AWG<\/li>\n<\/ul>\n<\/li>\n<\/ul><\/div>\n<\/p><\/div>\n<p> <!-- Secci\u00f3n de notas --> <\/p>\n<div style='margin: 40px 0;'>\n<h3 style='font-size: 16px; color: inherit; margin: 0 0 20px; padding-bottom: 10px; border-bottom: 1px solid rgba(150&comma;150&comma;150&comma;0.3);'>Nota:<\/h3>\n<ul style='padding-left: 20px; font-size: 14px; color: inherit;'>\n<li style='margin-bottom: 15px;'> <em>Los inversores requieren sincronizarse para entregar voltaje&comma; de lo contrario el equipo no entregar\u00e1 voltaje. Si se miden las terminales con los paneles conectados el voltaje medido debe ser 0V.<\/em> <\/li>\n<li style='margin-bottom: 15px;'> <em>Se recomienda utilizar sistemas de tierra f\u00edsica (<a href='https:\/\/www.syscom.mx\/principal\/searchcont?route=LP-GROUND-30A-LINKEDPRO-BY-EPCOM-172180&#038;autodetect=lp30ground' style='color: #2880b9; text-decoration: none; font-weight: 600;'>LP-GROUND-30A<\/a>)&comma; colocar supresores de picos (<a href='https:\/\/www.syscom.mx\/principal\/searchcont?route=LA302R-DELTA-167343&#038;autodetect=la302' style='color: #2880b9; text-decoration: none; font-weight: 600;'>LA302R<\/a>) y verificar voltajes de operaci\u00f3n.<\/em> <\/li>\n<\/ul><\/div>\n<p> <!-- Secci\u00f3n de beneficios --> <\/p>\n<div style='margin: 40px 0;'>\n<h3 style='font-size: 18px; border-bottom: 2px solid currentColor; padding-bottom: 5px; margin-top: 0; color: inherit; opacity: 0.8; margin-bottom: 30px;'>Beneficios del Sistema<\/h3>\n<div style='display: grid; grid-template-columns: repeat(auto-fit&comma; minmax(200px&comma; 1fr)); gap: 20px;'>\n<div style='text-align: center; padding: 20px; border: 1px solid rgba(150&comma;150&comma;150&comma;0.3); border-radius: 8px;'> <img style='width: 80px; height: 80px; margin-bottom: 15px;' src='https:\/\/ftp3.syscom.mx\/usuarios\/ftp\/single_page\/epcom_powerline\/limpia.png' alt='Energ\u00eda Limpia'> <\/p>\n<p style='margin: 0; font-weight: bold;'>Energ\u00eda Limpia<\/p>\n<\/p><\/div>\n<div style='text-align: center; padding: 20px; border: 1px solid rgba(150&comma;150&comma;150&comma;0.3); border-radius: 8px;'> <img style='width: 80px; height: 80px; margin-bottom: 15px;' src='https:\/\/ftp3.syscom.mx\/usuarios\/ftp\/single_page\/epcom_powerline\/ahorro.png' alt='Ahorro de Energ\u00eda'> <\/p>\n<p style='margin: 0; font-weight: bold;'>Ahorro de Energ\u00eda<\/p>\n<\/p><\/div>\n<div style='text-align: center; padding: 20px; border: 1px solid rgba(150&comma;150&comma;150&comma;0.3); border-radius: 8px;'> <img style='width: 80px; height: 80px; margin-bottom: 15px;' src='https:\/\/ftp3.syscom.mx\/usuarios\/ftp\/single_page\/epcom_powerline\/ciudad.png' alt='Cuidado del Medio Ambiente'> <\/p>\n<p style='margin: 0; font-weight: bold;'>Cuidado del Medio Ambiente<\/p>\n<\/p><\/div>\n<div style='text-align: center; padding: 20px; border: 1px solid rgba(150&comma;150&comma;150&comma;0.3); border-radius: 8px;'> <img style='width: 80px; height: 80px; margin-bottom: 15px;' src='https:\/\/ftp3.syscom.mx\/usuarios\/ftp\/single_page\/epcom_powerline\/conexion.png' alt='Conexi\u00f3n Sencilla'> <\/p>\n<p style='margin: 0; font-weight: bold;'>Conexi\u00f3n sencilla<\/p>\n<\/p><\/div>\n<\/p><\/div>\n<\/p><\/div>\n<p> <!-- Separador final --> <\/p>\n<hr style='border: 0; border-top: 1px solid rgba(150&comma; 150&comma; 150&comma; 0.3); margin: 40px 0;'> <\/div>\n","protected":false},"excerpt":{"rendered":"<p>Kit Solar Interconexion  \/ 500 W  220Vca \/ Microinversores HOYMILES \/ Montaje Incluido<\/p>\n","protected":false},"featured_media":38226,"comment_status":"open","ping_status":"closed","template":"","meta":[],"product_brand":[],"product_cat":[1129],"product_tag":[964,1094,1130],"class_list":{"0":"post-38227","1":"product","2":"type-product","3":"status-publish","4":"has-post-thumbnail","6":"product_cat-kit-solar-interconexion","7":"product_tag-energia-solar","8":"product_tag-hoymiles","9":"product_tag-kit-solar-interconexion","11":"first","12":"outofstock","13":"sale","14":"shipping-taxable","15":"purchasable","16":"product-type-simple"},"_links":{"self":[{"href":"https:\/\/soydeaqui.ddns.net\/pachuca\/index.php\/wp-json\/wp\/v2\/product\/38227","targetHints":{"allow":["GET"]}}],"collection":[{"href":"https:\/\/soydeaqui.ddns.net\/pachuca\/index.php\/wp-json\/wp\/v2\/product"}],"about":[{"href":"https:\/\/soydeaqui.ddns.net\/pachuca\/index.php\/wp-json\/wp\/v2\/types\/product"}],"replies":[{"embeddable":true,"href":"https:\/\/soydeaqui.ddns.net\/pachuca\/index.php\/wp-json\/wp\/v2\/comments?post=38227"}],"wp:featuredmedia":[{"embeddable":true,"href":"https:\/\/soydeaqui.ddns.net\/pachuca\/index.php\/wp-json\/wp\/v2\/media\/38226"}],"wp:attachment":[{"href":"https:\/\/soydeaqui.ddns.net\/pachuca\/index.php\/wp-json\/wp\/v2\/media?parent=38227"}],"wp:term":[{"taxonomy":"product_brand","embeddable":true,"href":"https:\/\/soydeaqui.ddns.net\/pachuca\/index.php\/wp-json\/wp\/v2\/product_brand?post=38227"},{"taxonomy":"product_cat","embeddable":true,"href":"https:\/\/soydeaqui.ddns.net\/pachuca\/index.php\/wp-json\/wp\/v2\/product_cat?post=38227"},{"taxonomy":"product_tag","embeddable":true,"href":"https:\/\/soydeaqui.ddns.net\/pachuca\/index.php\/wp-json\/wp\/v2\/product_tag?post=38227"}],"curies":[{"name":"wp","href":"https:\/\/api.w.org\/{rel}","templated":true}]}}