{"id":38212,"date":"2026-03-18T16:51:05","date_gmt":"2026-03-18T16:51:05","guid":{"rendered":"https:\/\/soydeaqui.ddns.net\/pachuca\/index.php\/producto\/microinversor-2-25-kw-220-vca-ip67-wifi-incuido-soporta-oversizing-a-4-modulos-de-hasta-750-w-incluye-conector-troncal\/"},"modified":"2026-03-18T16:51:09","modified_gmt":"2026-03-18T16:51:09","slug":"microinversor-2-25-kw-220-vca-ip67-wifi-incuido-soporta-oversizing-a-4-modulos-de-hasta-750-w-incluye-conector-troncal","status":"publish","type":"product","link":"https:\/\/soydeaqui.ddns.net\/pachuca\/index.php\/producto\/microinversor-2-25-kw-220-vca-ip67-wifi-incuido-soporta-oversizing-a-4-modulos-de-hasta-750-w-incluye-conector-troncal\/","title":{"rendered":"Microinversor 2.25 Kw, 220 Vca, IP67, WIFI Incuido, Soporta Oversizing a 4 M\u00f3dulos de Hasta 750 W, Incluye Conector Troncal"},"content":{"rendered":"<div style=\"width: 100%; max-width: 1200px; margin: 0 auto; font-family: sans-serif; line-height: 1.6; color: inherit; background-color: transparent;\"><!-- Secci\u00f3n de caracter\u00edsticas con iconos --><\/p>\n<div style=\"display: flex; flex-wrap: wrap; gap: 20px; margin-bottom: 30px; justify-content: center;\">\n<div style=\"flex: 1 1 150px; min-width: 120px; background-color: #bc050e; border-radius: 8px; padding: 15px;\">\n<div style=\"text-align: center; margin-bottom: 10px;\"><img decoding=\"async\" style=\"width: 50px; height: auto; border: none; border-radius: 0px;\" src=\"https:\/\/es-la.northernep.com\/wp-content\/uploads\/2020\/07\/Globalmente-certificados-04.svg\" alt=\"Globalmente certificados\" class=\"fr-fic fr-dii\"><\/div>\n<p style=\"color: #ffffff; font-size: 14px; text-align: center; font-family: Poppins&comma; sans-serif; margin: 0;\">Certificado UL1741&comma; IEEE1547<\/p>\n<\/div>\n<div style=\"flex: 1 1 150px; min-width: 120px; background-color: #bc050e; border-radius: 8px; padding: 15px;\">\n<div style=\"text-align: center; margin-bottom: 10px;\"><img decoding=\"async\" style=\"width: 50px; height: auto; border: none; border-radius: 0px;\" src=\"https:\/\/es-la.northernep.com\/wp-content\/uploads\/2020\/07\/Clase-protectora-de-exteriores-05.svg\" alt=\"Clase protectora\" class=\"fr-fic fr-dii\"><\/div>\n<p style=\"color: #ffffff; font-size: 14px; text-align: center; font-family: Poppins&comma; sans-serif; margin: 0;\">NEMA-6<br \/>IP-67<\/p>\n<\/div>\n<div style=\"flex: 1 1 150px; min-width: 120px; background-color: #bc050e; border-radius: 8px; padding: 15px;\">\n<div style=\"text-align: center; margin-bottom: 10px;\"><img decoding=\"async\" style=\"width: 50px; height: auto; border: none; border-radius: 0px;\" src=\"https:\/\/es-la.northernep.com\/wp-content\/uploads\/2020\/07\/Voltaje-de-entrada-maximo-03.svg\" alt=\"Voltaje m\u00e1ximo\" class=\"fr-fic fr-dii\"><\/div>\n<p style=\"color: #ffffff; font-size: 14px; text-align: center; font-family: Poppins&comma; sans-serif; margin: 0;\">Vdc m&aacute;x.<br \/>60Vdc<\/p>\n<\/div>\n<div style=\"flex: 1 1 150px; min-width: 120px; background-color: #bc050e; border-radius: 8px; padding: 15px;\">\n<div style=\"text-align: center; margin-bottom: 10px;\"><img decoding=\"async\" style=\"width: 50px; height: auto; border: none; border-radius: 0px;\" src=\"https:\/\/es-la.northernep.com\/wp-content\/uploads\/2020\/07\/Corriente-maxima-02.svg\" alt=\"Corriente m\u00e1xima\" class=\"fr-fic fr-dii\"><\/div>\n<p style=\"color: #ffffff; font-size: 14px; text-align: center; font-family: Poppins&comma; sans-serif; margin: 0;\">Isc m&aacute;x<br \/>20A<\/p>\n<\/div>\n<div style=\"flex: 1 1 150px; min-width: 120px; background-color: #bc050e; border-radius: 8px; padding: 15px;\">\n<div style=\"text-align: center; margin-bottom: 10px;\"><img decoding=\"async\" style=\"width: 50px; height: auto; border: none; border-radius: 0px;\" src=\"https:\/\/es-la.northernep.com\/wp-content\/uploads\/2020\/07\/Tensio%CC%81n-nominal-de-red-CA-06.svg\" alt=\"Tensi\u00f3n nominal\" class=\"fr-fic fr-dii\"><\/div>\n<p style=\"color: #ffffff; font-size: 14px; text-align: center; font-family: Poppins&comma; sans-serif; margin: 0;\">Voltaje red 220 Vca<\/p>\n<\/div>\n<div style=\"flex: 1 1 150px; min-width: 120px; background-color: #bc050e; border-radius: 8px; padding: 15px;\">\n<div style=\"text-align: center; margin-bottom: 10px;\"><img decoding=\"async\" style=\"width: 50px; height: auto; border: none; border-radius: 0px;\" src=\"https:\/\/es-la.northernep.com\/wp-content\/uploads\/2020\/08\/GFDI-icon.svg\" alt=\"GFDI integrado\" class=\"fr-fic fr-dii\"><\/div>\n<p style=\"color: #ffffff; font-size: 14px; text-align: center; font-family: Poppins&comma; sans-serif; margin: 0;\">GFDI integrado<\/p>\n<\/div>\n<div style=\"flex: 1 1 150px; min-width: 120px; background-color: #bc050e; border-radius: 8px; padding: 15px;\">\n<div style=\"text-align: center; margin-bottom: 10px;\"><img decoding=\"async\" style=\"width: 50px; height: auto; border: none; border-radius: 0px;\" src=\"https:\/\/es-la.northernep.com\/wp-content\/uploads\/2020\/08\/Monitoreo-integrado-icon.svg\" alt=\"Monitoreo integrado\" class=\"fr-fic fr-dii\"><\/div>\n<p style=\"color: #ffffff; font-size: 14px; text-align: center; font-family: Poppins&comma; sans-serif; margin: 0;\">Monitoreo<br \/>WiFi &oacute; PLC<\/p>\n<\/div>\n<div style=\"flex: 1 1 150px; min-width: 120px; background-color: #bc050e; border-radius: 8px; padding: 15px;\">\n<div style=\"text-align: center; margin-bottom: 10px;\"><img decoding=\"async\" style=\"width: 50px; height: auto; border: none; border-radius: 0px;\" src=\"https:\/\/es-la.northernep.com\/wp-content\/uploads\/2020\/07\/Alta-eficiencia-07-07.svg\" alt=\"Alta eficiencia\" class=\"fr-fic fr-dii\"><\/div>\n<p style=\"color: #ffffff; font-size: 14px; text-align: center; font-family: Poppins&comma; sans-serif; margin: 0;\">Alta eficiencia&comma; hasta 97.3%<\/p>\n<\/div>\n<\/div>\n<p><!-- Secci\u00f3n de caracter\u00edsticas t\u00e9cnicas --><\/p>\n<div style=\"display: flex; flex-wrap: wrap; gap: 30px; margin-bottom: 30px;\">\n<div style=\"flex: 1 1 300px; min-width: 280px;\">\n<h3 style=\"font-size: 22px; border-bottom: 2px solid currentColor; padding-bottom: 5px; margin-top: 0; color: inherit; opacity: 0.8;\">Caracter&iacute;sticas de Entrada (CC):<\/h3>\n<ul style=\"padding-left: 20px; font-size: 15px; color: inherit;\">\n<li style=\"margin-bottom: 5px;\">Potencia m&aacute;xima recomendada de m&oacute;dulos FV: <strong>750 W x 4<\/strong><\/li>\n<li style=\"margin-bottom: 5px;\">Rango de voltaje MPPT: <strong>22-55 V<\/strong><\/li>\n<li style=\"margin-bottom: 5px;\">Voltaje de arranque: <strong>24 V<\/strong><\/li>\n<li style=\"margin-bottom: 5px;\">Voltaje m&aacute;ximo de entrada: <strong>60 V<\/strong><\/li>\n<li style=\"margin-bottom: 5px;\">Corriente de entrada (Isc): <strong>18 A x 4 &ndash; 20 A x 4<\/strong><\/li>\n<li style=\"margin-bottom: 5px;\">Protecci&oacute;n contra sobretensi&oacute;n (CC): <strong>Nivel II<\/strong><\/li>\n<\/ul>\n<\/div>\n<div style=\"flex: 1 1 300px; min-width: 280px;\">\n<h3 style=\"font-size: 22px; border-bottom: 2px solid currentColor; padding-bottom: 5px; margin-top: 0; color: inherit; opacity: 0.8;\">Caracter&iacute;sticas de Salida (CA):<\/h3>\n<ul style=\"padding-left: 20px; font-size: 15px; color: inherit;\">\n<li style=\"margin-bottom: 5px;\">Potencia m&aacute;xima de salida: <strong>2250 VA<\/strong><\/li>\n<li style=\"margin-bottom: 5px;\">Potencia continua de salida: <strong>2250 VA<\/strong><\/li>\n<li style=\"margin-bottom: 5px;\">Voltaje nominal de salida: <strong>240 V<\/strong><\/li>\n<li style=\"margin-bottom: 5px;\">Voltaje de salida: <strong>Configurable<\/strong><\/li>\n<li style=\"margin-bottom: 5px;\">Corriente m&aacute;xima de salida continua: <strong>10.22 A<\/strong><\/li>\n<li style=\"margin-bottom: 5px;\">Frecuencia nominal: <strong>50 Hz \/ Configurable<\/strong><\/li>\n<li style=\"margin-bottom: 5px;\">Factor de potencia: <strong>&gt;0.99<\/strong> (a carga completa)<\/li>\n<li style=\"margin-bottom: 5px;\">Corriente de cortocircuito de CA sobre 3 ciclos: <strong>15.3 Arms<\/strong><\/li>\n<li style=\"margin-bottom: 5px;\">THD (distorsi&oacute;n arm&oacute;nica total) a potencia nominal: <strong>&lt;3%<\/strong><\/li>\n<li style=\"margin-bottom: 5px;\">M&aacute;x. unidades por rama 40A (10AWG): <strong>3\/4<\/strong> (verificar voltaje y regulaciones locales)<\/li>\n<li style=\"margin-bottom: 5px;\">Categor&iacute;a de protecci&oacute;n contra sobretensi&oacute;n (CA): <strong>Nivel III<\/strong><\/li>\n<\/ul>\n<\/div>\n<\/div>\n<p><!-- Secci\u00f3n de eficiencia y consumo --><\/p>\n<div style=\"display: flex; flex-wrap: wrap; gap: 30px; margin-bottom: 30px;\">\n<div style=\"flex: 1 1 300px; min-width: 280px;\">\n<h3 style=\"font-size: 22px; border-bottom: 2px solid currentColor; padding-bottom: 5px; margin-top: 0; color: inherit; opacity: 0.8;\">Eficiencia y Consumo:<\/h3>\n<ul style=\"padding-left: 20px; font-size: 15px; color: inherit;\">\n<li style=\"margin-bottom: 5px;\">Eficiencia m&aacute;xima: <strong>97.3%<\/strong><\/li>\n<li style=\"margin-bottom: 5px;\">Eficiencia MPPT: <strong>&gt;99.5%<\/strong><\/li>\n<li style=\"margin-bottom: 5px;\">Consumo de energ&iacute;a en modo nocturno: <strong>110 mW<\/strong><\/li>\n<\/ul>\n<\/div>\n<div style=\"flex: 1 1 300px; min-width: 280px;\">\n<h3 style=\"font-size: 22px; border-bottom: 2px solid currentColor; padding-bottom: 5px; margin-top: 0; color: inherit; opacity: 0.8;\">Datos Generales:<\/h3>\n<ul style=\"padding-left: 20px; font-size: 15px; color: inherit;\">\n<li style=\"margin-bottom: 5px;\">Temperatura de funcionamiento: <strong>-40&deg;C a 65&deg;C<\/strong><\/li>\n<li style=\"margin-bottom: 5px;\">Humedad relativa permitida: <strong>0-100%<\/strong><\/li>\n<li style=\"margin-bottom: 5px;\">Dimensiones: <strong>351 &times; 275.5 &times; 39.5 mm<\/strong><\/li>\n<li style=\"margin-bottom: 5px;\">Peso: <strong>6 kg<\/strong><\/li>\n<\/ul>\n<\/div>\n<\/div>\n<p><!-- Secci\u00f3n de conexi\u00f3n y comunicaci\u00f3n --><\/p>\n<div style=\"display: flex; flex-wrap: wrap; gap: 30px; margin-bottom: 30px;\">\n<div style=\"flex: 1 1 300px; min-width: 280px;\">\n<h3 style=\"font-size: 22px; border-bottom: 2px solid currentColor; padding-bottom: 5px; margin-top: 0; color: inherit; opacity: 0.8;\">Conexi&oacute;n y Comunicaci&oacute;n:<\/h3>\n<ul style=\"padding-left: 20px; font-size: 15px; color: inherit;\">\n<li style=\"margin-bottom: 5px;\">Tipo de conector CC: <strong>QC4<\/strong><\/li>\n<li style=\"margin-bottom: 5px;\">Tipo de conexi&oacute;n CA: <strong>Cable troncal<\/strong><\/li>\n<li style=\"margin-bottom: 8px;\">M&eacute;todo de comunicaci&oacute;n: <strong>WiFi<\/strong><\/li>\n<li style=\"margin-bottom: 5px;\">Clase de protecci&oacute;n: <strong>IP67<\/strong><\/li>\n<\/ul>\n<\/div>\n<div style=\"flex: 1 1 300px; min-width: 280px;\">\n<h3 style=\"font-size: 22px; border-bottom: 2px solid currentColor; padding-bottom: 5px; margin-top: 0; color: inherit; opacity: 0.8;\">Caracter&iacute;sticas Adicionales:<\/h3>\n<ul style=\"padding-left: 20px; font-size: 15px; color: inherit;\">\n<li style=\"margin-bottom: 5px;\">Eficiencia de seguimiento MPPT: <strong>hasta 99.9%<\/strong><\/li>\n<li style=\"margin-bottom: 5px;\">Eficiencia promedio CEC: <strong>hasta 96.5%<\/strong><\/li>\n<li style=\"margin-bottom: 5px;\">Seguidores MPPT independientes<\/li>\n<li style=\"margin-bottom: 5px;\">Sistema de optimizaci&oacute;n ante sombras<\/li>\n<li style=\"margin-bottom: 5px;\">Tensi&oacute;n m&aacute;xima de entrada CC: <strong>60 V<\/strong><\/li>\n<li style=\"margin-bottom: 5px;\">Protecci&oacute;n avanzada: <strong>GFDI y contra sobretensi&oacute;n<\/strong><\/li>\n<li style=\"margin-bottom: 5px;\">Nivel de protecci&oacute;n: <strong>IP66 \/ IP67<\/strong><\/li>\n<li style=\"margin-bottom: 5px;\">Garant&iacute;a: <strong>12 a&ntilde;os est&aacute;ndar (opcional hasta 25 a&ntilde;os)<\/strong><\/li>\n<li style=\"margin-bottom: 5px;\">Temperatura de funcionamiento: <strong>-40&deg;C a 85&deg;C<\/strong><\/li>\n<li style=\"margin-bottom: 5px;\">Instalaci&oacute;n <strong>plug and play<\/strong><\/li>\n<li style=\"margin-bottom: 5px;\">F&aacute;cil de ampliar o modificar<\/li>\n<li style=\"margin-bottom: 5px;\">Dise&ntilde;o compacto y pr&aacute;ctico<\/li>\n<li style=\"margin-bottom: 5px;\">Certificaciones: <strong>UL&comma; IEEE&comma; CSA&comma; VDE-AR-N 4105&comma; VDE 0126&comma; CE<\/strong><\/li>\n<\/ul>\n<\/div>\n<\/div>\n<p><!-- Secci\u00f3n de monitoreo --><\/p>\n<div style=\"display: flex; flex-wrap: wrap; gap: 30px; margin-bottom: 30px;\">\n<div style=\"flex: 1 1 300px; min-width: 280px;\">\n<h3 style=\"font-size: 22px; border-bottom: 2px solid currentColor; padding-bottom: 5px; margin-top: 0; color: inherit; opacity: 0.8;\">Monitoreo:<\/h3>\n<ul style=\"padding-left: 20px; font-size: 15px; color: inherit;\">\n<li style=\"margin-bottom: 5px;\">Monitoreo a nivel de m&oacute;dulo: <strong>WiFi<\/strong><\/li>\n<li style=\"margin-bottom: 5px;\">Control en tiempo real del sistema FV<\/li>\n<li style=\"margin-bottom: 5px;\">Aviso autom&aacute;tico de alta temperatura o fallas<\/li>\n<li style=\"margin-bottom: 5px;\">Precisi&oacute;n de datos por minuto (PLC)<\/li>\n<li style=\"margin-bottom: 5px;\">Localizaci&oacute;n precisa de puntos de falla<\/li>\n<\/ul>\n<\/div>\n<div style=\"flex: 1 1 300px; min-width: 280px;\">\n<h3 style=\"font-size: 22px; border-bottom: 2px solid currentColor; padding-bottom: 5px; margin-top: 0; color: inherit; opacity: 0.8;\">Notas:<\/h3>\n<ul style=\"padding-left: 20px; font-size: 15px; color: inherit;\">\n<li style=\"margin-bottom: 5px;\">El rango de voltaje de CA puede variar dependiendo de la red de cada pa&iacute;s<\/li>\n<li style=\"margin-bottom: 5px;\">El rango de frecuencia de CA puede variar en funci&oacute;n de la red de cada pa&iacute;s<\/li>\n<\/ul>\n<\/div>\n<\/div>\n<p><!-- Informaci\u00f3n de registro --><\/p>\n<div style=\"background-color: #f8f9fa; border: 1px solid rgba(150&comma;150&comma;150&comma;0.3); border-radius: 8px; padding: 20px; margin-bottom: 30px;\">\n<h3 style=\"font-size: 18px; color: #111827; text-align: center; margin-top: 0;\">Para dar de alta su cuenta de monitoreo<\/h3>\n<p style=\"text-align: center; margin: 15px 0; color: #111827;\">Enviar al correo <a style=\"color: #0d6efd; text-decoration: none;\" href=\"mailto:solarsyscomgroup@syscom.mx\">energia@syscom.mx<\/a> los siguientes requisitos:<\/p>\n<ul style=\"padding-left: 20px; font-size: 14px; color: #111827; text-align: center;\">\n<li style=\"margin-bottom: 5px;\">&#8211; Factura de Compra de Microinversor<\/li>\n<li style=\"margin-bottom: 5px;\">&#8211; Correo Electr&oacute;nico del instalador<\/li>\n<li style=\"margin-bottom: 5px;\">&#8211; Nombre del Instalador<\/li>\n<li style=\"margin-bottom: 5px;\">&#8211; N&uacute;mero de Tel&eacute;fono del Instalador<\/li>\n<li style=\"margin-bottom: 5px;\">&#8211; Pa&iacute;s<\/li>\n<li style=\"margin-bottom: 5px;\">&#8211; Estado<\/li>\n<li style=\"margin-bottom: 5px;\">&#8211; Ciudad<\/li>\n<li style=\"margin-bottom: 5px;\">&#8211; Calle<\/li>\n<li style=\"margin-bottom: 5px;\">&#8211; Nombre de la Empresa<\/li>\n<\/ul>\n<p style=\"text-align: center; margin: 15px 0; color: #111827; font-weight: bold;\">Nota: La cuenta corresponde al instalador&comma; por lo que todos los datos solicitados son del mismo. A partir de esta cuenta&comma; se generar&aacute; la del usuario final.<\/p>\n<p style=\"text-align: center; margin: 15px 0; color: #111827;\">Link de monitoreo: <a style=\"color: #0d6efd; text-decoration: none;\" href=\"https:\/\/user.nepviewer.com\/pvPlant\">https:\/\/user.nepviewer.com\/pvPlant<\/a><\/p>\n<\/div>\n<p><!-- Separador --><\/p>\n<hr style=\"border: 0; border-top: 1px solid rgba(150&comma; 150&comma; 150&comma; 0.3); margin: 30px 0;\"><\/div>\n","protected":false},"excerpt":{"rendered":"<p>Microinversor 2.25 Kw, 220 Vca, IP67, WIFI Incuido, Soporta Oversizing a 4 M\u00f3dulos de Hasta 750 W, Incluye Conector Troncal<\/p>\n","protected":false},"featured_media":38211,"comment_status":"open","ping_status":"closed","template":"","meta":[],"product_brand":[],"product_cat":[1136],"product_tag":[964,1137,1175],"class_list":{"0":"post-38212","1":"product","2":"type-product","3":"status-publish","4":"has-post-thumbnail","6":"product_cat-microinversores","7":"product_tag-energia-solar","8":"product_tag-microinversores","9":"product_tag-nep","11":"first","12":"instock","13":"sale","14":"shipping-taxable","15":"purchasable","16":"product-type-simple"},"_links":{"self":[{"href":"https:\/\/soydeaqui.ddns.net\/pachuca\/index.php\/wp-json\/wp\/v2\/product\/38212","targetHints":{"allow":["GET"]}}],"collection":[{"href":"https:\/\/soydeaqui.ddns.net\/pachuca\/index.php\/wp-json\/wp\/v2\/product"}],"about":[{"href":"https:\/\/soydeaqui.ddns.net\/pachuca\/index.php\/wp-json\/wp\/v2\/types\/product"}],"replies":[{"embeddable":true,"href":"https:\/\/soydeaqui.ddns.net\/pachuca\/index.php\/wp-json\/wp\/v2\/comments?post=38212"}],"wp:featuredmedia":[{"embeddable":true,"href":"https:\/\/soydeaqui.ddns.net\/pachuca\/index.php\/wp-json\/wp\/v2\/media\/38211"}],"wp:attachment":[{"href":"https:\/\/soydeaqui.ddns.net\/pachuca\/index.php\/wp-json\/wp\/v2\/media?parent=38212"}],"wp:term":[{"taxonomy":"product_brand","embeddable":true,"href":"https:\/\/soydeaqui.ddns.net\/pachuca\/index.php\/wp-json\/wp\/v2\/product_brand?post=38212"},{"taxonomy":"product_cat","embeddable":true,"href":"https:\/\/soydeaqui.ddns.net\/pachuca\/index.php\/wp-json\/wp\/v2\/product_cat?post=38212"},{"taxonomy":"product_tag","embeddable":true,"href":"https:\/\/soydeaqui.ddns.net\/pachuca\/index.php\/wp-json\/wp\/v2\/product_tag?post=38212"}],"curies":[{"name":"wp","href":"https:\/\/api.w.org\/{rel}","templated":true}]}}