{"id":38205,"date":"2026-03-18T16:50:55","date_gmt":"2026-03-18T16:50:55","guid":{"rendered":"https:\/\/soydeaqui.ddns.net\/pachuca\/index.php\/producto\/terminal-de-anillo-sin-aislamiento-pan-term-cal-8-barreno-5-16-25pz-2\/"},"modified":"2026-03-18T16:50:56","modified_gmt":"2026-03-18T16:50:56","slug":"terminal-de-anillo-sin-aislamiento-pan-term-cal-8-barreno-5-16-25pz-2","status":"publish","type":"product","link":"https:\/\/soydeaqui.ddns.net\/pachuca\/index.php\/producto\/terminal-de-anillo-sin-aislamiento-pan-term-cal-8-barreno-5-16-25pz-2\/","title":{"rendered":"Terminal de anillo sin aislamiento Pan-Term\u2122 cal 8, barreno 5\/16, 25pz"},"content":{"rendered":"<div style='width: 100%; max-width: 1200px; margin: 0 auto; font-family: sans-serif; line-height: 1.6; color: inherit; background-color: transparent;'>\n<h3 style='font-size: 22px; border-bottom: 2px solid currentColor; padding-bottom: 5px; margin-top: 0; color: inherit; opacity: 0.8;'>Especificaciones<\/h3>\n<p> <!-- Secci\u00f3n de especificaciones en cards --> <\/p>\n<div style='display: flex; flex-wrap: wrap; gap: 20px; margin-top: 20px;'>\n<div style='flex: 1 1 250px; border: 1px solid rgba(150&comma; 150&comma; 150&comma; 0.4); border-radius: 8px; overflow: hidden; display: flex; flex-direction: column;'>\n<div style='padding: 15px; border-bottom: 1px solid rgba(150&comma; 150&comma; 150&comma; 0.2); font-weight: bold; font-size: 18px; color: inherit;'>Caracter\u00edsticas<\/div>\n<div style='padding: 15px; color: inherit;'>\n<ul style='padding-left: 20px; margin: 0; font-size: 14px; list-style-type: disc;'>\n<li style='margin-bottom: 5px;'><strong>Tama\u00f1o de orificio para tornillo prisionero:<\/strong> 5\/16&#8242; (8 mm)<\/li>\n<li style='margin-bottom: 5px;'><strong>Tama\u00f1o de tornillo prisionero:<\/strong> 5\/16&#8242;<\/li>\n<li style='margin-bottom: 5px;'><strong>Material de aislamiento:<\/strong> Sin aislamiento<\/li>\n<li style='margin-bottom: 5px;'><strong>Tama\u00f1o conductor de cobre:<\/strong> N.\u00ba 8 AWG<\/li>\n<li style='margin-bottom: 5px;'><strong>Tama\u00f1o de cable:<\/strong> N.\u00ba 8 AWG<\/li>\n<li style='margin-bottom: 5px;'><strong>Normas:<\/strong> Listado cULus 587H E52164&comma; certificado por CSA LR31212<\/li>\n<li style='margin-bottom: 5px;'><strong>Material:<\/strong> Cobre<\/li>\n<li style='margin-bottom: 5px;'><strong>Tensi\u00f3n m\u00e1xima:<\/strong> 2000 V<\/li>\n<li style='margin-bottom: 5px;'><strong>Acabado:<\/strong> Esta\u00f1ado<\/li>\n<li style='margin-bottom: 5px;'><strong>Temperatura m\u00e1xima:<\/strong> 150 \u00b0C (302 \u00b0F)<\/li>\n<\/ul><\/div>\n<\/p><\/div>\n<div style='flex: 1 1 250px; border: 1px solid rgba(150&comma; 150&comma; 150&comma; 0.4); border-radius: 8px; overflow: hidden; display: flex; flex-direction: column;'>\n<div style='padding: 15px; border-bottom: 1px solid rgba(150&comma; 150&comma; 150&comma; 0.2); font-weight: bold; font-size: 18px; color: inherit;'>Dimensiones<\/div>\n<div style='padding: 15px; color: inherit;'>\n<ul style='padding-left: 20px; margin: 0; font-size: 14px; list-style-type: disc;'>\n<li style='margin-bottom: 5px;'><strong>Longitud de banda:<\/strong> 3\/8&#8242; (9.5 mm)<\/li>\n<li style='margin-bottom: 5px;'><strong>Di\u00e1metro exterior:<\/strong> 0.27&#8242; (6.8 mm)<\/li>\n<li style='margin-bottom: 5px;'><strong>Di\u00e1metro interior:<\/strong> 0.19&#8242; (4.8 mm)<\/li>\n<li style='margin-bottom: 5px;'><strong>Longitud total:<\/strong> 1.25&#8242; (31.8 mm)<\/li>\n<li style='margin-bottom: 5px;'><strong>Anchura total:<\/strong> 0.59&#8242; (15 mm)<\/li>\n<li style='margin-bottom: 5px;'><strong>Longitud de leng\u00fceta:<\/strong> 0.95&#8242; (24.1 mm)<\/li>\n<li style='margin-bottom: 5px;'><strong>Grosor de leng\u00fceta:<\/strong> 0.04&#8242; (1 mm)<\/li>\n<li style='margin-bottom: 5px;'><strong>Ancho de leng\u00fceta:<\/strong> 0.59&#8242; (15 mm)<\/li>\n<\/ul><\/div>\n<\/p><\/div>\n<div style='flex: 1 1 250px; border: 1px solid rgba(150&comma; 150&comma; 150&comma; 0.4); border-radius: 8px; overflow: hidden; display: flex; flex-direction: column;'>\n<div style='padding: 15px; border-bottom: 1px solid rgba(150&comma; 150&comma; 150&comma; 0.2); font-weight: bold; font-size: 18px; color: inherit;'>Detalles t\u00e9cnicos<\/div>\n<div style='padding: 15px; color: inherit;'>\n<ul style='padding-left: 20px; margin: 0; font-size: 14px; list-style-type: disc;'>\n<li style='margin-bottom: 5px;'><strong>Tipo de tambor:<\/strong> Est\u00e1ndar<\/li>\n<li style='margin-bottom: 5px;'><strong>Tipo de uni\u00f3n:<\/strong> Reforzado<\/li>\n<li style='margin-bottom: 5px;'><strong>Submarca:<\/strong> Pan-Term\u2122<\/li>\n<li style='margin-bottom: 5px;'><strong>Tipo de empaque:<\/strong> Botella<\/li>\n<li style='margin-bottom: 5px;'><strong>Para usar con:<\/strong> CT-1701&comma; CT-2600 (CD-2600-P8)<\/li>\n<li style='margin-bottom: 5px;'><strong>Caracter\u00edstica de la pieza:<\/strong> El dise\u00f1o de leng\u00fceta de anillo garantiza una conexi\u00f3n segura en aplicaciones de alta vibraci\u00f3n. El estriado interno del tambor asegura un buen contacto de los cables y m\u00e1xima resistencia a la tensi\u00f3n<\/li>\n<\/ul><\/div>\n<\/p><\/div>\n<\/p><\/div>\n<p> <!-- Separador --> <\/p>\n<hr style='border: 0; border-top: 1px solid rgba(150&comma; 150&comma; 150&comma; 0.3); margin: 30px 0;'> <\/div>\n","protected":false},"excerpt":{"rendered":"<p>Terminal de anillo sin aislamiento Pan-Term\u2122 cal 8, barreno 5\/16, 25pz<\/p>\n","protected":false},"featured_media":38204,"comment_status":"open","ping_status":"closed","template":"","meta":[],"product_brand":[],"product_cat":[1095],"product_tag":[1058,445,1096],"class_list":{"0":"post-38205","1":"product","2":"type-product","3":"status-publish","4":"has-post-thumbnail","6":"product_cat-terminales-y-conectores-electricos","7":"product_tag-ferreteria","8":"product_tag-panduit","9":"product_tag-terminales-y-conectores-electricos","11":"first","12":"outofstock","13":"sale","14":"shipping-taxable","15":"purchasable","16":"product-type-simple"},"_links":{"self":[{"href":"https:\/\/soydeaqui.ddns.net\/pachuca\/index.php\/wp-json\/wp\/v2\/product\/38205","targetHints":{"allow":["GET"]}}],"collection":[{"href":"https:\/\/soydeaqui.ddns.net\/pachuca\/index.php\/wp-json\/wp\/v2\/product"}],"about":[{"href":"https:\/\/soydeaqui.ddns.net\/pachuca\/index.php\/wp-json\/wp\/v2\/types\/product"}],"replies":[{"embeddable":true,"href":"https:\/\/soydeaqui.ddns.net\/pachuca\/index.php\/wp-json\/wp\/v2\/comments?post=38205"}],"wp:featuredmedia":[{"embeddable":true,"href":"https:\/\/soydeaqui.ddns.net\/pachuca\/index.php\/wp-json\/wp\/v2\/media\/38204"}],"wp:attachment":[{"href":"https:\/\/soydeaqui.ddns.net\/pachuca\/index.php\/wp-json\/wp\/v2\/media?parent=38205"}],"wp:term":[{"taxonomy":"product_brand","embeddable":true,"href":"https:\/\/soydeaqui.ddns.net\/pachuca\/index.php\/wp-json\/wp\/v2\/product_brand?post=38205"},{"taxonomy":"product_cat","embeddable":true,"href":"https:\/\/soydeaqui.ddns.net\/pachuca\/index.php\/wp-json\/wp\/v2\/product_cat?post=38205"},{"taxonomy":"product_tag","embeddable":true,"href":"https:\/\/soydeaqui.ddns.net\/pachuca\/index.php\/wp-json\/wp\/v2\/product_tag?post=38205"}],"curies":[{"name":"wp","href":"https:\/\/api.w.org\/{rel}","templated":true}]}}