{"id":38192,"date":"2026-03-18T16:50:38","date_gmt":"2026-03-18T16:50:38","guid":{"rendered":"https:\/\/soydeaqui.ddns.net\/pachuca\/index.php\/producto\/reflector-led-ultradelgado-de-200-w-dimensiones-390-x-335-mm-110-240-v-ca-50-60hz-ultra-delgado-uso-en-exterior-interior\/"},"modified":"2026-03-18T16:50:43","modified_gmt":"2026-03-18T16:50:43","slug":"reflector-led-ultradelgado-de-200-w-dimensiones-390-x-335-mm-110-240-v-ca-50-60hz-ultra-delgado-uso-en-exterior-interior","status":"publish","type":"product","link":"https:\/\/soydeaqui.ddns.net\/pachuca\/index.php\/producto\/reflector-led-ultradelgado-de-200-w-dimensiones-390-x-335-mm-110-240-v-ca-50-60hz-ultra-delgado-uso-en-exterior-interior\/","title":{"rendered":"Reflector LED Ultradelgado de  200 W \/ Dimensiones 390 x 335 mm \/ 110 &#8211; 240 V CA~ 50\/60Hz \/ Ultra delgado \/ Uso en exterior &#8211; interior."},"content":{"rendered":"<div style='width: 100%; max-width: 1200px; margin: 0 auto; font-family: sans-serif; line-height: 1.6; color: inherit; background-color: transparent;'>\n<div style='width: 100%; text-align: center; margin-bottom: 30px;'>\n<h1 style='font-size: 28px; color: inherit; opacity: 0.9;'>Especificaciones del Reflector<\/h1>\n<\/div>\n<div style='display: flex; flex-wrap: wrap; gap: 30px; margin-bottom: 30px;'>\n<div style='flex: 1 1 300px; min-width: 280px;'>\n<h3 style='font-size: 22px; border-bottom: 2px solid currentColor; padding-bottom: 5px; margin-top: 0; color: inherit; opacity: 0.8;'>Caracter\u00edsticas Principales:<\/h3>\n<ul style='padding-left: 20px; font-size: 15px; color: inherit;'>\n<li style='margin-bottom: 5px;'>Modelo: JLRE-C<\/li>\n<li style='margin-bottom: 5px;'>Potencia de 200 W<\/li>\n<li style='margin-bottom: 5px;'>Flujo luminoso de 18 000 l\u00famenes.<\/li>\n<li style='margin-bottom: 5px;'>Vida \u00fatil de hasta 50&comma;000 horas<\/li>\n<li style='margin-bottom: 5px;'>Garant\u00eda de 3 a\u00f1os<\/li>\n<\/ul>\n<\/div>\n<div style='flex: 1 1 300px; min-width: 280px;'>\n<h3 style='font-size: 22px; border-bottom: 2px solid currentColor; padding-bottom: 5px; margin-top: 0; color: inherit; opacity: 0.8;'>Caracter\u00edsticas F\u00edsicas y El\u00e9ctricas:<\/h3>\n<ul style='padding-left: 20px; font-size: 15px; color: inherit;'>\n<li style='margin-bottom: 5px;'>Luz fr\u00eda 6 500 \u00b0K<\/li>\n<li style='margin-bottom: 5px;'>Voltaje de 110 &#8211; 240 V~ 50\/60Hz<\/li>\n<li style='margin-bottom: 5px;'>Material: Aluminio y vidrio<\/li>\n<li style='margin-bottom: 5px;'>\u00c1ngulo de luz de 120\u00b0<\/li>\n<\/ul>\n<\/div>\n<div style='flex: 1 1 300px; min-width: 280px;'>\n<h3 style='font-size: 22px; border-bottom: 2px solid currentColor; padding-bottom: 5px; margin-top: 0; color: inherit; opacity: 0.8;'>Caracter\u00edsticas Destacadas:<\/h3>\n<ul style='padding-left: 20px; font-size: 15px; color: inherit;'>\n<li style='margin-bottom: 5px;'>Ideal para iluminar ambientes generales.<\/li>\n<li style='margin-bottom: 5px;'>Reflector de LED de alta potencia.<\/li>\n<\/ul>\n<\/div>\n<\/div>\n<hr style='border: 0; border-top: 1px solid rgba(150&comma; 150&comma; 150&comma; 0.3); margin: 30px 0;'><\/div>\n","protected":false},"excerpt":{"rendered":"<p>Reflector LED Ultradelgado de  200 W \/ Dimensiones 390 x 335 mm \/ 110 &#8211; 240 V CA~ 50\/60Hz \/ Ultra delgado \/ Uso en exterior &#8211; interior.<\/p>\n","protected":false},"featured_media":38191,"comment_status":"open","ping_status":"closed","template":"","meta":[],"product_brand":[],"product_cat":[1166],"product_tag":[1167,1169,1168],"class_list":{"0":"post-38192","1":"product","2":"type-product","3":"status-publish","4":"has-post-thumbnail","6":"product_cat-uso-interior","7":"product_tag-iluminacion","8":"product_tag-jwj","9":"product_tag-uso-interior","11":"first","12":"instock","13":"sale","14":"shipping-taxable","15":"purchasable","16":"product-type-simple"},"_links":{"self":[{"href":"https:\/\/soydeaqui.ddns.net\/pachuca\/index.php\/wp-json\/wp\/v2\/product\/38192","targetHints":{"allow":["GET"]}}],"collection":[{"href":"https:\/\/soydeaqui.ddns.net\/pachuca\/index.php\/wp-json\/wp\/v2\/product"}],"about":[{"href":"https:\/\/soydeaqui.ddns.net\/pachuca\/index.php\/wp-json\/wp\/v2\/types\/product"}],"replies":[{"embeddable":true,"href":"https:\/\/soydeaqui.ddns.net\/pachuca\/index.php\/wp-json\/wp\/v2\/comments?post=38192"}],"wp:featuredmedia":[{"embeddable":true,"href":"https:\/\/soydeaqui.ddns.net\/pachuca\/index.php\/wp-json\/wp\/v2\/media\/38191"}],"wp:attachment":[{"href":"https:\/\/soydeaqui.ddns.net\/pachuca\/index.php\/wp-json\/wp\/v2\/media?parent=38192"}],"wp:term":[{"taxonomy":"product_brand","embeddable":true,"href":"https:\/\/soydeaqui.ddns.net\/pachuca\/index.php\/wp-json\/wp\/v2\/product_brand?post=38192"},{"taxonomy":"product_cat","embeddable":true,"href":"https:\/\/soydeaqui.ddns.net\/pachuca\/index.php\/wp-json\/wp\/v2\/product_cat?post=38192"},{"taxonomy":"product_tag","embeddable":true,"href":"https:\/\/soydeaqui.ddns.net\/pachuca\/index.php\/wp-json\/wp\/v2\/product_tag?post=38192"}],"curies":[{"name":"wp","href":"https:\/\/api.w.org\/{rel}","templated":true}]}}