{"id":38140,"date":"2026-03-18T16:49:19","date_gmt":"2026-03-18T16:49:19","guid":{"rendered":"https:\/\/soydeaqui.ddns.net\/pachuca\/index.php\/producto\/zapata-de-compresion-lca4-0-56-x-para-cal-4-0-awg-barreno-para-tornillo-prisionero-de-5-16-1-pz\/"},"modified":"2026-03-18T16:49:20","modified_gmt":"2026-03-18T16:49:20","slug":"zapata-de-compresion-lca4-0-56-x-para-cal-4-0-awg-barreno-para-tornillo-prisionero-de-5-16-1-pz","status":"publish","type":"product","link":"https:\/\/soydeaqui.ddns.net\/pachuca\/index.php\/producto\/zapata-de-compresion-lca4-0-56-x-para-cal-4-0-awg-barreno-para-tornillo-prisionero-de-5-16-1-pz\/","title":{"rendered":"Zapata de compresi\u00f3n LCA4\/0-56-X para cal. 4\/0 Awg, Barreno para tornillo prisionero de 5\/16, 1 Pz"},"content":{"rendered":"<div style='width: 100%; max-width: 1200px; margin: 0 auto; font-family: sans-serif; line-height: 1.6; color: inherit; background-color: transparent;'> <!-- Secci\u00f3n de descripci\u00f3n general --> <\/p>\n<div style='margin-bottom: 30px;'>\n<h3 style='font-size: 22px; border-bottom: 2px solid currentColor; padding-bottom: 5px; margin-top: 0; color: inherit; opacity: 0.8;'>Descripci\u00f3n General<\/h3>\n<p style='font-size: 15px; color: inherit; margin-bottom: 15px;'>Zapata de compresi\u00f3n para conductor de calibre 4\/0 AWG con tornillo prisionero de 5\/16 pulgadas. Dise\u00f1ada para conexiones el\u00e9ctricas seguras y confiables.<\/p>\n<\/p><\/div>\n<p> <!-- Secci\u00f3n de especificaciones t\u00e9cnicas --> <\/p>\n<div style='display: flex; flex-wrap: wrap; gap: 30px; margin-bottom: 30px;'>\n<div style='flex: 1 1 300px; min-width: 280px;'>\n<h3 style='font-size: 22px; border-bottom: 2px solid currentColor; padding-bottom: 5px; margin-top: 0; color: inherit; opacity: 0.8;'>Especificaciones T\u00e9cnicas<\/h3>\n<ul style='padding-left: 20px; font-size: 15px; color: inherit;'>\n<li style='margin-bottom: 5px;'><strong>Material:<\/strong> Cobre de alta conductividad<\/li>\n<li style='margin-bottom: 5px;'><strong>Construcci\u00f3n:<\/strong> Tubo de cobre sin costura<\/li>\n<li style='margin-bottom: 5px;'><strong>Recubrimiento:<\/strong> Esta\u00f1o electrodepositado<\/li>\n<li style='margin-bottom: 5px;'><strong>Tama\u00f1o del conductor:<\/strong> 4\/0 AWG<\/li>\n<li style='margin-bottom: 5px;'><strong>Tipo de conductor:<\/strong> Cobre trenzado; Clase B: Compacto&comma; Comprimido o Conc\u00e9ntrico&comma; Clase C: Conc\u00e9ntrico<\/li>\n<li style='margin-bottom: 5px;'><strong>Longitud de pelado:<\/strong> 1-1\/4 pulgadas<\/li>\n<li style='margin-bottom: 5px;'><strong>Tama\u00f1o del tornillo prisionero:<\/strong> 5\/16 pulgadas<\/li>\n<li style='margin-bottom: 5px;'><strong>Temperatura de operaci\u00f3n:<\/strong> 90\u00b0C<\/li>\n<\/ul><\/div>\n<p> <!-- Secci\u00f3n de certificaciones --> <\/p>\n<div style='flex: 1 1 300px; min-width: 280px;'>\n<h3 style='font-size: 22px; border-bottom: 2px solid currentColor; padding-bottom: 5px; margin-top: 0; color: inherit; opacity: 0.8;'>Certificaciones<\/h3>\n<ul style='padding-left: 20px; font-size: 15px; color: inherit;'>\n<li style='margin-bottom: 5px;'><strong>UL:<\/strong> Listado para aplicaciones hasta 35kV<\/li>\n<li style='margin-bottom: 5px;'><strong>C.S.A.:<\/strong> Certificado<\/li>\n<\/ul><\/div>\n<p> <!-- Secci\u00f3n de identificaci\u00f3n --> <\/p>\n<div style='flex: 1 1 300px; min-width: 280px;'>\n<h3 style='font-size: 22px; border-bottom: 2px solid currentColor; padding-bottom: 5px; margin-top: 0; color: inherit; opacity: 0.8;'>Identificaci\u00f3n<\/h3>\n<ul style='padding-left: 20px; font-size: 15px; color: inherit;'>\n<li style='margin-bottom: 5px;'><strong>C\u00f3digo de color:<\/strong> P\u00farpura<\/li>\n<li style='margin-bottom: 5px;'><strong>Identificaci\u00f3n visual:<\/strong> Ventana de inspecci\u00f3n de cable<\/li>\n<li style='margin-bottom: 5px;'><strong>Marcaje:<\/strong> Marcaje de tama\u00f1o en el terminal<\/li>\n<\/ul><\/div>\n<\/p><\/div>\n<p> <!-- Secci\u00f3n de aplicaciones --> <\/p>\n<div style='margin-bottom: 30px;'>\n<h3 style='font-size: 22px; border-bottom: 2px solid currentColor; padding-bottom: 5px; margin-top: 0; color: inherit; opacity: 0.8;'>Aplicaciones<\/h3>\n<p style='font-size: 15px; color: inherit; margin-bottom: 15px;'>Dise\u00f1ada para conexiones el\u00e9ctricas en aplicaciones de distribuci\u00f3n de energ\u00eda y sistemas industriales donde se requiere una conexi\u00f3n segura y duradera. Adecuada para conductores de cobre trenzado de alta conductividad.<\/p>\n<\/p><\/div>\n<p> <!-- Secci\u00f3n de dimensiones --> <\/p>\n<div style='display: flex; flex-wrap: wrap; gap: 30px; margin-bottom: 30px;'>\n<div style='flex: 1 1 300px; min-width: 280px;'>\n<h3 style='font-size: 22px; border-bottom: 2px solid currentColor; padding-bottom: 5px; margin-top: 0; color: inherit; opacity: 0.8;'>Dimensiones<\/h3>\n<ul style='padding-left: 20px; font-size: 15px; color: inherit;'>\n<li style='margin-bottom: 5px;'><strong>Di\u00e1metro exterior:<\/strong> 1.06 \u00b1 0.04 pulgadas<\/li>\n<li style='margin-bottom: 5px;'><strong>Di\u00e1metro interior:<\/strong> 0.35 \u00b1 0.04 pulgadas<\/li>\n<li style='margin-bottom: 5px;'><strong>Di\u00e1metro del tornillo:<\/strong> 0.34 \u00b1 0.02 pulgadas<\/li>\n<li style='margin-bottom: 5px;'><strong>Longitud total:<\/strong> 2.37 \u00b1 0.06 pulgadas<\/li>\n<\/ul><\/div>\n<p> <!-- Secci\u00f3n de herramientas de aplicaci\u00f3n --> <\/p>\n<div style='flex: 1 1 300px; min-width: 280px;'>\n<h3 style='font-size: 22px; border-bottom: 2px solid currentColor; padding-bottom: 5px; margin-top: 0; color: inherit; opacity: 0.8;'>Herramientas de Aplicaci\u00f3n<\/h3>\n<ul style='padding-left: 20px; font-size: 15px; color: inherit;'>\n<li style='margin-bottom: 5px;'><strong>Di\u00e1metro de herramienta:<\/strong> 1.19 \u00b1 0.04 pulgadas<\/li>\n<li style='margin-bottom: 5px;'><strong>\u00cdndice de herramienta:<\/strong> P54<\/li>\n<li style='margin-bottom: 5px;'><strong>Entrada biselada:<\/strong> 0.57 \u00b1 0.01 pulgadas<\/li>\n<li style='margin-bottom: 5px;'><strong>Salida:<\/strong> 0.71 \u00b1 0.01 pulgadas<\/li>\n<\/ul><\/div>\n<\/p><\/div>\n<p> <!-- Separador --> <\/p>\n<hr style='border: 0; border-top: 1px solid rgba(150&comma; 150&comma; 150&comma; 0.3); margin: 30px 0;'> <\/div>\n","protected":false},"excerpt":{"rendered":"<p>Zapata de compresi\u00f3n LCA4\/0-56-X para cal. 4\/0 Awg, Barreno para tornillo prisionero de 5\/16, 1 Pz<\/p>\n","protected":false},"featured_media":38139,"comment_status":"open","ping_status":"closed","template":"","meta":[],"product_brand":[],"product_cat":[1090],"product_tag":[1091,1088,445],"class_list":{"0":"post-38140","1":"product","2":"type-product","3":"status-publish","4":"has-post-thumbnail","6":"product_cat-accesorios-para-tierra-fisica","7":"product_tag-accesorios-para-tierra-fisica","8":"product_tag-calidad-de-la-energia","9":"product_tag-panduit","11":"first","12":"outofstock","13":"sale","14":"shipping-taxable","15":"purchasable","16":"product-type-simple"},"_links":{"self":[{"href":"https:\/\/soydeaqui.ddns.net\/pachuca\/index.php\/wp-json\/wp\/v2\/product\/38140","targetHints":{"allow":["GET"]}}],"collection":[{"href":"https:\/\/soydeaqui.ddns.net\/pachuca\/index.php\/wp-json\/wp\/v2\/product"}],"about":[{"href":"https:\/\/soydeaqui.ddns.net\/pachuca\/index.php\/wp-json\/wp\/v2\/types\/product"}],"replies":[{"embeddable":true,"href":"https:\/\/soydeaqui.ddns.net\/pachuca\/index.php\/wp-json\/wp\/v2\/comments?post=38140"}],"wp:featuredmedia":[{"embeddable":true,"href":"https:\/\/soydeaqui.ddns.net\/pachuca\/index.php\/wp-json\/wp\/v2\/media\/38139"}],"wp:attachment":[{"href":"https:\/\/soydeaqui.ddns.net\/pachuca\/index.php\/wp-json\/wp\/v2\/media?parent=38140"}],"wp:term":[{"taxonomy":"product_brand","embeddable":true,"href":"https:\/\/soydeaqui.ddns.net\/pachuca\/index.php\/wp-json\/wp\/v2\/product_brand?post=38140"},{"taxonomy":"product_cat","embeddable":true,"href":"https:\/\/soydeaqui.ddns.net\/pachuca\/index.php\/wp-json\/wp\/v2\/product_cat?post=38140"},{"taxonomy":"product_tag","embeddable":true,"href":"https:\/\/soydeaqui.ddns.net\/pachuca\/index.php\/wp-json\/wp\/v2\/product_tag?post=38140"}],"curies":[{"name":"wp","href":"https:\/\/api.w.org\/{rel}","templated":true}]}}