{"id":38134,"date":"2026-03-18T16:49:11","date_gmt":"2026-03-18T16:49:11","guid":{"rendered":"https:\/\/soydeaqui.ddns.net\/pachuca\/index.php\/producto\/zapata-de-compresion-lca3-0-56-x-para-cal-3-0-awg-barreno-para-tornillo-prisionero-de-5-16-1-pz\/"},"modified":"2026-03-18T16:49:15","modified_gmt":"2026-03-18T16:49:15","slug":"zapata-de-compresion-lca3-0-56-x-para-cal-3-0-awg-barreno-para-tornillo-prisionero-de-5-16-1-pz","status":"publish","type":"product","link":"https:\/\/soydeaqui.ddns.net\/pachuca\/index.php\/producto\/zapata-de-compresion-lca3-0-56-x-para-cal-3-0-awg-barreno-para-tornillo-prisionero-de-5-16-1-pz\/","title":{"rendered":"Zapata de compresi\u00f3n LCA3\/0-56-X para cal. 3\/0 Awg, Barreno para tornillo prisionero de 5\/16, 1 Pz"},"content":{"rendered":"<div style='width: 100%; max-width: 1200px; margin: 0 auto; font-family: sans-serif; line-height: 1.6; color: inherit; background-color: transparent;'>\n<div style='display: flex; flex-wrap: wrap; gap: 30px; margin-bottom: 30px;'>\n<div style='flex: 1 1 300px; min-width: 280px;'>\n<h3 style='font-size: 22px; border-bottom: 2px solid currentColor; padding-bottom: 5px; margin-top: 0; color: inherit; opacity: 0.8;'>Descripci\u00f3n<\/h3>\n<p style='font-size: 16px; margin-bottom: 18px; color: inherit; max-width: 755px; line-height: 1.5;'>Zapata de compresi\u00f3n de cobre esta\u00f1ado LCA3 0-56-X&comma; un orificio&comma; tambor est\u00e1ndar&comma; tambores codificados por color marcados con n\u00fameros de \u00edndice de matriz de Panduit y de un competidor especificado para la adecuada selecci\u00f3n de matrices. Una mirilla de inspecci\u00f3n ayuda a comprobar visualmente la inserci\u00f3n total del conductor&comma; y el material esta\u00f1ado previene la corrosi\u00f3n. Listado UL y certificado por CSA para 35 KV y con calificaci\u00f3n de temperatura hasta 90\u00b0C.<\/p>\n<\/p><\/div>\n<\/p><\/div>\n<div style='display: flex; flex-wrap: wrap; gap: 30px; margin-bottom: 30px;'>\n<div style='flex: 1 1 300px; min-width: 280px;'>\n<div style='padding: 15px; border: 1px solid rgba(150&comma; 150&comma; 150&comma; 0.4); border-radius: 8px; background-color: rgba(150&comma; 150&comma; 150&comma; 0.05); color: inherit;'>\n<p style='margin: 0; font-size: 16px; color: inherit;'>Enlace del distribuidor<\/p>\n<\/p><\/div>\n<\/p><\/div>\n<\/p><\/div>\n<\/p><\/div>\n","protected":false},"excerpt":{"rendered":"<p>Zapata de compresi\u00f3n LCA3\/0-56-X para cal. 3\/0 Awg, Barreno para tornillo prisionero de 5\/16, 1 Pz<\/p>\n","protected":false},"featured_media":38133,"comment_status":"open","ping_status":"closed","template":"","meta":[],"product_brand":[],"product_cat":[1090],"product_tag":[1091,1088,445],"class_list":{"0":"post-38134","1":"product","2":"type-product","3":"status-publish","4":"has-post-thumbnail","6":"product_cat-accesorios-para-tierra-fisica","7":"product_tag-accesorios-para-tierra-fisica","8":"product_tag-calidad-de-la-energia","9":"product_tag-panduit","11":"first","12":"outofstock","13":"sale","14":"shipping-taxable","15":"purchasable","16":"product-type-simple"},"_links":{"self":[{"href":"https:\/\/soydeaqui.ddns.net\/pachuca\/index.php\/wp-json\/wp\/v2\/product\/38134","targetHints":{"allow":["GET"]}}],"collection":[{"href":"https:\/\/soydeaqui.ddns.net\/pachuca\/index.php\/wp-json\/wp\/v2\/product"}],"about":[{"href":"https:\/\/soydeaqui.ddns.net\/pachuca\/index.php\/wp-json\/wp\/v2\/types\/product"}],"replies":[{"embeddable":true,"href":"https:\/\/soydeaqui.ddns.net\/pachuca\/index.php\/wp-json\/wp\/v2\/comments?post=38134"}],"wp:featuredmedia":[{"embeddable":true,"href":"https:\/\/soydeaqui.ddns.net\/pachuca\/index.php\/wp-json\/wp\/v2\/media\/38133"}],"wp:attachment":[{"href":"https:\/\/soydeaqui.ddns.net\/pachuca\/index.php\/wp-json\/wp\/v2\/media?parent=38134"}],"wp:term":[{"taxonomy":"product_brand","embeddable":true,"href":"https:\/\/soydeaqui.ddns.net\/pachuca\/index.php\/wp-json\/wp\/v2\/product_brand?post=38134"},{"taxonomy":"product_cat","embeddable":true,"href":"https:\/\/soydeaqui.ddns.net\/pachuca\/index.php\/wp-json\/wp\/v2\/product_cat?post=38134"},{"taxonomy":"product_tag","embeddable":true,"href":"https:\/\/soydeaqui.ddns.net\/pachuca\/index.php\/wp-json\/wp\/v2\/product_tag?post=38134"}],"curies":[{"name":"wp","href":"https:\/\/api.w.org\/{rel}","templated":true}]}}