{"id":38125,"date":"2026-03-18T16:48:55","date_gmt":"2026-03-18T16:48:55","guid":{"rendered":"https:\/\/soydeaqui.ddns.net\/pachuca\/index.php\/producto\/punta-reforzada-de-2-phillips-2-impact-xps-paquete-con-3-piezas\/"},"modified":"2026-03-18T16:48:56","modified_gmt":"2026-03-18T16:48:56","slug":"punta-reforzada-de-2-phillips-2-impact-xps-paquete-con-3-piezas","status":"publish","type":"product","link":"https:\/\/soydeaqui.ddns.net\/pachuca\/index.php\/producto\/punta-reforzada-de-2-phillips-2-impact-xps-paquete-con-3-piezas\/","title":{"rendered":"Punta Reforzada de 2&#8243; Phillips #2 Impact XPS\u00ae, Paquete con 3 piezas"},"content":{"rendered":"<div style='width: 100%; max-width: 1200px; margin: 0 auto; font-family: sans-serif; line-height: 1.6; color: inherit; background-color: transparent;'>\n<div style='width: 100%; margin-bottom: 30px;'> <img style='width: 100%; height: auto; border: 1px solid rgba(150&comma;150&comma;150&comma;0.3); border-radius: 8px; display: block; margin: 0 auto;' src='data:image\/png;base64&comma;iVBORw0KGgoAAAANSUhEUgAAAOwAAABVCAIAAADFdJ\/+AAAWbElEQVR4Ae1d+XsTVfd\/\/4+UFOku270EVRZlR2VRkEWWZVFA2VcF3ldUEDgquC20tN2XtG3TJk36z8zP5PvE+J3mM6cO6ZLYvI80+f+cOfm3HPu\/dzP3Ln33DPTfxHcH4eA <\/div>\n<div style='display: flex; flex-wrap: wrap; gap: 30px; margin-bottom: 30px;'>\n<div style='flex: 1 1 300px; min-width: 280px;'>\n<h3 style='font-size: 22px; border-bottom: 2px solid currentColor; padding-bottom: 5px; margin-top: 0; color: inherit; opacity: 0.8;'>Descripci\u00f3n<\/h3>\n<p style='font-size: 15px; color: inherit; margin-top: 0;'> Las Brocas Reforzadas de 2&#8242; Phillips #2 Impact XPS\u00ae est\u00e1n dise\u00f1adas exclusivamente para usarse con atornilladores de impacto de alta torsi\u00f3n&comma; y est\u00e1n dise\u00f1adas para durar hasta 90 veces m\u00e1s que las brocas de inserci\u00f3n est\u00e1ndar. El acero de alta resistencia entrega duraci\u00f3n de broca m\u00e1s larga y punta con horma de precisi\u00f3n que est\u00e1 dise\u00f1ada para prevenir &#8216;que se salga de lugar&#8217; y el barrido. La secci\u00f3n de torsi\u00f3n de la broca se flexiona bajo carga para quitar la presi\u00f3n de la punta de la broca para durabilidad incrementada. <\/p>\n<\/p><\/div>\n<\/p><\/div>\n<div style='display: flex; flex-wrap: wrap; gap: 20px; margin-bottom: 30px;'>\n<div style='flex: 1 1 250px; border: 1px solid rgba(150&comma; 150&comma; 150&comma; 0.4); border-radius: 8px; overflow: hidden; display: flex; flex-direction: column;'>\n<div style='padding: 15px; border-bottom: 1px solid rgba(150&comma; 150&comma; 150&comma; 0.2); font-weight: bold; font-size: 18px; color: inherit;'>Especificaciones<\/div>\n<div style='padding: 15px; color: inherit;'>\n<ul style='padding-left: 20px; margin: 0; font-size: 14px; list-style-type: disc;'>\n<li style='margin-bottom: 5px;'><strong>Tipo de Producto:<\/strong> Brocas Reforzadas<\/li>\n<li style='margin-bottom: 5px;'><strong>Horma de Broca:<\/strong> Phillips<\/li>\n<li style='margin-bottom: 5px;'><strong>Tama\u00f1o de Punta:<\/strong> PH2<\/li>\n<li style='margin-bottom: 5px;'><strong>Tipo de V\u00e1stago:<\/strong> Hex de 1\/4&#8242;<\/li>\n<li style='margin-bottom: 5px;'><strong>Longitud Total:<\/strong> 2&#8242;<\/li>\n<li style='margin-bottom: 5px;'><strong>Cantidad del Paquete:<\/strong> 3<\/li>\n<\/ul><\/div>\n<\/p><\/div>\n<div style='flex: 1 1 250px; border: 1px solid rgba(150&comma; 150&comma; 150&comma; 0.4); border-radius: 8px; overflow: hidden; display: flex; flex-direction: column;'>\n<div style='padding: 15px; border-bottom: 1px solid rgba(150&comma; 150&comma; 150&comma; 0.2); font-weight: bold; font-size: 18px; color: inherit;'>Caracter\u00edsticas<\/div>\n<div style='padding: 15px; color: inherit;'>\n<ul style='padding-left: 20px; margin: 0; font-size: 14px; list-style-type: disc;'>\n<li style='margin-bottom: 5px;'><strong>Rendimiento:<\/strong> Dise\u00f1ada para soportar la potencia extrema de los atornilladores de impacto de alta torsi\u00f3n<\/li>\n<li style='margin-bottom: 5px;'><strong>Durabilidad:<\/strong> Dura hasta 100 veces m\u00e1s que las brocas de impacto est\u00e1ndar<\/li>\n<li style='margin-bottom: 5px;'><strong>Eficiencia:<\/strong> Puntas maquinadas con precisi\u00f3n brindan contacto superior para mejorar la potencia de sujeci\u00f3n y m\u00e1s duraci\u00f3n<\/li>\n<li style='margin-bottom: 5px;'><strong>Dise\u00f1o:<\/strong> Anillos de Tope \u00danicos con Absorci\u00f3n de Torsi\u00f3n dise\u00f1ados para ayudar a mejorar el rendimiento de la broca<\/li>\n<li style='margin-bottom: 5px;'><strong>Incluye:<\/strong> 3 Brocas Reforzadas de 2&#8242; Phillips #2 Impact XPS\u00ae<\/li>\n<\/ul><\/div>\n<\/p><\/div>\n<\/p><\/div>\n<\/p><\/div>\n","protected":false},"excerpt":{"rendered":"<p>Punta Reforzada de 2&#8243; Phillips #2 Impact XPS\u00ae, Paquete con 3 piezas<\/p>\n","protected":false},"featured_media":38124,"comment_status":"open","ping_status":"closed","template":"","meta":[],"product_brand":[],"product_cat":[24],"product_tag":[26,25,252],"class_list":{"0":"post-38125","1":"product","2":"type-product","3":"status-publish","4":"has-post-thumbnail","6":"product_cat-accesorios-de-instalacion","7":"product_tag-accesorios-de-instalacion","8":"product_tag-herramientas","9":"product_tag-makita","11":"first","12":"outofstock","13":"sale","14":"shipping-taxable","15":"purchasable","16":"product-type-simple"},"_links":{"self":[{"href":"https:\/\/soydeaqui.ddns.net\/pachuca\/index.php\/wp-json\/wp\/v2\/product\/38125","targetHints":{"allow":["GET"]}}],"collection":[{"href":"https:\/\/soydeaqui.ddns.net\/pachuca\/index.php\/wp-json\/wp\/v2\/product"}],"about":[{"href":"https:\/\/soydeaqui.ddns.net\/pachuca\/index.php\/wp-json\/wp\/v2\/types\/product"}],"replies":[{"embeddable":true,"href":"https:\/\/soydeaqui.ddns.net\/pachuca\/index.php\/wp-json\/wp\/v2\/comments?post=38125"}],"wp:featuredmedia":[{"embeddable":true,"href":"https:\/\/soydeaqui.ddns.net\/pachuca\/index.php\/wp-json\/wp\/v2\/media\/38124"}],"wp:attachment":[{"href":"https:\/\/soydeaqui.ddns.net\/pachuca\/index.php\/wp-json\/wp\/v2\/media?parent=38125"}],"wp:term":[{"taxonomy":"product_brand","embeddable":true,"href":"https:\/\/soydeaqui.ddns.net\/pachuca\/index.php\/wp-json\/wp\/v2\/product_brand?post=38125"},{"taxonomy":"product_cat","embeddable":true,"href":"https:\/\/soydeaqui.ddns.net\/pachuca\/index.php\/wp-json\/wp\/v2\/product_cat?post=38125"},{"taxonomy":"product_tag","embeddable":true,"href":"https:\/\/soydeaqui.ddns.net\/pachuca\/index.php\/wp-json\/wp\/v2\/product_tag?post=38125"}],"curies":[{"name":"wp","href":"https:\/\/api.w.org\/{rel}","templated":true}]}}