{"id":38102,"date":"2026-03-18T16:48:23","date_gmt":"2026-03-18T16:48:23","guid":{"rendered":"https:\/\/soydeaqui.ddns.net\/pachuca\/index.php\/producto\/terminal-de-anillo-nylon-para-12-10-awg-cobre-lengua-de-doble-espesor-aislamiento-nylon-estano-600-v-max-codigo-de-color-amarillo-alta-vibracion\/"},"modified":"2026-03-18T16:48:24","modified_gmt":"2026-03-18T16:48:24","slug":"terminal-de-anillo-nylon-para-12-10-awg-cobre-lengua-de-doble-espesor-aislamiento-nylon-estano-600-v-max-codigo-de-color-amarillo-alta-vibracion","status":"publish","type":"product","link":"https:\/\/soydeaqui.ddns.net\/pachuca\/index.php\/producto\/terminal-de-anillo-nylon-para-12-10-awg-cobre-lengua-de-doble-espesor-aislamiento-nylon-estano-600-v-max-codigo-de-color-amarillo-alta-vibracion\/","title":{"rendered":"TERMINAL DE ANILLO NYLON PARA 12-10 AWG \/ COBRE \/ LENGUA DE DOBLE ESPESOR \/ AISLAMIENTO NYLON \/ ESTA\u00d1O \/ 600 V M\u00c1X \/ C\u00d3DIGO DE COLOR AMARILLO \/ ALTA VIBRACI\u00d3N"},"content":{"rendered":"<div style='width: 100%; max-width: 1200px; margin: 0 auto; font-family: sans-serif; line-height: 1.6; color: inherit; background-color: transparent;'>\n<div style='margin-bottom: 30px;'>\n<p style='font-size: 17px; line-height: 1.6; margin: 0;'>El Terminal de Anillo de Nylon para 12-10 AWG de Burndy est\u00e1 dise\u00f1ado para aplicaciones de alta vibraci\u00f3n como en aeronaves y a bordo de barcos. Fabricado en cobre electrol\u00edtico puro proporciona alta conductividad y baja resistencia&comma; con un recubrimiento de esta\u00f1o para proteger contra la corrosi\u00f3n. El aislamiento de nylon de alta resistencia el\u00e9ctrica asegura estabilidad en ambientes exigentes y est\u00e1 codificado por color para f\u00e1cil selecci\u00f3n del tama\u00f1o de cable.<\/p>\n<\/p><\/div>\n<h2 style='font-size: 24px; font-weight: 600; margin-bottom: 20px; color: inherit;'>Especificaciones T\u00e9cnicas<\/h2>\n<div style='display: flex; flex-wrap: wrap; gap: 20px; margin-bottom: 30px;'>\n<div style='flex: 1 1 300px; min-width: 280px; border: 1px solid rgba(150&comma; 150&comma; 150&comma; 0.4); border-radius: 8px; overflow: hidden; display: flex; flex-direction: column;'>\n<div style='padding: 15px; border-bottom: 1px solid rgba(150&comma; 150&comma; 150&comma; 0.2); font-weight: bold; font-size: 18px; color: inherit;'>Caracter\u00edsticas Principales<\/div>\n<div style='padding: 15px; color: inherit;'>\n<ul style='padding-left: 20px; margin: 0; font-size: 14px; list-style-type: disc;'>\n<li style='margin-bottom: 5px;'>Cobre de Electrolito Puro<\/li>\n<li style='margin-bottom: 5px;'>Aislado con Nylon<\/li>\n<li style='margin-bottom: 5px;'>Recubrimiento de Esta\u00f1o<\/li>\n<li style='margin-bottom: 5px;'>Lengua de Doble Espesor<\/li>\n<li style='margin-bottom: 5px;'>Conector con Inspecci\u00f3n de Orificio<\/li>\n<li style='margin-bottom: 5px;'>Rango de Cable: 12-10 AWG<\/li>\n<li style='margin-bottom: 5px;'>Capacidad de Voltaje: 600 V M\u00e1ximo<\/li>\n<\/ul><\/div>\n<\/p><\/div>\n<div style='flex: 1 1 300px; min-width: 280px; border: 1px solid rgba(150&comma; 150&comma; 150&comma; 0.4); border-radius: 8px; overflow: hidden; display: flex; flex-direction: column;'>\n<div style='padding: 15px; border-bottom: 1px solid rgba(150&comma; 150&comma; 150&comma; 0.2); font-weight: bold; font-size: 18px; color: inherit;'>Funcionalidades<\/div>\n<div style='padding: 15px; color: inherit;'>\n<ul style='padding-left: 20px; margin: 0; font-size: 14px; list-style-type: disc;'>\n<li style='margin-bottom: 5px;'>Color Codificado para F\u00e1cil Selecci\u00f3n<\/li>\n<li style='margin-bottom: 5px;'>Alta Fiabilidad en Aplicaciones de Vibraci\u00f3n<\/li>\n<li style='margin-bottom: 5px;'>Lengua de Terminal Extra Fuerte<\/li>\n<li style='margin-bottom: 5px;'>Propiedades de Crimpado Excelentes<\/li>\n<li style='margin-bottom: 5px;'>Aplicaciones en Hospitales e Industrias<\/li>\n<\/ul><\/div>\n<\/p><\/div>\n<\/p><\/div>\n<h2 style='font-size: 24px; font-weight: 600; margin-bottom: 20px; color: inherit;'>Especificaciones Avanzadas<\/h2>\n<div style='display: flex; flex-wrap: wrap; gap: 20px; margin-bottom: 30px;'>\n<div style='flex: 1 1 300px; min-width: 280px; border: 1px solid rgba(150&comma; 150&comma; 150&comma; 0.4); border-radius: 8px; overflow: hidden; display: flex; flex-direction: column;'>\n<div style='padding: 15px; border-bottom: 1px solid rgba(150&comma; 150&comma; 150&comma; 0.2); font-weight: bold; font-size: 18px; color: inherit;'>Interfaces y Conectividad<\/div>\n<div style='padding: 15px; color: inherit;'>\n<ul style='padding-left: 20px; margin: 0; font-size: 14px; list-style-type: disc;'>\n<li style='margin-bottom: 5px;'>Tama\u00f1o de Stud: #8 &#8211; #10<\/li>\n<li style='margin-bottom: 5px;'>Cumple con UL486&comma; RoHS<\/li>\n<\/ul><\/div>\n<\/p><\/div>\n<div style='flex: 1 1 300px; min-width: 280px; border: 1px solid rgba(150&comma; 150&comma; 150&comma; 0.4); border-radius: 8px; overflow: hidden; display: flex; flex-direction: column;'>\n<div style='padding: 15px; border-bottom: 1px solid rgba(150&comma; 150&comma; 150&comma; 0.2); font-weight: bold; font-size: 18px; color: inherit;'>Requisitos y Compatibilidad<\/div>\n<div style='padding: 15px; color: inherit;'>\n<ul style='padding-left: 20px; margin: 0; font-size: 14px; list-style-type: disc;'>\n<li style='margin-bottom: 5px;'>Conforme a TAA hasta Diciembre 2024<\/li>\n<li style='margin-bottom: 5px;'>Compatible con AN 12-AN 10 (aeron\u00e1utico)<\/li>\n<\/ul><\/div>\n<\/p><\/div>\n<\/p><\/div>\n<h2 style='font-size: 24px; font-weight: 600; margin-bottom: 20px; color: inherit;'>Aplicaciones y Casos de Uso<\/h2>\n<div style='display: flex; flex-wrap: wrap; gap: 20px; margin-bottom: 30px;'>\n<div style='flex: 1 1 250px; min-width: 200px; border: 1px solid rgba(150&comma; 150&comma; 150&comma; 0.4); border-radius: 8px; overflow: hidden; display: flex; flex-direction: column;'>\n<div style='padding: 15px; color: inherit;'>\n<ul style='padding-left: 20px; margin: 0; font-size: 14px; list-style-type: disc;'>\n<li style='margin-bottom: 5px;'>Aeronaves<\/li>\n<li style='margin-bottom: 5px;'>Barcos<\/li>\n<li style='margin-bottom: 5px;'>Generaci\u00f3n de Energ\u00eda<\/li>\n<\/ul><\/div>\n<\/p><\/div>\n<\/p><\/div>\n<\/p><\/div>\n","protected":false},"excerpt":{"rendered":"<p>TERMINAL DE ANILLO NYLON PARA 12-10 AWG \/ COBRE \/ LENGUA DE DOBLE ESPESOR \/ AISLAMIENTO NYLON \/ ESTA\u00d1O \/ 600 V M\u00c1X \/ C\u00d3DIGO DE COLOR AMARILLO \/ ALTA VIBRACI\u00d3N<\/p>\n","protected":false},"featured_media":32,"comment_status":"open","ping_status":"closed","template":"","meta":[],"product_brand":[],"product_cat":[1095],"product_tag":[1158,1058,1096],"class_list":{"0":"post-38102","1":"product","2":"type-product","3":"status-publish","4":"has-post-thumbnail","6":"product_cat-terminales-y-conectores-electricos","7":"product_tag-burndy","8":"product_tag-ferreteria","9":"product_tag-terminales-y-conectores-electricos","11":"first","12":"outofstock","13":"sale","14":"shipping-taxable","15":"purchasable","16":"product-type-simple"},"_links":{"self":[{"href":"https:\/\/soydeaqui.ddns.net\/pachuca\/index.php\/wp-json\/wp\/v2\/product\/38102","targetHints":{"allow":["GET"]}}],"collection":[{"href":"https:\/\/soydeaqui.ddns.net\/pachuca\/index.php\/wp-json\/wp\/v2\/product"}],"about":[{"href":"https:\/\/soydeaqui.ddns.net\/pachuca\/index.php\/wp-json\/wp\/v2\/types\/product"}],"replies":[{"embeddable":true,"href":"https:\/\/soydeaqui.ddns.net\/pachuca\/index.php\/wp-json\/wp\/v2\/comments?post=38102"}],"wp:featuredmedia":[{"embeddable":true,"href":"https:\/\/soydeaqui.ddns.net\/pachuca\/index.php\/wp-json\/wp\/v2\/media\/32"}],"wp:attachment":[{"href":"https:\/\/soydeaqui.ddns.net\/pachuca\/index.php\/wp-json\/wp\/v2\/media?parent=38102"}],"wp:term":[{"taxonomy":"product_brand","embeddable":true,"href":"https:\/\/soydeaqui.ddns.net\/pachuca\/index.php\/wp-json\/wp\/v2\/product_brand?post=38102"},{"taxonomy":"product_cat","embeddable":true,"href":"https:\/\/soydeaqui.ddns.net\/pachuca\/index.php\/wp-json\/wp\/v2\/product_cat?post=38102"},{"taxonomy":"product_tag","embeddable":true,"href":"https:\/\/soydeaqui.ddns.net\/pachuca\/index.php\/wp-json\/wp\/v2\/product_tag?post=38102"}],"curies":[{"name":"wp","href":"https:\/\/api.w.org\/{rel}","templated":true}]}}