{"id":38101,"date":"2026-03-18T16:48:21","date_gmt":"2026-03-18T16:48:21","guid":{"rendered":"https:\/\/soydeaqui.ddns.net\/pachuca\/index.php\/producto\/kit-de-jumper-de-tierra-fisica-de-cobre-6-awg-fabricado-con-aislamiento-thw-y-terminales-de-dos-orificios-en-cada-extremo-30-cm-de-largo\/"},"modified":"2026-03-18T16:48:22","modified_gmt":"2026-03-18T16:48:22","slug":"kit-de-jumper-de-tierra-fisica-de-cobre-6-awg-fabricado-con-aislamiento-thw-y-terminales-de-dos-orificios-en-cada-extremo-30-cm-de-largo","status":"publish","type":"product","link":"https:\/\/soydeaqui.ddns.net\/pachuca\/index.php\/producto\/kit-de-jumper-de-tierra-fisica-de-cobre-6-awg-fabricado-con-aislamiento-thw-y-terminales-de-dos-orificios-en-cada-extremo-30-cm-de-largo\/","title":{"rendered":"Kit de Jumper de Tierra F\u00edsica, de Cobre 6 AWG, Fabricado con Aislamiento THW y Terminales de Dos Orificios en Cada Extremo, 30 cm de largo"},"content":{"rendered":"<div style='width: 100%; max-width: 1200px; margin: 0 auto; font-family: sans-serif; line-height: 1.6; color: inherit; background-color: transparent;'>\n<div style='display: flex; flex-wrap: wrap; gap: 30px; margin-bottom: 30px;'>\n<div style='flex: 1 1 300px; min-width: 280px;'>\n<p style='font-size: 15px; color: inherit; margin-top: 0; margin-bottom: 20px;'>El Kit de Puente de Tierra Aislado se fija a trav\u00e9s de los empalmes para proporcionar una conexi\u00f3n a tierra segura entre las secciones del rack de escalera. Est\u00e1 fabricado con cable de 7 hilos AWG n.\u00b0 6 con aislamiento THW verde y terminales de compresi\u00f3n de dos orificios en cada extremo. El kit tambi\u00e9n incluye fijaciones.<\/p>\n<\/div>\n<\/div>\n<div style='display: flex; flex-wrap: wrap; gap: 20px; margin-bottom: 30px;'>\n<div style='flex: 1 1 250px; border: 1px solid rgba(150&comma; 150&comma; 150&comma; 0.4); border-radius: 8px; overflow: hidden; display: flex; flex-direction: column;'>\n<div style='padding: 15px; border-bottom: 1px solid rgba(150&comma; 150&comma; 150&comma; 0.2); font-weight: bold; font-size: 18px; color: inherit;'>Especificaciones T\u00e9cnicas<\/div>\n<div style='padding: 15px; color: inherit;'>\n<ul style='padding-left: 20px; margin: 0; font-size: 14px; list-style-type: disc;'>\n<li style='margin-bottom: 5px;'><strong>Material:<\/strong> Cobre<\/li>\n<li style='margin-bottom: 5px;'><strong>Acabado:<\/strong> Esta\u00f1ado<\/li>\n<li style='margin-bottom: 5px;'><strong>Tipo de conductor:<\/strong> #6-7 trenzado<\/li>\n<li style='margin-bottom: 5px;'><strong>Grosor:<\/strong> 4.06 mm.<\/li>\n<li style='margin-bottom: 5px;'><strong>Peso:<\/strong> 0.04 kg.<\/li>\n<\/ul>\n<\/div>\n<\/div>\n<\/div>\n<\/div>\n","protected":false},"excerpt":{"rendered":"<p>Kit de Jumper de Tierra F\u00edsica, de Cobre 6 AWG, Fabricado con Aislamiento THW y Terminales de Dos Orificios en Cada Extremo, 30 cm de largo<\/p>\n","protected":false},"featured_media":38100,"comment_status":"open","ping_status":"closed","template":"","meta":[],"product_brand":[],"product_cat":[597],"product_tag":[93,593,698],"class_list":{"0":"post-38101","1":"product","2":"type-product","3":"status-publish","4":"has-post-thumbnail","6":"product_cat-accesorios-charola","7":"product_tag-accesorios","8":"product_tag-charola","9":"product_tag-hoffman","11":"first","12":"outofstock","13":"sale","14":"shipping-taxable","15":"purchasable","16":"product-type-simple"},"_links":{"self":[{"href":"https:\/\/soydeaqui.ddns.net\/pachuca\/index.php\/wp-json\/wp\/v2\/product\/38101","targetHints":{"allow":["GET"]}}],"collection":[{"href":"https:\/\/soydeaqui.ddns.net\/pachuca\/index.php\/wp-json\/wp\/v2\/product"}],"about":[{"href":"https:\/\/soydeaqui.ddns.net\/pachuca\/index.php\/wp-json\/wp\/v2\/types\/product"}],"replies":[{"embeddable":true,"href":"https:\/\/soydeaqui.ddns.net\/pachuca\/index.php\/wp-json\/wp\/v2\/comments?post=38101"}],"wp:featuredmedia":[{"embeddable":true,"href":"https:\/\/soydeaqui.ddns.net\/pachuca\/index.php\/wp-json\/wp\/v2\/media\/38100"}],"wp:attachment":[{"href":"https:\/\/soydeaqui.ddns.net\/pachuca\/index.php\/wp-json\/wp\/v2\/media?parent=38101"}],"wp:term":[{"taxonomy":"product_brand","embeddable":true,"href":"https:\/\/soydeaqui.ddns.net\/pachuca\/index.php\/wp-json\/wp\/v2\/product_brand?post=38101"},{"taxonomy":"product_cat","embeddable":true,"href":"https:\/\/soydeaqui.ddns.net\/pachuca\/index.php\/wp-json\/wp\/v2\/product_cat?post=38101"},{"taxonomy":"product_tag","embeddable":true,"href":"https:\/\/soydeaqui.ddns.net\/pachuca\/index.php\/wp-json\/wp\/v2\/product_tag?post=38101"}],"curies":[{"name":"wp","href":"https:\/\/api.w.org\/{rel}","templated":true}]}}