{"id":38093,"date":"2026-03-18T16:48:06","date_gmt":"2026-03-18T16:48:06","guid":{"rendered":"https:\/\/soydeaqui.ddns.net\/pachuca\/index.php\/producto\/terminal-de-compresion-de-cobre-estanado-pan-lug-lcc750-12-6\/"},"modified":"2026-03-18T16:48:11","modified_gmt":"2026-03-18T16:48:11","slug":"terminal-de-compresion-de-cobre-estanado-pan-lug-lcc750-12-6","status":"publish","type":"product","link":"https:\/\/soydeaqui.ddns.net\/pachuca\/index.php\/producto\/terminal-de-compresion-de-cobre-estanado-pan-lug-lcc750-12-6\/","title":{"rendered":"Terminal de Compresi\u00f3n de Cobre Esta\u00f1ado Pan-Lug\u2122 LCC750-12-6"},"content":{"rendered":"<div style='width: 100%; max-width: 1200px; margin: 0 auto; font-family: sans-serif; line-height: 1.6; color: inherit; background-color: transparent;'>\n<div style='margin-bottom: 30px;'>\n<p style='font-size: 17px; line-height: 1.6; margin: 0 0 20px; color: inherit;'>El conector Copper Lug &#8211; Two-Hole&comma; Long Barrel est\u00e1 dise\u00f1ado para aplicaciones el\u00e9ctricas de hasta 35 kV&comma; fabricado con tubo de cobre sin costura de alta conductividad y recubrimiento de electro-esta\u00f1o. Certificado por UL y C.S.A&comma; es apto para su uso con cables de cobre trenzado&comma; presentando un c\u00f3digo de color Panduit negro en el barril.<\/p>\n<\/p><\/div>\n<h2 style='font-size: 24px; font-weight: 600; margin: 0 0 20px; color: inherit; border-bottom: 2px solid currentColor; padding-bottom: 5px; opacity: 0.85;'>Especificaciones T\u00e9cnicas<\/h2>\n<div style='display: flex; flex-wrap: wrap; gap: 20px; margin-bottom: 30px;'>\n<div style='flex: 1 1 300px; min-width: 280px; border: 1px solid rgba(150&comma; 150&comma; 150&comma; 0.4); border-radius: 8px; overflow: hidden; display: flex; flex-direction: column;'>\n<div style='padding: 15px; border-bottom: 1px solid rgba(150&comma; 150&comma; 150&comma; 0.2); font-weight: bold; font-size: 18px; color: inherit;'>Caracter\u00edsticas Principales<\/div>\n<div style='padding: 15px; color: inherit;'>\n<ul style='padding-left: 20px; margin: 0; font-size: 14px; list-style-type: disc;'>\n<li style='margin-bottom: 5px;'><strong>Material:<\/strong> Alta conductividad&comma; tubo de cobre sin costura<\/li>\n<li style='margin-bottom: 5px;'><strong>Plating:<\/strong> Electro-Esta\u00f1o<\/li>\n<li style='margin-bottom: 5px;'><strong>Wire Size:<\/strong> 750 kcmil<\/li>\n<li style='margin-bottom: 5px;'><strong>Wire Type:<\/strong> Cobre trenzado; Clase B y C<\/li>\n<li style='margin-bottom: 5px;'><strong>Wire Strip Length:<\/strong> 2-15\/16 in<\/li>\n<li style='margin-bottom: 5px;'><strong>Stud Size:<\/strong> 1\/2 in<\/li>\n<\/ul><\/div>\n<\/p><\/div>\n<div style='flex: 1 1 300px; min-width: 280px; border: 1px solid rgba(150&comma; 150&comma; 150&comma; 0.4); border-radius: 8px; overflow: hidden; display: flex; flex-direction: column;'>\n<div style='padding: 15px; border-bottom: 1px solid rgba(150&comma; 150&comma; 150&comma; 0.2); font-weight: bold; font-size: 18px; color: inherit;'>Funcionalidades<\/div>\n<div style='padding: 15px; color: inherit;'>\n<ul style='padding-left: 20px; margin: 0; font-size: 14px; list-style-type: disc;'>\n<li style='margin-bottom: 5px;'><strong>Conector de Alambre Certificado UL<\/strong> para aplicaciones de hasta 35 kV<\/li>\n<li style='margin-bottom: 5px;'><strong>Clasificaci\u00f3n de Temperatura UL:<\/strong> 90 \u00b0C<\/li>\n<li style='margin-bottom: 5px;'><strong>Conector de Alambre Certificado C.S.A<\/strong><\/li>\n<li style='margin-bottom: 5px;'><strong>C\u00f3digo de Color Panduit en el Barril:<\/strong> Negro<\/li>\n<li style='margin-bottom: 5px;'><strong>Panduit Die Index No. en el Barril:<\/strong> P106<\/li>\n<li style='margin-bottom: 5px;'><strong>Alternate Industry Die Index No.:<\/strong> (24)<\/li>\n<\/ul><\/div>\n<\/p><\/div>\n<\/p><\/div>\n<h2 style='font-size: 24px; font-weight: 600; margin: 0 0 20px; color: inherit; border-bottom: 2px solid currentColor; padding-bottom: 5px; opacity: 0.85;'>Especificaciones Avanzadas<\/h2>\n<div style='display: flex; flex-wrap: wrap; gap: 20px; margin-bottom: 30px;'>\n<div style='flex: 1 1 300px; min-width: 280px; border: 1px solid rgba(150&comma; 150&comma; 150&comma; 0.4); border-radius: 8px; overflow: hidden; display: flex; flex-direction: column;'>\n<div style='padding: 15px; border-bottom: 1px solid rgba(150&comma; 150&comma; 150&comma; 0.2); font-weight: bold; font-size: 18px; color: inherit;'>Interfaces y Conectividad<\/div>\n<div style='padding: 15px; color: inherit;'>\n<ul style='padding-left: 20px; margin: 0; font-size: 14px; list-style-type: disc;'>\n<li style='margin-bottom: 5px;'><strong>Aplicaciones de Voltaje:<\/strong> Hasta 35 kV<\/li>\n<\/ul><\/div>\n<\/p><\/div>\n<div style='flex: 1 1 300px; min-width: 280px; border: 1px solid rgba(150&comma; 150&comma; 150&comma; 0.4); border-radius: 8px; overflow: hidden; display: flex; flex-direction: column;'>\n<div style='padding: 15px; border-bottom: 1px solid rgba(150&comma; 150&comma; 150&comma; 0.2); font-weight: bold; font-size: 18px; color: inherit;'>Requisitos y Compatibilidad<\/div>\n<div style='padding: 15px; color: inherit;'>\n<ul style='padding-left: 20px; margin: 0; font-size: 14px; list-style-type: disc;'>\n<li style='margin-bottom: 5px;'><strong>Certificaciones:<\/strong> UL&comma; C.S.A<\/li>\n<li style='margin-bottom: 5px;'><strong>Fecha de Liberaci\u00f3n del Documento:<\/strong> 12\/02<\/li>\n<li style='margin-bottom: 5px;'><strong>N\u00famero de Documento:<\/strong> 10333<\/li>\n<\/ul><\/div>\n<\/p><\/div>\n<\/p><\/div>\n<h2 style='font-size: 24px; font-weight: 600; margin: 0 0 20px; color: inherit; border-bottom: 2px solid currentColor; padding-bottom: 5px; opacity: 0.85;'>Aplicaciones y Casos de Uso<\/h2>\n<div style='display: flex; flex-wrap: wrap; gap: 20px; margin-bottom: 30px;'>\n<div style='flex: 1 1 300px; min-width: 280px; border: 1px solid rgba(150&comma; 150&comma; 150&comma; 0.4); border-radius: 8px; overflow: hidden; display: flex; flex-direction: column;'>\n<div style='padding: 15px; border-bottom: 1px solid rgba(150&comma; 150&comma; 150&comma; 0.2); font-weight: bold; font-size: 18px; color: inherit;'>Aplicaciones El\u00e9ctricas<\/div>\n<div style='padding: 15px; color: inherit;'>\n<ul style='padding-left: 20px; margin: 0; font-size: 14px; list-style-type: disc;'>\n<li style='margin-bottom: 5px;'>Conectores utilizados en sistemas de hasta 35 kV<\/li>\n<li style='margin-bottom: 5px;'>Instalaciones con cables de cobre trenzado de distintos tipos<\/li>\n<\/ul><\/div>\n<\/p><\/div>\n<div style='flex: 1 1 300px; min-width: 280px; border: 1px solid rgba(150&comma; 150&comma; 150&comma; 0.4); border-radius: 8px; overflow: hidden; display: flex; flex-direction: column;'>\n<div style='padding: 15px; border-bottom: 1px solid rgba(150&comma; 150&comma; 150&comma; 0.2); font-weight: bold; font-size: 18px; color: inherit;'>Casos de Uso T\u00e9cnicos<\/div>\n<div style='padding: 15px; color: inherit;'>\n<ul style='padding-left: 20px; margin: 0; font-size: 14px; list-style-type: disc;'>\n<li style='margin-bottom: 5px;'>Sistemas el\u00e9ctricos que requieren conexiones certificadas por UL y C.S.A<\/li>\n<li style='margin-bottom: 5px;'>Proyectos que necesitan cumplir con est\u00e1ndares espec\u00edficos de coloraci\u00f3n y configuraci\u00f3n<\/li>\n<\/ul><\/div>\n<\/p><\/div>\n<\/p><\/div>\n<\/p><\/div>\n","protected":false},"excerpt":{"rendered":"<p>Terminal de Compresi\u00f3n de Cobre Esta\u00f1ado Pan-Lug\u2122 LCC750-12-6<\/p>\n","protected":false},"featured_media":38092,"comment_status":"open","ping_status":"closed","template":"","meta":[],"product_brand":[],"product_cat":[1122],"product_tag":[1066,1123,445],"class_list":{"0":"post-38093","1":"product","2":"type-product","3":"status-publish","4":"has-post-thumbnail","6":"product_cat-cableado-electrico","7":"product_tag-area-electrica","8":"product_tag-cableado-electrico","9":"product_tag-panduit","11":"first","12":"outofstock","13":"sale","14":"shipping-taxable","15":"purchasable","16":"product-type-simple"},"_links":{"self":[{"href":"https:\/\/soydeaqui.ddns.net\/pachuca\/index.php\/wp-json\/wp\/v2\/product\/38093","targetHints":{"allow":["GET"]}}],"collection":[{"href":"https:\/\/soydeaqui.ddns.net\/pachuca\/index.php\/wp-json\/wp\/v2\/product"}],"about":[{"href":"https:\/\/soydeaqui.ddns.net\/pachuca\/index.php\/wp-json\/wp\/v2\/types\/product"}],"replies":[{"embeddable":true,"href":"https:\/\/soydeaqui.ddns.net\/pachuca\/index.php\/wp-json\/wp\/v2\/comments?post=38093"}],"wp:featuredmedia":[{"embeddable":true,"href":"https:\/\/soydeaqui.ddns.net\/pachuca\/index.php\/wp-json\/wp\/v2\/media\/38092"}],"wp:attachment":[{"href":"https:\/\/soydeaqui.ddns.net\/pachuca\/index.php\/wp-json\/wp\/v2\/media?parent=38093"}],"wp:term":[{"taxonomy":"product_brand","embeddable":true,"href":"https:\/\/soydeaqui.ddns.net\/pachuca\/index.php\/wp-json\/wp\/v2\/product_brand?post=38093"},{"taxonomy":"product_cat","embeddable":true,"href":"https:\/\/soydeaqui.ddns.net\/pachuca\/index.php\/wp-json\/wp\/v2\/product_cat?post=38093"},{"taxonomy":"product_tag","embeddable":true,"href":"https:\/\/soydeaqui.ddns.net\/pachuca\/index.php\/wp-json\/wp\/v2\/product_tag?post=38093"}],"curies":[{"name":"wp","href":"https:\/\/api.w.org\/{rel}","templated":true}]}}