{"id":38091,"date":"2026-03-18T16:48:05","date_gmt":"2026-03-18T16:48:05","guid":{"rendered":"https:\/\/soydeaqui.ddns.net\/pachuca\/index.php\/producto\/modulo-solar-hi-mo-x10-645-w-53-8-vcc-monocristalino-hpbc\/"},"modified":"2026-03-18T16:48:05","modified_gmt":"2026-03-18T16:48:05","slug":"modulo-solar-hi-mo-x10-645-w-53-8-vcc-monocristalino-hpbc","status":"publish","type":"product","link":"https:\/\/soydeaqui.ddns.net\/pachuca\/index.php\/producto\/modulo-solar-hi-mo-x10-645-w-53-8-vcc-monocristalino-hpbc\/","title":{"rendered":"Modulo Solar HI-MO X10,  645 W, 53.8 Vcc, Monocristalino HPBC"},"content":{"rendered":"<div style='width: 100%; max-width: 1200px; margin: 0 auto; font-family: sans-serif; line-height: 1.6; color: inherit; background-color: transparent;'> <!-- Secci\u00f3n de caracter\u00edsticas --> <\/p>\n<div style='display: flex; flex-direction: column; gap: 30px; margin-bottom: 30px;'>\n<div style='flex: 1 1 300px; min-width: 280px;'> <img style='width: 100%; height: auto; border: 1px solid rgba(150&comma;150&comma;150&comma;0.3); border-radius: 8px;' src='https:\/\/static.longi.com\/Hi_MO_X10_06_f6bec6bc7e.jpg' alt=''> <\/p>\n<h3 style='font-size: 22px; border-bottom: 2px solid currentColor; padding-bottom: 5px; margin-top: 0; color: inherit; opacity: 0.8;'>Mayor absorci\u00f3n de luz<\/h3>\n<p style='font-size: 15px; color: inherit;'> Nuestros paneles extraen m\u00e1s energ\u00eda de cada rayo de sol gracias a nuestra tecnolog\u00eda mejorada back contact de segunda generaci\u00f3n&comma; HPBC 2.0&comma; y a la nueva oblea TaiRay. Esto se traduce en una mayor eficiencia&comma; una alta resistencia y una longevidad sin igual&comma; incluso en climas dif\u00edciles. <\/p>\n<\/p><\/div>\n<div style='flex: 1 1 300px; min-width: 280px;'>\n<h3 style='font-size: 22px; border-bottom: 2px solid currentColor; padding-bottom: 5px; margin-top: 0; color: inherit; opacity: 0.8;'>Mayor producci\u00f3n de energ\u00eda<\/h3>\n<p style='font-size: 15px; color: inherit;'> M\u00e1s potencia y menos p\u00e9rdida de energ\u00eda gracias a nuestra nueva tecnolog\u00eda: la pasivaci\u00f3n h\u00edbrida bipolar aumenta el voltaje de cada c\u00e9lula 745 mV&comma; lo que aumenta la eficiencia general del panel. Obt\u00e9n m\u00e1s energ\u00eda de cada panel&comma; ahorra dinero y s\u00e9 m\u00e1s independiente desde el punto de vista energ\u00e9tico. <\/p>\n<\/p><\/div>\n<div style='flex: 1 1 300px; min-width: 280px;'>\n<h3 style='font-size: 22px; border-bottom: 2px solid currentColor; padding-bottom: 5px; margin-top: 0; color: inherit; opacity: 0.8;'>Buen rendimiento con poca luz<\/h3>\n<p style='font-size: 15px; color: inherit;'> Los m\u00f3dulos back contact de LONGi se despiertan temprano y se acuestan tarde. Esto se debe a su alta eficiencia de c\u00e9lula. Est\u00e1n dise\u00f1ados para capturar m\u00e1s energ\u00eda de la misma cantidad de luz solar disponible&comma; incluso en condiciones de poca luz. Como resultado&comma; superan a los m\u00f3dulos solares convencionales. <\/p>\n<\/p><\/div>\n<div style='flex: 1 1 300px; min-width: 280px;'>\n<h3 style='font-size: 22px; border-bottom: 2px solid currentColor; padding-bottom: 5px; margin-top: 0; color: inherit; opacity: 0.8;'>Altamente confiable<\/h3>\n<p style='font-size: 15px; color: inherit;'> Nuestras nuevas obleas TaiRay son particularmente resistentes. Su resistencia a la flexi\u00f3n es un 16% mayor que la de las obleas convencionales. Por lo tanto&comma; la probabilidad de grietas ocultas se reduce en m\u00e1s de un 80%&comma; lo que se traduce en un rendimiento m\u00e1s s\u00f3lido y duradero para tu proyecto. <\/p>\n<\/p><\/div>\n<div style='flex: 1 1 300px; min-width: 280px;'>\n<h3 style='font-size: 22px; border-bottom: 2px solid currentColor; padding-bottom: 5px; margin-top: 0; color: inherit; opacity: 0.8;'>La est\u00e9tica y el rendimiento se dan la mano<\/h3>\n<p style='font-size: 15px; color: inherit;'> El dise\u00f1o Zero Busbar (0BB) no solo crea una apariencia impecable y minimalista&comma; sino que tambi\u00e9n elimina cualquier obstrucci\u00f3n que pueda bloquear la luz solar entrante. El resultado es una mayor absorci\u00f3n de energ\u00eda&comma; una mayor longevidad debido a la reducci\u00f3n de la tensi\u00f3n mec\u00e1nica y una mayor vida \u00fatil general del panel. <\/p>\n<\/p><\/div>\n<div style='flex: 1 1 300px; min-width: 280px;'>\n<h3 style='font-size: 22px; border-bottom: 2px solid currentColor; padding-bottom: 5px; margin-top: 0; color: inherit; opacity: 0.8;'>Sin miedo a las altas temperaturas<\/h3>\n<p style='font-size: 15px; color: inherit;'> El coeficiente de temperatura de -0&comma;26% \/\u00b0C permite un mejor rendimiento de generaci\u00f3n de energ\u00eda a altas temperaturas. Con el Hi-MO X10&comma; la generaci\u00f3n de energ\u00eda de un solo vatio ha aumentado un 3% en comparaci\u00f3n con TOPCon. <\/p>\n<\/p><\/div>\n<\/p><\/div>\n<p> <!-- Secci\u00f3n de cards con especificaciones --> <\/p>\n<div style='display: flex; flex-wrap: wrap; gap: 20px; margin-bottom: 30px;'>\n<div style='flex: 1 1 250px; border: 1px solid rgba(150&comma; 150&comma; 150&comma; 0.4); border-radius: 8px; overflow: hidden; display: flex; flex-direction: column;'>\n<div style='padding: 15px; border-bottom: 1px solid rgba(150&comma; 150&comma; 150&comma; 0.2); font-weight: bold; font-size: 18px; color: inherit;'>Confiabilidad mejorada y degradaci\u00f3n reducida<\/div>\n<div style='padding: 15px; color: inherit;'>\n<p style='font-size: 14px; margin-bottom: 5px; color: inherit;'> Nuestras obleas TaiRay de alta resistencia ofrecen un 16% m\u00e1s de resistencia a la flexi\u00f3n que las obleas convencionales&comma; lo que reduce el riesgo de grietas ocultas en m\u00e1s del 80%. Esto se traduce en un rendimiento m\u00e1s s\u00f3lido y duradero para tu proyecto. <\/p>\n<\/p><\/div>\n<\/p><\/div>\n<div style='flex: 1 1 250px; border: 1px solid rgba(150&comma; 150&comma; 150&comma; 0.4); border-radius: 8px; overflow: hidden; display: flex; flex-direction: column;'>\n<div style='padding: 15px; border-bottom: 1px solid rgba(150&comma; 150&comma; 150&comma; 0.2); font-weight: bold; font-size: 18px; color: inherit;'>Coeficiente de temperatura mejorado<\/div>\n<div style='padding: 15px; color: inherit;'>\n<p style='font-size: 14px; margin-bottom: 5px; color: inherit;'> Con un coeficiente de temperatura de -0&comma;26% \/\u2103&comma; los paneles Hi-MO X10 mantienen una mejor generaci\u00f3n de energ\u00eda en climas de alta temperatura&comma; lo que mejora la confiabilidad y el rendimiento energ\u00e9tico. <\/p>\n<\/p><\/div>\n<\/p><\/div>\n<\/p><\/div>\n<p> <!-- Secci\u00f3n de especificaciones t\u00e9cnicas --> <\/p>\n<div style='display: flex; flex-wrap: wrap; gap: 20px; margin-bottom: 30px;'>\n<div style='flex: 1 1 250px; border: 1px solid rgba(150&comma; 150&comma; 150&comma; 0.4); border-radius: 8px; overflow: hidden; display: flex; flex-direction: column;'>\n<div style='padding: 15px; border-bottom: 1px solid rgba(150&comma; 150&comma; 150&comma; 0.2); font-weight: bold; font-size: 18px; color: inherit;'>Especificaciones mec\u00e1nicas<\/div>\n<div style='padding: 15px; color: inherit;'>\n<ul style='padding-left: 20px; margin: 0; font-size: 14px; list-style-type: disc;'>\n<li style='margin-bottom: 5px;'><strong>Distribuci\u00f3n de las celdas:<\/strong> 144 (6X24)<\/li>\n<li style='margin-bottom: 5px;'><strong>Caja de conexiones:<\/strong> Caja de conexiones dividida&comma; IP68<\/li>\n<li style='margin-bottom: 5px;'><strong>Peso:<\/strong> 28.5 kg<\/li>\n<li style='margin-bottom: 5px;'><strong>Dimensi\u00f3n:<\/strong> 2382x1134x30 mm<\/li>\n<li style='margin-bottom: 5px;'><strong>Embalaje:<\/strong> 36 piezas por palet&comma; 144 piezas\/20GP&comma; 720 piezas\/40HC<\/li>\n<\/ul><\/div>\n<\/p><\/div>\n<div style='flex: 1 1 250px; border: 1px solid rgba(150&comma; 150&comma; 150&comma; 0.4); border-radius: 8px; overflow: hidden; display: flex; flex-direction: column;'>\n<div style='padding: 15px; border-bottom: 1px solid rgba(150&comma; 150&comma; 150&comma; 0.2); font-weight: bold; font-size: 18px; color: inherit;'>Especificaciones el\u00e9ctricas<\/div>\n<div style='padding: 15px; color: inherit;'>\n<ul style='padding-left: 20px; margin: 0; font-size: 14px; list-style-type: disc;'>\n<li style='margin-bottom: 5px;'><strong>Potencia M\u00e1xima:<\/strong> 645 W<\/li>\n<li style='margin-bottom: 5px;'><strong>Tolerancia de Potencia:<\/strong> 0~5 W<\/li>\n<li style='margin-bottom: 5px;'><strong>Eficiencia del M\u00f3dulo:<\/strong> 23.9%<\/li>\n<li style='margin-bottom: 5px;'><strong>M\u00e1xima Capacidad de Voltaje (Vmp):<\/strong> 44.46 V<\/li>\n<li style='margin-bottom: 5px;'><strong>M\u00e1xima Capacidad de Corriente (Imp):<\/strong> 14.51 A<\/li>\n<li style='margin-bottom: 5px;'><strong>Voltaje de Circuito Abierto (Voc):<\/strong> 53.8 V<\/li>\n<\/ul><\/div>\n<\/p><\/div>\n<\/p><\/div>\n<p> <!-- Secci\u00f3n de beneficios --> <\/p>\n<div style='display: flex; flex-wrap: wrap; gap: 30px; margin-bottom: 30px;'>\n<div style='flex: 1 1 250px; min-width: 220px;'> <img style='width: 72px; height: 72px; border: 1px solid rgba(150&comma;150&comma;150&comma;0.3); border-radius: 8px;' src='https:\/\/static.longi.com\/1_6012705834.png' alt=''> <\/p>\n<h4 style='font-size: 18px; margin-top: 10px; margin-bottom: 5px; color: inherit;'>Mayor Eficiencia<\/h4>\n<p style='font-size: 14px; color: inherit;'> La eficiencia de la celda HPBC 2.0&comma; 40W m\u00e1s que otros m\u00f3dulos. <\/p>\n<\/p><\/div>\n<div style='flex: 1 1 250px; min-width: 220px;'> <img style='width: 72px; height: 72px; border: 1px solid rgba(150&comma;150&comma;150&comma;0.3); border-radius: 8px;' src='https:\/\/static.longi.com\/1_fafec785b3.png' alt=''> <\/p>\n<h4 style='font-size: 18px; margin-top: 10px; margin-bottom: 5px; color: inherit;'>Menor degradaci\u00f3n<\/h4>\n<p style='font-size: 14px; color: inherit;'> Solo <strong>1% el primer a\u00f1o<\/strong> y <strong>0.35% anual<\/strong>. <\/p>\n<\/p><\/div>\n<div style='flex: 1 1 250px; min-width: 220px;'> <img style='width: 72px; height: 72px; border: 1px solid rgba(150&comma;150&comma;150&comma;0.3); border-radius: 8px;' src='https:\/\/static.longi.com\/1_0528524109.png' alt=''> <\/p>\n<h4 style='font-size: 18px; margin-top: 10px; margin-bottom: 5px; color: inherit;'>Mayor resistencia<\/h4>\n<p style='font-size: 14px; color: inherit;'> Hasta <strong>16% m\u00e1s fuerte<\/strong> que los wafers tradicionales. <\/p>\n<\/p><\/div>\n<div style='flex: 1 1 250px; min-width: 220px;'> <img style='width: 72px; height: 72px; border: 1px solid rgba(150&comma;150&comma;150&comma;0.3); border-radius: 8px;' src='https:\/\/static.longi.com\/1_f634296284.png' alt=''> <\/p>\n<h4 style='font-size: 18px; margin-top: 10px; margin-bottom: 5px; color: inherit;'>Protecci\u00f3n avanzada contra sombras y hotspots<\/h4>\n<p style='font-size: 14px; color: inherit;'> Ideal para climas extremos como M\u00e9xico. <\/p>\n<\/p><\/div>\n<\/p><\/div>\n<p> <!-- Secci\u00f3n de tecnolog\u00eda --> <\/p>\n<div style='display: flex; flex-direction: column; gap: 30px; margin-bottom: 30px;'>\n<div style='flex: 1 1 300px; min-width: 280px;'>\n<h3 style='font-size: 22px; border-bottom: 2px solid currentColor; padding-bottom: 5px; margin-top: 0; color: inherit; opacity: 0.8;'>Soldadura back contact de una l\u00ednea<\/h3>\n<p style='font-size: 15px; color: inherit;'> Nuestro m\u00e9todo patentado de soldadura back contact de una l\u00ednea reduce significativamente la tensi\u00f3n en el borde de la c\u00e9lula en 26 MPa&comma; lo que mejora la estabilidad del panel y reduce el riesgo de microfisuras. <\/p>\n<\/p><\/div>\n<div style='flex: 1 1 300px; min-width: 280px;'>\n<h3 style='font-size: 22px; border-bottom: 2px solid currentColor; padding-bottom: 5px; margin-top: 0; color: inherit; opacity: 0.8;'>Encapsulaci\u00f3n POE<\/h3>\n<p style='font-size: 15px; color: inherit;'> La tecnolog\u00eda de encapsulaci\u00f3n POE mejorada proporciona a los paneles Hi-MO X10 una protecci\u00f3n superior contra la humedad y la exposici\u00f3n a los rayos UV&comma; lo que garantiza una durabilidad y un rendimiento a largo plazo. <\/p>\n<\/p><\/div>\n<\/p><\/div>\n<p> <!-- Imagen final --> <\/p>\n<div style='margin: 30px 0;'> <img style='width: 100%; height: auto; border: 1px solid rgba(150&comma;150&comma;150&comma;0.3); border-radius: 8px;' src='https:\/\/static.longi.com\/product_en_1134_487_20ebc6bd40.jpg' alt=''> <\/div>\n<p> <!-- Separador --> <\/p>\n<hr style='border: 0; border-top: 1px solid rgba(150&comma; 150&comma; 150&comma; 0.3); margin: 30px 0;'> <\/div>\n","protected":false},"excerpt":{"rendered":"<p>Modulo Solar HI-MO X10,  645 W, 53.8 Vcc, Monocristalino HPBC<\/p>\n","protected":false},"featured_media":38090,"comment_status":"open","ping_status":"closed","template":"","meta":[],"product_brand":[],"product_cat":[1152],"product_tag":[964,1154,1153],"class_list":{"0":"post-38091","1":"product","2":"type-product","3":"status-publish","4":"has-post-thumbnail","6":"product_cat-modulos-solares","7":"product_tag-energia-solar","8":"product_tag-longi","9":"product_tag-modulos-solares","11":"first","12":"instock","13":"sale","14":"shipping-taxable","15":"purchasable","16":"product-type-simple"},"_links":{"self":[{"href":"https:\/\/soydeaqui.ddns.net\/pachuca\/index.php\/wp-json\/wp\/v2\/product\/38091","targetHints":{"allow":["GET"]}}],"collection":[{"href":"https:\/\/soydeaqui.ddns.net\/pachuca\/index.php\/wp-json\/wp\/v2\/product"}],"about":[{"href":"https:\/\/soydeaqui.ddns.net\/pachuca\/index.php\/wp-json\/wp\/v2\/types\/product"}],"replies":[{"embeddable":true,"href":"https:\/\/soydeaqui.ddns.net\/pachuca\/index.php\/wp-json\/wp\/v2\/comments?post=38091"}],"wp:featuredmedia":[{"embeddable":true,"href":"https:\/\/soydeaqui.ddns.net\/pachuca\/index.php\/wp-json\/wp\/v2\/media\/38090"}],"wp:attachment":[{"href":"https:\/\/soydeaqui.ddns.net\/pachuca\/index.php\/wp-json\/wp\/v2\/media?parent=38091"}],"wp:term":[{"taxonomy":"product_brand","embeddable":true,"href":"https:\/\/soydeaqui.ddns.net\/pachuca\/index.php\/wp-json\/wp\/v2\/product_brand?post=38091"},{"taxonomy":"product_cat","embeddable":true,"href":"https:\/\/soydeaqui.ddns.net\/pachuca\/index.php\/wp-json\/wp\/v2\/product_cat?post=38091"},{"taxonomy":"product_tag","embeddable":true,"href":"https:\/\/soydeaqui.ddns.net\/pachuca\/index.php\/wp-json\/wp\/v2\/product_tag?post=38091"}],"curies":[{"name":"wp","href":"https:\/\/api.w.org\/{rel}","templated":true}]}}