{"id":3801,"date":"2026-03-18T06:12:02","date_gmt":"2026-03-18T06:12:02","guid":{"rendered":"https:\/\/soydeaqui.ddns.net\/pachuca\/index.php\/producto\/boton-cancelador-de-llamada-iluminado-con-lector-rfid-125-khz-bus-rs485-compatible-con-nx0019-b-nx0015-y-nx1021\/"},"modified":"2026-03-18T06:12:04","modified_gmt":"2026-03-18T06:12:04","slug":"boton-cancelador-de-llamada-iluminado-con-lector-rfid-125-khz-bus-rs485-compatible-con-nx0019-b-nx0015-y-nx1021","status":"publish","type":"product","link":"https:\/\/soydeaqui.ddns.net\/pachuca\/index.php\/producto\/boton-cancelador-de-llamada-iluminado-con-lector-rfid-125-khz-bus-rs485-compatible-con-nx0019-b-nx0015-y-nx1021\/","title":{"rendered":"Bot\u00f3n Cancelador de Llamada Iluminado con Lector RFID 125 KHz, BUS RS485, Compatible con NX0019\/B, NX0015 Y NX1021"},"content":{"rendered":"<div style='width: 100%; max-width: 1200px; margin: 0 auto; font-family: sans-serif; line-height: 1.6; color: inherit; background-color: transparent;'> <!-- Secci\u00f3n de descripci\u00f3n --> <\/p>\n<div style='margin-bottom: 30px;'>\n<h2 style='font-size: 20px; color: inherit; margin-top: 0; margin-bottom: 15px;'>CANCELADOR DE LLAMADA CON LECTOR RFID CON BOT\u00d3N ILUMINADO<\/h2>\n<p style='font-size: 14px; margin-bottom: 20px;'>El bot\u00f3n iluminado permite registrar la presencia del personal en las habitaciones mediante la pulsaci\u00f3n del bot\u00f3n verde. La se\u00f1alizaci\u00f3n luminosa de la tecla indica la presencia del personal sanitario en la habitaci\u00f3n. Incluye un lector de tarjetas RFID para facilitar el registro de la presencia de personal.<\/p>\n<\/p><\/div>\n<p> <!-- Secci\u00f3n de caracter\u00edsticas principales --> <\/p>\n<div style='display: flex; flex-wrap: wrap; gap: 20px; margin-bottom: 30px;'>\n<div style='flex: 1 1 250px; border: 1px solid rgba(150&comma; 150&comma; 150&comma; 0.4); border-radius: 8px; overflow: hidden; display: flex; flex-direction: column;'>\n<div style='padding: 15px; border-bottom: 1px solid rgba(150&comma; 150&comma; 150&comma; 0.2); font-weight: bold; font-size: 18px; color: inherit;'>Caracter\u00edsticas Principales<\/div>\n<div style='padding: 15px; color: inherit;'>\n<ul style='padding-left: 20px; margin: 0; font-size: 14px; list-style-type: disc;'>\n<li style='margin-bottom: 5px;'>Alimentaci\u00f3n 12VDC<\/li>\n<li style='margin-bottom: 5px;'>RFID 125KHz con alcance de 4 a 6 cm<\/li>\n<li style='margin-bottom: 5px;'>RFID Mifare con alcance de 2 a 3 cm<\/li>\n<li style='margin-bottom: 5px;'>Comunicaci\u00f3n por bus RS485<\/li>\n<li style='margin-bottom: 5px;'>Montaje empotrado<\/li>\n<\/ul><\/div>\n<\/p><\/div>\n<p> <!-- Secci\u00f3n de especificaciones t\u00e9cnicas --> <\/p>\n<div style='flex: 1 1 250px; border: 1px solid rgba(150&comma; 150&comma; 150&comma; 0.4); border-radius: 8px; overflow: hidden; display: flex; flex-direction: column;'>\n<div style='padding: 15px; border-bottom: 1px solid rgba(150&comma; 150&comma; 150&comma; 0.2); font-weight: bold; font-size: 18px; color: inherit;'>Especificaciones T\u00e9cnicas<\/div>\n<div style='padding: 15px; color: inherit;'>\n<ul style='padding-left: 20px; margin: 0; font-size: 14px; list-style-type: disc;'>\n<li style='margin-bottom: 5px;'><strong>Alimentaci\u00f3n:<\/strong> Nominal 12Vdc. M\u00e1ximo 15Vdc. M\u00ednimo 9Vdc<\/li>\n<li style='margin-bottom: 5px;'><strong>Consumo:<\/strong> En reposo 22mA; m\u00e1ximo 57mA<\/li>\n<li style='margin-bottom: 5px;'><strong>Comunicaci\u00f3n:<\/strong> Bus RS485<\/li>\n<li style='margin-bottom: 5px;'><strong>RFID:<\/strong> 125kHz solo lectura<\/li>\n<li style='margin-bottom: 5px;'><strong>Dimensiones:<\/strong> 44x44x46mm<\/li>\n<\/ul><\/div>\n<\/p><\/div>\n<p> <!-- Secci\u00f3n de funcionalidades --> <\/p>\n<div style='flex: 1 1 250px; border: 1px solid rgba(150&comma; 150&comma; 150&comma; 0.4); border-radius: 8px; overflow: hidden; display: flex; flex-direction: column;'>\n<div style='padding: 15px; border-bottom: 1px solid rgba(150&comma; 150&comma; 150&comma; 0.2); font-weight: bold; font-size: 18px; color: inherit;'>Funcionalidades<\/div>\n<div style='padding: 15px; color: inherit;'>\n<ul style='padding-left: 20px; margin: 0; font-size: 14px; list-style-type: disc;'>\n<li style='margin-bottom: 5px;'>1 tecla iluminada con realimentaci\u00f3n t\u00e1ctil y audible<\/li>\n<li style='margin-bottom: 5px;'>Se\u00f1alizaci\u00f3n ac\u00fastica<\/li>\n<li style='margin-bottom: 5px;'>Cancelar alarmas<\/li>\n<li style='margin-bottom: 5px;'>Presencia enfermera<\/li>\n<li style='margin-bottom: 5px;'>Registrar presencia en habitaci\u00f3n a trav\u00e9s de lector RFID<\/li>\n<\/ul><\/div>\n<\/p><\/div>\n<\/p><\/div>\n<p> <!-- Secci\u00f3n de conexi\u00f3n --> <\/p>\n<div style='margin-bottom: 30px;'>\n<h3 style='font-size: 18px; border-bottom: 2px solid currentColor; padding-bottom: 5px; margin-top: 0; color: inherit; opacity: 0.8;'>Conexi\u00f3n<\/h3>\n<p style='font-size: 14px; margin-bottom: 10px;'>Se cablea mediante UTP al bus (1 par para alimentaci\u00f3n y 1 par para RS485).<\/p>\n<\/p><\/div>\n<p> <!-- Separador --> <\/p>\n<hr style='border: 0; border-top: 1px solid rgba(150&comma; 150&comma; 150&comma; 0.3); margin: 30px 0;'> <\/div>\n","protected":false},"excerpt":{"rendered":"<p>Bot\u00f3n Cancelador de Llamada Iluminado con Lector RFID 125 KHz, BUS RS485, Compatible con NX0019\/B, NX0015 Y NX1021<\/p>\n","protected":false},"featured_media":3800,"comment_status":"open","ping_status":"closed","template":"","meta":[],"product_brand":[],"product_cat":[151],"product_tag":[152,153,126],"class_list":{"0":"post-3801","1":"product","2":"type-product","3":"status-publish","4":"has-post-thumbnail","6":"product_cat-atencion-sociosanitaria","7":"product_tag-atencion-sociosanitaria","8":"product_tag-ibernex","9":"product_tag-sistemas-de-emergencia","11":"first","12":"outofstock","13":"sale","14":"shipping-taxable","15":"purchasable","16":"product-type-simple"},"_links":{"self":[{"href":"https:\/\/soydeaqui.ddns.net\/pachuca\/index.php\/wp-json\/wp\/v2\/product\/3801","targetHints":{"allow":["GET"]}}],"collection":[{"href":"https:\/\/soydeaqui.ddns.net\/pachuca\/index.php\/wp-json\/wp\/v2\/product"}],"about":[{"href":"https:\/\/soydeaqui.ddns.net\/pachuca\/index.php\/wp-json\/wp\/v2\/types\/product"}],"replies":[{"embeddable":true,"href":"https:\/\/soydeaqui.ddns.net\/pachuca\/index.php\/wp-json\/wp\/v2\/comments?post=3801"}],"wp:featuredmedia":[{"embeddable":true,"href":"https:\/\/soydeaqui.ddns.net\/pachuca\/index.php\/wp-json\/wp\/v2\/media\/3800"}],"wp:attachment":[{"href":"https:\/\/soydeaqui.ddns.net\/pachuca\/index.php\/wp-json\/wp\/v2\/media?parent=3801"}],"wp:term":[{"taxonomy":"product_brand","embeddable":true,"href":"https:\/\/soydeaqui.ddns.net\/pachuca\/index.php\/wp-json\/wp\/v2\/product_brand?post=3801"},{"taxonomy":"product_cat","embeddable":true,"href":"https:\/\/soydeaqui.ddns.net\/pachuca\/index.php\/wp-json\/wp\/v2\/product_cat?post=3801"},{"taxonomy":"product_tag","embeddable":true,"href":"https:\/\/soydeaqui.ddns.net\/pachuca\/index.php\/wp-json\/wp\/v2\/product_tag?post=3801"}],"curies":[{"name":"wp","href":"https:\/\/api.w.org\/{rel}","templated":true}]}}