{"id":380,"date":"2026-03-18T05:39:09","date_gmt":"2026-03-18T05:39:09","guid":{"rendered":"https:\/\/soydeaqui.ddns.net\/pachuca\/index.php\/producto\/panel-de-alarma-con-modulo-protakeover-para-diferentes-marcas-serie-5800-2gig-iti-bosh-y-dsc\/"},"modified":"2026-03-18T05:39:09","modified_gmt":"2026-03-18T05:39:09","slug":"panel-de-alarma-con-modulo-protakeover-para-diferentes-marcas-serie-5800-2gig-iti-bosh-y-dsc","status":"publish","type":"product","link":"https:\/\/soydeaqui.ddns.net\/pachuca\/index.php\/producto\/panel-de-alarma-con-modulo-protakeover-para-diferentes-marcas-serie-5800-2gig-iti-bosh-y-dsc\/","title":{"rendered":"Panel de Alarma con Modulo PROTAKEOVER para diferentes marcas, serie 5800, 2GIG, ITI, BOSH y DSC"},"content":{"rendered":"<div style='width: 100%; max-width: 1200px; margin: 0 auto; font-family: sans-serif; line-height: 1.6; color: inherit; background-color: transparent;'> <!-- T\u00edtulos destacados --> <\/p>\n<div style='display: flex; flex-wrap: wrap; gap: 15px; margin-bottom: 30px;'>\n<div style='flex: 1 1 300px; min-width: 280px;'>\n<h3 style='font-size: 20px; border-bottom: 2px solid currentColor; padding-bottom: 5px; margin-top: 0; color: inherit; opacity: 0.8; font-weight: bold;'>TODA NUESTRA TECNOLOG\u00cdA<\/h3>\n<\/p><\/div>\n<div style='flex: 1 1 300px; min-width: 280px;'>\n<h3 style='font-size: 20px; border-bottom: 2px solid currentColor; padding-bottom: 5px; margin-top: 0; color: inherit; opacity: 0.8; font-weight: bold;'>TODA SU EXPERIENCIA<\/h3>\n<\/p><\/div>\n<div style='flex: 1 1 300px; min-width: 280px;'>\n<h3 style='font-size: 20px; border-bottom: 2px solid currentColor; padding-bottom: 5px; margin-top: 0; color: inherit; opacity: 0.8; font-weight: bold;'>PROSERIES LO RE\u00daNE TODO<\/h3>\n<\/p><\/div>\n<\/p><\/div>\n<p> <!-- Descripci\u00f3n general --> <\/p>\n<div style='margin-bottom: 30px;'>\n<p style='font-size: 15px; margin-bottom: 15px; color: inherit;'>La plataforma ProSeries PROA7M&comma; nuestra \u00faltima soluci\u00f3n de seguridad conectada&comma; ofrece a sus clientes el sistema de seguridad m\u00e1s completo e integrado en un mismo lugar. Nuestra m\u00e1s amplia gama de soluciones para el hogar y para peque\u00f1os negocios es escalable&comma; modular y puede personalizarse para el estilo de vida y el nivel de precio de cada uno de sus clientes.<\/p>\n<\/p><\/div>\n<p> <!-- Secci\u00f3n de caracter\u00edsticas --> <\/p>\n<div style='display: flex; flex-wrap: wrap; gap: 30px; margin-bottom: 30px;'>\n<div style='flex: 1 1 300px; min-width: 280px;'>\n<h3 style='font-size: 22px; border-bottom: 2px solid currentColor; padding-bottom: 5px; margin-top: 0; color: inherit; opacity: 0.8;'>Caracter\u00edsticas<\/h3>\n<div style='margin-top: 15px;'>\n<h4 style='font-size: 18px; margin-top: 15px; margin-bottom: 10px; color: inherit; font-weight: bold;'>Sistema:<\/h4>\n<ul style='padding-left: 20px; font-size: 15px; color: inherit; list-style: none; padding-left: 0;'>\n<li style='margin-bottom: 5px; padding-left: 15px; position: relative;'><span style='position: absolute; left: 0; top: 0; color: inherit;'>\u2022<\/span> Pantalla de 7\u201d sensible al tacto<\/li>\n<li style='margin-bottom: 5px; padding-left: 15px; position: relative;'><span style='position: absolute; left: 0; top: 0; color: inherit;'>\u2022<\/span> Aviso de estatus del Sistema y por Zona<\/li>\n<li style='margin-bottom: 5px; padding-left: 15px; position: relative;'><span style='position: absolute; left: 0; top: 0; color: inherit;'>\u2022<\/span> Armado en Casa Autom\u00e1tico<\/li>\n<li style='margin-bottom: 5px; padding-left: 15px; position: relative;'><span style='position: absolute; left: 0; top: 0; color: inherit;'>\u2022<\/span> Armado en Casa (Noche)<\/li>\n<li style='margin-bottom: 5px; padding-left: 15px; position: relative;'><span style='position: absolute; left: 0; top: 0; color: inherit;'>\u2022<\/span> Funciones de P\u00e1nico (Policiaco&comma; Fuego&comma; Medica)<\/li>\n<li style='margin-bottom: 5px; padding-left: 15px; position: relative;'><span style='position: absolute; left: 0; top: 0; color: inherit;'>\u2022<\/span> Soporta teclados inal\u00e1mbricos Sensible al tacto (PROWLTOUCH) y teclados (PROSIXLCDKP)<\/li>\n<li style='margin-bottom: 5px; padding-left: 15px; position: relative;'><span style='position: absolute; left: 0; top: 0; color: inherit;'>\u2022<\/span> Soporta Video Verificaci\u00f3n de Alarma (Requiere Sensor de Movimiento con C\u00e1mara PROINDMV)<\/li>\n<li style='margin-bottom: 5px; padding-left: 15px; position: relative;'><span style='position: absolute; left: 0; top: 0; color: inherit;'>\u2022<\/span> Memoria de 4000 Eventos<\/li>\n<li style='margin-bottom: 5px; padding-left: 15px; position: relative;'><span style='position: absolute; left: 0; top: 0; color: inherit;'>\u2022<\/span> Detecci\u00f3n de Interferencia RF para todas las tecnolog\u00edas de sensores inal\u00e1mbricos<\/li>\n<li style='margin-bottom: 5px; padding-left: 15px; position: relative;'><span style='position: absolute; left: 0; top: 0; color: inherit;'>\u2022<\/span> Multi-lenguaje (Espa\u00f1ol&comma; Ingl\u00e9s&comma; Franc\u00e9s&comma; Portugu\u00e9s)<\/li>\n<li style='margin-bottom: 5px; padding-left: 15px; position: relative;'><span style='position: absolute; left: 0; top: 0; color: inherit;'>\u2022<\/span> Descriptores de voz precargados<\/li>\n<li style='margin-bottom: 5px; padding-left: 15px; position: relative;'><span style='position: absolute; left: 0; top: 0; color: inherit;'>\u2022<\/span> Programaci\u00f3n Local o por AlarmNet 360<\/li>\n<li style='margin-bottom: 5px; padding-left: 15px; position: relative;'><span style='position: absolute; left: 0; top: 0; color: inherit;'>\u2022<\/span> Sirena interna de 85dB<\/li>\n<li style='margin-bottom: 5px; padding-left: 15px; position: relative;'><span style='position: absolute; left: 0; top: 0; color: inherit;'>\u2022<\/span> Entrada de Alimentaci\u00f3n: 9Vcc\/2.5 A<\/li>\n<\/ul><\/div>\n<\/p><\/div>\n<div style='flex: 1 1 300px; min-width: 280px;'>\n<h4 style='font-size: 18px; margin-top: 15px; margin-bottom: 10px; color: inherit; font-weight: bold;'>Zonas:<\/h4>\n<ul style='padding-left: 20px; font-size: 15px; color: inherit; list-style: none; padding-left: 0;'>\n<li style='margin-bottom: 5px; padding-left: 15px; position: relative;'><span style='position: absolute; left: 0; top: 0; color: inherit;'>\u2022<\/span> 127 Zonas Inal\u00e1mbricas programables<\/li>\n<li style='margin-bottom: 5px; padding-left: 15px; position: relative;'><span style='position: absolute; left: 0; top: 0; color: inherit;'>\u2022<\/span> Soporta sensores inal\u00e1mbricos de otras marcas&comma; 2GIG&comma; DSC&comma; ITI&comma; BOSH y la Serie 5800 (Requiere PROTAKEOVR1)<\/li>\n<\/ul>\n<h4 style='font-size: 18px; margin-top: 25px; margin-bottom: 10px; color: inherit; font-weight: bold;'>Usuarios:<\/h4>\n<ul style='padding-left: 20px; font-size: 15px; color: inherit; list-style: none; padding-left: 0;'>\n<li style='margin-bottom: 5px; padding-left: 15px; position: relative;'><span style='position: absolute; left: 0; top: 0; color: inherit;'>\u2022<\/span> 96 C\u00f3digos de Usuario (Maestro&comma; Est\u00e1ndar&comma; Invitado&comma; Solo Armar)<\/li>\n<li style='margin-bottom: 5px; padding-left: 15px; position: relative;'><span style='position: absolute; left: 0; top: 0; color: inherit;'>\u2022<\/span> Bloqueo de C\u00f3digo de Usuario<\/li>\n<li style='margin-bottom: 5px; padding-left: 15px; position: relative;'><span style='position: absolute; left: 0; top: 0; color: inherit;'>\u2022<\/span> Aviso de puerta abierta (Chime)<\/li>\n<li style='margin-bottom: 5px; padding-left: 15px; position: relative;'><span style='position: absolute; left: 0; top: 0; color: inherit;'>\u2022<\/span> Desarmado por Bluetooth<\/li>\n<\/ul>\n<h4 style='font-size: 18px; margin-top: 25px; margin-bottom: 10px; color: inherit; font-weight: bold;'>Comunicador:<\/h4>\n<ul style='padding-left: 20px; font-size: 15px; color: inherit; list-style: none; padding-left: 0;'>\n<li style='margin-bottom: 5px; padding-left: 15px; position: relative;'><span style='position: absolute; left: 0; top: 0; color: inherit;'>\u2022<\/span> Acepta comunicador GSM PROLTE-A3<\/li>\n<li style='margin-bottom: 5px; padding-left: 15px; position: relative;'><span style='position: absolute; left: 0; top: 0; color: inherit;'>\u2022<\/span> Incluye comunicador WiFi<\/li>\n<li style='margin-bottom: 5px; padding-left: 15px; position: relative;'><span style='position: absolute; left: 0; top: 0; color: inherit;'>\u2022<\/span> Se le pueden agregar un m\u00e1ximo de 78 dispositivos Z-Wave:<\/li>\n<ul style='margin-left: 20px; margin-top: 5px; margin-bottom: 5px;'>\n<li style='margin-bottom: 5px;'>&#8211; M\u00f3dulos de luces: 60<\/li>\n<li style='margin-bottom: 5px;'>&#8211; Cerraduras: 6<\/li>\n<li style='margin-bottom: 5px;'>&#8211; Termostatos Z-Wave: 6*<\/li>\n<li style='margin-bottom: 5px;'>&#8211; Termostatos WiFi: 4*<\/li>\n<\/ul>\n<li style='margin-bottom: 5px; padding-left: 15px; position: relative;'><span style='position: absolute; left: 0; top: 0; color: inherit;'>\u2022<\/span> *Combinaci\u00f3n de termostatos Z-Wave y WiFi = 6<\/li>\n<\/ul><\/div>\n<\/p><\/div>\n<p> <!-- Imagen principal --> <\/p>\n<div style='margin: 30px 0;'> <img style='width: 100%; height: auto; border: 1px solid rgba(150&comma;150&comma;150&comma;0.3); border-radius: 8px;' src='https:\/\/www.resideo-latam.com\/pro\/proseries_productos.png' alt='Panel de Alarma ProSeries PROA7M'> <\/div>\n<p> <!-- Secci\u00f3n de beneficios --> <\/p>\n<div style='display: flex; flex-wrap: wrap; gap: 30px; margin-bottom: 30px;'>\n<div style='flex: 1 1 300px; min-width: 280px;'>\n<h3 style='font-size: 22px; border-bottom: 2px solid currentColor; padding-bottom: 5px; margin-top: 0; color: inherit; opacity: 0.8;'>AYUDANDO A SU NEGOCIO CRECER<\/h3>\n<p style='font-size: 15px; margin-top: 15px; margin-bottom: 15px; color: inherit;'>Menos molestias. Menos visitas al sitio. M\u00e1s negocios.<\/p>\n<p style='font-size: 15px; margin-top: 15px; margin-bottom: 15px; color: inherit;'>ProSeries ofrece a sus clientes un hogar o negocio inteligente y conectado con una sola aplicaci\u00f3n f\u00e1cil de usar&comma; que controla la iluminaci\u00f3n&comma; cerraduras&comma; termostatos y muchos otros dispositivos. Las funciones opcionales&comma; como el almacenamiento de video&comma; le ayudan a vender y a incrementar sus ingresos mensuales recurrentes.<\/p>\n<p style='font-size: 15px; margin-top: 15px; margin-bottom: 15px; color: inherit;'>Con un dise\u00f1o modular&comma; los productos ProSeries se pueden personalizar seg\u00fan el estilo de vida y nivel de precio de sus clientes. Responde&comma; alerta m\u00e1s r\u00e1pido que nunca y ofrece una experiencia m\u00f3vil mejorada. El sistema est\u00e1 preparado para el futuro y para crecer junto a las necesidades del cliente&comma; y est\u00e1 listo para la pr\u00f3xima tendencia tecnol\u00f3gica.<\/p>\n<p> <img style='width: 100%; height: auto; border: 1px solid rgba(150&comma;150&comma;150&comma;0.3); border-radius: 8px; margin-top: 15px;' src='https:\/\/www.resideo-latam.com\/pro\/img_win1.jpg' alt='Ayudando a su negocio crecer'> <\/div>\n<div style='flex: 1 1 300px; min-width: 280px;'>\n<h3 style='font-size: 22px; border-bottom: 2px solid currentColor; padding-bottom: 5px; margin-top: 0; color: inherit; opacity: 0.8;'>INGRESOS A LARGO PLAZO<\/h3>\n<p> <img style='width: 100%; height: auto; border: 1px solid rgba(150&comma;150&comma;150&comma;0.3); border-radius: 8px; margin-top: 15px;' src='https:\/\/www.resideo-latam.com\/pro\/img_keep.jpg' alt='Ingresos a largo plazo'> <\/p>\n<p style='font-size: 15px; margin-top: 15px; margin-bottom: 15px; color: inherit;'>La plataforma ProSeries re\u00fane protecci\u00f3n y retenci\u00f3n. Est\u00e1 preparada para el futuro&comma; dise\u00f1ada para crecer seg\u00fan las necesidades de sus clientes&comma; en hogares y en peque\u00f1os negocios. Se pueden realizar continuas expansiones sin complicaciones: las nuevas tecnolog\u00edas se adaptan f\u00e1cilmente y las actualizaciones de LTE integradas aumentan y ampl\u00edan la vida \u00fatil.<\/p>\n<p style='font-size: 15px; margin-top: 15px; margin-bottom: 15px; color: inherit;'>Y aunque la plataforma ProSeries facilita las integraciones&comma; es dif\u00edcil lograrlo para los competidores. Nuestros sensores se bloquean en nuestros paneles evitando la reutilizaci\u00f3n&comma; es decir que los clientes que est\u00e9n considerando un cambio deben ponerse en contacto con usted&comma; brind\u00e1ndole la oportunidad de discutir las necesidades que puedan tener.<\/p>\n<\/p><\/div>\n<div style='flex: 1 1 300px; min-width: 280px;'>\n<h3 style='font-size: 22px; border-bottom: 2px solid currentColor; padding-bottom: 5px; margin-top: 0; color: inherit; opacity: 0.8;'>M\u00c1S RENTABILIDAD<\/h3>\n<p> <img style='width: 100%; height: auto; border: 1px solid rgba(150&comma;150&comma;150&comma;0.3); border-radius: 8px; margin-top: 15px;' src='https:\/\/www.resideo-latam.com\/pro\/img_drive.jpg' alt='M\u00e1s rentabilidad'> <\/p>\n<p style='font-size: 15px; margin-top: 15px; margin-bottom: 15px; color: inherit;'>La plataforma de productos ProSeries significa eficiencia. Las plantillas personalizables y las listas de comprobaci\u00f3n crean instalaciones m\u00e1s inteligentes y menos visitas al sitio. Cada funci\u00f3n trabaja de la misma forma en la plataforma y aplicaci\u00f3n&comma; por lo que solo necesita capacitarse una vez.<\/p>\n<p style='font-size: 15px; margin-top: 15px; margin-bottom: 15px; color: inherit;'>Nuestro software establece el est\u00e1ndar creando un flujo de trabajo simple y con una sola plataforma&comma; adem\u00e1s de facilitar la creaci\u00f3n de cuentas&comma; simplificar la instalaci\u00f3n y mejorar la experiencia general del cliente. Realice el mantenimiento de los sistemas del cliente con actualizaciones remotas&comma; monitoreo&comma; planificaci\u00f3n de servicios y diagn\u00f3stico&comma; lo que le ahorra tiempo para que pueda centrarse en generar m\u00e1s ingresos.<\/p>\n<\/p><\/div>\n<\/p><\/div>\n<p> <!-- Secci\u00f3n de contenido con especificaciones --> <\/p>\n<div style='display: flex; flex-wrap: wrap; gap: 20px; margin-bottom: 30px;'>\n<div style='flex: 1 1 250px; border: 1px solid rgba(150&comma; 150&comma; 150&comma; 0.4); border-radius: 8px; overflow: hidden; display: flex; flex-direction: column;'>\n<div style='padding: 15px; border-bottom: 1px solid rgba(150&comma; 150&comma; 150&comma; 0.2); font-weight: bold; font-size: 18px; color: inherit;'>Incluye<\/div>\n<div style='padding: 15px; color: inherit;'>\n<ul style='padding-left: 20px; margin: 0; font-size: 14px; list-style-type: disc; list-style: none; padding-left: 0;'>\n<li style='margin-bottom: 5px; padding-left: 15px; position: relative;'><span style='position: absolute; left: 0; top: 0; color: inherit;'>\u2022<\/span> 1 PROA7MWIFI Panel de alarma inal\u00e1mbrico&comma; con WiFi y Z-Wave<\/li>\n<li style='margin-bottom: 5px; padding-left: 15px; position: relative;'><span style='position: absolute; left: 0; top: 0; color: inherit;'>\u2022<\/span> 1 PROTAKEOVR1 M\u00f3dulo receptor para las marcas serie 5800&comma; 2GIG&comma; ITI&comma; BOSH&comma; QOLSYS y DSC<\/li>\n<\/ul><\/div>\n<\/p><\/div>\n<\/p><\/div>\n<\/p><\/div>\n","protected":false},"excerpt":{"rendered":"<p>Panel de Alarma con Modulo PROTAKEOVER para diferentes marcas, serie 5800, 2GIG, ITI, BOSH y DSC<\/p>\n","protected":false},"featured_media":379,"comment_status":"open","ping_status":"closed","template":"","meta":[],"product_brand":[],"product_cat":[179],"product_tag":[45,61,180],"class_list":{"0":"post-380","1":"product","2":"type-product","3":"status-publish","4":"has-post-thumbnail","6":"product_cat-paneles-de-alarma-total-connect-honeywell","7":"product_tag-honeywell-home-resideo","8":"product_tag-paneles-de-alarma","9":"product_tag-total-connect-honeywell","11":"first","12":"outofstock","13":"sale","14":"shipping-taxable","15":"purchasable","16":"product-type-simple"},"_links":{"self":[{"href":"https:\/\/soydeaqui.ddns.net\/pachuca\/index.php\/wp-json\/wp\/v2\/product\/380","targetHints":{"allow":["GET"]}}],"collection":[{"href":"https:\/\/soydeaqui.ddns.net\/pachuca\/index.php\/wp-json\/wp\/v2\/product"}],"about":[{"href":"https:\/\/soydeaqui.ddns.net\/pachuca\/index.php\/wp-json\/wp\/v2\/types\/product"}],"replies":[{"embeddable":true,"href":"https:\/\/soydeaqui.ddns.net\/pachuca\/index.php\/wp-json\/wp\/v2\/comments?post=380"}],"wp:featuredmedia":[{"embeddable":true,"href":"https:\/\/soydeaqui.ddns.net\/pachuca\/index.php\/wp-json\/wp\/v2\/media\/379"}],"wp:attachment":[{"href":"https:\/\/soydeaqui.ddns.net\/pachuca\/index.php\/wp-json\/wp\/v2\/media?parent=380"}],"wp:term":[{"taxonomy":"product_brand","embeddable":true,"href":"https:\/\/soydeaqui.ddns.net\/pachuca\/index.php\/wp-json\/wp\/v2\/product_brand?post=380"},{"taxonomy":"product_cat","embeddable":true,"href":"https:\/\/soydeaqui.ddns.net\/pachuca\/index.php\/wp-json\/wp\/v2\/product_cat?post=380"},{"taxonomy":"product_tag","embeddable":true,"href":"https:\/\/soydeaqui.ddns.net\/pachuca\/index.php\/wp-json\/wp\/v2\/product_tag?post=380"}],"curies":[{"name":"wp","href":"https:\/\/api.w.org\/{rel}","templated":true}]}}