{"id":37969,"date":"2026-03-18T16:44:41","date_gmt":"2026-03-18T16:44:41","guid":{"rendered":"https:\/\/soydeaqui.ddns.net\/pachuca\/index.php\/producto\/minisplit-wifi-inverter-seer-17-30000-btus-2-5-ton-r32-frio-y-calor-220-vca-filtro-de-salud-compatible-con-alexa-y-google-home\/"},"modified":"2026-03-18T16:44:52","modified_gmt":"2026-03-18T16:44:52","slug":"minisplit-wifi-inverter-seer-17-30000-btus-2-5-ton-r32-frio-y-calor-220-vca-filtro-de-salud-compatible-con-alexa-y-google-home","status":"publish","type":"product","link":"https:\/\/soydeaqui.ddns.net\/pachuca\/index.php\/producto\/minisplit-wifi-inverter-seer-17-30000-btus-2-5-ton-r32-frio-y-calor-220-vca-filtro-de-salud-compatible-con-alexa-y-google-home\/","title":{"rendered":"Minisplit WiFi Inverter \/ SEER 17 \/ 30,000 BTUs ( 2.5 TON ) \/ R32 \/ Fr\u00edo y Calor \/ 220 Vca \/ Filtro de Salud \/ Compatible con Alexa y Google Home."},"content":{"rendered":"<div style='width: 100%; max-width: 1200px; margin: 0 auto; font-family: sans-serif; line-height: 1.6; color: inherit; background-color: transparent;'>\n<div style='text-align: center; margin-bottom: 30px;'>\n<h2 style='font-size: 24px; margin-bottom: 15px; color: inherit; text-transform: uppercase; letter-spacing: 2px; text-shadow: 2px 2px 4px rgba(0&comma;0&comma;0&comma;0.3);'>Tabla de Refacciones para Minisplit AUFIT<\/h2>\n<p style='font-size: 16px; color: inherit; opacity: 0.8; margin-bottom: 20px;'> <strong>Encuentra todas las herramientas y refacciones necesarias para la instalaci\u00f3n y mantenimiento de equipos Minisplit AUFIT. Kit de prueba el\u00e9ctrica&comma; juegos de llaves&comma; bombas de vac\u00edo y m\u00e1s.<\/strong> <\/p>\n<p> <a href='https:\/\/www.syscom.mx\/producto\/REFAUFIT-AUFIT-219435.html' style='display: inline-block; background: linear-gradient(145deg&comma; #ffd700&comma; #ffa500); color: #000; text-decoration: none; font-weight: bold; font-size: 16px; padding: 15px 25px; border-radius: 8px; box-shadow: 0 4px 15px rgba(255&comma;215&comma;0&comma;0.3); transition: all 0.3s ease;'> Ver Cat\u00e1logo Completo <\/a> <\/div>\n<div style='display: flex; flex-wrap: wrap; gap: 30px; margin-bottom: 30px;'>\n<div style='flex: 1 1 300px; min-width: 280px;'>\n<h3 style='font-size: 22px; border-bottom: 2px solid currentColor; padding-bottom: 5px; margin-top: 0; color: inherit; opacity: 0.8;'>Caracter\u00edsticas principales<\/h3>\n<ul style='padding-left: 20px; font-size: 15px; color: inherit;'>\n<li style='margin-bottom: 5px;'><strong>M\u00f3dulo<\/strong>: WIFI<\/li>\n<li style='margin-bottom: 5px;'><strong>Tecnolog\u00eda<\/strong>: INVERTER<\/li>\n<li style='margin-bottom: 5px;'><strong>SEER<\/strong>: 17 (Relaci\u00f3n de eficiencia de energ\u00eda de estaci\u00f3n)<\/li>\n<li style='margin-bottom: 5px;'><strong>MODO<\/strong>: Fr\u00edo y Calor<\/li>\n<li style='margin-bottom: 5px;'>Filtro de alta densidad<\/li>\n<li style='margin-bottom: 5px;'>Limpieza autom\u00e1tica<\/li>\n<li style='margin-bottom: 5px;'>Auto diagn\u00f3stico<\/li>\n<li style='margin-bottom: 5px;'>Eco friendly<\/li>\n<li style='margin-bottom: 5px;'>Aplicaci\u00f3n m\u00f3vil gratuita<\/li>\n<li style='margin-bottom: 5px;'><strong>Integraci\u00f3n<\/strong>: Alexa y Google Home<\/li>\n<li style='margin-bottom: 5px;'>Compatible con est\u00e1ndar Wi-fi 2.4 GHz IEEE 802.11 b<\/li>\n<li style='margin-bottom: 5px;'><strong>Garant\u00eda Unidad completa<\/strong>: 2 a\u00f1os<\/li>\n<li style='margin-bottom: 5px;'><strong>Garant\u00eda Compresor<\/strong>: 5 a\u00f1os<\/li>\n<li style='margin-bottom: 5px;'><strong>Garant\u00eda Resto de los componentes<\/strong>: 2 a\u00f1os<\/li>\n<li style='margin-bottom: 5px;'><strong>Equipos clasificados como *B y *C<\/strong> (Pueden tener o no tener l\u00edneas de refrigerante de Cobre &#8211; Aluminio)<\/li>\n<li style='margin-bottom: 5px;'><strong>Para recarga de refrigerante requerido&comma; el servicio es: SRV-R32-2T25T<\/strong><\/li>\n<li style='margin-bottom: 5px;'><strong>Para la instalaci\u00f3n&comma; vea el archivo de Gu\u00eda de Verificaci\u00f3n pasos AUFIT 2025<\/strong><\/li>\n<li style='margin-bottom: 5px;'><strong>Para obtener la garant\u00eda&comma; es necesario sea evaluada por centro de servicio<\/strong><\/li>\n<li style='margin-bottom: 5px;'><strong>No se incluye el cable el\u00e9ctrico.<\/strong><\/li>\n<\/ul><\/div>\n<div style='flex: 1 1 300px; min-width: 280px;'>\n<h3 style='font-size: 22px; border-bottom: 2px solid currentColor; padding-bottom: 5px; margin-top: 0; color: inherit; opacity: 0.8;'>Caracter\u00edsticas F\u00edsicas y El\u00e9ctricas<\/h3>\n<ul style='padding-left: 20px; font-size: 15px; color: inherit;'>\n<li style='margin-bottom: 5px;'><strong>Nueva tecnolog\u00eda con refrigerante ecol\u00f3gico<\/strong>: R32<\/li>\n<li style='margin-bottom: 5px;'><strong>Capacidad<\/strong>: 2.5 Toneladas (30&comma;000 BTU)<\/li>\n<li style='margin-bottom: 5px;'><strong>Alimentaci\u00f3n<\/strong>: 220 Vca \/ 60 Hz<\/li>\n<li style='margin-bottom: 5px;'><strong>Potencia en calefacci\u00f3n<\/strong>: 2&comma;600 W<\/li>\n<li style='margin-bottom: 5px;'><strong>Potencia en refrigeraci\u00f3n<\/strong>: 2&comma;900 W<\/li>\n<li style='margin-bottom: 5px;'><strong>Peso unidad interior<\/strong>: 8.5 Kg<\/li>\n<li style='margin-bottom: 5px;'><strong>Peso unidad exterior<\/strong>: 21.5 Kg<\/li>\n<li style='margin-bottom: 5px;'><strong>Medidas unidad interior<\/strong>: 1082 x 330 x 233 mm<\/li>\n<li style='margin-bottom: 5px;'><strong>Medidas unidad exterior<\/strong>: 1020 x 770 x 430 mm<\/li>\n<li style='margin-bottom: 5px;'><strong>Longitud de tuber\u00eda de cobre &#8211; aluminio<\/strong>: 3 metros<\/li>\n<li style='margin-bottom: 5px;'><strong>Di\u00e1metros tuber\u00edas de cobre &#8211; aluminio<\/strong>: 1\/4&#8242; y 5\/8&#8242;<\/li>\n<li style='margin-bottom: 5px;'><strong>Longitud de tuber\u00eda de desague<\/strong>: 2.10 metros<\/li>\n<li style='margin-bottom: 5px;'><strong>Di\u00e1metro tuber\u00edas de desag\u00fce<\/strong>: 11 \/ 16 &#8216;<\/li>\n<\/ul><\/div>\n<div style='flex: 1 1 300px; min-width: 280px;'>\n<h3 style='font-size: 22px; border-bottom: 2px solid currentColor; padding-bottom: 5px; margin-top: 0; color: inherit; opacity: 0.8;'>Caracter\u00edsticas Destacadas<\/h3>\n<p style='font-size: 15px; color: inherit; margin-bottom: 15px;'>Los aires acondicionados divididos <strong>AUFIT<\/strong> son ideales para controlar la temperatura de una forma sencilla&comma; r\u00e1pida y pr\u00e1ctica.<\/p>\n<p style='font-size: 15px; color: inherit; margin-bottom: 15px;'>Su dise\u00f1o interno permite mejorar la distribuci\u00f3n y el flujo de aire en cuatro direcciones logrando un r\u00e1pido enfriamiento en alrededor de 30s.<\/p>\n<p style='font-size: 15px; color: inherit; margin-bottom: 0;'>Super silencioso con un ruido tan bajo como 23 dB&comma; luz indicadora inteligente&comma; auto diagn\u00f3stico para facilitar servicio de mantenimiento&comma; auto reinicio&comma; entre otras m\u00e1s funciones que hacen del equipo potente y profesional.<\/p>\n<\/p><\/div>\n<\/p><\/div>\n<hr style='border: 0; border-top: 1px solid rgba(150&comma; 150&comma; 150&comma; 0.3); margin: 30px 0;'>\n<div style='display: flex; flex-wrap: wrap; gap: 20px; margin-bottom: 30px; align-items: center; background-color: rgba(150&comma; 150&comma; 150&comma; 0.1); border: 1px solid rgba(150&comma; 150&comma; 150&comma; 0.3); border-radius: 8px; padding: 20px;'>\n<div style='width: 80px; height: 80px; flex-shrink: 0;'> <img style='width: 100%; height: 100%; border: none; border-radius: 8px;' src='https:\/\/play-lh.googleusercontent.com\/VbrcGeQCKgOo3oVvhmh8cx5tcSKTUipOByftoPD3-0CBQQVWA6xomkakF7N5AzutxCQi' alt='AC Freedom App'> <\/div>\n<div style='flex: 1 1 auto; min-width: 200px;'>\n<h4 style='font-size: 18px; margin: 0 0 10px; color: inherit;'><strong>Controla tu Minisplit con AC Freedom<\/strong><\/h4>\n<p style='font-size: 16px; margin: 0 0 10px; color: inherit;'><strong>Maneja la temperatura desde cualquier lugar<\/strong><\/p>\n<\/p><\/div>\n<div style='flex-shrink: 0; display: flex; gap: 10px;'> <a href='https:\/\/play.google.com\/store\/apps\/details?id=com.broadlink.acfreedom&#038;hl=es_419' target='_blank' rel='noopener' style='text-decoration: none;'> <img style='width: 120px; height: auto; border: none; border-radius: 8px;' src='https:\/\/ftp3.syscom.mx\/usuarios\/ftp\/landingpage\/smarthome\/googleplay.png' alt='Google Play'> <\/a> <a href='https:\/\/apps.apple.com\/cl\/app\/ac-freedom\/id988314711' target='_blank' rel='noopener' style='text-decoration: none;'> <img style='width: 120px; height: auto; border: none; border-radius: 8px;' src='https:\/\/ftp3.syscom.mx\/usuarios\/ftp\/landingpage\/smarthome\/appstore.png' alt='App Store'> <\/a> <\/div>\n<\/p><\/div>\n<hr style='border: 0; border-top: 1px solid rgba(150&comma; 150&comma; 150&comma; 0.3); margin: 30px 0;'>\n<div style='display: flex; flex-wrap: wrap; gap: 30px; margin-bottom: 30px;'>\n<div style='flex: 1 1 300px; min-width: 280px;'>\n<div style='position: relative; padding-bottom: 56.25%; height: 0; overflow: hidden; margin-bottom: 15px;'>   <\/div>\n<h4 style='text-align: center; font-size: 16px; color: inherit; margin: 10px 0;'>La Innovaci\u00f3n de AUFIT<\/h4>\n<\/p><\/div>\n<div style='flex: 1 1 300px; min-width: 280px;'>\n<div style='position: relative; padding-bottom: 56.25%; height: 0; overflow: hidden; margin-bottom: 15px;'>   <\/div>\n<h4 style='text-align: center; font-size: 16px; color: inherit; margin: 10px 0;'>Minisplit AUFIT compatible con Alexa<\/h4>\n<\/p><\/div>\n<div style='flex: 1 1 300px; min-width: 280px;'>\n<div style='position: relative; padding-bottom: 56.25%; height: 0; overflow: hidden; margin-bottom: 15px;'>   <\/div>\n<h4 style='text-align: center; font-size: 16px; color: inherit; margin: 10px 0;'>Minisplit AUFIT compatible con GOOGLE HOME<\/h4>\n<\/p><\/div>\n<div style='flex: 1 1 300px; min-width: 280px;'>\n<div style='position: relative; padding-bottom: 56.25%; height: 0; overflow: hidden; margin-bottom: 15px;'>   <\/div>\n<h4 style='text-align: center; font-size: 16px; color: inherit; margin: 10px 0;'>Clase AUFIT Disfruta de la frescura sin l\u00edmites<\/h4>\n<\/p><\/div>\n<div style='flex: 1 1 300px; min-width: 280px;'>\n<div style='position: relative; padding-bottom: 56.25%; height: 0; overflow: hidden; margin-bottom: 15px;'>   <\/div>\n<h4 style='text-align: center; font-size: 16px; color: inherit; margin: 10px 0;'>Conecte su minisplit AUFIT con su celular<\/h4>\n<\/p><\/div>\n<div style='flex: 1 1 300px; min-width: 280px;'>\n<div style='position: relative; padding-bottom: 56.25%; height: 0; overflow: hidden; margin-bottom: 15px;'>   <\/div>\n<h4 style='text-align: center; font-size: 16px; color: inherit; margin: 10px 0;'>Instalaci\u00f3n de Aire Acondicionado MINISPLIT de AUFIT<\/h4>\n<\/p><\/div>\n<\/p><\/div>\n<div style='position: relative; padding-bottom: 56.25%; height: 0; overflow: hidden; margin-bottom: 20px;'>   <\/div>\n<h4 style='text-align: center; font-size: 18px; color: inherit; margin: 20px 0;'>Vac\u00edo con y sin vacu\u00f3metro<\/h4>\n<div style='display: flex; flex-wrap: wrap; gap: 20px; margin-bottom: 20px; justify-content: center;'> <img style='width: 100%; max-width: 600px; height: auto; border: 1px solid rgba(150&comma;150&comma;150&comma;0.3); border-radius: 8px;' src='https:\/\/ftp3.syscom.mx\/usuarios\/scorrea\/A\/AUFIT\/Imagen\/aufit.jpg' alt=''> <img style='width: 100%; max-width: 600px; height: auto; border: 1px solid rgba(150&comma;150&comma;150&comma;0.3); border-radius: 8px;' src='https:\/\/ftp3.syscom.mx\/usuarios\/scorrea\/A\/AUFIT\/Imagen\/pagina1.png' alt=''> <img style='width: 100%; max-width: 600px; height: auto; border: 1px solid rgba(150&comma;150&comma;150&comma;0.3); border-radius: 8px;' src='https:\/\/ftp3.syscom.mx\/usuarios\/scorrea\/A\/AUFIT\/Imagen\/pagina2.png' alt=''> <img style='width: 100%; max-width: 600px; height: auto; border: 1px solid rgba(150&comma;150&comma;150&comma;0.3); border-radius: 8px;' src='https:\/\/ftp3.syscom.mx\/usuarios\/ftp\/single_page\/aufit\/pagina4A.png' alt=''> <img style='width: 100%; max-width: 600px; height: auto; border: 1px solid rgba(150&comma;150&comma;150&comma;0.3); border-radius: 8px;' src='https:\/\/ftp3.syscom.mx\/usuarios\/scorrea\/A\/AUFIT\/Imagen\/pagina5A.png' alt=''> <img style='width: 100%; max-width: 600px; height: auto; border: 1px solid rgba(150&comma;150&comma;150&comma;0.3); border-radius: 8px;' src='https:\/\/ftp3.syscom.mx\/usuarios\/scorrea\/A\/AUFIT\/Imagen\/pagina6.png' alt=''> <img style='width: 100%; max-width: 600px; height: auto; border: 1px solid rgba(150&comma;150&comma;150&comma;0.3); border-radius: 8px;' src='https:\/\/ftp3.syscom.mx\/usuarios\/fotos\/CHIR3212K220\/213937-82626_especificaciones_tecnicas_(14).jpg' alt='Tabla Aufit'> <\/div>\n<\/p><\/div>\n","protected":false},"excerpt":{"rendered":"<p>Minisplit WiFi Inverter \/ SEER 17 \/ 30,000 BTUs ( 2.5 TON ) \/ R32 \/ Fr\u00edo y Calor \/ 220 Vca \/ Filtro de Salud \/ Compatible con Alexa y Google Home.<\/p>\n","protected":false},"featured_media":37968,"comment_status":"open","ping_status":"closed","template":"","meta":[],"product_brand":[],"product_cat":[1146],"product_tag":[186,1144,1147],"class_list":{"0":"post-37969","1":"product","2":"type-product","3":"status-publish","4":"has-post-thumbnail","6":"product_cat-refrigeracion-casa-oficina-industrial","7":"product_tag-aufit","8":"product_tag-climatizacion-refrigeracion","9":"product_tag-refrigeracion-casa-oficina-industrial","11":"first","12":"instock","13":"sale","14":"shipping-taxable","15":"purchasable","16":"product-type-simple"},"_links":{"self":[{"href":"https:\/\/soydeaqui.ddns.net\/pachuca\/index.php\/wp-json\/wp\/v2\/product\/37969","targetHints":{"allow":["GET"]}}],"collection":[{"href":"https:\/\/soydeaqui.ddns.net\/pachuca\/index.php\/wp-json\/wp\/v2\/product"}],"about":[{"href":"https:\/\/soydeaqui.ddns.net\/pachuca\/index.php\/wp-json\/wp\/v2\/types\/product"}],"replies":[{"embeddable":true,"href":"https:\/\/soydeaqui.ddns.net\/pachuca\/index.php\/wp-json\/wp\/v2\/comments?post=37969"}],"wp:featuredmedia":[{"embeddable":true,"href":"https:\/\/soydeaqui.ddns.net\/pachuca\/index.php\/wp-json\/wp\/v2\/media\/37968"}],"wp:attachment":[{"href":"https:\/\/soydeaqui.ddns.net\/pachuca\/index.php\/wp-json\/wp\/v2\/media?parent=37969"}],"wp:term":[{"taxonomy":"product_brand","embeddable":true,"href":"https:\/\/soydeaqui.ddns.net\/pachuca\/index.php\/wp-json\/wp\/v2\/product_brand?post=37969"},{"taxonomy":"product_cat","embeddable":true,"href":"https:\/\/soydeaqui.ddns.net\/pachuca\/index.php\/wp-json\/wp\/v2\/product_cat?post=37969"},{"taxonomy":"product_tag","embeddable":true,"href":"https:\/\/soydeaqui.ddns.net\/pachuca\/index.php\/wp-json\/wp\/v2\/product_tag?post=37969"}],"curies":[{"name":"wp","href":"https:\/\/api.w.org\/{rel}","templated":true}]}}