{"id":37943,"date":"2026-03-18T16:44:04","date_gmt":"2026-03-18T16:44:04","guid":{"rendered":"https:\/\/soydeaqui.ddns.net\/pachuca\/index.php\/producto\/minisplit-wifi-inverter-seer-20-12000-btus-1-ton-r32-frio-y-calor-110-vca-filtro-de-salud-compatible-con-alexa-y-google\/"},"modified":"2026-03-18T16:44:12","modified_gmt":"2026-03-18T16:44:12","slug":"minisplit-wifi-inverter-seer-20-12000-btus-1-ton-r32-frio-y-calor-110-vca-filtro-de-salud-compatible-con-alexa-y-google","status":"publish","type":"product","link":"https:\/\/soydeaqui.ddns.net\/pachuca\/index.php\/producto\/minisplit-wifi-inverter-seer-20-12000-btus-1-ton-r32-frio-y-calor-110-vca-filtro-de-salud-compatible-con-alexa-y-google\/","title":{"rendered":"Minisplit WiFi Inverter \/ SEER 20 \/ 12,000 BTUs ( 1 TON ) \/ R32 \/ Fr\u00edo y Calor \/ 110 Vca \/ Filtro de salud \/ Compatible con  Alexa y Google."},"content":{"rendered":"<div style='width: 100%; max-width: 1200px; margin: 0 auto; font-family: sans-serif; line-height: 1.6; color: inherit; background-color: transparent;'> <!-- Banner principal --> <\/p>\n<div style='width: 100%; background: linear-gradient(145deg&comma; #1e3c72&comma; #2a5298); border: 2px solid #2a5298; color: #fff; border-radius: 8px; padding: 30px; margin-bottom: 30px;'>\n<div style='text-align: center;'>\n<h2 style='text-transform: uppercase; letter-spacing: 2px; text-shadow: 2px 2px 4px rgba(0&comma;0&comma;0&comma;0.3); font-size: 24px; margin-bottom: 15px;'>Tabla de Refacciones para Minisplit AUFIT<\/h2>\n<p style='color: #ddd; font-size: 16px; margin-bottom: 20px;'> <strong>Encuentra todas las herramientas y refacciones necesarias para la instalaci\u00f3n y mantenimiento de equipos Minisplit AUFIT. Kit de prueba el\u00e9ctrica&comma; juegos de llaves&comma; bombas de vac\u00edo y m\u00e1s.<\/strong> <\/p>\n<p> <a href='https:\/\/www.syscom.mx\/producto\/REFAUFIT-AUFIT-219435.html' style='background: linear-gradient(145deg&comma; #ffd700&comma; #ffa500); color: #000; border: none; box-shadow: 0 4px 15px rgba(255&comma;215&comma;0&comma;0.3); transition: all 0.3s ease; display: inline-block; font-weight: bold; padding: 15px 25px; border-radius: 5px; text-decoration: none;'>Ver Cat\u00e1logo Completo<\/a> <\/div>\n<\/p><\/div>\n<p> <!-- Secci\u00f3n de caracter\u00edsticas --> <\/p>\n<div style='display: flex; flex-wrap: wrap; gap: 30px; margin-bottom: 30px;'>\n<div style='flex: 1 1 300px; min-width: 280px;'>\n<h3 style='font-size: 22px; border-bottom: 2px solid currentColor; padding-bottom: 5px; margin-top: 0; color: inherit; opacity: 0.8;'>Caracter\u00edsticas principales<\/h3>\n<ul style='padding-left: 20px; font-size: 15px; color: inherit;'>\n<li style='margin-bottom: 5px;'>M\u00f3dulo <strong>WIFI<\/strong><\/li>\n<li style='margin-bottom: 5px;'>Tecnolog\u00eda: <strong>INVERTER<\/strong><\/li>\n<li style='margin-bottom: 5px;'>SEER: <strong>20<\/strong> (Relaci\u00f3n de eficiencia de energ\u00eda de estaci\u00f3n)<\/li>\n<li style='margin-bottom: 5px;'>Modo: Fr\u00edo y Calor<\/li>\n<li style='margin-bottom: 5px;'>Filtro de alta densidad<\/li>\n<li style='margin-bottom: 5px;'>Limpieza autom\u00e1tica<\/li>\n<li style='margin-bottom: 5px;'>Auto diagn\u00f3stico<\/li>\n<li style='margin-bottom: 5px;'>Eco friendly<\/li>\n<li style='margin-bottom: 5px;'>Aplicaci\u00f3n m\u00f3vil gratuita<\/li>\n<li style='margin-bottom: 5px;'>Integraci\u00f3n: <strong>Alexa y Google Home<\/strong><\/li>\n<li style='margin-bottom: 5px;'>Compatible con est\u00e1ndar Wi-fi 2.4 GHz IEEE 802.11 b<\/li>\n<li style='margin-bottom: 5px;'>Garant\u00eda Unidad completa: <strong>2 a\u00f1os<\/strong><\/li>\n<li style='margin-bottom: 5px;'>Garant\u00eda Compresor: <strong>5 a\u00f1os<\/strong><\/li>\n<li style='margin-bottom: 5px;'>Garant\u00eda Resto de los componentes: <strong>2 a\u00f1os<\/strong><\/li>\n<li style='margin-bottom: 5px;'><strong>Equipos clasificados como *B y *C<\/strong> (Pueden tener o no tener l\u00edneas de refrigerante de Cobre &#8211; Aluminio)<\/li>\n<li style='margin-bottom: 5px;'><strong>Para recarga de refrigerante requerido&comma; el servicio es: SRV-R32-1T<\/strong><\/li>\n<li style='margin-bottom: 5px;'><strong>Para la instalaci\u00f3n&comma; vea el archivo de Gu\u00eda de Verificaci\u00f3n pasos AUFIT 2025<\/strong><\/li>\n<li style='margin-bottom: 5px;'><strong>Para obtener la garant\u00eda&comma; es necesario sea evaluada por centro de servicio<\/strong><\/li>\n<li style='margin-bottom: 5px;'><strong>No se incluye el cable el\u00e9ctrico.<\/strong><\/li>\n<\/ul><\/div>\n<div style='flex: 1 1 300px; min-width: 280px;'>\n<h3 style='font-size: 22px; border-bottom: 2px solid currentColor; padding-bottom: 5px; margin-top: 0; color: inherit; opacity: 0.8;'>Caracter\u00edsticas F\u00edsicas y El\u00e9ctricas<\/h3>\n<ul style='padding-left: 20px; font-size: 15px; color: inherit;'>\n<li style='margin-bottom: 5px;'>Nueva tecnolog\u00eda con refrigerante ecol\u00f3gico: <strong>R32<\/strong><\/li>\n<li style='margin-bottom: 5px;'>Capacidad: <strong>1 Tonelada (12&comma;000 BTU)<\/strong><\/li>\n<li style='margin-bottom: 5px;'>Alimentaci\u00f3n: 110 Vca \/ 60 Hz<\/li>\n<li style='margin-bottom: 5px;'>Potencia en calefacci\u00f3n: <strong>1&comma;040 W<\/strong><\/li>\n<li style='margin-bottom: 5px;'>Potencia en Refrigeraci\u00f3n: <strong>1&comma;040 W<\/strong><\/li>\n<li style='margin-bottom: 5px;'>Peso unidad interior: <strong>8.5 Kg<\/strong><\/li>\n<li style='margin-bottom: 5px;'>Peso unidad exterior: <strong>21.5 Kg<\/strong><\/li>\n<li style='margin-bottom: 5px;'>Medidas unidad interior: <strong>750 x 285 x 200 mm<\/strong><\/li>\n<li style='margin-bottom: 5px;'>Medidas unidad exterior: <strong>705 x 279 x 530 mm<\/strong><\/li>\n<li style='margin-bottom: 5px;'>Longitud de tuber\u00eda de cobre &#8211; aluminio: <strong>3 metros<\/strong><\/li>\n<li style='margin-bottom: 5px;'>Di\u00e1metros tuber\u00edas de cobre &#8211; aluminio: <strong>1\/4&#8242; y 3\/8&#8242;<\/strong><\/li>\n<li style='margin-bottom: 5px;'>Longitud de tuber\u00eda de desague: <strong>2.10 metros<\/strong><\/li>\n<li style='margin-bottom: 5px;'>Di\u00e1metro tuber\u00edas de desag\u00fce: <strong>11 \/ 16 &#8216;<\/strong><\/li>\n<\/ul><\/div>\n<div style='flex: 1 1 300px; min-width: 280px;'>\n<h3 style='font-size: 22px; border-bottom: 2px solid currentColor; padding-bottom: 5px; margin-top: 0; color: inherit; opacity: 0.8;'>Caracter\u00edsticas Destacadas<\/h3>\n<p style='font-size: 15px; color: inherit;'>Los aires acondicionados divididos de AUFIT son ideales para controlar la temperatura de una forma sencilla&comma; r\u00e1pida y pr\u00e1ctica.<\/p>\n<p style='font-size: 15px; color: inherit;'>Su dise\u00f1o interno permite mejorar la distribuci\u00f3n y el flujo de aire en cuatro direcciones logrando un r\u00e1pido enfriamiento en alrededor de 30s.<\/p>\n<p style='font-size: 15px; color: inherit;'>Super silencioso con un ruido tan bajo como 23 dB&comma; luz indicadora inteligente&comma; auto diagn\u00f3stico para facilitar servicio de mantenimiento&comma; auto reinicio&comma; entre otras m\u00e1s funciones que hacen del equipo potente y profesional.<\/p>\n<\/p><\/div>\n<\/p><\/div>\n<p> <!-- Separador --> <\/p>\n<hr style='border: 0; border-top: 1px solid rgba(150&comma; 150&comma; 150&comma; 0.3); margin: 30px 0;'> <!-- App control --> <\/p>\n<div style='width: 100%; background-color: #007bff; border-radius: 8px; padding: 20px; margin-bottom: 30px;'>\n<div style='display: flex; flex-wrap: wrap; align-items: center; gap: 20px;'>\n<div style='flex: 0 0 auto;'> <img style='height: 80px; width: 80px; border: 1px solid rgba(150&comma;150&comma;150&comma;0.3); border-radius: 8px;' src='https:\/\/play-lh.googleusercontent.com\/VbrcGeQCKgOo3oVvhmh8cx5tcSKTUipOByftoPD3-0CBQQVWA6xomkakF7N5AzutxCQi' alt='AC Freedom App'> <\/div>\n<div style='flex: 1 1 auto;'>\n<h4 style='font-size: 20px; margin: 0 0 10px 0; color: #fff;'>Controla tu Minisplit con AC Freedom<\/h4>\n<p style='font-size: 16px; margin: 0; color: #fff; font-weight: bold;'>Maneja la temperatura desde cualquier lugar<\/p>\n<\/p><\/div>\n<div style='flex: 0 0 auto;'>\n<div style='display: flex; gap: 10px;'> <a href='https:\/\/play.google.com\/store\/apps\/details?id=com.broadlink.acfreedom&#038;hl=es_419' target='_blank' rel='noopener'> <img style='height: 40px; border: 1px solid rgba(150&comma;150&comma;150&comma;0.3); border-radius: 8px;' src='https:\/\/ftp3.syscom.mx\/usuarios\/ftp\/landingpage\/smarthome\/googleplay.png' alt='Google Play'> <\/a> <a href='https:\/\/apps.apple.com\/cl\/app\/ac-freedom\/id988314711' target='_blank' rel='noopener'> <img style='height: 40px; border: 1px solid rgba(150&comma;150&comma;150&comma;0.3); border-radius: 8px;' src='https:\/\/ftp3.syscom.mx\/usuarios\/ftp\/landingpage\/smarthome\/appstore.png' alt='App Store'> <\/a> <\/div>\n<\/p><\/div>\n<\/p><\/div>\n<\/p><\/div>\n<p> <!-- Separador --> <\/p>\n<hr style='border: 0; border-top: 1px solid rgba(150&comma; 150&comma;150&comma; 0.3); margin: 30px 0;'> <!-- Diagrama de zona --> <\/p>\n<div style='text-align: center; margin: 30px 0;'>\n<p style='font-weight: bold; color: inherit; background-color: #3598db33; padding: 10px; border-radius: 5px; display: inline-block;'>\u00bfMe funcionar\u00eda este equipo? Por favor revise el siguiente diagrama<\/p>\n<div style='margin-top: 20px;'> <img style='width: 100%; height: auto; border: 1px solid rgba(150&comma;150&comma;150&comma;0.3); border-radius: 8px;' src='https:\/\/ftp3.syscom.mx\/usuarios\/fotos\/CHIR3212K110\/213930-zona_1.png' alt=''> <\/div>\n<\/p><\/div>\n<p> <!-- Separador --> <\/p>\n<hr style='border: 0; border-top: 1px solid rgba(150&comma;150&comma;150&comma; 0.3); margin: 30px 0;'> <!-- Videos --> <\/p>\n<div style='margin-bottom: 30px;'>\n<h3 style='font-size: 22px; border-bottom: 2px solid currentColor; padding-bottom: 5px; margin-top: 0; margin-bottom: 20px; color: inherit; opacity: 0.8;'>Videos del producto<\/h3>\n<div style='display: grid; grid-template-columns: repeat(auto-fill&comma; minmax(300px&comma; 1fr)); gap: 20px; margin-bottom: 30px;'> <!-- Video 1 --> <\/p>\n<div style='position: relative; padding-bottom: 56.25%; height: 0; overflow: hidden;'>   <\/div>\n<div style='text-align: center; margin-top: 10px;'>\n<h6 style='font-size: 16px; margin: 0; color: inherit;'>La Innovaci\u00f3n de AUFIT<\/h6>\n<\/p><\/div>\n<p> <!-- Video 2 --> <\/p>\n<div style='position: relative; padding-bottom: 56.25%; height: 0; overflow: hidden;'>   <\/div>\n<div style='text-align: center; margin-top: 10px;'>\n<h6 style='font-size: 16px; margin: 0; color: inherit;'>Minisplit AUFIT compatible con Alexa<\/h6>\n<\/p><\/div>\n<p> <!-- Video 3 --> <\/p>\n<div style='position: relative; padding-bottom: 56.25%; height: 0; overflow: hidden;'>   <\/div>\n<div style='text-align: center; margin-top: 10px;'>\n<h6 style='font-size: 16px; margin: 0; color: inherit;'>Minisplit AUFIT compatible con GOOGLE HOME<\/h6>\n<\/p><\/div>\n<p> <!-- Video 4 --> <\/p>\n<div style='position: relative; padding-bottom: 56.25%; height: 0; overflow: hidden;'>   <\/div>\n<div style='text-align: center; margin-top: 10px;'>\n<h6 style='font-size: 16px; margin: 0; color: inherit;'>Clase AUFIT Disfruta de la frescura sin l\u00edmites<\/h6>\n<\/p><\/div>\n<p> <!-- Video 5 --> <\/p>\n<div style='position: relative; padding-bottom: 56.25%; height: 0; overflow: hidden;'>   <\/div>\n<div style='text-align: center; margin-top: 10px;'>\n<h6 style='font-size: 16px; margin: 0; color: inherit;'>Conecte su minisplit AUFIT con su celular<\/h6>\n<\/p><\/div>\n<p> <!-- Video 6 --> <\/p>\n<div style='position: relative; padding-bottom: 56.25%; height: 0; overflow: hidden;'>   <\/div>\n<div style='text-align: center; margin-top: 10px;'>\n<h6 style='font-size: 16px; margin: 0; color: inherit;'>Instalaci\u00f3n de Aire Acondicionado MINISPLIT de AUFIT<\/h6>\n<\/p><\/div>\n<\/p><\/div>\n<\/p><\/div>\n<p> <!-- Video adicional --> <\/p>\n<div style='margin-bottom: 30px;'>\n<div style='position: relative; padding-bottom: 56.25%; height: 0; overflow: hidden; margin-bottom: 15px;'>   <\/div>\n<h4 style='text-align: center; font-size: 18px; margin-bottom: 30px;'>Vac\u00edo con y sin vacu\u00f3metro<\/h4>\n<\/p><\/div>\n<p> <!-- Im\u00e1genes adicionales --> <\/p>\n<div style='display: flex; flex-wrap: wrap; gap: 15px; margin-bottom: 30px; justify-content: center;'> <img style='width: 100%; max-width: 600px; height: auto; border: 1px solid rgba(150&comma;150&comma;150&comma;0.3); border-radius: 8px;' src='https:\/\/ftp3.syscom.mx\/usuarios\/scorrea\/A\/AUFIT\/Imagen\/aufit.jpg' alt=''> <img style='width: 100%; max-width: 600px; height: auto; border: 1px solid rgba(150&comma;150&comma;150&comma;0.3); border-radius: 8px;' src='https:\/\/ftp3.syscom.mx\/usuarios\/scorrea\/A\/AUFIT\/Imagen\/pagina1.png' alt=''> <img style='width: 100%; max-width: 600px; height: auto; border: 1px solid rgba(150&comma;150&comma;150&comma;0.3); border-radius: 8px;' src='https:\/\/ftp3.syscom.mx\/usuarios\/scorrea\/A\/AUFIT\/Imagen\/pagina2.png' alt=''> <img style='width: 100%; max-width: 600px; height: auto; border: 1px solid rgba(150&comma;150&comma;150&comma;0.3); border-radius: 8px;' src='https:\/\/ftp3.syscom.mx\/usuarios\/ftp\/single_page\/aufit\/pagina4A.png' alt=''> <img style='width: 100%; max-width: 600px; height: auto; border: 1px solid rgba(150&comma;150&comma;150&comma;0.3); border-radius: 8px;' src='https:\/\/ftp3.syscom.mx\/usuarios\/scorrea\/A\/AUFIT\/Imagen\/pagina5A.png' alt=''> <img style='width: 100%; max-width: 600px; height: auto; border: 1px solid rgba(150&comma;150&comma;150&comma;0.3); border-radius: 8px;' src='https:\/\/ftp3.syscom.mx\/usuarios\/fotos\/CHIR3212K220\/213937-82626_especificaciones_tecnicas_(14).jpg' alt='Tabla Aufit'> <\/div>\n<\/p><\/div>\n","protected":false},"excerpt":{"rendered":"<p>Minisplit WiFi Inverter \/ SEER 20 \/ 12,000 BTUs ( 1 TON ) \/ R32 \/ Fr\u00edo y Calor \/ 110 Vca \/ Filtro de salud \/ Compatible con  Alexa y Google.<\/p>\n","protected":false},"featured_media":37942,"comment_status":"open","ping_status":"closed","template":"","meta":[],"product_brand":[],"product_cat":[98],"product_tag":[186,30,99],"class_list":{"0":"post-37943","1":"product","2":"type-product","3":"status-publish","4":"has-post-thumbnail","6":"product_cat-climatizacion","7":"product_tag-aufit","8":"product_tag-automatizacion-casa-inteligente","9":"product_tag-climatizacion","11":"first","12":"instock","13":"sale","14":"shipping-taxable","15":"purchasable","16":"product-type-simple"},"_links":{"self":[{"href":"https:\/\/soydeaqui.ddns.net\/pachuca\/index.php\/wp-json\/wp\/v2\/product\/37943","targetHints":{"allow":["GET"]}}],"collection":[{"href":"https:\/\/soydeaqui.ddns.net\/pachuca\/index.php\/wp-json\/wp\/v2\/product"}],"about":[{"href":"https:\/\/soydeaqui.ddns.net\/pachuca\/index.php\/wp-json\/wp\/v2\/types\/product"}],"replies":[{"embeddable":true,"href":"https:\/\/soydeaqui.ddns.net\/pachuca\/index.php\/wp-json\/wp\/v2\/comments?post=37943"}],"wp:featuredmedia":[{"embeddable":true,"href":"https:\/\/soydeaqui.ddns.net\/pachuca\/index.php\/wp-json\/wp\/v2\/media\/37942"}],"wp:attachment":[{"href":"https:\/\/soydeaqui.ddns.net\/pachuca\/index.php\/wp-json\/wp\/v2\/media?parent=37943"}],"wp:term":[{"taxonomy":"product_brand","embeddable":true,"href":"https:\/\/soydeaqui.ddns.net\/pachuca\/index.php\/wp-json\/wp\/v2\/product_brand?post=37943"},{"taxonomy":"product_cat","embeddable":true,"href":"https:\/\/soydeaqui.ddns.net\/pachuca\/index.php\/wp-json\/wp\/v2\/product_cat?post=37943"},{"taxonomy":"product_tag","embeddable":true,"href":"https:\/\/soydeaqui.ddns.net\/pachuca\/index.php\/wp-json\/wp\/v2\/product_tag?post=37943"}],"curies":[{"name":"wp","href":"https:\/\/api.w.org\/{rel}","templated":true}]}}