{"id":37902,"date":"2026-03-18T16:43:02","date_gmt":"2026-03-18T16:43:02","guid":{"rendered":"https:\/\/soydeaqui.ddns.net\/pachuca\/index.php\/producto\/dispositivo-de-bloqueo-loto-para-valvulas-de-compuerta-para-diametros-de-1-a-3-color-rojo\/"},"modified":"2026-03-18T16:43:08","modified_gmt":"2026-03-18T16:43:08","slug":"dispositivo-de-bloqueo-loto-para-valvulas-de-compuerta-para-diametros-de-1-a-3-color-rojo","status":"publish","type":"product","link":"https:\/\/soydeaqui.ddns.net\/pachuca\/index.php\/producto\/dispositivo-de-bloqueo-loto-para-valvulas-de-compuerta-para-diametros-de-1-a-3-color-rojo\/","title":{"rendered":"Dispositivo de Bloqueo LOTO para V\u00e1lvulas de Compuerta, para Di\u00e1metros de 1&#8243; a 3&#8243;, Color Rojo"},"content":{"rendered":"<div style='width: 100%; max-width: 1200px; margin: 0 auto; font-family: sans-serif; line-height: 1.6; color: inherit; background-color: transparent;'>\n<div style='display: flex; flex-wrap: wrap; gap: 30px; margin-bottom: 30px;'>\n<div style='flex: 1 1 300px; min-width: 280px;'>\n<h3 style='font-size: 22px; border-bottom: 2px solid currentColor; padding-bottom: 5px; margin-top: 0; color: inherit; opacity: 0.8;'>Descripci\u00f3n<\/h3>\n<p style='font-size: 15px; color: inherit;'> El bloqueo de v\u00e1lvula de compuerta PSL-V2A est\u00e1 fabricado con polipropileno resistente que proporciona resistencia&comma; durabilidad y seguridad adicional. Las v\u00e1lvulas de bola que regulan la energ\u00eda hidr\u00e1ulica&comma; neum\u00e1tica y qu\u00edmica se pueden bloquear r\u00e1pida y f\u00e1cilmente. Acomoda manijas de v\u00e1lvula que van desde 1&#8242; a 3&#8242; de di\u00e1metro. 3.5&#8242; x 1.5&#8242; (88.9 mm x 38.1 mm) <\/p>\n<\/p><\/div>\n<\/p><\/div>\n<div style='display: flex; flex-wrap: wrap; gap: 20px; margin-bottom: 30px;'>\n<div style='flex: 1 1 250px; border: 1px solid rgba(150&comma; 150&comma; 150&comma; 0.4); border-radius: 8px; overflow: hidden; display: flex; flex-direction: column;'>\n<div style='padding: 15px; border-bottom: 1px solid rgba(150&comma; 150&comma; 150&comma; 0.2); font-weight: bold; font-size: 18px; color: inherit;'>Especificaciones<\/div>\n<div style='padding: 15px; color: inherit;'>\n<ul style='padding-left: 20px; margin: 0; font-size: 14px; list-style-type: disc;'>\n<li style='margin-bottom: 5px;'><strong>Color:<\/strong> Rojo<\/li>\n<li style='margin-bottom: 5px;'><strong>Material:<\/strong> Polipropileno<\/li>\n<li style='margin-bottom: 5px;'><strong>Longitud total (mm):<\/strong> 38.1<\/li>\n<li style='margin-bottom: 5px;'><strong>Ancho total (mm):<\/strong> 88.9<\/li>\n<li style='margin-bottom: 5px;'><strong>Temperatura m\u00e1xima de funcionamiento (\u00b0C):<\/strong> 101<\/li>\n<li style='margin-bottom: 5px;'><strong>Temperatura m\u00ednima de funcionamiento (\u00b0C):<\/strong> -40<\/li>\n<\/ul><\/div>\n<\/p><\/div>\n<div style='flex: 1 1 250px; border: 1px solid rgba(150&comma; 150&comma; 150&comma; 0.4); border-radius: 8px; overflow: hidden; display: flex; flex-direction: column;'>\n<div style='padding: 15px; border-bottom: 1px solid rgba(150&comma; 150&comma; 150&comma; 0.2); font-weight: bold; font-size: 18px; color: inherit;'>Caracter\u00edsticas<\/div>\n<div style='padding: 15px; color: inherit;'>\n<ul style='padding-left: 20px; margin: 0; font-size: 14px; list-style-type: disc;'>\n<li style='margin-bottom: 5px;'>Construcci\u00f3n en polipropileno&comma; m\u00e1xima resistencia y durabilidad<\/li>\n<li style='margin-bottom: 5px;'>Compatible con v\u00e1lvulas de 1&#8242; a 3&#8242; de di\u00e1metro<\/li>\n<li style='margin-bottom: 5px;'>Temperatura m\u00e1xima: 101\u00b0C&comma; m\u00ednima: -40\u00b0C<\/li>\n<li style='margin-bottom: 5px;'>Dimensiones: 3.5&#8217;x1.5&#8242; (88.9mm x 38.1mm)<\/li>\n<li style='margin-bottom: 5px;'>Color rojo para visibilidad y seguridad incrementada<\/li>\n<\/ul><\/div>\n<\/p><\/div>\n<\/p><\/div>\n<div style='display: flex; flex-wrap: wrap; gap: 30px; margin-bottom: 30px;'>\n<div style='flex: 1 1 300px; min-width: 280px;'>\n<h3 style='font-size: 22px; border-bottom: 2px solid currentColor; padding-bottom: 5px; margin-top: 0; color: inherit; opacity: 0.8;'>Notas<\/h3>\n<ul style='padding-left: 20px; font-size: 15px; color: inherit;'>\n<li style='margin-bottom: 5px;'><strong>Candado y etiquetas se venden por separado.<\/strong><\/li>\n<\/ul><\/div>\n<\/p><\/div>\n<hr style='border: 0; border-top: 1px solid rgba(150&comma; 150&comma; 150&comma; 0.3); margin: 30px 0;'> <\/div>\n","protected":false},"excerpt":{"rendered":"<p>Dispositivo de Bloqueo LOTO para V\u00e1lvulas de Compuerta, para Di\u00e1metros de 1&#8243; a 3&#8243;, Color Rojo<\/p>\n","protected":false},"featured_media":37901,"comment_status":"open","ping_status":"closed","template":"","meta":[],"product_brand":[],"product_cat":[1069],"product_tag":[1066,1070,445],"class_list":{"0":"post-37902","1":"product","2":"type-product","3":"status-publish","4":"has-post-thumbnail","6":"product_cat-centros-de-carga-e-interruptores","7":"product_tag-area-electrica","8":"product_tag-centros-de-carga-e-interruptores","9":"product_tag-panduit","11":"first","12":"instock","13":"sale","14":"shipping-taxable","15":"purchasable","16":"product-type-simple"},"_links":{"self":[{"href":"https:\/\/soydeaqui.ddns.net\/pachuca\/index.php\/wp-json\/wp\/v2\/product\/37902","targetHints":{"allow":["GET"]}}],"collection":[{"href":"https:\/\/soydeaqui.ddns.net\/pachuca\/index.php\/wp-json\/wp\/v2\/product"}],"about":[{"href":"https:\/\/soydeaqui.ddns.net\/pachuca\/index.php\/wp-json\/wp\/v2\/types\/product"}],"replies":[{"embeddable":true,"href":"https:\/\/soydeaqui.ddns.net\/pachuca\/index.php\/wp-json\/wp\/v2\/comments?post=37902"}],"wp:featuredmedia":[{"embeddable":true,"href":"https:\/\/soydeaqui.ddns.net\/pachuca\/index.php\/wp-json\/wp\/v2\/media\/37901"}],"wp:attachment":[{"href":"https:\/\/soydeaqui.ddns.net\/pachuca\/index.php\/wp-json\/wp\/v2\/media?parent=37902"}],"wp:term":[{"taxonomy":"product_brand","embeddable":true,"href":"https:\/\/soydeaqui.ddns.net\/pachuca\/index.php\/wp-json\/wp\/v2\/product_brand?post=37902"},{"taxonomy":"product_cat","embeddable":true,"href":"https:\/\/soydeaqui.ddns.net\/pachuca\/index.php\/wp-json\/wp\/v2\/product_cat?post=37902"},{"taxonomy":"product_tag","embeddable":true,"href":"https:\/\/soydeaqui.ddns.net\/pachuca\/index.php\/wp-json\/wp\/v2\/product_tag?post=37902"}],"curies":[{"name":"wp","href":"https:\/\/api.w.org\/{rel}","templated":true}]}}