{"id":37868,"date":"2026-03-18T16:42:07","date_gmt":"2026-03-18T16:42:07","guid":{"rendered":"https:\/\/soydeaqui.ddns.net\/pachuca\/index.php\/producto\/candado-impermeable-con-llave-estandar-arco-corto-de-26-mm-nivel-de-seguridad-4-linea-comercial\/"},"modified":"2026-03-18T16:42:08","modified_gmt":"2026-03-18T16:42:08","slug":"candado-impermeable-con-llave-estandar-arco-corto-de-26-mm-nivel-de-seguridad-4-linea-comercial","status":"publish","type":"product","link":"https:\/\/soydeaqui.ddns.net\/pachuca\/index.php\/producto\/candado-impermeable-con-llave-estandar-arco-corto-de-26-mm-nivel-de-seguridad-4-linea-comercial\/","title":{"rendered":"Candado Impermeable con Llave Est\u00e1ndar \/ Arco Corto de 26 mm\/ Nivel de Seguridad 4 \/ L\u00ednea Comercial."},"content":{"rendered":"<div style='width: 100%; max-width: 1200px; margin: 0 auto; font-family: sans-serif; line-height: 1.6; color: inherit; background-color: transparent;'> <!-- Secci\u00f3n de caracter\u00edsticas --> <\/p>\n<div style='margin-bottom: 30px;'>\n<h3 style='font-size: 22px; border-bottom: 2px solid currentColor; padding-bottom: 5px; margin-top: 0; color: inherit; opacity: 0.8;'>Caracter\u00edsticas:<\/h3>\n<ul style='padding-left: 20px; font-size: 15px; color: inherit;'>\n<li style='margin-bottom: 5px;'>Cuerpo laminado cubierto de plastico que ofrece gran resistencia<\/li>\n<li style='margin-bottom: 5px;'>Tap\u00f3n de hule para la protecci\u00f3n del cilindro&comma; alargando su vida \u00fatil.<\/li>\n<li style='margin-bottom: 5px;'>Horquilla corta.<\/li>\n<\/ul><\/div>\n<p> <!-- Secci\u00f3n de especificaciones --> <\/p>\n<div style='display: flex; flex-wrap: wrap; gap: 20px; margin-bottom: 30px;'>\n<div style='flex: 1 1 250px; border: 1px solid rgba(150&comma; 150&comma; 150&comma; 0.4); border-radius: 8px; overflow: hidden; display: flex; flex-direction: column;'>\n<div style='padding: 15px; border-bottom: 1px solid rgba(150&comma; 150&comma; 150&comma; 0.2); font-weight: bold; font-size: 18px; color: inherit;'>Especificaciones<\/div>\n<div style='padding: 15px; color: inherit;'>\n<ul style='padding-left: 20px; margin: 0; font-size: 14px; list-style-type: disc;'>\n<li style='margin-bottom: 5px;'><strong>DI\u00c1METRO GANCHO:<\/strong> 8 mm<\/li>\n<li style='margin-bottom: 5px;'><strong>TIPO DE LLAVE:<\/strong> Est\u00e1ndar<\/li>\n<li style='margin-bottom: 5px;'><strong>ALTURA GANCHO CERRADO:<\/strong> 26mm<\/li>\n<li style='margin-bottom: 5px;'><strong>INTERIOR GANCHO:<\/strong> 19 mm<\/li>\n<li style='margin-bottom: 5px;'><strong>PASOS:<\/strong> 4<\/li>\n<li style='margin-bottom: 5px;'><strong>GROSOR CUERPO:<\/strong> 32 mm<\/li>\n<\/ul><\/div>\n<\/p><\/div>\n<\/p><\/div>\n<p> <!-- Separador --> <\/p>\n<hr style='border: 0; border-top: 1px solid rgba(150&comma; 150&comma; 150&comma; 0.3); margin: 30px 0;'> <\/div>\n","protected":false},"excerpt":{"rendered":"<p>Candado Impermeable con Llave Est\u00e1ndar \/ Arco Corto de 26 mm\/ Nivel de Seguridad 4 \/ L\u00ednea Comercial.<\/p>\n","protected":false},"featured_media":37867,"comment_status":"open","ping_status":"closed","template":"","meta":[],"product_brand":[],"product_cat":[434],"product_tag":[26,25,735],"class_list":{"0":"post-37868","1":"product","2":"type-product","3":"status-publish","4":"has-post-thumbnail","6":"product_cat-accesorios-de-instalacion-herramientas-automatizacion-e-intrusion","7":"product_tag-accesorios-de-instalacion","8":"product_tag-herramientas","9":"product_tag-lock","11":"first","12":"instock","13":"sale","14":"shipping-taxable","15":"purchasable","16":"product-type-simple"},"_links":{"self":[{"href":"https:\/\/soydeaqui.ddns.net\/pachuca\/index.php\/wp-json\/wp\/v2\/product\/37868","targetHints":{"allow":["GET"]}}],"collection":[{"href":"https:\/\/soydeaqui.ddns.net\/pachuca\/index.php\/wp-json\/wp\/v2\/product"}],"about":[{"href":"https:\/\/soydeaqui.ddns.net\/pachuca\/index.php\/wp-json\/wp\/v2\/types\/product"}],"replies":[{"embeddable":true,"href":"https:\/\/soydeaqui.ddns.net\/pachuca\/index.php\/wp-json\/wp\/v2\/comments?post=37868"}],"wp:featuredmedia":[{"embeddable":true,"href":"https:\/\/soydeaqui.ddns.net\/pachuca\/index.php\/wp-json\/wp\/v2\/media\/37867"}],"wp:attachment":[{"href":"https:\/\/soydeaqui.ddns.net\/pachuca\/index.php\/wp-json\/wp\/v2\/media?parent=37868"}],"wp:term":[{"taxonomy":"product_brand","embeddable":true,"href":"https:\/\/soydeaqui.ddns.net\/pachuca\/index.php\/wp-json\/wp\/v2\/product_brand?post=37868"},{"taxonomy":"product_cat","embeddable":true,"href":"https:\/\/soydeaqui.ddns.net\/pachuca\/index.php\/wp-json\/wp\/v2\/product_cat?post=37868"},{"taxonomy":"product_tag","embeddable":true,"href":"https:\/\/soydeaqui.ddns.net\/pachuca\/index.php\/wp-json\/wp\/v2\/product_tag?post=37868"}],"curies":[{"name":"wp","href":"https:\/\/api.w.org\/{rel}","templated":true}]}}