{"id":3786,"date":"2026-03-18T06:11:55","date_gmt":"2026-03-18T06:11:55","guid":{"rendered":"https:\/\/soydeaqui.ddns.net\/pachuca\/index.php\/producto\/ax-hybrid-pro-camara-cableada-con-pir-resolucion-de-la-camara-1920-x-1080-inmunidad-a-mascotas-rango-de-deteccion-de-12-mts-angulo-de-85-9-de-cobertura-solo-compatible-con-el-panel\/"},"modified":"2026-03-18T06:11:57","modified_gmt":"2026-03-18T06:11:57","slug":"ax-hybrid-pro-camara-cableada-con-pir-resolucion-de-la-camara-1920-x-1080-inmunidad-a-mascotas-rango-de-deteccion-de-12-mts-angulo-de-85-9-de-cobertura-solo-compatible-con-el-panel","status":"publish","type":"product","link":"https:\/\/soydeaqui.ddns.net\/pachuca\/index.php\/producto\/ax-hybrid-pro-camara-cableada-con-pir-resolucion-de-la-camara-1920-x-1080-inmunidad-a-mascotas-rango-de-deteccion-de-12-mts-angulo-de-85-9-de-cobertura-solo-compatible-con-el-panel\/","title":{"rendered":"(AX HYBRID PRO) C\u00e1mara Cableada con PIR \/ Resoluci\u00f3n de la c\u00e1mara 1920 x 1080 \/ Inmunidad a Mascotas \/ Rango de Detecci\u00f3n de 12 mts \/ Angulo de 85.9\u00b0 de Cobertura  \/ SOLO  COMPATIBLE con el panel DS-PHA64-LP y DS-PHA64-LP(B"},"content":{"rendered":"<div style='width: 100%; max-width: 1200px; margin: 0 auto; font-family: sans-serif; line-height: 1.6; color: inherit; background-color: transparent;'>\n<p style='text-align: center; margin: 0;'><img style='width: 45%; height: auto; border: 1px solid rgba(150&comma;150&comma;150&comma;0.3); border-radius: 8px;' src='https:\/\/ftp3.syscom.mx\/usuarios\/jsosa\/HIKVISION\/imagenes\/logo\/hikvision%20see%20far.png' alt='Logo Hikvision'><\/p>\n<div style='display: flex; flex-wrap: wrap; gap: 30px; margin-top: 30px; margin-bottom: 30px;'>\n<div style='flex: 1 1 300px; min-width: 280px;'>\n<h3 style='font-size: 22px; border-bottom: 2px solid currentColor; padding-bottom: 5px; margin-top: 0; color: inherit; opacity: 0.8;'>Caracter\u00edsticas principales<\/h3>\n<ul style='padding-left: 20px; font-size: 15px; color: inherit;'>\n<li style='margin-bottom: 5px;'><strong>Compatible solo con el panel:<\/strong> <a href='https:\/\/www.syscom.mx\/producto\/DS-PHA64-LP-HIKVISION-208788.html' target='_blank' rel='noopener' style='color: inherit; text-decoration: underline;'>DS-PHA64-LP<\/a> y <a href='https:\/\/www.syscom.mx\/producto\/DS-PHA64-LP(B)-HIKVISION-229231.html' target='_blank' rel='noopener' style='color: inherit; text-decoration: underline;'>DS-PHA64-LP(B)<\/a><\/li>\n<li style='margin-bottom: 5px;'><strong>Alarma de intrusi\u00f3n<\/strong><\/li>\n<li style='margin-bottom: 5px;'><strong>Rango de detecci\u00f3n:<\/strong> 12 m<\/li>\n<li style='margin-bottom: 5px;'><strong>\u00c1ngulo de detecci\u00f3n:<\/strong> 85.9\u00b0<\/li>\n<li style='margin-bottom: 5px;'><strong>Inmunidad contra mascotas:<\/strong> 30Kg<\/li>\n<li style='margin-bottom: 5px;'><strong>Resoluci\u00f3n m\u00e1xima de la c\u00e1mara:<\/strong> 1920 x 1080<\/li>\n<li style='margin-bottom: 5px;'><strong>Accesorio recomendado:<\/strong> No incluye montaje (cotizar el modelo <a href='https:\/\/www.syscom.mx\/producto\/DS-PDB-IN-U-HIKVISION-207035.html' target='_blank' rel='noopener' style='color: inherit; text-decoration: underline;'>DS-PDB-IN-U<\/a>)<\/li>\n<\/ul><\/div>\n<div style='flex: 1 1 300px; min-width: 280px;'>\n<h3 style='font-size: 22px; border-bottom: 2px solid currentColor; padding-bottom: 5px; margin-top: 0; color: inherit; opacity: 0.8;'>Caracter\u00edsticas F\u00edsicas y El\u00e9ctricas<\/h3>\n<ul style='padding-left: 20px; font-size: 15px; color: inherit;'>\n<li style='margin-bottom: 5px;'><strong>Voltaje de Operaci\u00f3n:<\/strong> 9 a 16 Vcc \/ 100mA<\/li>\n<li style='margin-bottom: 5px;'><strong>Tamper antisabotaje<\/strong><\/li>\n<li style='margin-bottom: 5px;'><strong>Altura de instalaci\u00f3n:<\/strong> 1.8 a 2.4 metros<\/li>\n<li style='margin-bottom: 5px;'><strong>Temperatura de operaci\u00f3n:<\/strong> -10\u00b0 &#8211; 55\u00b0C<\/li>\n<li style='margin-bottom: 5px;'><strong>Dimensiones:<\/strong> 73 x 130.5 x 56.7 mm<\/li>\n<\/ul><\/div>\n<div style='flex: 1 1 300px; min-width: 280px;'>\n<h3 style='font-size: 22px; border-bottom: 2px solid currentColor; padding-bottom: 5px; margin-top: 0; color: inherit; opacity: 0.8;'>Caracter\u00edsticas Destacadas<\/h3>\n<p style='font-size: 15px; color: inherit; margin-bottom: 15px;'>El detector PIRCAM es un detector de bus de alta velocidad con c\u00e1mara integrada de alta calidad que puede proporcionar una soluci\u00f3n ideal para la verificaci\u00f3n de video a trav\u00e9s de im\u00e1genes en movimiento transmitidas a una Central de Monitoreo o a tel\u00e9fonos personales a trav\u00e9s de aplicaciones (Hik-Connect).<\/p>\n<p style='font-size: 15px; color: inherit; margin-top: 25px; margin-bottom: 0;'><strong>Compatible solo con:<\/strong> <a href='https:\/\/www.syscom.mx\/principal\/buscar?global_search=dspha64l&#038;ordenar=Relevancia&#038;pag=1' target='_blank' rel='noopener' style='color: inherit; text-decoration: underline;'>DS-PHA64-LP<\/a> y <a href='https:\/\/www.syscom.mx\/producto\/DS-PHA64-LP(B)-HIKVISION-229231.html' target='_blank' rel='noopener' style='color: inherit; text-decoration: underline;'>DS-PHA64-LP(B)<\/a><\/p>\n<\/p><\/div>\n<\/p><\/div>\n<hr style='border: 0; border-top: 1px solid rgba(150&comma; 150&comma; 150&comma; 0.3); margin: 30px 0;'>\n<p style='margin: 0;'><a title='Serie AX PRO' href='https:\/\/www.syscom.mx\/principal\/listadoproductosazul\/intrusion-hikvision-paneles-de-alarma-y-accesorios-ax-hybrid-pro-66400.html?ordenar=Precio_de_Menor_a_Mayor&#038;pag=1'><img style='width: 100%; height: auto; border: 1px solid rgba(150&comma;150&comma;150&comma;0.3); border-radius: 8px;' src='https:\/\/ftp3.syscom.mx\/usuarios\/jsosa\/HIKVISION\/alarmas\/hybridpro\/AX%20HYBRID%20PRO.png' alt='Banner Serie AX PRO'><\/a><\/p>\n<\/p><\/div>\n","protected":false},"excerpt":{"rendered":"<p>(AX HYBRID PRO) C\u00e1mara Cableada con PIR \/ Resoluci\u00f3n de la c\u00e1mara 1920 x 1080 \/ Inmunidad a Mascotas \/ Rango de Detecci\u00f3n de 12 mts \/ Angulo de 85.9\u00b0 de Cobertura  \/ SOLO  COMPATIBLE con el panel DS-PHA64-LP y DS-PHA64-LP(B<\/p>\n","protected":false},"featured_media":3785,"comment_status":"open","ping_status":"closed","template":"","meta":[],"product_brand":[],"product_cat":[413],"product_tag":[414,54,69],"class_list":{"0":"post-3786","1":"product","2":"type-product","3":"status-publish","4":"has-post-thumbnail","6":"product_cat-ax-hybrid-pro-series","7":"product_tag-ax-hybrid-pro-series","8":"product_tag-hikvision","9":"product_tag-paneles-de-alarma-y-accesorios-hikvision","11":"first","12":"instock","13":"sale","14":"shipping-taxable","15":"purchasable","16":"product-type-simple"},"_links":{"self":[{"href":"https:\/\/soydeaqui.ddns.net\/pachuca\/index.php\/wp-json\/wp\/v2\/product\/3786","targetHints":{"allow":["GET"]}}],"collection":[{"href":"https:\/\/soydeaqui.ddns.net\/pachuca\/index.php\/wp-json\/wp\/v2\/product"}],"about":[{"href":"https:\/\/soydeaqui.ddns.net\/pachuca\/index.php\/wp-json\/wp\/v2\/types\/product"}],"replies":[{"embeddable":true,"href":"https:\/\/soydeaqui.ddns.net\/pachuca\/index.php\/wp-json\/wp\/v2\/comments?post=3786"}],"wp:featuredmedia":[{"embeddable":true,"href":"https:\/\/soydeaqui.ddns.net\/pachuca\/index.php\/wp-json\/wp\/v2\/media\/3785"}],"wp:attachment":[{"href":"https:\/\/soydeaqui.ddns.net\/pachuca\/index.php\/wp-json\/wp\/v2\/media?parent=3786"}],"wp:term":[{"taxonomy":"product_brand","embeddable":true,"href":"https:\/\/soydeaqui.ddns.net\/pachuca\/index.php\/wp-json\/wp\/v2\/product_brand?post=3786"},{"taxonomy":"product_cat","embeddable":true,"href":"https:\/\/soydeaqui.ddns.net\/pachuca\/index.php\/wp-json\/wp\/v2\/product_cat?post=3786"},{"taxonomy":"product_tag","embeddable":true,"href":"https:\/\/soydeaqui.ddns.net\/pachuca\/index.php\/wp-json\/wp\/v2\/product_tag?post=3786"}],"curies":[{"name":"wp","href":"https:\/\/api.w.org\/{rel}","templated":true}]}}