{"id":37829,"date":"2026-03-18T16:41:05","date_gmt":"2026-03-18T16:41:05","guid":{"rendered":"https:\/\/soydeaqui.ddns.net\/pachuca\/index.php\/producto\/gafas-de-seguridad-con-semimarco-pro-de-alta-calidad-y-cristales-para-interior-exterior\/"},"modified":"2026-03-18T16:41:10","modified_gmt":"2026-03-18T16:41:10","slug":"gafas-de-seguridad-con-semimarco-pro-de-alta-calidad-y-cristales-para-interior-exterior","status":"publish","type":"product","link":"https:\/\/soydeaqui.ddns.net\/pachuca\/index.php\/producto\/gafas-de-seguridad-con-semimarco-pro-de-alta-calidad-y-cristales-para-interior-exterior\/","title":{"rendered":"Gafas de Seguridad con Semimarco PRO de Alta Calidad y Cristales para Interior \/ Exterior"},"content":{"rendered":"<div style='width: 100%; max-width: 1200px; margin: 0 auto; font-family: sans-serif; line-height: 1.6; color: inherit; background-color: transparent;'>\n<div style='display: flex; flex-wrap: wrap; gap: 30px; margin-bottom: 30px;'>\n<div style='flex: 1 1 300px; min-width: 280px;'>\n<h3 style='font-size: 22px; border-bottom: 2px solid currentColor; padding-bottom: 5px; margin-top: 0; color: inherit; opacity: 0.8;'>Caracter\u00edsticas Generales<\/h3>\n<ul style='padding-left: 20px; font-size: 15px; color: inherit;'>\n<li style='margin-bottom: 5px;'>No es necesario llevar dos tipos de gafas para interiores y exteriores; una cosa menos que llevar&comma; sin tener que alternar m\u00e1s<\/li>\n<li style='margin-bottom: 5px;'>Los cristales ligeramente ahumados reducen el resplandor&comma; mientras mantienen el reconocimiento de colores para uso en interiores y exteriores<\/li>\n<li style='margin-bottom: 5px;'>Cuentan con protecci\u00f3n superior contra impactos conforme las normas ANSI Z87.1+&comma; CSA Z94.3&comma; as\u00ed como la prueba de grado militar MIL-PRF-32432A (Clase 1-fragmentaci\u00f3n bal\u00edstica) Cl\u00e1usula 3.8.4.1<\/li>\n<li style='margin-bottom: 5px;'>Sus cristales cuentan con tratamiento antirayaduras y antiempa\u00f1ante lo que permite continuar trabajando con una visi\u00f3n limpia y sin distorsiones<\/li>\n<li style='margin-bottom: 5px;'>Ofrecen protecci\u00f3n contra rayos ultravioleta (UV-A&comma; UV-B &#038; UV-C) bloqueando de manera eficaz el 99.9 % de sus rayos nocivos<\/li>\n<\/ul><\/div>\n<\/p><\/div>\n<p> <!-- Im\u00e1genes --> <\/p>\n<div style='display: flex; flex-wrap: wrap; gap: 20px; margin-bottom: 30px;'>\n<div style='flex: 1 1 300px; min-width: 280px;'> <img style='width: 100%; height: auto; border: 1px solid rgba(150&comma;150&comma;150&comma;0.3); border-radius: 8px;' src='https:\/\/ftp3.syscom.mx\/usuarios\/fotos\/60536\/213825-captura_de_pantalla_2022-11-28_a_la(s)_13.37.37.png' alt=''> <\/div>\n<div style='flex: 1 1 300px; min-width: 280px;'> <img style='width: 100%; height: auto; border: 1px solid rgba(150&comma;150&comma;150&comma;0.3); border-radius: 8px;' src='https:\/\/ftp3.syscom.mx\/usuarios\/fotos\/60536\/213825-captura_de_pantalla_2022-11-28_a_la(s)_15.16.43.png' alt=''> <\/div>\n<div style='flex: 1 1 300px; min-width: 280px;'> <img style='width: 100%; height: auto; border: 1px solid rgba(150&comma;150&comma;150&comma;0.3); border-radius: 8px;' src='https:\/\/ftp3.syscom.mx\/usuarios\/fotos\/60536\/213825-captura_de_pantalla_2022-11-28_a_la(s)_15.21.09.png' alt=''> <\/div>\n<\/p><\/div>\n<\/p><\/div>\n","protected":false},"excerpt":{"rendered":"<p>Gafas de Seguridad con Semimarco PRO de Alta Calidad y Cristales para Interior \/ Exterior<\/p>\n","protected":false},"featured_media":37828,"comment_status":"open","ping_status":"closed","template":"","meta":[],"product_brand":[],"product_cat":[245],"product_tag":[247,432,246],"class_list":{"0":"post-37829","1":"product","2":"type-product","3":"status-publish","4":"has-post-thumbnail","6":"product_cat-herramientas-de-instalacion","7":"product_tag-herramientas-de-instalacion","8":"product_tag-klein-tools","9":"product_tag-torres-y-mastiles","11":"first","12":"instock","13":"sale","14":"shipping-taxable","15":"purchasable","16":"product-type-simple"},"_links":{"self":[{"href":"https:\/\/soydeaqui.ddns.net\/pachuca\/index.php\/wp-json\/wp\/v2\/product\/37829","targetHints":{"allow":["GET"]}}],"collection":[{"href":"https:\/\/soydeaqui.ddns.net\/pachuca\/index.php\/wp-json\/wp\/v2\/product"}],"about":[{"href":"https:\/\/soydeaqui.ddns.net\/pachuca\/index.php\/wp-json\/wp\/v2\/types\/product"}],"replies":[{"embeddable":true,"href":"https:\/\/soydeaqui.ddns.net\/pachuca\/index.php\/wp-json\/wp\/v2\/comments?post=37829"}],"wp:featuredmedia":[{"embeddable":true,"href":"https:\/\/soydeaqui.ddns.net\/pachuca\/index.php\/wp-json\/wp\/v2\/media\/37828"}],"wp:attachment":[{"href":"https:\/\/soydeaqui.ddns.net\/pachuca\/index.php\/wp-json\/wp\/v2\/media?parent=37829"}],"wp:term":[{"taxonomy":"product_brand","embeddable":true,"href":"https:\/\/soydeaqui.ddns.net\/pachuca\/index.php\/wp-json\/wp\/v2\/product_brand?post=37829"},{"taxonomy":"product_cat","embeddable":true,"href":"https:\/\/soydeaqui.ddns.net\/pachuca\/index.php\/wp-json\/wp\/v2\/product_cat?post=37829"},{"taxonomy":"product_tag","embeddable":true,"href":"https:\/\/soydeaqui.ddns.net\/pachuca\/index.php\/wp-json\/wp\/v2\/product_tag?post=37829"}],"curies":[{"name":"wp","href":"https:\/\/api.w.org\/{rel}","templated":true}]}}