{"id":37817,"date":"2026-03-18T16:40:46","date_gmt":"2026-03-18T16:40:46","guid":{"rendered":"https:\/\/soydeaqui.ddns.net\/pachuca\/index.php\/producto\/navaja-victorinox-de-bolsillo-fieldmaster-multiherramienta-con-15-funciones\/"},"modified":"2026-03-18T16:40:48","modified_gmt":"2026-03-18T16:40:48","slug":"navaja-victorinox-de-bolsillo-fieldmaster-multiherramienta-con-15-funciones","status":"publish","type":"product","link":"https:\/\/soydeaqui.ddns.net\/pachuca\/index.php\/producto\/navaja-victorinox-de-bolsillo-fieldmaster-multiherramienta-con-15-funciones\/","title":{"rendered":"Navaja Victorinox de Bolsillo Fieldmaster Multiherramienta con 15 Funciones."},"content":{"rendered":"<div style='width: 100%; max-width: 1200px; margin: 0 auto; font-family: sans-serif; line-height: 1.6; color: inherit; background-color: transparent;'> <!-- Imagen principal --> <\/p>\n<div style='text-align: center; margin: 30px 0;'> <img style='width: 100%; max-width: 300px; height: auto; border: 1px solid rgba(150&comma;150&comma;150&comma;0.3); border-radius: 8px;' src='https:\/\/ftp3.syscom.mx\/usuarios\/fotos\/30163801\/170463-victorinox.png' alt='Navaja Victorinox Fieldmaster'> <\/div>\n<p> <!-- T\u00edtulo destacado --> <\/p>\n<h2 style='font-size: 22px; text-align: center; margin: 30px 0 20px; color: inherit;'> <span style='color: #c0392b;'>Navaja<\/span> de Bolsillo Mediana <span style='color: #c0392b;'>Fieldmaster<\/span> Multiherramienta con <span style='color: #c0392b;'>Tijeras<\/span> <\/h2>\n<p> <!-- Descripci\u00f3n general --> <\/p>\n<div style='margin-bottom: 30px; font-size: 15px;'>\n<p style='margin: 0 0 15px; color: inherit;'>Ideal para las aventuras diarias o los trabajos chiquitos en el jard\u00edn&comma; la vers\u00e1til navaja de bolsillo Fieldmaster funciona tanto para proyectos al aire libre como en interiores. Con 15 caracter\u00edsticas&comma; desde cuchillas hasta un destapador&comma; desde tijeras hasta destornilladores y desde pelacables hasta un serrucho&comma; la Fieldmaster no lo va a desilusionar. Esta es una multiherramienta que nunca dejar\u00e1s de usar y te preguntar\u00e1s c\u00f3mo hiciste para vivir sin ella.<\/p>\n<\/p><\/div>\n<p> <!-- Secci\u00f3n de herramientas --> <\/p>\n<div style='margin-bottom: 30px;'>\n<div style='padding: 15px; border-bottom: 2px solid currentColor; margin-bottom: 15px; font-size: 18px; font-weight: bold; color: inherit;'>Herramientas<\/div>\n<div style='display: grid; grid-template-columns: repeat(auto-fill&comma; minmax(200px&comma; 1fr)); gap: 15px;'>\n<ul style='padding-left: 20px; margin: 0; color: inherit;'>\n<li style='margin-bottom: 5px;'>Anilla<\/li>\n<li style='margin-bottom: 5px;'>Destornillador Phillips 1\/2<\/li>\n<li style='margin-bottom: 5px;'>Gancho multiuso<\/li>\n<li style='margin-bottom: 5px;'>Abrelatas<\/li>\n<li style='margin-bottom: 5px;'>Destornillador 3 mm<\/li>\n<li style='margin-bottom: 5px;'>Destapador<\/li>\n<li style='margin-bottom: 5px;'>Destornillador 6 mm<\/li>\n<li style='margin-bottom: 5px;'>Pela cables<\/li>\n<li style='margin-bottom: 5px;'>Tijeras<\/li>\n<li style='margin-bottom: 5px;'>Palillo de dientes<\/li>\n<li style='margin-bottom: 5px;'>Punz\u00f3n&comma; escariador y aguja de coser<\/li>\n<li style='margin-bottom: 5px;'>Sierra para madera<\/li>\n<li style='margin-bottom: 5px;'>Pinzas<\/li>\n<li style='margin-bottom: 5px;'>Hoja grande<\/li>\n<li style='margin-bottom: 5px;'>Hoja peque\u00f1a<\/li>\n<\/ul><\/div>\n<\/p><\/div>\n<p> <!-- Secci\u00f3n de especificaciones --> <\/p>\n<div style='display: flex; flex-wrap: wrap; gap: 20px; margin-bottom: 30px;'>\n<div style='flex: 1 1 250px; border: 1px solid rgba(150&comma; 150&comma; 150&comma; 0.4); border-radius: 8px; overflow: hidden; display: flex; flex-direction: column;'>\n<div style='padding: 15px; border-bottom: 1px solid rgba(150&comma; 150&comma; 150&comma; 0.2); font-weight: bold; font-size: 18px; color: inherit;'>Dimensiones<\/div>\n<div style='padding: 15px; color: inherit;'>\n<ul style='padding-left: 20px; margin: 0; font-size: 14px; list-style-type: disc;'>\n<li style='margin-bottom: 5px;'><strong>Altura:<\/strong> 20 mm<\/li>\n<li style='margin-bottom: 5px;'><strong>Longitud:<\/strong> 91 mm<\/li>\n<li style='margin-bottom: 5px;'><strong>Ancho:<\/strong> 26 mm<\/li>\n<li style='margin-bottom: 5px;'><strong>Peso:<\/strong> 100 g<\/li>\n<\/ul><\/div>\n<\/p><\/div>\n<div style='flex: 1 1 250px; border: 1px solid rgba(150&comma; 150&comma; 150&comma; 0.4); border-radius: 8px; overflow: hidden; display: flex; flex-direction: column;'>\n<div style='padding: 15px; border-bottom: 1px solid rgba(150&comma; 150&comma; 150&comma; 0.2); font-weight: bold; font-size: 18px; color: inherit;'>Detalles<\/div>\n<div style='padding: 15px; color: inherit;'>\n<ul style='padding-left: 20px; margin: 0; font-size: 14px; list-style-type: disc;'>\n<li style='margin-bottom: 5px;'><strong>Material:<\/strong> ABS\/cellidor<\/li>\n<li style='margin-bottom: 5px;'><strong>Bloqueable:<\/strong> No<\/li>\n<li style='margin-bottom: 5px;'><strong>Hoja para una mano:<\/strong> No<\/li>\n<li style='margin-bottom: 5px;'><strong>N.\u00b0 de caracter\u00edsticas:<\/strong> 15<\/li>\n<li style='margin-bottom: 5px;'><strong>Color:<\/strong> Rojo<\/li>\n<\/ul><\/div>\n<\/p><\/div>\n<\/p><\/div>\n<p> <!-- Imagen adicional --> <\/p>\n<div style='text-align: center; margin: 30px 0;'> <img style='width: 100%; max-width: 1000px; height: auto; border: 1px solid rgba(150&comma;150&comma;150&comma;0.3); border-radius: 8px;' src='https:\/\/ftp3.syscom.mx\/usuarios\/fotos\/30338N\/220032-220032-vict.jpg' alt='Detalles de la navaja Victorinox'> <\/div>\n<p> <!-- Enlace a bases --> <\/p>\n<div style='text-align: center; margin: 30px 0;'> <a style='color: #005cb9; text-decoration: none; font-size: 14px;' href='http:\/\/soporte.syscom.mx\/syscom-mx\/bases-alta-fidelidad' target='_blank' rel='noopener'>Consulte las bases&comma; *2<\/a> <\/div>\n<p> <!-- Secci\u00f3n de garant\u00eda --> <\/p>\n<div style='margin-bottom: 30px;'>\n<div style='padding: 15px; border-bottom: 2px solid currentColor; margin-bottom: 15px; font-size: 18px; font-weight: bold; color: inherit;'>Pol\u00edtica de Garant\u00eda<\/div>\n<div style='font-size: 14px; color: inherit;'>\n<p style='margin: 0 0 15px;'>SYSCOM se apega a las pol\u00edticas de garant\u00eda de cada proveedor de la marca y\/o f\u00e1brica.<\/p>\n<p style='margin: 0;'>La cobertura de garant\u00eda por defecto de f\u00e1brica y\/o mal funcionamiento es de 90 d\u00edas con Syscom. Posterior a este periodo&comma; la garant\u00eda es directa con el fabricante. En quebraduras&comma; da\u00f1os f\u00edsicos de equipo y\/o empaque da\u00f1ado&comma; reportarlo dentro de las 24 horas posteriores a la fecha de recepci\u00f3n para el reclamo a paqueter\u00eda.<\/p>\n<\/p><\/div>\n<\/p><\/div>\n<\/p><\/div>\n","protected":false},"excerpt":{"rendered":"<p>Navaja Victorinox de Bolsillo Fieldmaster Multiherramienta con 15 Funciones.<\/p>\n","protected":false},"featured_media":37816,"comment_status":"open","ping_status":"closed","template":"","meta":[],"product_brand":[],"product_cat":[130],"product_tag":[25,131,1135],"class_list":{"0":"post-37817","1":"product","2":"type-product","3":"status-publish","4":"has-post-thumbnail","6":"product_cat-herramientas-electricas","7":"product_tag-herramientas","8":"product_tag-herramientas-electricas","9":"product_tag-victorinox","11":"first","12":"instock","13":"sale","14":"shipping-taxable","15":"purchasable","16":"product-type-simple"},"_links":{"self":[{"href":"https:\/\/soydeaqui.ddns.net\/pachuca\/index.php\/wp-json\/wp\/v2\/product\/37817","targetHints":{"allow":["GET"]}}],"collection":[{"href":"https:\/\/soydeaqui.ddns.net\/pachuca\/index.php\/wp-json\/wp\/v2\/product"}],"about":[{"href":"https:\/\/soydeaqui.ddns.net\/pachuca\/index.php\/wp-json\/wp\/v2\/types\/product"}],"replies":[{"embeddable":true,"href":"https:\/\/soydeaqui.ddns.net\/pachuca\/index.php\/wp-json\/wp\/v2\/comments?post=37817"}],"wp:featuredmedia":[{"embeddable":true,"href":"https:\/\/soydeaqui.ddns.net\/pachuca\/index.php\/wp-json\/wp\/v2\/media\/37816"}],"wp:attachment":[{"href":"https:\/\/soydeaqui.ddns.net\/pachuca\/index.php\/wp-json\/wp\/v2\/media?parent=37817"}],"wp:term":[{"taxonomy":"product_brand","embeddable":true,"href":"https:\/\/soydeaqui.ddns.net\/pachuca\/index.php\/wp-json\/wp\/v2\/product_brand?post=37817"},{"taxonomy":"product_cat","embeddable":true,"href":"https:\/\/soydeaqui.ddns.net\/pachuca\/index.php\/wp-json\/wp\/v2\/product_cat?post=37817"},{"taxonomy":"product_tag","embeddable":true,"href":"https:\/\/soydeaqui.ddns.net\/pachuca\/index.php\/wp-json\/wp\/v2\/product_tag?post=37817"}],"curies":[{"name":"wp","href":"https:\/\/api.w.org\/{rel}","templated":true}]}}