{"id":37793,"date":"2026-03-18T16:40:13","date_gmt":"2026-03-18T16:40:13","guid":{"rendered":"https:\/\/soydeaqui.ddns.net\/pachuca\/index.php\/producto\/kit-solar-para-interconexion-de-1-8kw-de-potencia-pico-220vca-con-microinversor-y-4-modulos-de-450-w-incluye-montaje-y-protecciones\/"},"modified":"2026-03-18T16:40:14","modified_gmt":"2026-03-18T16:40:14","slug":"kit-solar-para-interconexion-de-1-8kw-de-potencia-pico-220vca-con-microinversor-y-4-modulos-de-450-w-incluye-montaje-y-protecciones","status":"publish","type":"product","link":"https:\/\/soydeaqui.ddns.net\/pachuca\/index.php\/producto\/kit-solar-para-interconexion-de-1-8kw-de-potencia-pico-220vca-con-microinversor-y-4-modulos-de-450-w-incluye-montaje-y-protecciones\/","title":{"rendered":"Kit Solar para Interconexi\u00f3n de 1.8KW de Potencia Pico 220Vca con Microinversor y 4 M\u00f3dulos de 450 W (Incluye Montaje y Protecciones)."},"content":{"rendered":"<div style='width: 100%; max-width: 1200px; margin: 0 auto; font-family: sans-serif; line-height: 1.6; color: inherit; background-color: transparent;'>\n<div style='margin-bottom: 30px;'>\n<p style='margin-top: 0;'>Kit Solar para Interconexi\u00f3n de 2000W de potencia 220Vcc con Microinversor y M\u00f3dulos Monocristalinos.<\/p>\n<p>El kit incluye:<\/p>\n<\/p><\/div>\n<p> <!-- Tabla transformada a cards --> <\/p>\n<div style='display: flex; flex-wrap: wrap; gap: 20px; margin-bottom: 30px;'>\n<div style='flex: 1 1 250px; border: 1px solid rgba(150&comma; 150&comma; 150&comma; 0.4); border-radius: 8px; overflow: hidden; display: flex; flex-direction: column;'>\n<div style='padding: 15px; border-bottom: 1px solid rgba(150&comma; 150&comma; 150&comma; 0.2); font-weight: bold; font-size: 18px; color: inherit;'>Componente<\/div>\n<div style='padding: 15px; color: inherit;'>\n<ul style='padding-left: 20px; margin: 0; font-size: 14px; list-style-type: disc;'>\n<li style='margin-bottom: 5px;'><strong>Cantidad:<\/strong> 4<\/li>\n<li style='margin-bottom: 5px;'><strong>Modelo:<\/strong> <a style='color: inherit; text-decoration: underline;' href='https:\/\/www.syscom.mx\/producto\/ETM670BH450WW-WB-ELITE-PLUS-450W-50Vcc-Monocristalino-144-Celdas-grado-A-215989.html' target='_blank'>ETM670BH450WW\/WB<\/a><\/li>\n<li style='margin-bottom: 5px;'><strong>Descripci\u00f3n:<\/strong> M\u00f3dulo Solar ELITE PLUS&comma; 450W&comma; 50 Vcc&comma; Monocristalino&comma; 144 Celdas grado A<\/li>\n<\/ul><\/div>\n<\/p><\/div>\n<div style='flex: 1 1 250px; border: 1px solid rgba(150&comma; 150&comma; 150&comma; 0.4); border-radius: 8px; overflow: hidden; display: flex; flex-direction: column;'>\n<div style='padding: 15px; border-bottom: 1px solid rgba(150&comma; 150&comma; 150&comma; 0.2); font-weight: bold; font-size: 18px; color: inherit;'>Componente<\/div>\n<div style='padding: 15px; color: inherit;'>\n<ul style='padding-left: 20px; margin: 0; font-size: 14px; list-style-type: disc;'>\n<li style='margin-bottom: 5px;'><strong>Cantidad:<\/strong> 1<\/li>\n<li style='margin-bottom: 5px;'><strong>Modelo:<\/strong> <a style='color: inherit; text-decoration: underline;' href='https:\/\/www.syscom.mx\/producto\/HMS20004TA-HOYMILES-215988.html' target='_blank'>HMS20004TA<\/a><\/li>\n<li style='margin-bottom: 5px;'><strong>Descripci\u00f3n:<\/strong> Microinversor 2 Kw&comma; 220 Vca&comma; para Interconexi\u00f3n a Red El\u00e9ctrica<\/li>\n<\/ul><\/div>\n<\/p><\/div>\n<div style='flex: 1 1 250px; border: 1px solid rgba(150&comma; 150&comma; 150&comma; 0.4); border-radius: 8px; overflow: hidden; display: flex; flex-direction: column;'>\n<div style='padding: 15px; border-bottom: 1px solid rgba(150&comma; 150&comma; 150&comma; 0.2); font-weight: bold; font-size: 18px; color: inherit;'>Componente<\/div>\n<div style='padding: 15px; color: inherit;'>\n<ul style='padding-left: 20px; margin: 0; font-size: 14px; list-style-type: disc;'>\n<li style='margin-bottom: 5px;'><strong>Cantidad:<\/strong> 1<\/li>\n<li style='margin-bottom: 5px;'><strong>Modelo:<\/strong> <a style='color: inherit; text-decoration: underline;' href='https:\/\/www.syscom.mx\/principal\/searchcont?route=ACTRUNKCABLE-HOYMILES-201221&#038;autodetect=ACTRUNKCABLE' target='_blank'>ACTRUNKCABLE<\/a><\/li>\n<li style='margin-bottom: 5px;'><strong>Descripci\u00f3n:<\/strong> Conector Troncal Para Microinversores HMS-2000-4T<\/li>\n<\/ul><\/div>\n<\/p><\/div>\n<div style='flex: 1 1 250px; border: 1px solid rgba(150&comma; 150&comma; 150&comma; 0.4); border-radius: 8px; overflow: hidden; display: flex; flex-direction: column;'>\n<div style='padding: 15px; border-bottom: 1px solid rgba(150&comma; 150&comma; 150&comma; 0.2); font-weight: bold; font-size: 18px; color: inherit;'>Componente<\/div>\n<div style='padding: 15px; color: inherit;'>\n<ul style='padding-left: 20px; margin: 0; font-size: 14px; list-style-type: disc;'>\n<li style='margin-bottom: 5px;'><strong>Cantidad:<\/strong> 1<\/li>\n<li style='margin-bottom: 5px;'><strong>Modelo:<\/strong> <a style='color: inherit; text-decoration: underline;' href='https:\/\/www.syscom.mx\/principal\/searchcont?route=KITHOYMILESTOOL-HOYMILES-201217&#038;autodetect=KITHOYMILESTOOL' target='_blank'>KITHOYMILESTOOL<\/a><\/li>\n<li style='margin-bottom: 5px;'><strong>Descripci\u00f3n:<\/strong> Kit de Herramienta y Accesorios Para Cable Troncal de Microinversor<\/li>\n<\/ul><\/div>\n<\/p><\/div>\n<div style='flex: 1 1 250px; border: 1px solid rgba(150&comma; 150&comma; 150&comma; 0.4); border-radius: 8px; overflow: hidden; display: flex; flex-direction: column;'>\n<div style='padding: 15px; border-bottom: 1px solid rgba(150&comma; 150&comma; 150&comma; 0.2); font-weight: bold; font-size: 18px; color: inherit;'>Componente<\/div>\n<div style='padding: 15px; color: inherit;'>\n<ul style='padding-left: 20px; margin: 0; font-size: 14px; list-style-type: disc;'>\n<li style='margin-bottom: 5px;'><strong>Cantidad:<\/strong> 1<\/li>\n<li style='margin-bottom: 5px;'><strong>Modelo:<\/strong> VETKOR8R<\/li>\n<li style='margin-bottom: 5px;'><strong>Descripci\u00f3n:<\/strong> Montaje para 4 m\u00f3dulos 450W<\/li>\n<\/ul><\/div>\n<\/p><\/div>\n<div style='flex: 1 1 250px; border: 1px solid rgba(150&comma; 150&comma; 150&comma; 0.4); border-radius: 8px; overflow: hidden; display: flex; flex-direction: column;'>\n<div style='padding: 15px; border-bottom: 1px solid rgba(150&comma; 150&comma; 150&comma; 0.2); font-weight: bold; font-size: 18px; color: inherit;'>Componente<\/div>\n<div style='padding: 15px; color: inherit;'>\n<ul style='padding-left: 20px; margin: 0; font-size: 14px; list-style-type: disc;'>\n<li style='margin-bottom: 5px;'><strong>Cantidad:<\/strong> 1<\/li>\n<li style='margin-bottom: 5px;'><strong>Modelo:<\/strong> <a style='color: inherit; text-decoration: underline;' href='https:\/\/www.syscom.mx\/principal\/searchcont?route=F56CB4N-EPCOM-POWERLINE-190812&#038;autodetect=F56CB4N' target='_blank'>F56CB4N<\/a><\/li>\n<li style='margin-bottom: 5px;'><strong>Descripci\u00f3n:<\/strong> Gabinete Pl\u00e1stico para Exterior IP66 para Riel Din<\/li>\n<\/ul><\/div>\n<\/p><\/div>\n<div style='flex: 1 1 250px; border: 1px solid rgba(150&comma; 150&comma; 150&comma; 0.4); border-radius: 8px; overflow: hidden; display: flex; flex-direction: column;'>\n<div style='padding: 15px; border-bottom: 1px solid rgba(150&comma; 150&comma; 150&comma; 0.2); font-weight: bold; font-size: 18px; color: inherit;'>Componente<\/div>\n<div style='padding: 15px; color: inherit;'>\n<ul style='padding-left: 20px; margin: 0; font-size: 14px; list-style-type: disc;'>\n<li style='margin-bottom: 5px;'><strong>Cantidad:<\/strong> 1<\/li>\n<li style='margin-bottom: 5px;'><strong>Modelo:<\/strong> <a style='color: inherit; text-decoration: underline;' href='https:\/\/www.syscom.mx\/principal\/searchcont?route=FE7632PC10-EPCOM-POWERLINE-193739&#038;autodetect=FE7632PC10' target='_blank'>FE7632PC10<\/a><\/li>\n<li style='margin-bottom: 5px;'><strong>Descripci\u00f3n:<\/strong> Protecci\u00f3n T\u00e9rmica 2P&comma; 10 A&comma; Corriente Alterna 400 Vca<\/li>\n<\/ul><\/div>\n<\/p><\/div>\n<\/p><\/div>\n<p> <!-- Notas T\u00e9cnicas --> <\/p>\n<div style='margin-bottom: 30px;'>\n<h3 style='font-size: 22px; border-bottom: 2px solid currentColor; padding-bottom: 5px; margin-top: 0; color: inherit; opacity: 0.8;'>Notas T\u00e9cnicas<\/h3>\n<ul style='padding-left: 20px; font-size: 15px; color: inherit;'>\n<li style='margin-bottom: 5px;'>No incluye el monitoreo.<\/li>\n<li style='margin-bottom: 5px;'>Para monitoreo necesita el DTUPROS\/DTULITESSE (se vende por separado).<\/li>\n<li style='margin-bottom: 5px;'>No incluye cableado ya que variar\u00e1 seg\u00fan la instalaci\u00f3n.<\/li>\n<\/ul><\/div>\n<p> <!-- \u00bfPara qu\u00e9 sirve? --> <\/p>\n<div style='margin-bottom: 30px;'>\n<h3 style='font-size: 22px; border-bottom: 2px solid currentColor; padding-bottom: 5px; margin-top: 0; color: inherit; opacity: 0.8;'>\u00bfPara qu\u00e9 sirve un sistema de interconexi\u00f3n a la red?<\/h3>\n<p>Un kit de energ\u00eda solar para interconexi\u00f3n con la CFE es \u00fatil para los usuarios que desean utilizar energ\u00eda solar para su hogar o negocio y conectarla a la red de la Comisi\u00f3n Federal de Electricidad (CFE).<\/p>\n<p>Este tipo de kit permite a los usuarios generar su propia energ\u00eda renovable y reducir su dependencia de la electricidad proporcionada por la CFE&comma; lo que resulta en un ahorro en su factura de electricidad.<\/p>\n<p>Adem\u00e1s&comma; los kits de energ\u00eda solar para interconexi\u00f3n con la CFE tambi\u00e9n ayudan a reducir la demanda de electricidad en la red y a mejorar la eficiencia energ\u00e9tica en general&comma; lo que es positivo para el medio ambiente.<\/p>\n<\/p><\/div>\n<p> <!-- Separador --> <\/p>\n<hr style='border: 0; border-top: 1px solid rgba(150&comma; 150&comma; 150&comma; 0.3); margin: 30px 0;'> <\/div>\n","protected":false},"excerpt":{"rendered":"<p>Kit Solar para Interconexi\u00f3n de 1.8KW de Potencia Pico 220Vca con Microinversor y 4 M\u00f3dulos de 450 W (Incluye Montaje y Protecciones).<\/p>\n","protected":false},"featured_media":37792,"comment_status":"open","ping_status":"closed","template":"","meta":[],"product_brand":[],"product_cat":[1129],"product_tag":[964,1094,1130],"class_list":{"0":"post-37793","1":"product","2":"type-product","3":"status-publish","4":"has-post-thumbnail","6":"product_cat-kit-solar-interconexion","7":"product_tag-energia-solar","8":"product_tag-hoymiles","9":"product_tag-kit-solar-interconexion","11":"first","12":"outofstock","13":"sale","14":"shipping-taxable","15":"purchasable","16":"product-type-simple"},"_links":{"self":[{"href":"https:\/\/soydeaqui.ddns.net\/pachuca\/index.php\/wp-json\/wp\/v2\/product\/37793","targetHints":{"allow":["GET"]}}],"collection":[{"href":"https:\/\/soydeaqui.ddns.net\/pachuca\/index.php\/wp-json\/wp\/v2\/product"}],"about":[{"href":"https:\/\/soydeaqui.ddns.net\/pachuca\/index.php\/wp-json\/wp\/v2\/types\/product"}],"replies":[{"embeddable":true,"href":"https:\/\/soydeaqui.ddns.net\/pachuca\/index.php\/wp-json\/wp\/v2\/comments?post=37793"}],"wp:featuredmedia":[{"embeddable":true,"href":"https:\/\/soydeaqui.ddns.net\/pachuca\/index.php\/wp-json\/wp\/v2\/media\/37792"}],"wp:attachment":[{"href":"https:\/\/soydeaqui.ddns.net\/pachuca\/index.php\/wp-json\/wp\/v2\/media?parent=37793"}],"wp:term":[{"taxonomy":"product_brand","embeddable":true,"href":"https:\/\/soydeaqui.ddns.net\/pachuca\/index.php\/wp-json\/wp\/v2\/product_brand?post=37793"},{"taxonomy":"product_cat","embeddable":true,"href":"https:\/\/soydeaqui.ddns.net\/pachuca\/index.php\/wp-json\/wp\/v2\/product_cat?post=37793"},{"taxonomy":"product_tag","embeddable":true,"href":"https:\/\/soydeaqui.ddns.net\/pachuca\/index.php\/wp-json\/wp\/v2\/product_tag?post=37793"}],"curies":[{"name":"wp","href":"https:\/\/api.w.org\/{rel}","templated":true}]}}