{"id":37767,"date":"2026-03-18T16:39:34","date_gmt":"2026-03-18T16:39:34","guid":{"rendered":"https:\/\/soydeaqui.ddns.net\/pachuca\/index.php\/producto\/kit-de-prueba-electrica-hvac-para-aire-acondicionado-calefaccion-minisplits-etc-medicion-de-voltaje-ca-cc-resistencia-frecuencia-capacitancia-diodos-temperatura-ciclo-micro-amperios-cc\/"},"modified":"2026-03-18T16:39:42","modified_gmt":"2026-03-18T16:39:42","slug":"kit-de-prueba-electrica-hvac-para-aire-acondicionado-calefaccion-minisplits-etc-medicion-de-voltaje-ca-cc-resistencia-frecuencia-capacitancia-diodos-temperatura-ciclo-micro-amperios-cc","status":"publish","type":"product","link":"https:\/\/soydeaqui.ddns.net\/pachuca\/index.php\/producto\/kit-de-prueba-electrica-hvac-para-aire-acondicionado-calefaccion-minisplits-etc-medicion-de-voltaje-ca-cc-resistencia-frecuencia-capacitancia-diodos-temperatura-ciclo-micro-amperios-cc\/","title":{"rendered":"Kit de Prueba El\u00e9ctrica HVAC para Aire Acondicionado, Calefacci\u00f3n, Minisplits, etc. Medici\u00f3n de Voltaje CA\/CC, Resistencia, Frecuencia, Capacitancia, Diodos, Temperatura, Ciclo, Micro Amperios CC."},"content":{"rendered":"<div style='width: 100%; max-width: 1200px; margin: 0 auto; font-family: sans-serif; line-height: 1.6; color: inherit; background-color: transparent;'>\n<div style='display: flex; flex-wrap: wrap; gap: 30px; margin-bottom: 30px;'>\n<div style='flex: 1 1 300px; min-width: 280px;'>\n<h3 style='font-size: 22px; border-bottom: 2px solid currentColor; padding-bottom: 5px; margin-top: 0; color: inherit; opacity: 0.8;'>Caracter\u00edsticas del producto<\/h3>\n<ul style='padding-left: 20px; font-size: 15px; color: inherit;'>\n<li style='margin-bottom: 5px;'>Kit de HVAC (calefacci\u00f3n&comma; ventilaci\u00f3n y aire acondicionado) con probadores para el profesional de HVAC: Mult\u00edmetro digital de gancho para HVAC&comma; term\u00f3metro doble IR\/sonda y probador de voltaje sin contacto de rango dual con linterna<\/li>\n<li style='margin-bottom: 5px;'>Cat. n.\u00ba CL320 mult\u00edmetro de gancho para HVAC (calefacci\u00f3n&comma; ventilaci\u00f3n y aire acondicionado) con tecnolog\u00eda TRMS que mide corriente CA&comma; NCVT&comma; voltaje CA\/CD&comma; resistencia&comma; frecuencia&comma; microamperios CD&comma; capacitancia&comma; ciclo de servicio&comma; prueba de diodo<\/li>\n<li style='margin-bottom: 5px;'>Cat. n.\u00ba IR07 Term\u00f3metro doble IR y sonda que mide la temperatura de -40 a 572 \u00b0F (-40 a 300 \u00b0C); mide con precisi\u00f3n la temperatura de la superficie mediante un term\u00f3metro infrarrojo (relaci\u00f3n DS 8:1)<\/li>\n<li style='margin-bottom: 5px;'>Mide temperaturas de ventilaciones y conductos usando una sonda de temperatura con gancho para trabajar con las manos libres; calcula la temperatura diferencial (T1-T2) del IR y de la sonda<\/li>\n<li style='margin-bottom: 5px;'>Cat. n.\u00ba NCVT3P es de rango dual y detecta de 12 a 1000 V CA o 70 a 1000 V CA para una amplia variedad de aplicaciones de bajo voltaje o de voltaje est\u00e1ndar<\/li>\n<li style='margin-bottom: 5px;'>El probador de voltaje sin contacto detecta voltajes mediante indicadores visuales y audibles que se activan simult\u00e1neamente<\/li>\n<li style='margin-bottom: 5px;'>Linterna brillante que ilumina el \u00e1rea de trabajo y se puede utilizar independientemente de la funci\u00f3n de detecci\u00f3n de voltaje; clasificaci\u00f3n CAT IV 1000 V que brinda mayor capacidad de operaci\u00f3n y protecci\u00f3n<\/li>\n<li style='margin-bottom: 5px;'>El term\u00f3metro IR07 no es un dispositivo m\u00e9dico y NO est\u00e1 dise\u00f1ado para su uso en personas o animales<\/li>\n<\/ul><\/div>\n<\/p><\/div>\n<div style='width: 100%; margin: 30px 0;'> <img style='width: 100%; height: auto; border: 1px solid rgba(150&comma;150&comma;150&comma;0.3); border-radius: 8px;' src='https:\/\/ftp3.syscom.mx\/usuarios\/fotos\/CL320KIT\/216108-cl320_app3.jpg' alt=''> <\/div>\n<\/p><\/div>\n","protected":false},"excerpt":{"rendered":"<p>Kit de Prueba El\u00e9ctrica HVAC para Aire Acondicionado, Calefacci\u00f3n, Minisplits, etc. Medici\u00f3n de Voltaje CA\/CC, Resistencia, Frecuencia, Capacitancia, Diodos, Temperatura, Ciclo, Micro Amperios CC.<\/p>\n","protected":false},"featured_media":37766,"comment_status":"open","ping_status":"closed","template":"","meta":[],"product_brand":[],"product_cat":[1125],"product_tag":[931,432,1126],"class_list":{"0":"post-37767","1":"product","2":"type-product","3":"status-publish","4":"has-post-thumbnail","6":"product_cat-para-instalacion-en-campo","7":"product_tag-equipo-de-laboratorio","8":"product_tag-klein-tools","9":"product_tag-para-instalacion-en-campo","11":"first","12":"outofstock","13":"sale","14":"shipping-taxable","15":"purchasable","16":"product-type-simple"},"_links":{"self":[{"href":"https:\/\/soydeaqui.ddns.net\/pachuca\/index.php\/wp-json\/wp\/v2\/product\/37767","targetHints":{"allow":["GET"]}}],"collection":[{"href":"https:\/\/soydeaqui.ddns.net\/pachuca\/index.php\/wp-json\/wp\/v2\/product"}],"about":[{"href":"https:\/\/soydeaqui.ddns.net\/pachuca\/index.php\/wp-json\/wp\/v2\/types\/product"}],"replies":[{"embeddable":true,"href":"https:\/\/soydeaqui.ddns.net\/pachuca\/index.php\/wp-json\/wp\/v2\/comments?post=37767"}],"wp:featuredmedia":[{"embeddable":true,"href":"https:\/\/soydeaqui.ddns.net\/pachuca\/index.php\/wp-json\/wp\/v2\/media\/37766"}],"wp:attachment":[{"href":"https:\/\/soydeaqui.ddns.net\/pachuca\/index.php\/wp-json\/wp\/v2\/media?parent=37767"}],"wp:term":[{"taxonomy":"product_brand","embeddable":true,"href":"https:\/\/soydeaqui.ddns.net\/pachuca\/index.php\/wp-json\/wp\/v2\/product_brand?post=37767"},{"taxonomy":"product_cat","embeddable":true,"href":"https:\/\/soydeaqui.ddns.net\/pachuca\/index.php\/wp-json\/wp\/v2\/product_cat?post=37767"},{"taxonomy":"product_tag","embeddable":true,"href":"https:\/\/soydeaqui.ddns.net\/pachuca\/index.php\/wp-json\/wp\/v2\/product_tag?post=37767"}],"curies":[{"name":"wp","href":"https:\/\/api.w.org\/{rel}","templated":true}]}}