{"id":37761,"date":"2026-03-18T16:39:25","date_gmt":"2026-03-18T16:39:25","guid":{"rendered":"https:\/\/soydeaqui.ddns.net\/pachuca\/index.php\/producto\/modulo-solar-portatil-y-flexible-de-100w-recomendado-para-estaciones-portatiles-efd330-efd350-o-efd500-ajuste-de-angulo-carga-eficiente-incluye-cable-xt60-a-mc4\/"},"modified":"2026-03-18T16:39:32","modified_gmt":"2026-03-18T16:39:32","slug":"modulo-solar-portatil-y-flexible-de-100w-recomendado-para-estaciones-portatiles-efd330-efd350-o-efd500-ajuste-de-angulo-carga-eficiente-incluye-cable-xt60-a-mc4","status":"publish","type":"product","link":"https:\/\/soydeaqui.ddns.net\/pachuca\/index.php\/producto\/modulo-solar-portatil-y-flexible-de-100w-recomendado-para-estaciones-portatiles-efd330-efd350-o-efd500-ajuste-de-angulo-carga-eficiente-incluye-cable-xt60-a-mc4\/","title":{"rendered":"M\u00f3dulo Solar Port\u00e1til y Flexible de 100W Recomendado para Estaciones Port\u00e1tiles EFD330, EFD350 \u00f3 EFD500 \/ Ajuste de \u00c1ngulo \/ Carga Eficiente \/ Incluye Cable XT60 a MC4"},"content":{"rendered":"<div style='width: 100%; max-width: 1200px; margin: 0 auto; font-family: sans-serif; line-height: 1.6; color: inherit; background-color: transparent;'> <!-- Imagen principal --> <\/p>\n<div style='width: 100%; margin: 20px 0;'> <img style='width: 100%; height: auto; border: 1px solid rgba(150&comma;150&comma;150&comma;0.3); border-radius: 8px;' src='https:\/\/cdn.shopify.com\/s\/files\/1\/0651\/6922\/7998\/files\/100w_flexible_1.png?v=1670233173&#038;width=1000' alt=''> <\/div>\n<p> <!-- Descripci\u00f3n principal --> <\/p>\n<div style='width: 100%; margin: 20px 0; padding: 0 15px;'>\n<p style='font-size: 16px; color: inherit;'>Nuestro panel solar ligero y flexible se ha dise\u00f1ado para adaptarse perfectamente a la curvatura del techo de una furgoneta o autocaravana. Monta y carga r\u00e1pidamente tu sistema del Power Kits o la estaci\u00f3n de energ\u00eda port\u00e1til.<\/p>\n<\/p><\/div>\n<p> <!-- Secci\u00f3n con imagen 2 --> <\/p>\n<div style='width: 100%; margin: 20px 0;'> <img style='width: 100%; height: auto; border: 1px solid rgba(150&comma;150&comma;150&comma;0.3); border-radius: 8px;' src='https:\/\/cdn.shopify.com\/s\/files\/1\/0651\/6922\/7998\/files\/100w_flexible_2.jpg?v=1670233172&#038;width=1000' alt=''> <\/div>\n<p> <!-- Secci\u00f3n de caracter\u00edsticas --> <\/p>\n<div style='display: flex; flex-wrap: wrap; gap: 30px; margin: 30px 0;'>\n<div style='flex: 1 1 300px; min-width: 280px;'>\n<h3 style='font-size: 22px; border-bottom: 2px solid currentColor; padding-bottom: 5px; margin-top: 0; color: inherit; opacity: 0.8;'>Este panel pesa solo 5&comma;1 libras (2&comma;3 kg) y se ajusta a varias curvas<\/h3>\n<p style='font-size: 16px; color: inherit; margin-top: 10px;'>M\u00e1s ligero y flexible que nunca<\/p>\n<ul style='padding-left: 20px; font-size: 14px; color: inherit; margin-top: 10px;'>\n<li style='margin-bottom: 5px;'>Nuestro panel solar flexible es excepcionalmente ligero y un 70 % menos pesado que los paneles tradicionales&comma; por lo que resulta c\u00f3modo de transportar y montar. Se dobla f\u00e1cilmente hasta 258 grados y se adapta a la forma \u00fanica de tu caravana o furgoneta sin que ello afecte a la entrada solar.<\/li>\n<\/ul><\/div>\n<div style='flex: 1 1 300px; min-width: 280px;'>\n<h3 style='font-size: 22px; border-bottom: 2px solid currentColor; padding-bottom: 5px; margin-top: 0; color: inherit; opacity: 0.8;'>Recubierto de fibra de vidrio avanzada<\/h3>\n<p style='font-size: 16px; color: inherit; margin-top: 10px;'>Durabilidad para tu energ\u00eda solar<\/p>\n<ul style='padding-left: 20px; font-size: 14px; color: inherit; margin-top: 10px;'>\n<li style='margin-bottom: 5px;'>Cada una de sus 182 celdas de silicio monocristalinas ha pasado por un proceso de fabricaci\u00f3n avanzado de fibra de vidrio y laminaci\u00f3n que protege el panel y mejora su rendimiento.<\/li>\n<\/ul><\/div>\n<\/p><\/div>\n<p> <!-- Secci\u00f3n de eficiencia --> <\/p>\n<div style='width: 100%; margin: 30px 0; padding: 0 15px;'>\n<h3 style='font-size: 22px; border-bottom: 2px solid currentColor; padding-bottom: 5px; margin-top: 0; color: inherit; opacity: 0.8;'>Fabricados con c\u00e9lulas monocristalinas de alta eficacia<\/h3>\n<h4 style='font-size: 18px; color: inherit; margin-top: 10px;'>Carga m\u00e1s r\u00e1pida con una alta conversi\u00f3n solar<\/h4>\n<p style='font-size: 14px; color: inherit; margin-top: 10px;'>Fabricado con celdas monocristalinas de alta eficiencia&comma; el panel solar flexible de 100 W permite una carga a\u00fan m\u00e1s r\u00e1pida gracias a una excelente eficiencia del 23 %. Los diodos de derivaci\u00f3n integrados en el panel evitan el sobrecalentamiento y mantienen el rendimiento de las celdas&comma; incluso a la sombra. Puedes combinarlo como parte de tu configuraci\u00f3n del Power Kits o tu estaci\u00f3n de energ\u00eda port\u00e1til EcoFlow y el algoritmo MPPT integrado optimizar\u00e1 la entrada solar.<\/p>\n<\/p><\/div>\n<p> <!-- Secci\u00f3n con imagen 5 --> <\/p>\n<div style='width: 100%; margin: 20px 0;'> <img style='width: 100%; height: auto; border: 1px solid rgba(150&comma;150&comma;150&comma;0.3); border-radius: 8px;' src='https:\/\/cdn.shopify.com\/s\/files\/1\/0651\/6922\/7998\/files\/100w_flexible_5_PC.jpg?v=1670233172&#038;width=1000' alt=''> <\/div>\n<p> <!-- Secci\u00f3n de durabilidad --> <\/p>\n<div style='display: flex; flex-wrap: wrap; gap: 30px; margin: 30px 0;'>\n<div style='flex: 1 1 300px; min-width: 280px;'>\n<h3 style='font-size: 22px; border-bottom: 2px solid currentColor; padding-bottom: 5px; margin-top: 0; color: inherit; opacity: 0.8;'>Grado de impermeabilidad IP68<\/h3>\n<p style='font-size: 16px; color: inherit; margin-top: 10px;'>Fabricado para resistir el temporal<\/p>\n<ul style='padding-left: 20px; font-size: 14px; color: inherit; margin-top: 10px;'>\n<li style='margin-bottom: 5px;'>Nuestro panel solar flexible de 100 W puede capturar energ\u00eda solar incluso bajo la lluvia m\u00e1s intensa. Gracias a una pel\u00edcula protectora de ETFE&comma; las celdas solares del panel pueden soportar diversos entornos&comma; desde h\u00famedos hasta secos.<\/li>\n<li style='margin-top: 10px; font-size: 12px; color: inherit;'>*La resistencia al agua y al polvo se prob\u00f3 en condiciones controladas de laboratorio con un \u00edndice IP68 seg\u00fan la norma IEC 60529 (profundidad m\u00e1xima de agua de 1 metro durante un m\u00e1ximo de 72 horas).<\/li>\n<\/ul><\/div>\n<\/p><\/div>\n<p> <!-- Secci\u00f3n de instalaci\u00f3n --> <\/p>\n<div style='width: 100%; margin: 30px 0; padding: 0 15px;'>\n<h3 style='font-size: 22px; border-bottom: 2px solid currentColor; padding-bottom: 5px; margin-top: 0; color: inherit; opacity: 0.8;'>Usa los agujeros precortados para montar nuestros paneles como prefieras<\/h3>\n<h4 style='font-size: 18px; color: inherit; margin-top: 10px;'>Decide c\u00f3mo instalarlos con toda facilidad<\/h4>\n<p style='font-size: 14px; color: inherit; margin-top: 10px;'>Los agujeros precortados permiten colgar el panel solar flexible con ganchos o fijarlo de forma segura a una superficie con un adhesivo.<\/p>\n<\/p><\/div>\n<p> <!-- Secci\u00f3n con imagen 7 --> <\/p>\n<div style='width: 100%; margin: 20px 0;'> <img style='width: 100%; height: auto; border: 1px solid rgba(150&comma;150&comma;150&comma;0.3); border-radius: 8px;' src='https:\/\/cdn.shopify.com\/s\/files\/1\/0651\/6922\/7998\/files\/100w_flexible_7.jpg?v=1670233173&#038;width=1000' alt=''> <\/div>\n<p> <!-- Secci\u00f3n de conectividad --> <\/p>\n<div style='width: 100%; margin: 30px 0; padding: 0 15px;'>\n<h3 style='font-size: 22px; border-bottom: 2px solid currentColor; padding-bottom: 5px; margin-top: 0; color: inherit; opacity: 0.8;'>Cable solar con compatibilidad universal<\/h3>\n<h4 style='font-size: 18px; color: inherit; margin-top: 10px;'>Ampl\u00eda tus sistemas solares y de alimentaci\u00f3n<\/h4>\n<p style='font-size: 14px; color: inherit; margin-top: 10px;'>Con un conector solar todo incluido&comma; nuestro panel solar flexible de 100 W se puede utilizar incluso con tu sistema de alimentaci\u00f3n 48 V o con una estaci\u00f3n de alimentaci\u00f3n port\u00e1til. Este panel flexible incluye un cable solar de 3&comma;3 pies (1 m) que proporciona suficiente espacio para montar varios paneles y maximizar as\u00ed la entrada solar.<\/p>\n<\/p><\/div>\n<p> <!-- Secci\u00f3n con imagen 8 --> <\/p>\n<div style='width: 100%; margin: 20px 0;'> <img style='width: 100%; height: auto; border: 1px solid rgba(150&comma;150&comma;150&comma;0.3); border-radius: 8px;' src='https:\/\/cdn.shopify.com\/s\/files\/1\/0651\/6922\/7998\/files\/100w_flexible_8.png?v=1670233173&#038;width=1000' alt=''> <\/div>\n<p> <!-- Contenido de la caja --> <\/p>\n<div style='width: 100%; margin: 30px 0; padding: 0 15px;'>\n<h3 style='font-size: 22px; border-bottom: 2px solid currentColor; padding-bottom: 5px; margin-top: 0; color: inherit; opacity: 0.8;'>Contenido de la caja<\/h3>\n<ul style='padding-left: 20px; font-size: 14px; color: inherit; margin-top: 15px;'>\n<li style='margin-bottom: 5px;'>1. Panel solar flexible de 100W<\/li>\n<li style='margin-bottom: 5px;'>2. Manual de usuario y folleto de garant\u00eda<\/li>\n<\/ul><\/div>\n<p> <!-- \u00daltima imagen --> <\/p>\n<div style='width: 100%; margin: 20px 0;'> <img style='width: 100%; height: auto; border: 1px solid rgba(150&comma;150&comma;150&comma;0.3); border-radius: 8px;' src='https:\/\/cdn.shopify.com\/s\/files\/1\/0651\/6922\/7998\/files\/100W_Flexible.jpg?v=1666947788&#038;width=1000' alt=''> <\/div>\n<\/p><\/div>\n","protected":false},"excerpt":{"rendered":"<p>M\u00f3dulo Solar Port\u00e1til y Flexible de 100W Recomendado para Estaciones Port\u00e1tiles EFD330, EFD350 \u00f3 EFD500 \/ Ajuste de \u00c1ngulo \/ Carga Eficiente \/ Incluye Cable XT60 a MC4<\/p>\n","protected":false},"featured_media":37760,"comment_status":"open","ping_status":"closed","template":"","meta":[],"product_brand":[],"product_cat":[1114],"product_tag":[1116,1115,1101],"class_list":{"0":"post-37761","1":"product","2":"type-product","3":"status-publish","4":"has-post-thumbnail","6":"product_cat-estaciones-de-energia-portables","7":"product_tag-ecoflow","8":"product_tag-estaciones-de-energia-portables","9":"product_tag-respaldo-de-energia","11":"first","12":"outofstock","13":"sale","14":"shipping-taxable","15":"purchasable","16":"product-type-simple"},"_links":{"self":[{"href":"https:\/\/soydeaqui.ddns.net\/pachuca\/index.php\/wp-json\/wp\/v2\/product\/37761","targetHints":{"allow":["GET"]}}],"collection":[{"href":"https:\/\/soydeaqui.ddns.net\/pachuca\/index.php\/wp-json\/wp\/v2\/product"}],"about":[{"href":"https:\/\/soydeaqui.ddns.net\/pachuca\/index.php\/wp-json\/wp\/v2\/types\/product"}],"replies":[{"embeddable":true,"href":"https:\/\/soydeaqui.ddns.net\/pachuca\/index.php\/wp-json\/wp\/v2\/comments?post=37761"}],"wp:featuredmedia":[{"embeddable":true,"href":"https:\/\/soydeaqui.ddns.net\/pachuca\/index.php\/wp-json\/wp\/v2\/media\/37760"}],"wp:attachment":[{"href":"https:\/\/soydeaqui.ddns.net\/pachuca\/index.php\/wp-json\/wp\/v2\/media?parent=37761"}],"wp:term":[{"taxonomy":"product_brand","embeddable":true,"href":"https:\/\/soydeaqui.ddns.net\/pachuca\/index.php\/wp-json\/wp\/v2\/product_brand?post=37761"},{"taxonomy":"product_cat","embeddable":true,"href":"https:\/\/soydeaqui.ddns.net\/pachuca\/index.php\/wp-json\/wp\/v2\/product_cat?post=37761"},{"taxonomy":"product_tag","embeddable":true,"href":"https:\/\/soydeaqui.ddns.net\/pachuca\/index.php\/wp-json\/wp\/v2\/product_tag?post=37761"}],"curies":[{"name":"wp","href":"https:\/\/api.w.org\/{rel}","templated":true}]}}