{"id":37750,"date":"2026-03-18T16:39:06","date_gmt":"2026-03-18T16:39:06","guid":{"rendered":"https:\/\/soydeaqui.ddns.net\/pachuca\/index.php\/producto\/kit-montaje-para-4-modulos-de-30-35-mm-espesor-riel-no-8-vel-de-viento-max-136km-h-ajustable-20-a-45-5400mm-longitud\/"},"modified":"2026-03-18T16:39:10","modified_gmt":"2026-03-18T16:39:10","slug":"kit-montaje-para-4-modulos-de-30-35-mm-espesor-riel-no-8-vel-de-viento-max-136km-h-ajustable-20-a-45-5400mm-longitud","status":"publish","type":"product","link":"https:\/\/soydeaqui.ddns.net\/pachuca\/index.php\/producto\/kit-montaje-para-4-modulos-de-30-35-mm-espesor-riel-no-8-vel-de-viento-max-136km-h-ajustable-20-a-45-5400mm-longitud\/","title":{"rendered":"Kit Montaje para 4 M\u00f3dulos de 30-35 mm espesor \/ Riel No.8 \/ Vel. de Viento M\u00e1x. 136km\/h \/ Ajustable 20\u00b0 a 45\u00b0 \/ 5400mm Longitud"},"content":{"rendered":"<div style='width: 100%; max-width: 1200px; margin: 0 auto; font-family: sans-serif; line-height: 1.6; color: inherit; background-color: transparent;'> <!-- Imagen de garant\u00eda --> <\/p>\n<div style='margin-bottom: 30px;'> <img style='width: 100%; height: auto; border: 1px solid rgba(150&comma;150&comma;150&comma;0.3); border-radius: 8px;' src='https:\/\/ftp3.syscom.mx\/usuarios\/anavarro\/SUNFORSON\/garantia25.png' alt=''> <\/div>\n<p> <!-- Descripci\u00f3n principal --> <\/p>\n<div style='margin-bottom: 30px;'>\n<h1 style='font-size: 28px; text-align: center; margin-top: 0; margin-bottom: 20px; color: inherit; opacity: 0.9;'>Montajes de aluminio anodizado&comma; alta resistencia al viento y a la corrosi\u00f3n con 2.<\/h1>\n<h2 style='font-size: 20px; margin-top: 20px; margin-bottom: 15px; color: inherit; opacity: 0.85;'><span style='font-size: 14pt;'>Beneficios de utilizar montajes de Aluminio Anodizado EPCOM POWER LINE:<\/span><\/h2>\n<ul style='padding-left: 20px; font-size: 15px; color: inherit;'>\n<li style='margin-bottom: 10px;'>Mitigue la corrosi\u00f3n por efecto del &#8216;Par Galv\u00e1nico&#8217;&comma; garantice sus instalaciones contra la corrosi\u00f3n prematura.<\/li>\n<li style='margin-bottom: 10px;'>Resistencia al viento de hasta 136 km\/h&comma; ideales para zonas con fuertes vientos.<\/li>\n<li style='margin-bottom: 10px;'>F\u00e1cil instalaci\u00f3n y adaptabilidad a sus necesidades debido a la gran variedad de accesorios disponibles.<\/li>\n<li style='margin-bottom: 10px;'>\u00a12 contra defectos de fabricaci\u00f3n!<\/li>\n<li style='margin-bottom: 10px;'>Sistema de aterrizaje &#8216;Ground Clip&#8217; integrado (no incluye electrodo ni cable para aterrizaje).<\/li>\n<\/ul>\n<p> <!-- Imagen de sistema de aterrizaje --> <\/p>\n<div style='margin: 30px 0;'> <img style='width: 100%; height: auto; border: 1px solid rgba(150&comma;150&comma;150&comma;0.3); border-radius: 8px;' src='https:\/\/ftp3.syscom.mx\/usuarios\/anavarro\/SUNFORSON\/Ground%20system.png' alt=''> <\/div>\n<p style='font-size: 18px; text-align: center; margin: 30px 0; color: inherit; opacity: 0.9;'> Montaje de aluminio para techo o piso de concreto&comma; arreglo 1&#215;4 m\u00f3dulos fotovolt\u00e1icos. <\/p>\n<p> <!-- Caracter\u00edsticas Principales --> <\/p>\n<div style='margin-bottom: 30px;'>\n<h3 style='margin-top: 0; margin-bottom: 15px; color: inherit; opacity: 0.85;'>Caracter\u00edsticas Principales:<\/h3>\n<ul style='padding-left: 20px; font-size: 15px; color: inherit;'>\n<li style='margin-bottom: 8px;'>Para arreglo de 1&#215;4 m\u00f3dulos fotovoltaicos de 35mm de espesor<\/li>\n<li style='margin-bottom: 8px;'>Inclinaci\u00f3n: 20-45\u00b0<\/li>\n<li style='margin-bottom: 8px;'>Peso: 21.3 kg<\/li>\n<li style='margin-bottom: 8px;'>Velocidad del viento m\u00e1x.: 136 km\/h<\/li>\n<\/ul><\/div>\n<p> <!-- Ventajas del sistema --> <\/p>\n<div style='margin-bottom: 30px;'>\n<h2 style='font-size: 22px; text-align: center; margin-bottom: 20px; color: inherit; opacity: 0.85;'>Ventajas de los sistemas de montaje de Epcom Power Line<\/h2>\n<ul style='padding-left: 20px; font-size: 15px; color: inherit;'>\n<li style='margin-bottom: 10px;'>Materiales de la m\u00e1s alta calidad.<\/li>\n<li style='margin-bottom: 10px;'>Instalaci\u00f3n r\u00e1pida y sencilla.<\/li>\n<li style='margin-bottom: 10px;'>Sistema de aterrizaje &#8216;Ground Clip&#8217; de f\u00e1cil instalaci\u00f3n.<\/li>\n<li style='margin-bottom: 10px;'>Piezas m\u00e1s robustas resistentes en climas extremos.<\/li>\n<li style='margin-bottom: 10px;'>Soporte t\u00e9cnico 365 d\u00edas del a\u00f1o.<\/li>\n<li style='margin-bottom: 10px;'>2.<\/li>\n<\/ul><\/div>\n<p> <!-- Tabla de m\u00f3dulos compatibles --> <\/p>\n<div style='margin-bottom: 30px;'>\n<h3 style='margin-bottom: 15px; color: inherit; opacity: 0.85;'><span style='color: #18bc9b; color: inherit;'>Modulos compatibles<\/span><\/h3>\n<div style='overflow-x: auto;'>\n<table style='width: 100%; border-collapse: collapse; color: inherit;'>\n<thead>\n<tr>\n<th style='border: 1px solid rgba(150&comma;150&comma;150&comma;0.3); padding: 10px; text-align: left; color: inherit; font-weight: bold;'>Modelo<\/th>\n<th style='border: 1px solid rgba(150&comma;150&comma;150&comma;0.3); padding: 10px; text-align: left; color: inherit; font-weight: bold;'>Cantidad<\/th>\n<\/tr>\n<\/thead>\n<tbody>\n<tr>\n<td style='border: 1px solid rgba(150&comma;150&comma;150&comma;0.3); padding: 8px; color: inherit;'>LP182*199M72NB620W<\/td>\n<td style='border: 1px solid rgba(150&comma;150&comma;150&comma;0.3); padding: 8px; color: inherit;'>4 m\u00f3dulos<\/td>\n<\/tr>\n<tr>\n<td style='border: 1px solid rgba(150&comma;150&comma;150&comma;0.3); padding: 8px; color: inherit;'>LP210*210M66NB700W<\/td>\n<td style='border: 1px solid rgba(150&comma;150&comma;150&comma;0.3); padding: 8px; color: inherit;'>4 m\u00f3dulos<\/td>\n<\/tr>\n<tr>\n<td style='border: 1px solid rgba(150&comma;150&comma;150&comma;0.3); padding: 8px; color: inherit;'>LR772HVHF645M<\/td>\n<td style='border: 1px solid rgba(150&comma;150&comma;150&comma;0.3); padding: 8px; color: inherit;'>4 m\u00f3dulos<\/td>\n<\/tr>\n<tr>\n<td style='border: 1px solid rgba(150&comma;150&comma;150&comma;0.3); padding: 8px; color: inherit;'>LR772HVH640M<\/td>\n<td style='border: 1px solid rgba(150&comma;150&comma;150&comma;0.3); padding: 8px; color: inherit;'>4 m\u00f3dulos<\/td>\n<\/tr>\n<tr>\n<td style='border: 1px solid rgba(150&comma;150&comma;150&comma;0.3); padding: 8px; color: inherit;'>LR772HVH645M<\/td>\n<td style='border: 1px solid rgba(150&comma;150&comma;150&comma;0.3); padding: 8px; color: inherit;'>4 m\u00f3dulos<\/td>\n<\/tr>\n<tr>\n<td style='border: 1px solid rgba(150&comma;150&comma;150&comma;0.3); padding: 8px; color: inherit;'>ETNR66TBHGL610W<\/td>\n<td style='border: 1px solid rgba(150&comma;150&comma;150&comma;0.3); padding: 8px; color: inherit;'>4 m\u00f3dulos<\/td>\n<\/tr>\n<tr>\n<td style='border: 1px solid rgba(150&comma;150&comma;150&comma;0.3); padding: 8px; color: inherit;'>ETNR66TBH620GL<\/td>\n<td style='border: 1px solid rgba(150&comma;150&comma;150&comma;0.3); padding: 8px; color: inherit;'>4 m\u00f3dulos<\/td>\n<\/tr>\n<tr>\n<td style='border: 1px solid rgba(150&comma;150&comma;150&comma;0.3); padding: 8px; color: inherit;'>EGE550W144M(M10)<\/td>\n<td style='border: 1px solid rgba(150&comma;150&comma;150&comma;0.3); padding: 8px; color: inherit;'>4 m\u00f3dulos<\/td>\n<\/tr>\n<tr>\n<td style='border: 1px solid rgba(150&comma;150&comma;150&comma;0.3); padding: 8px; color: inherit;'>LP210*210M66MH665W<\/td>\n<td style='border: 1px solid rgba(150&comma;150&comma;150&comma;0.3); padding: 8px; color: inherit;'>4 m\u00f3dulos<\/td>\n<\/tr>\n<tr>\n<td style='border: 1px solid rgba(150&comma;150&comma;150&comma;0.3); padding: 8px; color: inherit;'>LR572HTH585M<\/td>\n<td style='border: 1px solid rgba(150&comma;150&comma;150&comma;0.3); padding: 8px; color: inherit;'>4 m\u00f3dulos<\/td>\n<\/tr>\n<tr>\n<td style='border: 1px solid rgba(150&comma;150&comma;150&comma;0.3); padding: 8px; color: inherit;'>LR572HTHF580M<\/td>\n<td style='border: 1px solid rgba(150&comma;150&comma;150&comma;0.3); padding: 8px; color: inherit;'>4 m\u00f3dulos<\/td>\n<\/tr>\n<tr>\n<td style='border: 1px solid rgba(150&comma;150&comma;150&comma;0.3); padding: 8px; color: inherit;'>LR772HTH610M<\/td>\n<td style='border: 1px solid rgba(150&comma;150&comma;150&comma;0.3); padding: 8px; color: inherit;'>4 m\u00f3dulos<\/td>\n<\/tr>\n<tr>\n<td style='border: 1px solid rgba(150&comma;150&comma;150&comma;0.3); padding: 8px; color: inherit;'>LP182*182M72NH580W<\/td>\n<td style='border: 1px solid rgba(150&comma;150&comma;150&comma;0.3); padding: 8px; color: inherit;'>4 m\u00f3dulos<\/td>\n<\/tr>\n<tr>\n<td style='border: 1px solid rgba(150&comma;150&comma;150&comma;0.3); padding: 8px; color: inherit;'>LP182*199M66NH580W<\/td>\n<td style='border: 1px solid rgba(150&comma;150&comma;150&comma;0.3); padding: 8px; color: inherit;'>4 m\u00f3dulos<\/td>\n<\/tr>\n<tr>\n<td style='border: 1px solid rgba(150&comma;150&comma;150&comma;0.3); padding: 8px; color: inherit;'>LP210*210M66NB670W<\/td>\n<td style='border: 1px solid rgba(150&comma;150&comma;150&comma;0.3); padding: 8px; color: inherit;'>4 m\u00f3dulos<\/td>\n<\/tr>\n<\/tbody>\n<\/table><\/div>\n<\/p><\/div>\n<p> <!-- Consideraciones --> <\/p>\n<div style='margin-bottom: 30px;'>\n<h3 style='margin-bottom: 15px; color: inherit; opacity: 0.85;'>Consideraciones especiales:<\/h3>\n<p style='margin-bottom: 15px; font-size: 15px; color: inherit;'>Para la instalaci\u00f3n de 4 m\u00f3dulos el ancho de cada m\u00f3dulo debe ser menor a 1303 mm.<\/p>\n<p style='font-size: 15px; color: inherit;'>*Se sugiere revisar compatibilidad con el departamento de ingenier\u00eda.<\/p>\n<\/p><\/div>\n<p> <!-- Imagen de marca --> <\/p>\n<div style='margin-top: 30px; text-align: center;'> <img style='width: 300px; height: auto; border: 1px solid rgba(150&comma;150&comma;150&comma;0.3); border-radius: 8px;' src='https:\/\/ftp3.syscom.mx\/usuarios\/anavarro\/Epcom.png' alt=''> <\/div>\n<\/p><\/div>\n<\/p><\/div>\n","protected":false},"excerpt":{"rendered":"<p>Kit Montaje para 4 M\u00f3dulos de 30-35 mm espesor \/ Riel No.8 \/ Vel. de Viento M\u00e1x. 136km\/h \/ Ajustable 20\u00b0 a 45\u00b0 \/ 5400mm Longitud<\/p>\n","protected":false},"featured_media":37749,"comment_status":"open","ping_status":"closed","template":"","meta":[],"product_brand":[],"product_cat":[963],"product_tag":[964,454,965],"class_list":{"0":"post-37750","1":"product","2":"type-product","3":"status-publish","4":"has-post-thumbnail","6":"product_cat-montajes-completos-para-modulos","7":"product_tag-energia-solar","8":"product_tag-epcom-powerline","9":"product_tag-montajes-completos-para-modulos","11":"first","12":"instock","13":"sale","14":"shipping-taxable","15":"purchasable","16":"product-type-simple"},"_links":{"self":[{"href":"https:\/\/soydeaqui.ddns.net\/pachuca\/index.php\/wp-json\/wp\/v2\/product\/37750","targetHints":{"allow":["GET"]}}],"collection":[{"href":"https:\/\/soydeaqui.ddns.net\/pachuca\/index.php\/wp-json\/wp\/v2\/product"}],"about":[{"href":"https:\/\/soydeaqui.ddns.net\/pachuca\/index.php\/wp-json\/wp\/v2\/types\/product"}],"replies":[{"embeddable":true,"href":"https:\/\/soydeaqui.ddns.net\/pachuca\/index.php\/wp-json\/wp\/v2\/comments?post=37750"}],"wp:featuredmedia":[{"embeddable":true,"href":"https:\/\/soydeaqui.ddns.net\/pachuca\/index.php\/wp-json\/wp\/v2\/media\/37749"}],"wp:attachment":[{"href":"https:\/\/soydeaqui.ddns.net\/pachuca\/index.php\/wp-json\/wp\/v2\/media?parent=37750"}],"wp:term":[{"taxonomy":"product_brand","embeddable":true,"href":"https:\/\/soydeaqui.ddns.net\/pachuca\/index.php\/wp-json\/wp\/v2\/product_brand?post=37750"},{"taxonomy":"product_cat","embeddable":true,"href":"https:\/\/soydeaqui.ddns.net\/pachuca\/index.php\/wp-json\/wp\/v2\/product_cat?post=37750"},{"taxonomy":"product_tag","embeddable":true,"href":"https:\/\/soydeaqui.ddns.net\/pachuca\/index.php\/wp-json\/wp\/v2\/product_tag?post=37750"}],"curies":[{"name":"wp","href":"https:\/\/api.w.org\/{rel}","templated":true}]}}