{"id":37746,"date":"2026-03-18T16:39:01","date_gmt":"2026-03-18T16:39:01","guid":{"rendered":"https:\/\/soydeaqui.ddns.net\/pachuca\/index.php\/producto\/ups-modular-trifasico-escalable-de-40-kva-40-kw-topologia-online-doble-conversion-voltaje-de-208-220-vca-de-l-l-respaldo-de-4-minutos-al-100-de-carga-incluye-modulo-y-banco-de-baterias\/"},"modified":"2026-03-18T16:39:05","modified_gmt":"2026-03-18T16:39:05","slug":"ups-modular-trifasico-escalable-de-40-kva-40-kw-topologia-online-doble-conversion-voltaje-de-208-220-vca-de-l-l-respaldo-de-4-minutos-al-100-de-carga-incluye-modulo-y-banco-de-baterias","status":"publish","type":"product","link":"https:\/\/soydeaqui.ddns.net\/pachuca\/index.php\/producto\/ups-modular-trifasico-escalable-de-40-kva-40-kw-topologia-online-doble-conversion-voltaje-de-208-220-vca-de-l-l-respaldo-de-4-minutos-al-100-de-carga-incluye-modulo-y-banco-de-baterias\/","title":{"rendered":"UPS Modular Trif\u00e1sico Escalable de 40 kVA\/40 kW, Topolog\u00eda Online Doble Conversi\u00f3n, Voltaje de 208\/220 Vca de L-L, Respaldo de 4 Minutos al 100% de Carga, Incluye M\u00f3dulo y Banco de Bater\u00edas"},"content":{"rendered":"<div style='width: 100%; max-width: 1200px; margin: 0 auto; font-family: sans-serif; line-height: 1.6; color: inherit; background-color: transparent;'> <!-- Logo --> <\/p>\n<div style='text-align: center; margin: 20px 0;'> <img style='width: 100%; max-width: 600px; height: auto; border: 1px solid rgba(150&comma;150&comma;150&comma;0.3); border-radius: 8px;' src='https:\/\/ftp3.syscom.mx\/usuarios\/fotos\/logotipos\/cyberpower.png' alt='Logo CyberPower'> <\/div>\n<p> <!-- Notas importantes --> <\/p>\n<div style='margin-bottom: 30px; padding: 15px; border-left: 4px solid rgba(255&comma;0&comma;0&comma;0.5); background-color: rgba(255&comma;0&comma;0&comma;0.05);'>\n<p style='font-size: 15px; margin: 0 0 10px; color: inherit;'><strong>Este equipo debe ser arrancado por personal autorizado de CyberPower para hacer v\u00e1lida su garant\u00eda.<\/strong><\/p>\n<p style='font-size: 15px; margin: 0; color: inherit;'><strong>Para m\u00e1s informaci\u00f3n acerca de los costos por servicio de arranque&comma; servicio de flete y mantenimiento del UPS consultar con el departamento de ingenier\u00eda.<\/strong><\/p>\n<\/p><\/div>\n<p> <!-- Descripci\u00f3n principal --> <\/p>\n<div style='margin-bottom: 30px;'>\n<p style='font-size: 15px; color: inherit;'>El sistema Modular Trif\u00e1sico Smart App Online de 3 fases ofrece flexibilidad&comma; ahorro de espacio y eficiencia a la tecnolog\u00eda de protecci\u00f3n de poder de 3 fases. Configurable para redundancia en el sistema N + N o en m\u00f3dulo de poder N + 1&comma; el sistema puede gestionar de forma inteligente m\u00f3dulos individuales para lograr una mayor eficiencia. El dise\u00f1o modular personalizable se puede configurar como una torre&comma; lado a lado o integrado dentro de una estanter\u00eda. Los m\u00f3dulos de alto rendimiento y escalables de 10kVA\/10kW tienen 2U de altura&comma; ahorrando espacio al mismo tiempo que proporciona m\u00e1s opciones para la expansi\u00f3n de capacidad.<\/p>\n<\/p><\/div>\n<p> <!-- Caracter\u00edsticas destacadas --> <\/p>\n<div style='margin-bottom: 30px;'>\n<h3 style='font-size: 22px; border-bottom: 2px solid currentColor; padding-bottom: 5px; margin-top: 0; margin-bottom: 15px; color: inherit; opacity: 0.8;'>Caracter\u00edsticas Destacadas<\/h3>\n<ul style='padding-left: 20px; font-size: 15px; color: inherit;'>\n<li style='margin-bottom: 10px;'><strong>Topolog\u00eda de doble-conversi\u00f3n:<\/strong> proporciona una energ\u00eda consistente&comma; limpia y casi perfecta&comma; sin importar la condici\u00f3n de la energ\u00eda entrante. Nunca es necesario cambiar a la bater\u00eda&comma; ya que la energ\u00eda CC funciona el 100% del tiempo. Dise\u00f1ado para componentes de sistemas de alta gama&comma; servidores corporativos&comma; equipo de laboratorio y otros dispositivos electr\u00f3nicos sensibles.<\/li>\n<li style='margin-bottom: 10px;'><strong>Salida de onda sinusoidal:<\/strong> mantiene el equipo sensible con PFC activo evitando apagones innecesarios causados por lagunas de onda sinusoidal simulada.<\/li>\n<li style='margin-bottom: 10px;'><strong>Pantalla t\u00e1ctil LCD de matriz completa:<\/strong> sencilla de configurar&comma; la pantalla de 7&#8242; de color de f\u00e1cil uso proporciona claves de estado a primera vista con alertas de problemas potenciales que podr\u00edan afectar al equipo y causar un tiempo de inactividad. La pantalla se inclina hasta 22 grados para una mejor visualizaci\u00f3n.<\/li>\n<li style='margin-bottom: 10px;'><strong>Bater\u00edas Hot-Swappable:<\/strong> mantiene el equipo funcionando al eliminar el tiempo de inactividad durante el mantenimiento de la UPS.<\/li>\n<li style='margin-bottom: 10px;'><strong>Redundancia N + N (Opcional):<\/strong> garantiza una operaci\u00f3n ininterrumpida si todo el sistema falla. La redundancia N + 1 garantiza la disponibilidad del sistema si falla un m\u00f3dulo de alimentaci\u00f3n.<\/li>\n<li style='margin-bottom: 10px;'><strong>Gabinete de bater\u00edas externas expandibles:<\/strong> extiende la duraci\u00f3n de la bater\u00eda al a\u00f1adir espacio para m\u00f3dulos de bater\u00eda adicionales.<\/li>\n<li style='margin-bottom: 10px;'><strong>Administraci\u00f3n inteligente de bater\u00edas:<\/strong> mejora y extiende la vida \u00fatil de una bater\u00eda UPS y reduce el exceso de calor durante los ciclos de trabajo utilizando un proceso de carga de tres ciclos.<\/li>\n<li style='margin-bottom: 10px;'><strong>Tecnolog\u00eda de ecualizaci\u00f3n de bater\u00edas:<\/strong> la ecualizaci\u00f3n de bater\u00edas es un proceso de carga avanzado que mantiene los voltajes de las bater\u00edas en el mismo nivel para aumentar la vida \u00fatil de la bater\u00eda.<\/li>\n<li style='margin-bottom: 10px;'><strong>Interruptor autom\u00e1tico de corriente de entrada y salida opcional 175A:<\/strong> asegura que la alimentaci\u00f3n se apague durante el servicio o el mantenimiento y elimina el riesgo de un apagado accidental.<\/li>\n<li style='margin-bottom: 10px;'><strong>Apagado de emergencia (EPO):<\/strong> permite apagar la UPS en caso de emergencia&comma; cuando el puerto EPO se conecta a un interruptor EPO.<\/li>\n<li style='margin-bottom: 10px;'><strong>Compatible con generador:<\/strong> asegura una salida de onda sinusoidal estable (libre de arm\u00f3nicos y distorsi\u00f3n) sin cambiar al modo bater\u00eda al ejecutarse en la energ\u00eda de entrada del generador.<\/li>\n<li style='margin-bottom: 10px;'><strong>Modo de conversi\u00f3n:<\/strong> ofrece la flexibilidad de establecer la frecuencia de salida&comma; independientemente de la frecuencia de entrada&comma; para que coincida con el equipo conectado seleccionando una salida de 50Hz o 60Hz en el panel de control LCD.<\/li>\n<li style='margin-bottom: 10px;'><strong>Alarmas audibles:<\/strong> identifica cu\u00e1ndo la UPS est\u00e1 funcionando con bater\u00eda&comma; sobrecargada o con bater\u00eda baja.<\/li>\n<\/ul><\/div>\n<p> <!-- Incluye --> <\/p>\n<div style='margin-bottom: 30px;'>\n<h3 style='font-size: 22px; border-bottom: 2px solid currentColor; padding-bottom: 5px; margin-top: 0; margin-bottom: 15px; color: inherit; opacity: 0.8;'>Incluye<\/h3>\n<ul style='padding-left: 20px; font-size: 15px; color: inherit;'>\n<li style='margin-bottom: 10px;'>1 x SK040KAMFA: Gabinete Modular Trif\u00e1sico<\/li>\n<li style='margin-bottom: 10px;'>4 x SM10KAPMA: M\u00f3dulo de Potencia de 10kVA\/10kW (208Vca 3Ph)<\/li>\n<li style='margin-bottom: 10px;'>1 x BCT6L9N225: Gabinete para Bater\u00edas (240Vcd 3Ph)<\/li>\n<li style='margin-bottom: 10px;'>8 x BM120V30ATY: M\u00f3dulo de Bater\u00edas (9Ah 12Vcd x 10 piezas)<\/li>\n<li style='margin-bottom: 10px;'>2 x SMUCB175UAC: Interruptor Termomagn\u00e9tico Trif\u00e1sico 175A para BCT6L9N225<\/li>\n<\/ul><\/div>\n<\/p><\/div>\n","protected":false},"excerpt":{"rendered":"<p>UPS Modular Trif\u00e1sico Escalable de 40 kVA\/40 kW, Topolog\u00eda Online Doble Conversi\u00f3n, Voltaje de 208\/220 Vca de L-L, Respaldo de 4 Minutos al 100% de Carga, Incluye M\u00f3dulo y Banco de Bater\u00edas<\/p>\n","protected":false},"featured_media":37745,"comment_status":"open","ping_status":"closed","template":"","meta":[],"product_brand":[],"product_cat":[1100],"product_tag":[677,1101,1102],"class_list":{"0":"post-37746","1":"product","2":"type-product","3":"status-publish","4":"has-post-thumbnail","6":"product_cat-ups-no-break","7":"product_tag-cyberpower","8":"product_tag-respaldo-de-energia","9":"product_tag-ups-no-break","11":"first","12":"outofstock","13":"sale","14":"shipping-taxable","15":"purchasable","16":"product-type-simple"},"_links":{"self":[{"href":"https:\/\/soydeaqui.ddns.net\/pachuca\/index.php\/wp-json\/wp\/v2\/product\/37746","targetHints":{"allow":["GET"]}}],"collection":[{"href":"https:\/\/soydeaqui.ddns.net\/pachuca\/index.php\/wp-json\/wp\/v2\/product"}],"about":[{"href":"https:\/\/soydeaqui.ddns.net\/pachuca\/index.php\/wp-json\/wp\/v2\/types\/product"}],"replies":[{"embeddable":true,"href":"https:\/\/soydeaqui.ddns.net\/pachuca\/index.php\/wp-json\/wp\/v2\/comments?post=37746"}],"wp:featuredmedia":[{"embeddable":true,"href":"https:\/\/soydeaqui.ddns.net\/pachuca\/index.php\/wp-json\/wp\/v2\/media\/37745"}],"wp:attachment":[{"href":"https:\/\/soydeaqui.ddns.net\/pachuca\/index.php\/wp-json\/wp\/v2\/media?parent=37746"}],"wp:term":[{"taxonomy":"product_brand","embeddable":true,"href":"https:\/\/soydeaqui.ddns.net\/pachuca\/index.php\/wp-json\/wp\/v2\/product_brand?post=37746"},{"taxonomy":"product_cat","embeddable":true,"href":"https:\/\/soydeaqui.ddns.net\/pachuca\/index.php\/wp-json\/wp\/v2\/product_cat?post=37746"},{"taxonomy":"product_tag","embeddable":true,"href":"https:\/\/soydeaqui.ddns.net\/pachuca\/index.php\/wp-json\/wp\/v2\/product_tag?post=37746"}],"curies":[{"name":"wp","href":"https:\/\/api.w.org\/{rel}","templated":true}]}}