{"id":37740,"date":"2026-03-18T16:38:52","date_gmt":"2026-03-18T16:38:52","guid":{"rendered":"https:\/\/soydeaqui.ddns.net\/pachuca\/index.php\/producto\/caseta-wireless-diva-atenuador-de-pared-aumenta-disminuye-intensidad-de-iluminacion-no-requiere-cable-neutro-150w-led-600w-inc-hal\/"},"modified":"2026-03-18T16:38:59","modified_gmt":"2026-03-18T16:38:59","slug":"caseta-wireless-diva-atenuador-de-pared-aumenta-disminuye-intensidad-de-iluminacion-no-requiere-cable-neutro-150w-led-600w-inc-hal","status":"publish","type":"product","link":"https:\/\/soydeaqui.ddns.net\/pachuca\/index.php\/producto\/caseta-wireless-diva-atenuador-de-pared-aumenta-disminuye-intensidad-de-iluminacion-no-requiere-cable-neutro-150w-led-600w-inc-hal\/","title":{"rendered":"(Caseta Wireless) DIVA Atenuador de pared. Aumenta\/Disminuye Intensidad de Iluminaci\u00f3n.  No requiere cable neutro. 150W LED \/ 600W INC\/HAL"},"content":{"rendered":"<div style='width: 100%; max-width: 1200px; margin: 0 auto; font-family: sans-serif; line-height: 1.6; color: inherit;'>\n<div style='width: 100%; margin-bottom: 30px;'>\n<p style='text-align: justify; color: inherit;'>Controle las luces y las persianas desde cualquier lugar&comma; estando fuera o dentro de su hogar. <strong>Los atenuadores e interruptores Cas\u00e9ta Wireless<\/strong> se instalan en minutos&comma; funcionan con una variedad de tipos de focos&comma; entre los que se incluyen LEDs y CFL (fluorescentes compactos) atenuables&comma; y brindan la comodidad de tener un hogar inteligente y conectado.<\/p>\n<\/p><\/div>\n<div style='display: flex; flex-wrap: wrap; gap: 30px; margin-bottom: 30px;'>\n<div style='flex: 1 1 300px; min-width: 280px;'>\n<h3 style='font-size: 22px; border-bottom: 2px solid currentColor; padding-bottom: 5px; margin-top: 0; color: inherit; opacity: 0.8;'>Caracter\u00edsticas principales<\/h3>\n<ul style='padding-left: 20px; font-size: 15px; color: inherit;'>\n<li style='margin-bottom: 5px;'>Atenuaci\u00f3n f\u00e1cil y precisa con barra de luz blanca de brillo suave<\/li>\n<li style='margin-bottom: 5px;'>Tecnolog\u00eda LED+<\/li>\n<li style='margin-bottom: 5px;'>No se requiere cable neutro<\/li>\n<li style='margin-bottom: 5px;'>3 vias<\/li>\n<li style='margin-bottom: 5px;'>Compatible con HUB de Caseta Wireless<\/li>\n<li style='margin-bottom: 5px;'>Conveniente funcionalidad preestablecida con una sola pulsaci\u00f3n del bot\u00f3n de encendido<\/li>\n<\/ul><\/div>\n<div style='flex: 1 1 300px; min-width: 280px;'>\n<h3 style='font-size: 22px; border-bottom: 2px solid currentColor; padding-bottom: 5px; margin-top: 0; color: inherit; opacity: 0.8;'>Caracter\u00edsticas F\u00edsicas y El\u00e9ctricas<\/h3>\n<ul style='padding-left: 20px; font-size: 15px; color: inherit;'>\n<li style='margin-bottom: 5px;'>120 V~ 50\/60 Hz<\/li>\n<li style='margin-bottom: 5px;'>LED y CFL 150W<\/li>\n<li style='margin-bottom: 5px;'>Incandescente y Hal\u00f3gena 600W<\/li>\n<li style='margin-bottom: 5px;'>Contenido: 1 DVRF6L&comma; 5 conectores de cable&comma; 2 tornillos<\/li>\n<li style='margin-bottom: 5px;'>Tapa recomendable: CW1WH<\/li>\n<\/ul><\/div>\n<div style='flex: 1 1 300px; min-width: 280px;'>\n<h3 style='font-size: 22px; border-bottom: 2px solid currentColor; padding-bottom: 5px; margin-top: 0; color: inherit; opacity: 0.8;'>Colores<\/h3>\n<ul style='padding-left: 20px; font-size: 15px; color: inherit;'>\n<li style='margin-bottom: 5px;'>Blanco (WH) stock<\/li>\n<li style='margin-bottom: 5px;'>Negro (BL) stock<\/li>\n<li style='margin-bottom: 5px;'>Cafe (BR) bajo pedido<\/li>\n<li style='margin-bottom: 5px;'>Gris (GR) bajo pedido<\/li>\n<li style='margin-bottom: 5px;'>Ivory (IV) bajo pedido<\/li>\n<li style='margin-bottom: 5px;'>Almendra (LA) bajo pedido<\/li>\n<\/ul><\/div>\n<\/p><\/div>\n<div style='display: flex; flex-direction: column; align-items: center; margin: 30px 0;'>\n<div style='position: relative; padding-bottom: 56.25%; height: 0; overflow: hidden; margin-bottom: 30px;'>   <\/div>\n<div style='position: relative; padding-bottom: 56.25%; height: 0; overflow: hidden; margin-bottom: 30px;'>   <\/div>\n<p> <img style='width: 100%; height: auto; border: 1px solid rgba(150&comma;150&comma;150&comma;0.3); border-radius: 8px;' src='http:\/\/ftp3.syscom.mx\/usuarios\/yhermosillo\/LUTRON\/Casetawireless\/SystemOverviewcaseta.jpg' alt=''> <\/div>\n<\/p><\/div>\n","protected":false},"excerpt":{"rendered":"<p>(Caseta Wireless) DIVA Atenuador de pared. Aumenta\/Disminuye Intensidad de Iluminaci\u00f3n.  No requiere cable neutro. 150W LED \/ 600W INC\/HAL<\/p>\n","protected":false},"featured_media":37739,"comment_status":"open","ping_status":"closed","template":"","meta":[],"product_brand":[],"product_cat":[34],"product_tag":[30,35,73],"class_list":{"0":"post-37740","1":"product","2":"type-product","3":"status-publish","4":"has-post-thumbnail","6":"product_cat-lutron","7":"product_tag-automatizacion-casa-inteligente","8":"product_tag-lutron","9":"product_tag-lutron-caseta-wireless","11":"first","12":"instock","13":"sale","14":"shipping-taxable","15":"purchasable","16":"product-type-simple"},"_links":{"self":[{"href":"https:\/\/soydeaqui.ddns.net\/pachuca\/index.php\/wp-json\/wp\/v2\/product\/37740","targetHints":{"allow":["GET"]}}],"collection":[{"href":"https:\/\/soydeaqui.ddns.net\/pachuca\/index.php\/wp-json\/wp\/v2\/product"}],"about":[{"href":"https:\/\/soydeaqui.ddns.net\/pachuca\/index.php\/wp-json\/wp\/v2\/types\/product"}],"replies":[{"embeddable":true,"href":"https:\/\/soydeaqui.ddns.net\/pachuca\/index.php\/wp-json\/wp\/v2\/comments?post=37740"}],"wp:featuredmedia":[{"embeddable":true,"href":"https:\/\/soydeaqui.ddns.net\/pachuca\/index.php\/wp-json\/wp\/v2\/media\/37739"}],"wp:attachment":[{"href":"https:\/\/soydeaqui.ddns.net\/pachuca\/index.php\/wp-json\/wp\/v2\/media?parent=37740"}],"wp:term":[{"taxonomy":"product_brand","embeddable":true,"href":"https:\/\/soydeaqui.ddns.net\/pachuca\/index.php\/wp-json\/wp\/v2\/product_brand?post=37740"},{"taxonomy":"product_cat","embeddable":true,"href":"https:\/\/soydeaqui.ddns.net\/pachuca\/index.php\/wp-json\/wp\/v2\/product_cat?post=37740"},{"taxonomy":"product_tag","embeddable":true,"href":"https:\/\/soydeaqui.ddns.net\/pachuca\/index.php\/wp-json\/wp\/v2\/product_tag?post=37740"}],"curies":[{"name":"wp","href":"https:\/\/api.w.org\/{rel}","templated":true}]}}