{"id":37734,"date":"2026-03-18T16:38:42","date_gmt":"2026-03-18T16:38:42","guid":{"rendered":"https:\/\/soydeaqui.ddns.net\/pachuca\/index.php\/producto\/caseta-wireless-atenuador-de-pared-aumenta-disminuye-intensidad-de-iluminacion-no-requiere-cable-neutro-150w-led-600w-inc-hal-2\/"},"modified":"2026-03-18T16:38:49","modified_gmt":"2026-03-18T16:38:49","slug":"caseta-wireless-atenuador-de-pared-aumenta-disminuye-intensidad-de-iluminacion-no-requiere-cable-neutro-150w-led-600w-inc-hal-2","status":"publish","type":"product","link":"https:\/\/soydeaqui.ddns.net\/pachuca\/index.php\/producto\/caseta-wireless-atenuador-de-pared-aumenta-disminuye-intensidad-de-iluminacion-no-requiere-cable-neutro-150w-led-600w-inc-hal-2\/","title":{"rendered":"(Caseta Wireless) Atenuador de pared. Aumenta\/Disminuye Intensidad de Iluminaci\u00f3n.  No requiere cable neutro. 150W LED \/ 600W INC\/HAL"},"content":{"rendered":"<div style='width: 100%; max-width: 1200px; margin: 0 auto; font-family: sans-serif; line-height: 1.6; color: inherit; background-color: transparent;'>\n<p style='text-align: justify; margin-bottom: 20px; font-size: 15px; color: inherit;'>Controle las luces y las persianas desde cualquier lugar&comma; estando fuera o dentro de su hogar. <strong>Los atenuadores e interruptores Cas\u00e9ta Wireless<\/strong> se instalan en minutos&comma; funcionan con una variedad de tipos de focos&comma; entre los que se incluyen LEDs y CFL (fluorescentes compactos) atenuables&comma; y brindan la comodidad de tener un hogar inteligente y conectado.<\/p>\n<div style='display: flex; flex-wrap: wrap; gap: 30px; margin-bottom: 30px;'>\n<div style='flex: 1 1 300px; min-width: 280px;'>\n<div style='border-left: 5px solid #0091ff; border-radius: 5px; padding: 15px; box-shadow: 2px 2px 10px rgba(216&comma;216&comma;216&comma;0.4); background-color: rgba(255&comma;255&comma;255&comma;0.03);'>\n<h3 style='font-size: 18px; margin-top: 0; margin-bottom: 15px; color: inherit; opacity: 0.9;'>Caracter\u00edsticas principales:<\/h3>\n<ul style='padding-left: 20px; font-size: 14px; color: inherit;'>\n<li style='margin-bottom: 8px;'>Atenuaci\u00f3n f\u00e1cil y precisa con barra de luz blanca de brillo suave.<\/li>\n<li style='margin-bottom: 8px;'>Tecnolog\u00eda LED+<\/li>\n<li style='margin-bottom: 8px;'>No se requiere cable neutro.<\/li>\n<li style='margin-bottom: 8px;'>3 vias<\/li>\n<li style='margin-bottom: 8px;'>Compatible con HUB de Caseta Wireless<\/li>\n<li style='margin-bottom: 8px;'>Conveniente funcionalidad preestablecida con una sola pulsaci\u00f3n del bot\u00f3n de encendido.<\/li>\n<\/ul><\/div>\n<\/p><\/div>\n<div style='flex: 1 1 300px; min-width: 280px;'>\n<div style='border-left: 5px solid #0091ff; border-radius: 5px; padding: 15px; box-shadow: 2px 2px 10px rgba(216&comma;216&comma;216&comma;0.4); background-color: rgba(255&comma;255&comma;255&comma;0.03);'>\n<h3 style='font-size: 18px; margin-top: 0; margin-bottom: 15px; color: inherit; opacity: 0.9;'>Caracter\u00edsticas F\u00edsicas y El\u00e9ctricas:<\/h3>\n<ul style='padding-left: 20px; font-size: 14px; color: inherit;'>\n<li style='margin-bottom: 8px;'>120 V~ 50\/60 Hz<\/li>\n<li style='margin-bottom: 8px;'>LED y CFL 150W<\/li>\n<li style='margin-bottom: 8px;'>Incandescente y Hal\u00f3gena 600W<\/li>\n<li style='margin-bottom: 8px;'>Contenido: 1 DVRF6L&comma; 5 conectores de cable&comma; 2 tornillos.<\/li>\n<li style='margin-bottom: 8px;'>Tapa recomendable: <strong>CW-1-BL<\/strong> (tapa se vende por separado).<\/li>\n<\/ul><\/div>\n<\/p><\/div>\n<div style='flex: 1 1 300px; min-width: 280px;'>\n<div style='border-left: 5px solid #0091ff; border-radius: 5px; padding: 15px; box-shadow: 2px 2px 10px rgba(216&comma;216&comma;216&comma;0.4); background-color: rgba(255&comma;255&comma;255&comma;0.03);'>\n<h3 style='font-size: 18px; margin-top: 0; margin-bottom: 15px; color: inherit; opacity: 0.9;'>Colores:<\/h3>\n<ul style='padding-left: 20px; font-size: 14px; color: inherit;'>\n<li style='margin-bottom: 8px;'>Blanco (WH) stock<\/li>\n<li style='margin-bottom: 8px;'>Negro (BL) stock<\/li>\n<li style='margin-bottom: 8px;'>Cafe (BR) bajo pedido<\/li>\n<li style='margin-bottom: 8px;'>Gris (GR) bajo pedido<\/li>\n<li style='margin-bottom: 8px;'>Ivory (IV) bajo pedido<\/li>\n<li style='margin-bottom: 8px;'>Almendra (LA) bajo pedido<\/li>\n<\/ul><\/div>\n<\/p><\/div>\n<\/p><\/div>\n<div style='margin: 40px 0; text-align: center;'>\n<div style='margin-bottom: 30px;'>\n<div style='position: relative; padding-bottom: 56.25%; height: 0; overflow: hidden;'>   <\/div>\n<\/p><\/div>\n<div style='margin-bottom: 30px;'>\n<div style='position: relative; padding-bottom: 56.25%; height: 0; overflow: hidden;'>   <\/div>\n<\/p><\/div>\n<p> <img style='width: 100%; height: auto; border: 1px solid rgba(150&comma;150&comma;150&comma;0.3); border-radius: 8px;' src='http:\/\/ftp3.syscom.mx\/usuarios\/yhermosillo\/LUTRON\/Casetawireless\/SystemOverviewcaseta.jpg' alt=''> <\/div>\n<\/p><\/div>\n","protected":false},"excerpt":{"rendered":"<p>(Caseta Wireless) Atenuador de pared. Aumenta\/Disminuye Intensidad de Iluminaci\u00f3n.  No requiere cable neutro. 150W LED \/ 600W INC\/HAL<\/p>\n","protected":false},"featured_media":37733,"comment_status":"open","ping_status":"closed","template":"","meta":[],"product_brand":[],"product_cat":[72],"product_tag":[30,73],"class_list":{"0":"post-37734","1":"product","2":"type-product","3":"status-publish","4":"has-post-thumbnail","6":"product_cat-lutron-caseta-wireless","7":"product_tag-automatizacion-casa-inteligente","8":"product_tag-lutron-caseta-wireless","10":"first","11":"instock","12":"sale","13":"shipping-taxable","14":"purchasable","15":"product-type-simple"},"_links":{"self":[{"href":"https:\/\/soydeaqui.ddns.net\/pachuca\/index.php\/wp-json\/wp\/v2\/product\/37734","targetHints":{"allow":["GET"]}}],"collection":[{"href":"https:\/\/soydeaqui.ddns.net\/pachuca\/index.php\/wp-json\/wp\/v2\/product"}],"about":[{"href":"https:\/\/soydeaqui.ddns.net\/pachuca\/index.php\/wp-json\/wp\/v2\/types\/product"}],"replies":[{"embeddable":true,"href":"https:\/\/soydeaqui.ddns.net\/pachuca\/index.php\/wp-json\/wp\/v2\/comments?post=37734"}],"wp:featuredmedia":[{"embeddable":true,"href":"https:\/\/soydeaqui.ddns.net\/pachuca\/index.php\/wp-json\/wp\/v2\/media\/37733"}],"wp:attachment":[{"href":"https:\/\/soydeaqui.ddns.net\/pachuca\/index.php\/wp-json\/wp\/v2\/media?parent=37734"}],"wp:term":[{"taxonomy":"product_brand","embeddable":true,"href":"https:\/\/soydeaqui.ddns.net\/pachuca\/index.php\/wp-json\/wp\/v2\/product_brand?post=37734"},{"taxonomy":"product_cat","embeddable":true,"href":"https:\/\/soydeaqui.ddns.net\/pachuca\/index.php\/wp-json\/wp\/v2\/product_cat?post=37734"},{"taxonomy":"product_tag","embeddable":true,"href":"https:\/\/soydeaqui.ddns.net\/pachuca\/index.php\/wp-json\/wp\/v2\/product_tag?post=37734"}],"curies":[{"name":"wp","href":"https:\/\/api.w.org\/{rel}","templated":true}]}}