{"id":37723,"date":"2026-03-18T16:38:24","date_gmt":"2026-03-18T16:38:24","guid":{"rendered":"https:\/\/soydeaqui.ddns.net\/pachuca\/index.php\/producto\/microinversor-2-kw-220-vca-para-interconexion-a-red-electrica-ip67-conexion-para-cable-troncal-soporta-oversizing-a-4-modulos-de-hasta-670-w\/"},"modified":"2026-03-18T16:38:30","modified_gmt":"2026-03-18T16:38:30","slug":"microinversor-2-kw-220-vca-para-interconexion-a-red-electrica-ip67-conexion-para-cable-troncal-soporta-oversizing-a-4-modulos-de-hasta-670-w","status":"publish","type":"product","link":"https:\/\/soydeaqui.ddns.net\/pachuca\/index.php\/producto\/microinversor-2-kw-220-vca-para-interconexion-a-red-electrica-ip67-conexion-para-cable-troncal-soporta-oversizing-a-4-modulos-de-hasta-670-w\/","title":{"rendered":"Microinversor 2 Kw, 220 Vca, para Interconexi\u00f3n a Red El\u00e9ctrica, IP67, Conexi\u00f3n para Cable Troncal, Soporta Oversizing a 4 M\u00f3dulos de Hasta 670 W"},"content":{"rendered":"<div style='width: 100%; max-width: 1200px; margin: 0 auto; font-family: sans-serif; line-height: 1.6; color: inherit; background-color: transparent;'>\n<div style='display: flex; flex-wrap: wrap; gap: 30px; margin-bottom: 30px;'>\n<div style='flex: 1 1 300px; min-width: 280px;'><img style='width: 100%; height: auto; border: 1px solid rgba(150&comma;150&comma;150&comma;0.3); border-radius: 8px;' src='https:\/\/ftp3.syscom.mx\/usuarios\/mchaparro\/HOYMILES\/SINGLE1.png' alt=''><\/p>\n<p style='text-align: center; font-size: 16px; margin-top: 15px;'>Monitoreo y administraci\u00f3n via app o PC por medio del <span style='color: #17a2b8; font-weight: 600; font-size: 14px;'>DTUPROS<\/span><\/p>\n<\/div>\n<div style='flex: 1 1 300px; min-width: 280px;'><img style='width: 100%; height: auto; border: 1px solid rgba(150&comma;150&comma;150&comma;0.3); border-radius: 8px;' src='https:\/\/ftp3.syscom.mx\/usuarios\/mchaparro\/HOYMILES\/SINGLE2.png' alt=''><\/p>\n<p style='text-align: center; font-size: 16px; margin-top: 15px;'>IP67 Ideal para instalar a la intemperie debajo del mismo montaje de los m\u00f3dulos<\/p>\n<\/div>\n<div style='flex: 1 1 300px; min-width: 280px;'><img style='width: 100%; height: auto; border: 1px solid rgba(150&comma;150&comma;150&comma;0.3); border-radius: 8px;' src='https:\/\/ftp3.syscom.mx\/usuarios\/mchaparro\/HOYMILES\/SINGLE3.png' alt=''><\/p>\n<p style='text-align: center; font-size: 16px; margin-top: 15px;'>Plataforma de monitoreo por medio de <span style='color: #17a2b8; font-size: 14px; font-weight: 600; text-align: start;'>DTUPROS<\/span> con gr\u00e1ficas de generaci\u00f3n diaria<\/p>\n<\/div>\n<\/div>\n<p style='text-align: center; font-size: 16px; color: inherit; margin: 30px 0;'><strong>NO incluye el DTU para monitoreo DTUPROS<\/strong><\/p>\n<div style='display: flex; flex-wrap: wrap; gap: 20px; margin-bottom: 30px;'>\n<div style='flex: 1 1 250px; border: 1px solid rgba(150&comma; 150&comma; 150&comma; 0.4); border-radius: 8px; overflow: hidden; display: flex; flex-direction: column;'>\n<div style='padding: 15px; border-bottom: 1px solid rgba(150&comma; 150&comma; 150&comma; 0.2); font-weight: bold; font-size: 18px; color: inherit;'>Especificaciones<\/div>\n<div style='padding: 15px; color: inherit;'>\n<ul style='padding-left: 20px; margin: 0; font-size: 14px; list-style-type: disc; color: inherit;'>\n<li style='margin-bottom: 5px;'><strong>Datos de entrada de Corriente Directa (CD)<\/strong><\/li>\n<li style='margin-bottom: 5px;'><strong>Potencia M\u00e1xima Fotovoltaica:<\/strong> 4 x 670 W<\/li>\n<li style='margin-bottom: 5px;'><strong>Voltaje M\u00e1ximo de entrada (Voc):<\/strong> 60 Vcc<\/li>\n<li style='margin-bottom: 5px;'><strong>Corriente m\u00e1xima de corriente directa:<\/strong> 4 x 16 A<\/li>\n<li style='margin-bottom: 5px;'><strong>Parametros de Salida de Corriente Alterna (CA)<\/strong><\/li>\n<li style='margin-bottom: 5px;'><strong>Potencia m\u00e1xima de salida:<\/strong> 2000 W<\/li>\n<li style='margin-bottom: 5px;'><strong>Voltaje nominal de salida CA:<\/strong> 220 Vca<\/li>\n<li style='margin-bottom: 5px;'><strong>Corriente m\u00e1xima CA:<\/strong> 8.33 A<\/li>\n<li style='margin-bottom: 5px;'><strong>Datos Generales<\/strong><\/li>\n<li style='margin-bottom: 5px;'><strong>Eficiencia m\u00e1xima:<\/strong> 99.8 %<\/li>\n<li style='margin-bottom: 5px;'><strong>Frecuencia nominal\/rangos:<\/strong> 55 &#8211; 65 Hz<\/li>\n<li style='margin-bottom: 5px;'><strong>Dimensiones:<\/strong> 331 x 218 x 34.6 mm<\/li>\n<li style='margin-bottom: 5px;'><strong>Peso:<\/strong> 4.7 Kg<\/li>\n<li style='margin-bottom: 5px;'><strong>Certificados:<\/strong> UL1741&comma; IEEE1547<\/li>\n<li style='margin-bottom: 5px;'><strong>N\u00famero de unidades por ramal:<\/strong> 3 Microinversores<\/li>\n<\/ul>\n<\/div>\n<\/div>\n<div style='flex: 1 1 250px; border: 1px solid rgba(150&comma; 150&comma; 150&comma; 0.4); border-radius: 8px; overflow: hidden; display: flex; flex-direction: column;'>\n<div style='padding: 15px; border-bottom: 1px solid rgba(150&comma; 150&comma; 150&comma; 0.2); font-weight: bold; font-size: 18px; color: inherit;'>Microinversores HOYMILES<\/div>\n<div style='padding: 15px; color: inherit;'>\n<ul style='padding-left: 20px; margin: 0; font-size: 14px; list-style-type: disc; color: inherit;'>\n<li style='margin-bottom: 5px;'>Convierten corriente CD a CA para red el\u00e9ctrica<\/li>\n<li style='margin-bottom: 5px;'>Dual MPPT<\/li>\n<li style='margin-bottom: 5px;'>Disipador de calor en aluminio<\/li>\n<li style='margin-bottom: 5px;'>4 pares de conectores MC4<\/li>\n<li style='margin-bottom: 5px;'>Instalaci\u00f3n en zonas reducidas o dif\u00edciles<\/li>\n<li style='margin-bottom: 5px;'>Escalable<\/li>\n<li style='margin-bottom: 5px;'>Super ligero<\/li>\n<\/ul>\n<\/div>\n<\/div>\n<div style='flex: 1 1 250px; border: 1px solid rgba(150&comma; 150&comma; 150&comma; 0.4); border-radius: 8px; overflow: hidden; display: flex; flex-direction: column;'>\n<div style='padding: 15px; border-bottom: 1px solid rgba(150&comma; 150&comma; 150&comma; 0.2); font-weight: bold; font-size: 18px; color: inherit;'>Microinversor MHS-2000-4T<\/div>\n<div style='padding: 15px; color: inherit;'>\n<ul style='padding-left: 20px; margin: 0; font-size: 14px; list-style-type: disc; color: inherit;'>\n<li style='margin-bottom: 5px;'>Primer microinversor del mundo en 220 Vca para hasta 4 m\u00f3dulos de 670 W<\/li>\n<li style='margin-bottom: 5px;'>Bajo costo de inversi\u00f3n<\/li>\n<li style='margin-bottom: 5px;'>Conexi\u00f3n y generaci\u00f3n de paneles independiente<\/li>\n<li style='margin-bottom: 5px;'>Encendido ultrarr\u00e1pido<\/li>\n<li style='margin-bottom: 5px;'>Notificaciones en tiempo real<\/li>\n<li style='margin-bottom: 5px;'>Monitoreo remoto con DTU<\/li>\n<\/ul>\n<\/div>\n<\/div>\n<div style='flex: 1 1 250px; border: 1px solid rgba(150&comma; 150&comma; 150&comma; 0.4); border-radius: 8px; overflow: hidden; display: flex; flex-direction: column;'>\n<div style='padding: 15px; border-bottom: 1px solid rgba(150&comma; 150&comma; 150&comma; 0.2); font-weight: bold; font-size: 18px; color: inherit;'>M\u00e1s Potencia<\/div>\n<div style='padding: 15px; color: inherit;'>\n<ul style='padding-left: 20px; margin: 0; font-size: 14px; list-style-type: disc; color: inherit;'>\n<li style='margin-bottom: 5px;'>Instalaci\u00f3n sencilla directo en estructura de m\u00f3dulos<\/li>\n<li style='margin-bottom: 5px;'>Alta eficiencia&comma; excelente beneficio<\/li>\n<li style='margin-bottom: 5px;'>M\u00e1xima eficiencia de conversi\u00f3n&comma; hasta 95%<\/li>\n<li style='margin-bottom: 5px;'>Aprovechamiento m\u00e1ximo con tecnolog\u00eda MPPT<\/li>\n<\/ul>\n<p style='margin-top: 15px; font-size: 14px; color: inherit;'>El sobredimensionamiento (oversizing) de hasta un 30% es una pr\u00e1ctica recomendada para maximizar la producci\u00f3n energ\u00e9tica diaria&comma; logrando mayor generaci\u00f3n en las primeras y \u00faltimas horas del d\u00eda&comma; con p\u00e9rdida m\u00ednima de energ\u00eda en el punto m\u00e1ximo de producci\u00f3n.<\/p>\n<p style='margin-top: 15px; font-size: 14px; font-weight: bold; color: inherit;'>Ejemplo de generaci\u00f3n diaria:<\/p>\n<ul style='padding-left: 20px; margin: 5px 0; font-size: 14px; list-style-type: disc; color: inherit;'>\n<li style='margin-bottom: 5px;'>Con 4 paneles de 550 W: Aproximadamente <strong>11 kWh\/d\u00eda<\/strong><\/li>\n<li style='margin-bottom: 5px;'>Con 4 paneles de 670 W: Aproximadamente <strong>13.1 kWh\/d\u00eda<\/strong><\/li>\n<\/ul>\n<p style='margin-top: 15px; font-size: 14px; color: inherit;'>Es importante considerar que&comma; aunque los paneles puedan superar los 2000 W en potencia nominal&comma; el microinversor regular\u00e1 la salida a su l\u00edmite de <strong>2000 W de potencia m\u00e1xima en CA<\/strong>. Para mayor eficiencia&comma; se recomienda no exceder un 30% de sobreasignaci\u00f3n respecto a la capacidad nominal del microinversor.<\/p>\n<\/div>\n<\/div>\n<\/div>\n<hr style='border: 0; border-top: 1px solid rgba(150&comma; 150&comma; 150&comma; 0.3); margin: 30px 0;'>\n<div style='display: flex; flex-wrap: wrap; gap: 20px; margin-bottom: 30px;'>\n<div style='flex: 1 1 250px; border: 1px solid rgba(150&comma; 150&comma; 150&comma; 0.4); border-radius: 8px; overflow: hidden; display: flex; flex-direction: column;'>\n<div style='padding: 15px; border-bottom: 1px solid rgba(150&comma; 150&comma; 150&comma; 0.2); font-weight: bold; font-size: 18px; color: inherit;'>KITS DE INTERCONEXI\u00d3N<\/div>\n<div style='padding: 15px; color: inherit;'>\n<table style='width: 100%; border-collapse: collapse; margin-top: 10px;'>\n<tr style='background-color: #f5f5f5;'>\n<th style='padding: 8px; border: 1px solid rgba(150&comma;150&comma;150&comma;0.3); font-weight: bold; color: inherit;'>Modelo<\/th>\n<th style='padding: 8px; border: 1px solid rgba(150&comma;150&comma;150&comma;0.3); font-weight: bold; color: inherit;'>Kit<\/th>\n<\/tr>\n<tr>\n<td style='padding: 8px; border: 1px solid rgba(150&comma;150&comma;150&comma;0.3);'>HMS10002T<\/td>\n<td style='padding: 8px; border: 1px solid rgba(150&comma;150&comma;150&comma;0.3);'>KITHMS1K550<\/td>\n<\/tr>\n<tr>\n<td style='padding: 8px; border: 1px solid rgba(150&comma;150&comma;150&comma;0.3);' rowspan='5'>HMS20004TA<\/td>\n<td style='padding: 8px; border: 1px solid rgba(150&comma;150&comma;150&comma;0.3);'>KITHMS2K450<\/td>\n<\/tr>\n<tr>\n<td style='padding: 8px; border: 1px solid rgba(150&comma;150&comma;150&comma;0.3);'>KITHMS2K450SP<\/td>\n<\/tr>\n<tr>\n<td style='padding: 8px; border: 1px solid rgba(150&comma;150&comma;150&comma;0.3);'>KITHMS2K550<\/td>\n<\/tr>\n<tr>\n<td style='padding: 8px; border: 1px solid rgba(150&comma;150&comma;150&comma;0.3);'>KITHMS2K550SP<\/td>\n<\/tr>\n<tr>\n<td style='padding: 8px; border: 1px solid rgba(150&comma;150&comma;150&comma;0.3);'>KITHMS4K550<\/td>\n<\/tr>\n<tr>\n<td style='padding: 8px; border: 1px solid rgba(150&comma;150&comma;150&comma;0.3);'>HMS20002TA + HMS10002T<\/td>\n<td style='padding: 8px; border: 1px solid rgba(150&comma;150&comma;150&comma;0.3);'>KITHMS3K550SP<\/td>\n<\/tr>\n<\/table>\n<\/div>\n<\/div>\n<div style='flex: 1 1 250px; border: 1px solid rgba(150&comma; 150&comma; 150&comma; 0.4); border-radius: 8px; overflow: hidden; display: flex; flex-direction: column;'>\n<div style='padding: 15px; border-bottom: 1px solid rgba(150&comma;150&comma;150&comma;0.2); font-weight: bold; font-size: 18px; color: inherit;'>Diagrama de conexi\u00f3n<\/div>\n<div style='padding: 15px; color: inherit;'><img style='width: 100%; height: auto; border: 1px solid rgba(150&comma;150&comma;150&comma;0.3); border-radius: 8px;' src='https:\/\/lh3.googleusercontent.com\/k8416Eraa-0m2BLuT5VFccRIBO_rnPsBEsCeH3rChOgMr5p-zmrXQ0aaQPAZbKq95j8Xr0OxTIlKGCnSHnMA3SiD1xSV9iy6q8EQSIgULZ0UbHMMl9cV5ZvqKk7taCoX8KH7UmlXUNt5mVQ=s2048' alt='Diagrama de conexi\u00f3n'><\/div>\n<\/div>\n<\/div>\n<\/div>\n","protected":false},"excerpt":{"rendered":"<p>Microinversor 2 Kw, 220 Vca, para Interconexi\u00f3n a Red El\u00e9ctrica, IP67, Conexi\u00f3n para Cable Troncal, Soporta Oversizing a 4 M\u00f3dulos de Hasta 670 W<\/p>\n","protected":false},"featured_media":37722,"comment_status":"open","ping_status":"closed","template":"","meta":[],"product_brand":[],"product_cat":[1092],"product_tag":[964,1094,1093],"class_list":{"0":"post-37723","1":"product","2":"type-product","3":"status-publish","4":"has-post-thumbnail","6":"product_cat-inversores-interconexion-on-grid","7":"product_tag-energia-solar","8":"product_tag-hoymiles","9":"product_tag-inversores-interconexion-on-grid","11":"first","12":"instock","13":"sale","14":"shipping-taxable","15":"purchasable","16":"product-type-simple"},"_links":{"self":[{"href":"https:\/\/soydeaqui.ddns.net\/pachuca\/index.php\/wp-json\/wp\/v2\/product\/37723","targetHints":{"allow":["GET"]}}],"collection":[{"href":"https:\/\/soydeaqui.ddns.net\/pachuca\/index.php\/wp-json\/wp\/v2\/product"}],"about":[{"href":"https:\/\/soydeaqui.ddns.net\/pachuca\/index.php\/wp-json\/wp\/v2\/types\/product"}],"replies":[{"embeddable":true,"href":"https:\/\/soydeaqui.ddns.net\/pachuca\/index.php\/wp-json\/wp\/v2\/comments?post=37723"}],"wp:featuredmedia":[{"embeddable":true,"href":"https:\/\/soydeaqui.ddns.net\/pachuca\/index.php\/wp-json\/wp\/v2\/media\/37722"}],"wp:attachment":[{"href":"https:\/\/soydeaqui.ddns.net\/pachuca\/index.php\/wp-json\/wp\/v2\/media?parent=37723"}],"wp:term":[{"taxonomy":"product_brand","embeddable":true,"href":"https:\/\/soydeaqui.ddns.net\/pachuca\/index.php\/wp-json\/wp\/v2\/product_brand?post=37723"},{"taxonomy":"product_cat","embeddable":true,"href":"https:\/\/soydeaqui.ddns.net\/pachuca\/index.php\/wp-json\/wp\/v2\/product_cat?post=37723"},{"taxonomy":"product_tag","embeddable":true,"href":"https:\/\/soydeaqui.ddns.net\/pachuca\/index.php\/wp-json\/wp\/v2\/product_tag?post=37723"}],"curies":[{"name":"wp","href":"https:\/\/api.w.org\/{rel}","templated":true}]}}