{"id":37702,"date":"2026-03-18T16:37:54","date_gmt":"2026-03-18T16:37:54","guid":{"rendered":"https:\/\/soydeaqui.ddns.net\/pachuca\/index.php\/producto\/espuma-de-poliuretano-capacidad-750-ml\/"},"modified":"2026-03-18T16:37:55","modified_gmt":"2026-03-18T16:37:55","slug":"espuma-de-poliuretano-capacidad-750-ml","status":"publish","type":"product","link":"https:\/\/soydeaqui.ddns.net\/pachuca\/index.php\/producto\/espuma-de-poliuretano-capacidad-750-ml\/","title":{"rendered":"Espuma de Poliuretano \/ Capacidad 750 ml."},"content":{"rendered":"<div style='width: 100%; max-width: 1200px; margin: 0 auto; font-family: sans-serif; line-height: 1.6; color: inherit; background-color: transparent;'>\n<div style='display: flex; flex-wrap: wrap; gap: 30px; margin-bottom: 30px;'>\n<div style='flex: 1 1 300px; min-width: 280px;'>\n<h3 style='font-size: 22px; border-bottom: 2px solid currentColor; padding-bottom: 5px; margin-top: 0; color: inherit; opacity: 0.8;'>Caracter\u00edsticas Principales<\/h3>\n<ul style='padding-left: 20px; font-size: 15px; color: inherit;'>\n<li style='margin-bottom: 5px;'>Sistema de V\u00e1lvula de una sola aplicaci\u00f3n<\/li>\n<li style='margin-bottom: 5px;'>Aplicaci\u00f3n con la lata invertida que maximiza el aprovechamiento<\/li>\n<li style='margin-bottom: 5px;'>Multiusos para fijar&comma; rellenar&comma; aislar y sellar<\/li>\n<li style='margin-bottom: 5px;'>Resistente a temperatura&comma; vapor&comma; agua y aislante<\/li>\n<li style='margin-bottom: 5px;'>Rellena juntas en ventanas y puertas<\/li>\n<li style='margin-bottom: 5px;'>Se adhiere a todo tipo de materiales incluidos vidrio&comma; madera&comma; metal&comma; concreto y varios tipos de pl\u00e1stico<\/li>\n<li style='margin-bottom: 5px;'>Incluye tubo de extensi\u00f3n para aplicar en lugares de dif\u00edcil alcance<\/li>\n<li style='margin-bottom: 5px;'>Presentaci\u00f3n en lata de 750 ml<\/li>\n<li style='margin-bottom: 5px;'>Cumple con NOM 018 STPS 2015<\/li>\n<\/ul><\/div>\n<div style='flex: 1 1 300px; min-width: 280px;'>\n<h3 style='font-size: 22px; border-bottom: 2px solid currentColor; padding-bottom: 5px; margin-top: 0; color: inherit; opacity: 0.8;'>Especificaciones T\u00e9cnicas<\/h3>\n<ul style='padding-left: 20px; font-size: 15px; color: inherit;'>\n<li style='margin-bottom: 5px;'><strong>Capacidad:<\/strong> 750 ml<\/li>\n<li style='margin-bottom: 5px;'><strong>Modelo:<\/strong> SYS113502<\/li>\n<li style='margin-bottom: 5px;'><strong>Aplicaci\u00f3n:<\/strong> Invertida<\/li>\n<li style='margin-bottom: 5px;'><strong>Material de aplicaci\u00f3n:<\/strong> Vidrio&comma; madera&comma; metal&comma; concreto y pl\u00e1stico<\/li>\n<li style='margin-bottom: 5px;'><strong>Norma:<\/strong> NOM 018 STPS 2015<\/li>\n<li style='margin-bottom: 5px;'><strong>Contenido neto:<\/strong> 750 ml<\/li>\n<li style='margin-bottom: 5px;'><strong>Unidad de venta:<\/strong> Pieza<\/li>\n<\/ul><\/div>\n<\/p><\/div>\n<div style='display: flex; flex-wrap: wrap; gap: 20px; margin-bottom: 30px;'>\n<div style='flex: 1 1 250px; border: 1px solid rgba(150&comma; 150&comma; 150&comma; 0.4); border-radius: 8px; overflow: hidden; display: flex; flex-direction: column;'>\n<div style='padding: 15px; border-bottom: 1px solid rgba(150&comma; 150&comma; 150&comma; 0.2); font-weight: bold; font-size: 18px; color: inherit;'>Aplicaciones<\/div>\n<div style='padding: 15px; color: inherit;'>\n<ul style='padding-left: 20px; margin: 0; font-size: 14px; list-style-type: disc;'>\n<li style='margin-bottom: 5px;'>Sellado de juntas en ventanas<\/li>\n<li style='margin-bottom: 5px;'>Aislamiento t\u00e9rmico y ac\u00fastico<\/li>\n<li style='margin-bottom: 5px;'>Fijaci\u00f3n de marcos y molduras<\/li>\n<li style='margin-bottom: 5px;'>Relleno de huecos y grietas<\/li>\n<\/ul><\/div>\n<\/p><\/div>\n<div style='flex: 1 1 250px; border: 1px solid rgba(150&comma; 150&comma; 150&comma; 0.4); border-radius: 8px; overflow: hidden; display: flex; flex-direction: column;'>\n<div style='padding: 15px; border-bottom: 1px solid rgba(150&comma; 150&comma; 150&comma; 0.2); font-weight: bold; font-size: 18px; color: inherit;'>Beneficios<\/div>\n<div style='padding: 15px; color: inherit;'>\n<ul style='padding-left: 20px; margin: 0; font-size: 14px; list-style-type: disc;'>\n<li style='margin-bottom: 5px;'>M\u00e1ximo rendimiento en una sola aplicaci\u00f3n<\/li>\n<li style='margin-bottom: 5px;'>F\u00e1cil acceso a \u00e1reas dif\u00edciles con tubo extensor<\/li>\n<li style='margin-bottom: 5px;'>Alta adherencia a m\u00faltiples superficies<\/li>\n<li style='margin-bottom: 5px;'>Durabilidad ante condiciones clim\u00e1ticas<\/li>\n<\/ul><\/div>\n<\/p><\/div>\n<div style='flex: 1 1 250px; border: 1px solid rgba(150&comma; 150&comma; 150&comma; 0.4); border-radius: 8px; overflow: hidden; display: flex; flex-direction: column;'>\n<div style='padding: 15px; border-bottom: 1px solid rgba(150&comma; 150&comma; 150&comma; 0.2); font-weight: bold; font-size: 18px; color: inherit;'>Presentaci\u00f3n<\/div>\n<div style='padding: 15px; color: inherit;'>\n<ul style='padding-left: 20px; margin: 0; font-size: 14px; list-style-type: disc;'>\n<li style='margin-bottom: 5px;'>Lata de 750 ml<\/li>\n<li style='margin-bottom: 5px;'>Incluye aplicador pl\u00e1stico<\/li>\n<li style='margin-bottom: 5px;'>Tubo extensor para aplicaci\u00f3n precisa<\/li>\n<\/ul><\/div>\n<\/p><\/div>\n<\/p><\/div>\n<hr style='border: 0; border-top: 1px solid rgba(150&comma; 150&comma; 150&comma; 0.3); margin: 30px 0;'> <\/div>\n","protected":false},"excerpt":{"rendered":"<p>Espuma de Poliuretano \/ Capacidad 750 ml.<\/p>\n","protected":false},"featured_media":37701,"comment_status":"open","ping_status":"closed","template":"","meta":[],"product_brand":[],"product_cat":[24],"product_tag":[26,25,446],"class_list":{"0":"post-37702","1":"product","2":"type-product","3":"status-publish","4":"has-post-thumbnail","6":"product_cat-accesorios-de-instalacion","7":"product_tag-accesorios-de-instalacion","8":"product_tag-herramientas","9":"product_tag-surtek","11":"first","12":"instock","13":"sale","14":"shipping-taxable","15":"purchasable","16":"product-type-simple"},"_links":{"self":[{"href":"https:\/\/soydeaqui.ddns.net\/pachuca\/index.php\/wp-json\/wp\/v2\/product\/37702","targetHints":{"allow":["GET"]}}],"collection":[{"href":"https:\/\/soydeaqui.ddns.net\/pachuca\/index.php\/wp-json\/wp\/v2\/product"}],"about":[{"href":"https:\/\/soydeaqui.ddns.net\/pachuca\/index.php\/wp-json\/wp\/v2\/types\/product"}],"replies":[{"embeddable":true,"href":"https:\/\/soydeaqui.ddns.net\/pachuca\/index.php\/wp-json\/wp\/v2\/comments?post=37702"}],"wp:featuredmedia":[{"embeddable":true,"href":"https:\/\/soydeaqui.ddns.net\/pachuca\/index.php\/wp-json\/wp\/v2\/media\/37701"}],"wp:attachment":[{"href":"https:\/\/soydeaqui.ddns.net\/pachuca\/index.php\/wp-json\/wp\/v2\/media?parent=37702"}],"wp:term":[{"taxonomy":"product_brand","embeddable":true,"href":"https:\/\/soydeaqui.ddns.net\/pachuca\/index.php\/wp-json\/wp\/v2\/product_brand?post=37702"},{"taxonomy":"product_cat","embeddable":true,"href":"https:\/\/soydeaqui.ddns.net\/pachuca\/index.php\/wp-json\/wp\/v2\/product_cat?post=37702"},{"taxonomy":"product_tag","embeddable":true,"href":"https:\/\/soydeaqui.ddns.net\/pachuca\/index.php\/wp-json\/wp\/v2\/product_tag?post=37702"}],"curies":[{"name":"wp","href":"https:\/\/api.w.org\/{rel}","templated":true}]}}