{"id":3770,"date":"2026-03-18T06:11:43","date_gmt":"2026-03-18T06:11:43","guid":{"rendered":"https:\/\/soydeaqui.ddns.net\/pachuca\/index.php\/producto\/ax-pro-teclado-inalambrico-con-pantalla-lcd-para-armado-y-desarmado-funciones-de-automatizacion-para-control-de-relevadores\/"},"modified":"2026-03-18T06:11:43","modified_gmt":"2026-03-18T06:11:43","slug":"ax-pro-teclado-inalambrico-con-pantalla-lcd-para-armado-y-desarmado-funciones-de-automatizacion-para-control-de-relevadores","status":"publish","type":"product","link":"https:\/\/soydeaqui.ddns.net\/pachuca\/index.php\/producto\/ax-pro-teclado-inalambrico-con-pantalla-lcd-para-armado-y-desarmado-funciones-de-automatizacion-para-control-de-relevadores\/","title":{"rendered":"(AX PRO) Teclado Inal\u00e1mbrico con Pantalla LCD para Armado y Desarmado \/ Funciones de Automatizaci\u00f3n para control de Relevadores"},"content":{"rendered":"<div style='width: 100%; max-width: 1200px; margin: 0 auto; font-family: sans-serif; line-height: 1.6; color: inherit; background-color: transparent;'> <!-- Logo --> <\/p>\n<div style='text-align: center; margin: 30px 0;'> <img style='width: 45%; height: auto; border: 1px solid rgba(150&comma;150&comma;150&comma;0.3); border-radius: 8px;' src='https:\/\/ftp3.syscom.mx\/usuarios\/jsosa\/HIKVISION\/imagenes\/logo\/hikvision%20see%20far.png' alt='Logo Hikvision'> <\/div>\n<p> <!-- Video Principal --> <\/p>\n<div style='margin: 30px 0;'>\n<h3 style='text-align: center; font-size: 20px; margin-bottom: 20px; color: inherit; opacity: 0.8; font-weight: bold;'> Conoce la serie AX PRO de alarmas Hikvision <\/h3>\n<div style='position: relative; padding-bottom: 56.25%; height: 0; overflow: hidden; margin-bottom: 30px;'>   <\/div>\n<\/p><\/div>\n<p> <!-- Videos Secundarios --> <\/p>\n<div style='display: flex; flex-wrap: wrap; gap: 20px; margin: 30px 0;'>\n<div style='flex: 1 1 300px; min-width: 280px;'>\n<h4 style='text-align: center; font-size: 18px; margin-bottom: 15px; color: inherit; opacity: 0.8; font-weight: bold;'> Configuraci\u00f3n de la alarma AX PRO de Hikvision <\/h4>\n<div style='position: relative; padding-bottom: 56.25%; height: 0; overflow: hidden;'>   <\/div>\n<\/p><\/div>\n<div style='flex: 1 1 300px; min-width: 280px;'>\n<h4 style='text-align: center; font-size: 18px; margin-bottom: 15px; color: inherit; opacity: 0.8; font-weight: bold;'> Bienvenido al futuro con AX PRO Hikvision <\/h4>\n<div style='position: relative; padding-bottom: 56.25%; height: 0; overflow: hidden;'>   <\/div>\n<\/p><\/div>\n<div style='flex: 1 1 300px; min-width: 280px;'>\n<h4 style='text-align: center; font-size: 18px; margin-bottom: 15px; color: inherit; opacity: 0.8; font-weight: bold;'> Sistema Robusto contra Intrusiones AX PRO <\/h4>\n<div style='position: relative; padding-bottom: 56.25%; height: 0; overflow: hidden;'>   <\/div>\n<\/p><\/div>\n<\/p><\/div>\n<p> <!-- Caracter\u00edsticas principales --> <\/p>\n<div style='display: flex; flex-wrap: wrap; gap: 20px; margin: 30px 0;'>\n<div style='flex: 1 1 300px; min-width: 280px;'>\n<div style='border: 1px solid rgba(150&comma;150&comma;150&comma;0.4); border-radius: 8px; overflow: hidden; display: flex; flex-direction: column;'>\n<div style='padding: 15px; border-bottom: 1px solid rgba(150&comma;150&comma;150&comma;0.2); font-weight: bold; font-size: 18px; color: inherit; background-color: rgba(255&comma;0&comma;0&comma;0.05);'> Caracter\u00edsticas principales <\/div>\n<div style='padding: 15px; color: inherit;'>\n<ul style='padding-left: 20px; margin: 0; font-size: 14px; list-style-type: disc;'>\n<li style='margin-bottom: 5px;'>Tecnolog\u00eda inal\u00e1mbrica bidireccional<\/li>\n<li style='margin-bottom: 5px;'>Permite realizar operaciones de armado&comma; desarmado&comma; limpiar alarma&comma; etc.<\/li>\n<li style='margin-bottom: 5px;'>Los datos inal\u00e1mbricos est\u00e1n protegidos por el cifrado AES-128<\/li>\n<li style='margin-bottom: 5px;'>Panel con touch screen para la manipulaci\u00f3n<\/li>\n<li style='margin-bottom: 5px;'>Visi\u00f3n de datos en pantalla LCD<\/li>\n<\/ul><\/div>\n<\/p><\/div>\n<\/p><\/div>\n<p> <!-- Caracter\u00edsticas F\u00edsicas y El\u00e9ctricas --> <\/p>\n<div style='flex: 1 1 300px; min-width: 280px;'>\n<div style='border: 1px solid rgba(150&comma;150&comma;150&comma;0.4); border-radius: 8px; overflow: hidden; display: flex; flex-direction: column;'>\n<div style='padding: 15px; border-bottom: 1px solid rgba(150&comma;150&comma;150&comma;0.2); font-weight: bold; font-size: 18px; color: inherit; background-color: rgba(255&comma;0&comma;0&comma;0.05);'> Caracter\u00edsticas F\u00edsicas y El\u00e9ctricas <\/div>\n<div style='padding: 15px; color: inherit;'>\n<ul style='padding-left: 20px; margin: 0; font-size: 14px; list-style-type: disc;'>\n<li style='margin-bottom: 5px;'>Voltaje de Operaci\u00f3n: 3 Vcc \/ 4 bater\u00edas CR123 (Incluidas)<\/li>\n<li style='margin-bottom: 5px;'>Tiempo \u00fatil de la bater\u00eda: 2 a\u00f1os (en standby)<\/li>\n<li style='margin-bottom: 5px;'>Temperatura de operaci\u00f3n: -10\u00b0 &#8211; 55\u00b0C<\/li>\n<li style='margin-bottom: 5px;'>Peso: 348 gramos<\/li>\n<li style='margin-bottom: 5px;'>Dimensiones: 174.63 x 109.62 x 25.25 mm<\/li>\n<li style='margin-bottom: 5px; font-weight: bold;'>Garant\u00eda: 2 a\u00f1os<\/li>\n<\/ul>\n<p style='margin-top: 20px; font-size: 14px;'> Configuraciones b\u00e1sicas <a href='https:\/\/soporte.syscom.mx\/es\/articles\/5117840-hikvision-alarmas-ax-pro-configuraciones-ax-pro' target='_blank' rel='noopener' style='color: inherit; text-decoration: underline; font-weight: bold;'>Aqu\u00ed<\/a> <\/p>\n<\/p><\/div>\n<\/p><\/div>\n<\/p><\/div>\n<p> <!-- Caracter\u00edsticas Destacadas --> <\/p>\n<div style='flex: 1 1 300px; min-width: 280px;'>\n<div style='border: 1px solid rgba(150&comma;150&comma;150&comma;0.4); border-radius: 8px; overflow: hidden; display: flex; flex-direction: column;'>\n<div style='padding: 15px; border-bottom: 1px solid rgba(150&comma;150&comma;150&comma;0.2); font-weight: bold; font-size: 18px; color: inherit; background-color: rgba(255&comma;0&comma;0&comma;0.05);'> Caracter\u00edsticas Destacadas <\/div>\n<div style='padding: 15px; color: inherit;'>\n<p style='margin-bottom: 15px; font-size: 14px;'> El teclado inal\u00e1mbrico se puede conectar a AX PRO para el control y la operaci\u00f3n de alarmas. Tambi\u00e9n puede recibir la alarma por indicador y zumbador. <\/p>\n<p style='margin-top: 20px; font-size: 14px;'> Conozca todos los dispositivos que pueden integrar en la Serie AX PRO dando clic <a href='https:\/\/www.syscom.mx\/principal\/listadoproductosazul\/intrusion-hikvision-paneles-de-alarma-y-accesorios-ax-pro-series-66286.html?ordenar=Precio_de_Menor_a_Mayor&#038;pag=1' target='_blank' rel='noopener' style='color: inherit; text-decoration: underline; font-weight: bold;'>aqu\u00ed<\/a>. <\/p>\n<\/p><\/div>\n<\/p><\/div>\n<\/p><\/div>\n<\/p><\/div>\n<p> <!-- Videos de Teclados 1 --> <\/p>\n<div style='display: flex; flex-wrap: wrap; gap: 20px; margin: 30px 0;'>\n<div style='flex: 1 1 300px; min-width: 280px;'>\n<h3 style='text-align: center; font-size: 18px; margin-bottom: 15px; color: inherit; opacity: 0.8; font-weight: bold;'> Activaci\u00f3n de dispositivos <\/h3>\n<div style='position: relative; padding-bottom: 56.25%; height: 0; overflow: hidden;'>   <\/div>\n<\/p><\/div>\n<div style='flex: 1 1 300px; min-width: 280px;'>\n<h3 style='text-align: center; font-size: 18px; margin-bottom: 15px; color: inherit; opacity: 0.8; font-weight: bold;'> Instalaci\u00f3n del teclado <\/h3>\n<div style='position: relative; padding-bottom: 56.25%; height: 0; overflow: hidden;'>   <\/div>\n<\/p><\/div>\n<\/p><\/div>\n<p> <!-- Videos de Teclados 2 --> <\/p>\n<div style='display: flex; flex-wrap: wrap; gap: 20px; margin: 30px 0;'>\n<div style='flex: 1 1 300px; min-width: 280px;'>\n<h3 style='text-align: center; font-size: 18px; margin-bottom: 15px; color: inherit; opacity: 0.8; font-weight: bold;'> M\u00e9todos para armar y desarmar &#8216;ON&#8217; <\/h3>\n<div style='position: relative; padding-bottom: 56.25%; height: 0; overflow: hidden;'>   <\/div>\n<\/p><\/div>\n<div style='flex: 1 1 300px; min-width: 280px;'>\n<h3 style='text-align: center; font-size: 18px; margin-bottom: 15px; color: inherit; opacity: 0.8; font-weight: bold;'> M\u00e9todos para armar y desarmar &#8216;OFF&#8217; <\/h3>\n<div style='position: relative; padding-bottom: 56.25%; height: 0; overflow: hidden;'>   <\/div>\n<\/p><\/div>\n<\/p><\/div>\n<p> <!-- Serie AX PRO --> <\/p>\n<div style='display: flex; flex-wrap: wrap; gap: 30px; margin: 30px 0; align-items: center;'>\n<div style='flex: 1 1 300px; min-width: 280px;'> <a href='https:\/\/www.syscom.mx\/principal\/listadoproductosazul\/intrusion-hikvision-paneles-de-alarma-y-accesorios-ax-pro-series-66286.html?ordenar=Precio_de_Menor_a_Mayor&#038;pag=1' target='_blank' rel='noopener'> <img style='width: 100%; height: auto; border: 1px solid rgba(150&comma;150&comma;150&comma;0.3); border-radius: 8px;' src='https:\/\/ftp3.syscom.mx\/usuarios\/jsosa\/HIKVISION\/alarmas\/AXPPRO\/Serie%20AXPRO.png' alt='Serie AX PRO'> <\/a> <\/div>\n<div style='flex: 2 1 400px;'>\n<h2 style='font-size: 22px; margin-bottom: 15px; color: inherit; opacity: 0.8; font-weight: bold;'> Serie AX PRO <\/h2>\n<p style='margin-bottom: 10px; font-size: 15px; color: inherit;'> \u00bfNecesita proteger su hogar&comma; oficina o tienda? <\/p>\n<p style='margin-bottom: 10px; font-size: 15px; color: inherit;'> \u00bfCansado de tantos cables y mucho tiempo de instalaci\u00f3n? <\/p>\n<p style='margin-bottom: 10px; font-size: 15px; color: inherit;'> \u00a1Utilice una soluci\u00f3n de alarma inal\u00e1mbrica profesional! <\/p>\n<p style='margin-top: 20px; font-size: 14px; color: inherit;'> Conozca todos los dispositivos que pueden integrar en la Serie AX PRO dando clic <a href='https:\/\/www.syscom.mx\/principal\/listadoproductosazul\/intrusion-hikvision-paneles-de-alarma-y-accesorios-ax-pro-series-66286.html?ordenar=Precio_de_Menor_a_Mayor&#038;pag=1' target='_blank' rel='noopener' style='color: inherit; text-decoration: underline; font-weight: bold;'>aqu\u00ed<\/a>. <\/p>\n<\/p><\/div>\n<\/p><\/div>\n<p> <!-- Familia AX PRO --> <\/p>\n<h2 style='text-align: center; font-size: 20px; margin: 30px 0 20px; color: inherit; opacity: 0.8; font-weight: bold;'> Aseg\u00farese que todos sus equipos son compatibles con la l\u00ednea AX PRO <\/h2>\n<div style='margin: 20px 0;'> <a href='https:\/\/www.syscom.mx\/principal\/listadoproductosazul\/intrusion-hikvision-paneles-de-alarma-y-accesorios-ax-pro-series-66286.html?ordenar=Precio_de_Menor_a_Mayor&#038;pag=1' target='_blank' rel='noopener'> <img style='width: 100%; height: auto; border: 1px solid rgba(150&comma;150&comma;150&comma;0.3); border-radius: 8px;' src='https:\/\/ftp3.syscom.mx\/usuarios\/jsosa\/HIKVISION\/alarmas\/imagenes\/panel%20ax%20pro%20diagrama%20hikvision%202.jpg' alt='Familia AX PRO'> <\/a> <\/div>\n<p> <!-- Prueba de Intensidad --> <\/p>\n<div style='margin: 30px 0;'>\n<h3 style='text-align: center; font-size: 18px; margin-bottom: 20px; color: inherit; opacity: 0.8; font-weight: bold;'> Prueba de Intensidad de Se\u00f1al <\/h3>\n<div style='margin: 20px 0;'> <img style='width: 100%; height: auto; border: 1px solid rgba(150&comma;150&comma;150&comma;0.3); border-radius: 8px;' src='https:\/\/ftp3.syscom.mx\/usuarios\/jsosa\/HIKVISION\/alarmas\/AXPPRO\/DSPK1EWB\/DS-PK1-E-WB%20imagen.png' alt='Prueba de Intensidad'> <\/div>\n<\/p><\/div>\n<p> <!-- Banner --> <\/p>\n<div style='margin: 30px 0;'> <a href='https:\/\/www.syscom.mx\/principal\/promociones\/serie_ax_pro_alarmas_hikvision-5416.html?ordenar=Relevancia&#038;pag=1' target='_blank' rel='noopener'> <img style='width: 100%; height: auto; border: 1px solid rgba(150&comma;150&comma;150&comma;0.3); border-radius: 8px;' src='https:\/\/ftp3.syscom.mx\/usuarios\/jsosa\/HIKVISION\/alarmas\/AXPPRO\/banner\/HIKVISION-AXPRO-SERIES.jpg' alt='Banner Serie AX PRO'> <\/a> <\/div>\n<\/p><\/div>\n","protected":false},"excerpt":{"rendered":"<p>(AX PRO) Teclado Inal\u00e1mbrico con Pantalla LCD para Armado y Desarmado \/ Funciones de Automatizaci\u00f3n para control de Relevadores<\/p>\n","protected":false},"featured_media":32,"comment_status":"open","ping_status":"closed","template":"","meta":[],"product_brand":[],"product_cat":[204],"product_tag":[205,54,69],"class_list":{"0":"post-3770","1":"product","2":"type-product","3":"status-publish","4":"has-post-thumbnail","6":"product_cat-ax-pro-kits","7":"product_tag-ax-pro-kits","8":"product_tag-hikvision","9":"product_tag-paneles-de-alarma-y-accesorios-hikvision","11":"first","12":"instock","13":"sale","14":"shipping-taxable","15":"purchasable","16":"product-type-simple"},"_links":{"self":[{"href":"https:\/\/soydeaqui.ddns.net\/pachuca\/index.php\/wp-json\/wp\/v2\/product\/3770","targetHints":{"allow":["GET"]}}],"collection":[{"href":"https:\/\/soydeaqui.ddns.net\/pachuca\/index.php\/wp-json\/wp\/v2\/product"}],"about":[{"href":"https:\/\/soydeaqui.ddns.net\/pachuca\/index.php\/wp-json\/wp\/v2\/types\/product"}],"replies":[{"embeddable":true,"href":"https:\/\/soydeaqui.ddns.net\/pachuca\/index.php\/wp-json\/wp\/v2\/comments?post=3770"}],"wp:featuredmedia":[{"embeddable":true,"href":"https:\/\/soydeaqui.ddns.net\/pachuca\/index.php\/wp-json\/wp\/v2\/media\/32"}],"wp:attachment":[{"href":"https:\/\/soydeaqui.ddns.net\/pachuca\/index.php\/wp-json\/wp\/v2\/media?parent=3770"}],"wp:term":[{"taxonomy":"product_brand","embeddable":true,"href":"https:\/\/soydeaqui.ddns.net\/pachuca\/index.php\/wp-json\/wp\/v2\/product_brand?post=3770"},{"taxonomy":"product_cat","embeddable":true,"href":"https:\/\/soydeaqui.ddns.net\/pachuca\/index.php\/wp-json\/wp\/v2\/product_cat?post=3770"},{"taxonomy":"product_tag","embeddable":true,"href":"https:\/\/soydeaqui.ddns.net\/pachuca\/index.php\/wp-json\/wp\/v2\/product_tag?post=3770"}],"curies":[{"name":"wp","href":"https:\/\/api.w.org\/{rel}","templated":true}]}}