{"id":3767,"date":"2026-03-18T06:11:41","date_gmt":"2026-03-18T06:11:41","guid":{"rendered":"https:\/\/soydeaqui.ddns.net\/pachuca\/index.php\/producto\/ax-pro-sirena-inalambrica-con-estrobo-azul-para-interior-110-db-audio-bi-direccional\/"},"modified":"2026-03-18T06:11:41","modified_gmt":"2026-03-18T06:11:41","slug":"ax-pro-sirena-inalambrica-con-estrobo-azul-para-interior-110-db-audio-bi-direccional","status":"publish","type":"product","link":"https:\/\/soydeaqui.ddns.net\/pachuca\/index.php\/producto\/ax-pro-sirena-inalambrica-con-estrobo-azul-para-interior-110-db-audio-bi-direccional\/","title":{"rendered":"(AX PRO) Sirena Inal\u00e1mbrica con Estrobo Azul para Interior \/ 110 dB \/ Audio Bi-Direccional"},"content":{"rendered":"<div style='width: 100%; max-width: 1200px; margin: 0 auto; font-family: sans-serif; line-height: 1.6; color: inherit; background-color: transparent;'> <!-- Logo --> <\/p>\n<div style='width: 100%; text-align: center; margin-bottom: 30px;'> <img style='width: 45%; height: auto; border: 1px solid rgba(150&comma;150&comma;150&comma;0.3); border-radius: 8px;' src='https:\/\/ftp3.syscom.mx\/usuarios\/jsosa\/HIKVISION\/imagenes\/logo\/hikvision%20see%20far.png' alt='Logo Hikvision'> <\/div>\n<p> <!-- Video Principal --> <\/p>\n<div style='margin-bottom: 30px;'>\n<h3 style='text-align: center; font-size: 20px; margin-bottom: 20px; color: inherit; opacity: 0.8;'>Conoce la serie AX PRO de alarmas Hikvision<\/h3>\n<div style='position: relative; padding-bottom: 56.25%; height: 0; overflow: hidden;'>   <\/div>\n<\/p><\/div>\n<p> <!-- Videos Secundarios --> <\/p>\n<div style='display: flex; flex-wrap: wrap; gap: 20px; margin-bottom: 30px;'>\n<div style='flex: 1 1 300px; min-width: 280px;'>\n<h4 style='text-align: center; font-size: 18px; margin-bottom: 15px; color: inherit; opacity: 0.8;'>Configuraci\u00f3n de la alarma AX PRO de Hikvision<\/h4>\n<div style='position: relative; padding-bottom: 56.25%; height: 0; overflow: hidden;'>   <\/div>\n<\/p><\/div>\n<div style='flex: 1 1 300px; min-width: 280px;'>\n<h4 style='text-align: center; font-size: 18px; margin-bottom: 15px; color: inherit; opacity: 0.8;'>Bienvenido al futuro con AX PRO Hikvision<\/h4>\n<div style='position: relative; padding-bottom: 56.25%; height: 0; overflow: hidden;'>   <\/div>\n<\/p><\/div>\n<div style='flex: 1 1 300px; min-width: 280px;'>\n<h4 style='text-align: center; font-size: 18px; margin-bottom: 15px; color: inherit; opacity: 0.8;'>Sistema Robusto contra Intrusiones AX PRO<\/h4>\n<div style='position: relative; padding-bottom: 56.25%; height: 0; overflow: hidden;'>   <\/div>\n<\/p><\/div>\n<\/p><\/div>\n<p> <!-- Caracter\u00edsticas --> <\/p>\n<div style='display: flex; flex-wrap: wrap; gap: 20px; margin-bottom: 30px;'>\n<div style='flex: 1 1 300px; min-width: 280px; border: 1px solid rgba(150&comma; 150&comma; 150&comma; 0.4); border-radius: 8px; overflow: hidden; display: flex; flex-direction: column;'>\n<div style='padding: 15px; border-bottom: 1px solid rgba(150&comma; 150&comma; 150&comma; 0.2); font-weight: bold; font-size: 18px; color: inherit;'>Caracter\u00edsticas principales<\/div>\n<div style='padding: 15px; color: inherit;'>\n<ul style='padding-left: 20px; margin: 0; font-size: 14px; list-style-type: disc;'>\n<li style='margin-bottom: 5px;'>Buzzer 90 a 110 dB (3 niveles configurables)<\/li>\n<li style='margin-bottom: 5px;'>3 tipos de sonidos de alarma: alarma de fuego&comma; alarma de panico&comma; alarma medica<\/li>\n<li style='margin-bottom: 5px;'>Los datos inal\u00e1mbricos est\u00e1n protegidos por el cifrado AES-128<\/li>\n<\/ul><\/div>\n<\/p><\/div>\n<div style='flex: 1 1 300px; min-width: 280px; border: 1px solid rgba(150&comma; 150&comma; 150&comma; 0.4); border-radius: 8px; overflow: hidden; display: flex; flex-direction: column;'>\n<div style='padding: 15px; border-bottom: 1px solid rgba(150&comma; 150&comma; 150&comma; 0.2); font-weight: bold; font-size: 18px; color: inherit;'>Caracter\u00edsticas F\u00edsicas y El\u00e9ctricas<\/div>\n<div style='padding: 15px; color: inherit;'>\n<ul style='padding-left: 20px; margin: 0; font-size: 14px; list-style-type: disc;'>\n<li style='margin-bottom: 5px;'>Alimentaci\u00f3n: Bater\u00edas de 3V \/ 4 x CR123A (Incluidas)<\/li>\n<li style='margin-bottom: 5px;'>Temperatura soportada: -10\u00b0 a 55\u00b0C<\/li>\n<li style='margin-bottom: 5px;'>Dimensiones: 130 x 128 x 395 mm<\/li>\n<li style='margin-bottom: 5px;'>Peso: 361 gramos<\/li>\n<li style='margin-bottom: 5px;'>Garant\u00eda: 5 a\u00f1os<\/li>\n<\/ul>\n<p style='margin-top: 15px; margin-bottom: 15px; font-size: 14px;'> <a style='color: inherit; text-decoration: underline;' href='https:\/\/soporte.syscom.mx\/es\/articles\/5117840-hikvision-alarmas-ax-pro-configuraciones-ax-pro' target='_blank' rel='noopener'>Configuraciones b\u00e1sicas<\/a> <\/p>\n<\/p><\/div>\n<\/p><\/div>\n<div style='flex: 1 1 300px; min-width: 280px; border: 1px solid rgba(150&comma; 150&comma; 150&comma; 0.4); border-radius: 8px; overflow: hidden; display: flex; flex-direction: column;'>\n<div style='padding: 15px; border-bottom: 1px solid rgba(150&comma; 150&comma; 150&comma; 0.2); font-weight: bold; font-size: 18px; color: inherit;'>Caracter\u00edsticas Destacadas<\/div>\n<div style='padding: 15px; color: inherit;'>\n<p style='margin-bottom: 15px; font-size: 14px;'>La sirena interna inal\u00e1mbrica&comma; que admite comunicaci\u00f3n inal\u00e1mbrica de 433 MHz&comma; protocolo inal\u00e1mbrico Tri-X&comma; m\u00faltiples m\u00e9todos de inscripci\u00f3n&comma; comunicaci\u00f3n inal\u00e1mbrica bidireccional&comma; m\u00faltiples sonidos de alarma e indicaci\u00f3n de luz estrobosc\u00f3pica&comma; se utiliza para alertas de alarma instant\u00e1neas.<\/p>\n<p style='margin-bottom: 15px; font-size: 14px;'> <a style='color: inherit; text-decoration: underline;' href='https:\/\/www.syscom.mx\/principal\/listadoproductosazul\/intrusion-hikvision-paneles-de-alarma-y-accesorios-ax-pro-series-66286.html?ordenar=Precio_de_Menor_a_Mayor&#038;pag=1' target='_blank' rel='noopener'>Conozca todos los dispositivos que pueden integrar en la Serie AX PRO<\/a> <\/p>\n<\/p><\/div>\n<\/p><\/div>\n<\/p><\/div>\n<p> <!-- Diagrama Familia AX PRO --> <\/p>\n<div style='margin-bottom: 30px;'>\n<h2 style='text-align: center; font-size: 22px; margin-bottom: 20px; color: inherit; opacity: 0.8;'>Linea de Productos AX PRO<\/h2>\n<p> <a href='https:\/\/www.syscom.mx\/principal\/listadoproductosazul\/intrusion-hikvision-paneles-de-alarma-y-accesorios-ax-pro-series-66286.html?ordenar=Precio_de_Menor_a_Mayor&#038;pag=1' target='_blank' rel='noopener'> <img style='width: 100%; height: auto; border: 1px solid rgba(150&comma;150&comma;150&comma;0.3); border-radius: 8px;' src='https:\/\/ftp3.syscom.mx\/usuarios\/jsosa\/HIKVISION\/alarmas\/AXPPRO\/banner\/AX%20PRO%20disgramas-hikvision.jpg' alt='Linea de Productos AX PRO'> <\/a> <\/div>\n<p> <!-- Serie AX PRO --> <\/p>\n<div style='display: flex; flex-wrap: wrap; gap: 30px; margin-bottom: 30px;'>\n<div style='flex: 1 1 300px; min-width: 280px;'> <a href='https:\/\/www.syscom.mx\/principal\/listadoproductosazul\/intrusion-hikvision-paneles-de-alarma-y-accesorios-ax-pro-series-66286.html?ordenar=Precio_de_Menor_a_Mayor&#038;pag=1' target='_blank' rel='noopener'> <img style='width: 100%; height: auto; border: 1px solid rgba(150&comma;150&comma;150&comma;0.3); border-radius: 8px;' src='https:\/\/ftp3.syscom.mx\/usuarios\/jsosa\/HIKVISION\/alarmas\/AXPPRO\/Serie%20AXPRO.png' alt='Serie AX PRO'> <\/a> <\/div>\n<div style='flex: 1 1 300px; min-width: 280px;'>\n<h2 style='font-size: 20px; margin-bottom: 15px; color: inherit; opacity: 0.8;'>Serie AX PRO<\/h2>\n<p style='margin-bottom: 10px; font-size: 14px;'>\u00bfNecesita proteger su hogar&comma; oficina o tienda?<\/p>\n<p style='margin-bottom: 10px; font-size: 14px;'>\u00bfCansado de tantos cables y mucho tiempo de instalaci\u00f3n?<\/p>\n<p style='margin-bottom: 10px; font-size: 14px;'>\u00a1Utilice una soluci\u00f3n de alarma inal\u00e1mbrica profesional!<\/p>\n<p style='margin-bottom: 10px; font-size: 14px;'> <a style='color: inherit; text-decoration: underline;' href='https:\/\/www.syscom.mx\/principal\/listadoproductosazul\/intrusion-hikvision-paneles-de-alarma-y-accesorios-ax-pro-series-66286.html?ordenar=Precio_de_Menor_a_Mayor&#038;pag=1' target='_blank' rel='noopener'>Conozca todos los dispositivos que pueden integrar en la Serie AX PRO<\/a> <\/p>\n<\/p><\/div>\n<\/p><\/div>\n<p> <!-- Banner --> <\/p>\n<div style='margin-bottom: 30px;'> <a title='Serie AX PRO' href='https:\/\/www.syscom.mx\/principal\/promociones\/serie_ax_pro_alarmas_hikvision-5416.html?ordenar=Relevancia&#038;pag=1' target='_blank' rel='noopener'> <img style='width: 100%; height: auto; border: 1px solid rgba(150&comma;150&comma;150&comma;0.3); border-radius: 8px;' src='https:\/\/ftp3.syscom.mx\/usuarios\/jsosa\/HIKVISION\/alarmas\/AXPPRO\/banner\/HIKVISION-AXPRO-SERIES.jpg' alt='Serie AX PRO'> <\/a> <\/div>\n<\/p><\/div>\n","protected":false},"excerpt":{"rendered":"<p>(AX PRO) Sirena Inal\u00e1mbrica con Estrobo Azul para Interior \/ 110 dB \/ Audio Bi-Direccional<\/p>\n","protected":false},"featured_media":3766,"comment_status":"open","ping_status":"closed","template":"","meta":[],"product_brand":[],"product_cat":[68],"product_tag":[70,54,69],"class_list":{"0":"post-3767","1":"product","2":"type-product","3":"status-publish","4":"has-post-thumbnail","6":"product_cat-ax-pro-series","7":"product_tag-ax-pro-series","8":"product_tag-hikvision","9":"product_tag-paneles-de-alarma-y-accesorios-hikvision","11":"first","12":"outofstock","13":"sale","14":"shipping-taxable","15":"purchasable","16":"product-type-simple"},"_links":{"self":[{"href":"https:\/\/soydeaqui.ddns.net\/pachuca\/index.php\/wp-json\/wp\/v2\/product\/3767","targetHints":{"allow":["GET"]}}],"collection":[{"href":"https:\/\/soydeaqui.ddns.net\/pachuca\/index.php\/wp-json\/wp\/v2\/product"}],"about":[{"href":"https:\/\/soydeaqui.ddns.net\/pachuca\/index.php\/wp-json\/wp\/v2\/types\/product"}],"replies":[{"embeddable":true,"href":"https:\/\/soydeaqui.ddns.net\/pachuca\/index.php\/wp-json\/wp\/v2\/comments?post=3767"}],"wp:featuredmedia":[{"embeddable":true,"href":"https:\/\/soydeaqui.ddns.net\/pachuca\/index.php\/wp-json\/wp\/v2\/media\/3766"}],"wp:attachment":[{"href":"https:\/\/soydeaqui.ddns.net\/pachuca\/index.php\/wp-json\/wp\/v2\/media?parent=3767"}],"wp:term":[{"taxonomy":"product_brand","embeddable":true,"href":"https:\/\/soydeaqui.ddns.net\/pachuca\/index.php\/wp-json\/wp\/v2\/product_brand?post=3767"},{"taxonomy":"product_cat","embeddable":true,"href":"https:\/\/soydeaqui.ddns.net\/pachuca\/index.php\/wp-json\/wp\/v2\/product_cat?post=3767"},{"taxonomy":"product_tag","embeddable":true,"href":"https:\/\/soydeaqui.ddns.net\/pachuca\/index.php\/wp-json\/wp\/v2\/product_tag?post=3767"}],"curies":[{"name":"wp","href":"https:\/\/api.w.org\/{rel}","templated":true}]}}