{"id":37623,"date":"2026-03-18T16:35:48","date_gmt":"2026-03-18T16:35:48","guid":{"rendered":"https:\/\/soydeaqui.ddns.net\/pachuca\/index.php\/producto\/cincho-stronghold-300-mm-largo-x-4-8mm-ancho-tension-50-lb-222-n-naylon-66-color-natural-paquete-de-1000-piezas\/"},"modified":"2026-03-18T16:35:52","modified_gmt":"2026-03-18T16:35:52","slug":"cincho-stronghold-300-mm-largo-x-4-8mm-ancho-tension-50-lb-222-n-naylon-66-color-natural-paquete-de-1000-piezas","status":"publish","type":"product","link":"https:\/\/soydeaqui.ddns.net\/pachuca\/index.php\/producto\/cincho-stronghold-300-mm-largo-x-4-8mm-ancho-tension-50-lb-222-n-naylon-66-color-natural-paquete-de-1000-piezas\/","title":{"rendered":"Cincho STRONGHOLD, 300 mm largo x 4.8mm ancho, Tensi\u00f3n 50 lb (222 N) Naylon 6,6 Color Natural, Paquete de 1000 Piezas"},"content":{"rendered":"<div style='width: 100%; max-width: 1200px; margin: 0 auto; font-family: sans-serif; line-height: 1.6; color: inherit; background-color: transparent;'>\n<div style='display: flex; flex-direction: column; gap: 20px;'> <img style='width: 100%; max-width: 300px; height: auto; border: 1px solid rgba(150&comma;150&comma;150&comma;0.3); border-radius: 8px; align-self: center;' src='https:\/\/ftp3.syscom.mx\/usuarios\/fotos\/SCL2\/0X\/214870-217843-panduit-logo-tm-negro-fondo_trans30-01_(002)_(1).png' alt=''> <\/p>\n<h1 style='font-size: 22px; color: inherit; margin: 0; padding: 0; font-weight: 500; line-height: 1.2; border-bottom: 2px solid currentColor; padding-bottom: 8px;'> Cincho STRONGHOLD 11.81&#8242; Largo (300 mm) 0.19&#8242; Ancho (4.8 mm)&comma; Tensi\u00f3n 50 lb (222 N) Naylon 6&comma;6 Color Natural. <\/h1>\n<div style='display: flex; flex-wrap: wrap; gap: 15px;'>\n<div style='flex: 1 1 200px; min-width: 150px;'>\n<h3 style='font-size: 18px; color: inherit; margin: 0 0 10px 0; font-weight: 500; border-bottom: 1px solid rgba(150&comma;150&comma;150&comma;0.3); padding-bottom: 5px;'> Modelo <\/h3>\n<p style='margin: 0; font-size: 15px; color: inherit;'> S12-50-M <\/p>\n<\/p><\/div>\n<\/p><\/div>\n<div style='display: flex; flex-direction: column; gap: 15px;'>\n<div style='border: 1px solid rgba(150&comma;150&comma;150&comma;0.3); border-radius: 8px; padding: 15px;'>\n<h3 style='font-size: 18px; color: inherit; margin: 0 0 10px 0; font-weight: 500; border-bottom: 1px solid rgba(150&comma;150&comma;150&comma;0.3); padding-bottom: 5px;'> Descripci\u00f3n <\/h3>\n<p style='margin: 0; font-size: 15px; color: inherit;'> Las bridas S12-50-M StrongHold ofrecen a los contratistas una opci\u00f3n de brida econ\u00f3mica para aplicaciones de uso general y de construcci\u00f3n comercial. Est\u00e1ndar&comma; 11.81&#8242; (300mm) de largo&comma; fabricadas con Nylon 6.6&comma; con calificaci\u00f3n AH-2 para c\u00e1mara impelente. Color natural. <\/p>\n<\/p><\/div>\n<\/p><\/div>\n<p> <img style='width: 100%; max-width: 800px; height: auto; border: 1px solid rgba(150&comma;150&comma;150&comma;0.3); border-radius: 8px;' src='https:\/\/ftp3.syscom.mx\/usuarios\/fotos\/S1250M\/211901-captura_de_pantalla_2023-06-02_a_la(s)_17.08.20.png' alt=''> <\/div>\n<\/p><\/div>\n","protected":false},"excerpt":{"rendered":"<p>Cincho STRONGHOLD, 300 mm largo x 4.8mm ancho, Tensi\u00f3n 50 lb (222 N) Naylon 6,6 Color Natural, Paquete de 1000 Piezas<\/p>\n","protected":false},"featured_media":37622,"comment_status":"open","ping_status":"closed","template":"","meta":[],"product_brand":[],"product_cat":[574],"product_tag":[572,575,445],"class_list":{"0":"post-37623","1":"product","2":"type-product","3":"status-publish","4":"has-post-thumbnail","6":"product_cat-fijacion","7":"product_tag-canalizacion","8":"product_tag-fijacion","9":"product_tag-panduit","11":"first","12":"instock","13":"sale","14":"shipping-taxable","15":"purchasable","16":"product-type-simple"},"_links":{"self":[{"href":"https:\/\/soydeaqui.ddns.net\/pachuca\/index.php\/wp-json\/wp\/v2\/product\/37623","targetHints":{"allow":["GET"]}}],"collection":[{"href":"https:\/\/soydeaqui.ddns.net\/pachuca\/index.php\/wp-json\/wp\/v2\/product"}],"about":[{"href":"https:\/\/soydeaqui.ddns.net\/pachuca\/index.php\/wp-json\/wp\/v2\/types\/product"}],"replies":[{"embeddable":true,"href":"https:\/\/soydeaqui.ddns.net\/pachuca\/index.php\/wp-json\/wp\/v2\/comments?post=37623"}],"wp:featuredmedia":[{"embeddable":true,"href":"https:\/\/soydeaqui.ddns.net\/pachuca\/index.php\/wp-json\/wp\/v2\/media\/37622"}],"wp:attachment":[{"href":"https:\/\/soydeaqui.ddns.net\/pachuca\/index.php\/wp-json\/wp\/v2\/media?parent=37623"}],"wp:term":[{"taxonomy":"product_brand","embeddable":true,"href":"https:\/\/soydeaqui.ddns.net\/pachuca\/index.php\/wp-json\/wp\/v2\/product_brand?post=37623"},{"taxonomy":"product_cat","embeddable":true,"href":"https:\/\/soydeaqui.ddns.net\/pachuca\/index.php\/wp-json\/wp\/v2\/product_cat?post=37623"},{"taxonomy":"product_tag","embeddable":true,"href":"https:\/\/soydeaqui.ddns.net\/pachuca\/index.php\/wp-json\/wp\/v2\/product_tag?post=37623"}],"curies":[{"name":"wp","href":"https:\/\/api.w.org\/{rel}","templated":true}]}}