{"id":37587,"date":"2026-03-18T16:34:55","date_gmt":"2026-03-18T16:34:55","guid":{"rendered":"https:\/\/soydeaqui.ddns.net\/pachuca\/index.php\/producto\/juego-de-2-mini-rieles-de-aluminio-para-montaje-de-modulos-solares-en-techo-instalacion-plana-0-incluye-4-tornillos-perforantes\/"},"modified":"2026-03-18T16:35:00","modified_gmt":"2026-03-18T16:35:00","slug":"juego-de-2-mini-rieles-de-aluminio-para-montaje-de-modulos-solares-en-techo-instalacion-plana-0-incluye-4-tornillos-perforantes","status":"publish","type":"product","link":"https:\/\/soydeaqui.ddns.net\/pachuca\/index.php\/producto\/juego-de-2-mini-rieles-de-aluminio-para-montaje-de-modulos-solares-en-techo-instalacion-plana-0-incluye-4-tornillos-perforantes\/","title":{"rendered":"Juego de 2 Mini Rieles De Aluminio para Montaje de M\u00f3dulos Solares en Techo (Instalaci\u00f3n plana 0\u00b0). Incluye 4 Tornillos Perforantes."},"content":{"rendered":"<div style='width: 100%; max-width: 1200px; margin: 0 auto; font-family: sans-serif; line-height: 1.6; color: inherit; background-color: transparent;'> <!-- Imagen garant\u00eda --> <\/p>\n<div style='width: 100%; margin: 20px 0;'> <img style='width: 100%; height: auto; border: 1px solid rgba(150&comma;150&comma;150&comma;0.3); border-radius: 8px;' src='https:\/\/ftp3.syscom.mx\/usuarios\/anavarro\/SUNFORSON\/garantia25.png' alt=''> <\/div>\n<p> <!-- T\u00edtulo --> <\/p>\n<div style='width: 100%; margin: 30px 0;'>\n<h1 style='font-size: 24px; text-align: center; color: inherit; margin: 0; padding: 0;'>Miniriel aluminio anodizado para techo con inclinaci\u00f3n&comma; alta resistencia al viento y a la corrosi\u00f3n con 2.<\/h1>\n<\/p><\/div>\n<p> <!-- Beneficios --> <\/p>\n<div style='width: 100%; margin: 30px 0;'>\n<h2 style='font-size: 20px; margin-top: 0; color: inherit; opacity: 0.8;'>Beneficios de utilizar montajes de Aluminio Anodizado VEKTOR By EPCOM POWER LINE:<\/h2>\n<ul style='padding-left: 20px; color: inherit;'>\n<li style='margin-bottom: 10px;'>Mitigue la corrosi\u00f3n por efecto del &#8216;Par Galv\u00e1nico&#8217;&comma; garantice sus instalaciones contra la corrosi\u00f3n prematura.<\/li>\n<li style='margin-bottom: 10px;'>F\u00e1cil instalaci\u00f3n y adaptabilidad a sus necesidades debido a la gran variedad de accesorios disponibles.<\/li>\n<li style='margin-bottom: 10px;'>\u00a12 contra defectos de fabricaci\u00f3n!<\/li>\n<\/ul><\/div>\n<p> <!-- Descripci\u00f3n principal --> <\/p>\n<div style='width: 100%; margin: 30px 0;'>\n<p style='font-size: 22px; color: inherit; margin: 0; padding: 0;'>Miniriel de aluminio para techo o piso con inclinaci\u00f3n&comma; para diversos arreglos de m\u00f3dulos fotovolt\u00e1icos.<\/p>\n<\/p><\/div>\n<p> <!-- Caracter\u00edsticas principales --> <\/p>\n<div style='width: 100%; margin: 30px 0;'>\n<h3 style='margin-top: 0; color: inherit; opacity: 0.8;'>Caracter\u00edsticas Principales:<\/h3>\n<ul style='padding-left: 20px; color: inherit;'>\n<li style='margin-bottom: 10px;'>Para diversos arreglos de modulos fotovoltaicos de 35mm de espesor<\/li>\n<\/ul><\/div>\n<p> <!-- Notas importantes --> <\/p>\n<div style='width: 100%; margin: 30px 0;'>\n<p style='margin: 10px 0; color: inherit;'>*Se sugiere revisar compatibilidad con el departamento de ingenier\u00eda.<\/p>\n<p style='margin: 10px 0; color: inherit;'>* Contemplar sujetadores finales <a style='color: inherit; text-decoration: underline; font-weight: 600;' href='https:\/\/www.syscom.mx\/producto\/EPL-ECN2-35R-EPCOM-POWERLINE-212351.html'>EPL-ECN2-35R<\/a> e intermedios <a style='color: inherit; text-decoration: underline; font-weight: 600;' href='https:\/\/www.syscom.mx\/producto\/EPL-MCN2-35R-EPCOM-POWERLINE-212350.html'>EPL-MCN2-35R<\/a> y conectores de tierra <a style='color: inherit; text-decoration: underline; font-weight: 600;' href='https:\/\/www.syscom.mx\/producto\/EPLELN201-EPCOM-POWERLINE-212352.html'>EPLELN201<\/a> dependiendo del arreglo a instalar.<\/p>\n<p style='margin: 10px 0; color: inherit;'>*El modelo no incluye sujetadores finales ni intermedios<\/p>\n<\/p><\/div>\n<p> <!-- M\u00f3dulos compatibles --> <\/p>\n<div style='width: 100%; margin: 30px 0;'>\n<h2 style='margin-top: 0; color: inherit; opacity: 0.8;'>M\u00f3dulos compatibles:<\/h2>\n<ul style='padding-left: 20px; color: inherit;'>\n<li style='margin: 10px 0;'><a style='color: inherit; text-decoration: underline; font-weight: 600;' href='https:\/\/www.syscom.mx\/principal\/searchcont?route=ETM772BH550WW\/WB-ETSOLAR-207706&#038;autodetect=550w'>ETM772BH550WW\/WB<\/a><\/li>\n<li style='margin: 10px 0;'><a style='color: inherit; text-decoration: underline; font-weight: 600;' href='https:\/\/www.syscom.mx\/principal\/searchcont?route=EGE550W144M(M10)-ECO-GREEN-ENERGY-209383&#038;autodetect=550w'>EGE550W144M(M10)<\/a><\/li>\n<li style='margin: 10px 0;'><a style='color: inherit; text-decoration: underline; font-weight: 600;' href='https:\/\/www.syscom.mx\/producto\/LP210*210M66MH665W-LEAPTON-211334.html'>LP210*210M66MH665W<\/a><\/li>\n<li style='margin: 10px 0;'><a style='color: inherit; text-decoration: underline; font-weight: 600;' href='https:\/\/www.syscom.mx\/producto\/ETM672BH450WW-WB-ETSOLAR-194441.html'>ETM672BH450WW\/WB<\/a><\/li>\n<\/ul><\/div>\n<p> <!-- Nota de inclusi\u00f3n --> <\/p>\n<div style='width: 100%; margin: 30px 0;'>\n<p style='margin: 10px 0; color: inherit;'>*El modelo incluye 2 rieles con sus 4 tornillos autoperforantes para su r\u00e1pida instalaci\u00f3n<\/p>\n<\/p><\/div>\n<p> <!-- Ventajas de sistemas Epcom --> <\/p>\n<div style='width: 100%; margin: 30px 0;'>\n<h2 style='font-size: 24px; text-align: center; margin-top: 0; color: inherit; opacity: 0.8;'>Ventajas de los sistemas de montaje de Epcom Power Line<\/h2>\n<ul style='padding-left: 20px; color: inherit;'>\n<li style='margin: 10px 0;'>Materiales de la m\u00e1s alta calidad.<\/li>\n<li style='margin: 10px 0;'>Instalaci\u00f3n r\u00e1pida y sencilla.<\/li>\n<li style='margin: 10px 0;'>Piezas m\u00e1s robustas resistentes en climas extremos.<\/li>\n<li style='margin: 10px 0;'>Soporte t\u00e9cnico 365 d\u00edas del a\u00f1o.<\/li>\n<li style='margin: 10px 0;'>2.<\/li>\n<\/ul><\/div>\n<p> <!-- Logo Epcom --> <\/p>\n<div style='width: 100%; margin: 30px 0;'> <img style='width: 100%; max-width: 450px; height: auto; border: 1px solid rgba(150&comma;150&comma;150&comma;0.3); border-radius: 8px; margin: 0 auto; display: block;' src='https:\/\/ftp3.syscom.mx\/usuarios\/anavarro\/Epcom.png' alt=''> <\/div>\n<\/p><\/div>\n","protected":false},"excerpt":{"rendered":"<p>Juego de 2 Mini Rieles De Aluminio para Montaje de M\u00f3dulos Solares en Techo (Instalaci\u00f3n plana 0\u00b0). Incluye 4 Tornillos Perforantes.<\/p>\n","protected":false},"featured_media":37586,"comment_status":"open","ping_status":"closed","template":"","meta":[],"product_brand":[],"product_cat":[963],"product_tag":[964,454,965],"class_list":{"0":"post-37587","1":"product","2":"type-product","3":"status-publish","4":"has-post-thumbnail","6":"product_cat-montajes-completos-para-modulos","7":"product_tag-energia-solar","8":"product_tag-epcom-powerline","9":"product_tag-montajes-completos-para-modulos","11":"first","12":"outofstock","13":"sale","14":"shipping-taxable","15":"purchasable","16":"product-type-simple"},"_links":{"self":[{"href":"https:\/\/soydeaqui.ddns.net\/pachuca\/index.php\/wp-json\/wp\/v2\/product\/37587","targetHints":{"allow":["GET"]}}],"collection":[{"href":"https:\/\/soydeaqui.ddns.net\/pachuca\/index.php\/wp-json\/wp\/v2\/product"}],"about":[{"href":"https:\/\/soydeaqui.ddns.net\/pachuca\/index.php\/wp-json\/wp\/v2\/types\/product"}],"replies":[{"embeddable":true,"href":"https:\/\/soydeaqui.ddns.net\/pachuca\/index.php\/wp-json\/wp\/v2\/comments?post=37587"}],"wp:featuredmedia":[{"embeddable":true,"href":"https:\/\/soydeaqui.ddns.net\/pachuca\/index.php\/wp-json\/wp\/v2\/media\/37586"}],"wp:attachment":[{"href":"https:\/\/soydeaqui.ddns.net\/pachuca\/index.php\/wp-json\/wp\/v2\/media?parent=37587"}],"wp:term":[{"taxonomy":"product_brand","embeddable":true,"href":"https:\/\/soydeaqui.ddns.net\/pachuca\/index.php\/wp-json\/wp\/v2\/product_brand?post=37587"},{"taxonomy":"product_cat","embeddable":true,"href":"https:\/\/soydeaqui.ddns.net\/pachuca\/index.php\/wp-json\/wp\/v2\/product_cat?post=37587"},{"taxonomy":"product_tag","embeddable":true,"href":"https:\/\/soydeaqui.ddns.net\/pachuca\/index.php\/wp-json\/wp\/v2\/product_tag?post=37587"}],"curies":[{"name":"wp","href":"https:\/\/api.w.org\/{rel}","templated":true}]}}