{"id":3758,"date":"2026-03-18T06:11:36","date_gmt":"2026-03-18T06:11:36","guid":{"rendered":"https:\/\/soydeaqui.ddns.net\/pachuca\/index.php\/producto\/ax-pro-boton-de-panico-inalambrico-exterior-ip66-indicador-led\/"},"modified":"2026-03-18T06:11:39","modified_gmt":"2026-03-18T06:11:39","slug":"ax-pro-boton-de-panico-inalambrico-exterior-ip66-indicador-led","status":"publish","type":"product","link":"https:\/\/soydeaqui.ddns.net\/pachuca\/index.php\/producto\/ax-pro-boton-de-panico-inalambrico-exterior-ip66-indicador-led\/","title":{"rendered":"(AX PRO) Bot\u00f3n de P\u00e1nico Inal\u00e1mbrico \/ Exterior IP66 \/ Indicador LED"},"content":{"rendered":"<div style='width: 100%; max-width: 1200px; margin: 0 auto; font-family: sans-serif; line-height: 1.6; color: inherit; background-color: transparent;'> <!-- Logo --> <\/p>\n<div style='width: 100%; margin: 20px 0;'>\n<div style='display: flex; justify-content: center;'> <img style='width: 45%; max-width: 400px; height: auto; border: 1px solid rgba(150&comma;150&comma;150&comma;0.3); border-radius: 8px;' src='https:\/\/ftp3.syscom.mx\/usuarios\/jsosa\/HIKVISION\/imagenes\/logo\/hikvision%20see%20far.png' alt='Logo Hikvision'> <\/div>\n<\/p><\/div>\n<p> <!-- Video principal --> <\/p>\n<div style='margin: 30px 0;'>\n<h3 style='font-size: 22px; text-align: center; margin-bottom: 20px; border-bottom: 2px solid currentColor; padding-bottom: 5px; color: inherit; opacity: 0.8;'>Conoce la serie AX PRO de alarmas Hikvision<\/h3>\n<div style='position: relative; padding-bottom: 56.25%; height: 0; overflow: hidden;'>   <\/div>\n<\/p><\/div>\n<p> <!-- Consideraciones --> <\/p>\n<div style='margin: 30px 0;'>\n<div style='border-left: 5px solid #ff0000; border-radius: 8px; padding: 15px; background-color: rgba(255&comma;0&comma;0&comma;0.05);'>\n<h3 style='margin-top: 0; font-size: 18px; color: inherit;'>Consideraciones:<\/h3>\n<ul style='padding-left: 20px; font-size: 14px; color: inherit;'>\n<li style='margin-bottom: 8px;'>Las distancias de comunicaci\u00f3n entre los sensores y el panel pueden variar en cada instalaci\u00f3n por cuestiones como: ruido ambiental&comma; materiales y grosor de los muros&comma; ruido digital&comma; etc.<\/li>\n<li>A partir de la actualizaci\u00f3n 1.2.50 del panel AX HOME el bot\u00f3n DS-PDEB1-EG2-WB(B) es compatible<\/li>\n<\/ul><\/div>\n<\/p><\/div>\n<p> <!-- Videos secundarios --> <\/p>\n<div style='margin: 30px 0;'>\n<div style='display: flex; flex-wrap: wrap; gap: 20px;'>\n<div style='flex: 1 1 300px; min-width: 280px;'>\n<h4 style='text-align: center; margin-bottom: 15px; font-size: 16px; color: inherit; opacity: 0.8;'>Configuraci\u00f3n de la alarma AX PRO de Hikvision<\/h4>\n<div style='position: relative; padding-bottom: 56.25%; height: 0; overflow: hidden;'>   <\/div>\n<\/p><\/div>\n<div style='flex: 1 1 300px; min-width: 280px;'>\n<h4 style='text-align: center; margin-bottom: 15px; font-size: 16px; color: inherit; opacity: 0.8;'>Bienvenido al futuro con AX PRO Hikvision<\/h4>\n<div style='position: relative; padding-bottom: 56.25%; height: 0; overflow: hidden;'>   <\/div>\n<\/p><\/div>\n<div style='flex: 1 1 300px; min-width: 280px;'>\n<h4 style='text-align: center; margin-bottom: 15px; font-size: 16px; color: inherit; opacity: 0.8;'>Sistema Robusto contra Intrusiones AX PRO<\/h4>\n<div style='position: relative; padding-bottom: 56.25%; height: 0; overflow: hidden;'>   <\/div>\n<\/p><\/div>\n<\/p><\/div>\n<\/p><\/div>\n<p> <!-- Caracter\u00edsticas principales --> <\/p>\n<div style='margin: 30px 0;'>\n<div style='display: flex; flex-wrap: wrap; gap: 20px;'>\n<div style='flex: 1 1 300px; min-width: 280px;'>\n<div style='border: 1px solid rgba(150&comma; 150&comma; 150&comma; 0.4); border-radius: 8px; overflow: hidden;'>\n<div style='padding: 15px; border-bottom: 1px solid rgba(150&comma; 150&comma; 150&comma; 0.2); font-weight: bold; font-size: 16px; color: inherit;'>Caracter\u00edsticas principales<\/div>\n<div style='padding: 15px; color: inherit;'>\n<ul style='padding-left: 20px; margin: 0; font-size: 14px; list-style-type: disc;'>\n<li style='margin-bottom: 8px;'>Comunicaci\u00f3n inal\u00e1mbrica con el panel de alarma.<\/li>\n<li style='margin-bottom: 8px;'>Totalmente configurable de forma remota a trav\u00e9s de la aplicaci\u00f3n.<\/li>\n<li style='margin-bottom: 8px;'>M\u00faltiples m\u00e9todos de inscripci\u00f3n y dise\u00f1o de instalaci\u00f3n f\u00e1cil.<\/li>\n<li style='margin-bottom: 8px;'>Bot\u00f3n de emergencia efectivo.<\/li>\n<li>Salto de frecuencia contra interferencias para una transmisi\u00f3n confiable.<\/li>\n<\/ul><\/div>\n<\/p><\/div>\n<\/p><\/div>\n<p> <!-- Caracter\u00edsticas F\u00edsicas y El\u00e9ctricas --> <\/p>\n<div style='flex: 1 1 300px; min-width: 280px;'>\n<div style='border: 1px solid rgba(150&comma; 150&comma; 150&comma; 0.4); border-radius: 8px; overflow: hidden;'>\n<div style='padding: 15px; border-bottom: 1px solid rgba(150&comma; 150&comma; 150&comma; 0.2); font-weight: bold; font-size: 16px; color: inherit;'>Caracter\u00edsticas F\u00edsicas y El\u00e9ctricas<\/div>\n<div style='padding: 15px; color: inherit;'>\n<ul style='padding-left: 20px; margin: 0; font-size: 14px; list-style-type: disc;'>\n<li style='margin-bottom: 8px;'>Voltaje de Operaci\u00f3n: Bater\u00eda de 3V \/ 1 x CR2450 (Incluida).<\/li>\n<li style='margin-bottom: 8px;'>Tiempo util de la bater\u00eda: 3 a\u00f1os<\/li>\n<li style='margin-bottom: 8px;'>Protecci\u00f3n IP66.<\/li>\n<li style='margin-bottom: 8px;'>Temperatura de operaci\u00f3n: -10 a 55\u00b0C.<\/li>\n<li style='margin-bottom: 8px;'>Dimensiones: 63.8 x 63.8 x 18.4 mm.<\/li>\n<li style='margin-bottom: 8px;'>Peso: 57.5 gramos<\/li>\n<\/ul>\n<p style='margin-top: 20px; margin-bottom: 0;'><a style='color: inherit; text-decoration: underline;' href='https:\/\/soporte.syscom.mx\/es\/articles\/5117840-hikvision-alarmas-ax-pro-configuraciones-ax-pro' target='_blank' rel='noopener'>Configuraciones b\u00e1sicas<\/a><\/p>\n<\/p><\/div>\n<\/p><\/div>\n<\/p><\/div>\n<p> <!-- Caracter\u00edsticas Destacadas --> <\/p>\n<div style='flex: 1 1 300px; min-width: 280px;'>\n<div style='border: 1px solid rgba(150&comma; 150&comma; 150&comma; 0.4); border-radius: 8px; overflow: hidden;'>\n<div style='padding: 15px; border-bottom: 1px solid rgba(150&comma; 150&comma; 150&comma; 0.2); font-weight: bold; font-size: 16px; color: inherit;'>Caracter\u00edsticas Destacadas<\/div>\n<div style='padding: 15px; color: inherit;'>\n<p style='margin-top: 0; margin-bottom: 15px;'>Permite enviar una alerta inmediata hacia el panel.<\/p>\n<p style='margin: 15px 0;'><a style='color: inherit; text-decoration: underline;' href='https:\/\/www.syscom.mx\/principal\/listadoproductosazul\/intrusion-hikvision-paneles-de-alarma-y-accesorios-ax-pro-series-66286.html?ordenar=Precio_de_Menor_a_Mayor&#038;pag=1' target='_blank' rel='noopener'>Conozca todos los dispositivos que pueden integrar en la Serie AX PRO<\/a><\/p>\n<\/p><\/div>\n<\/p><\/div>\n<\/p><\/div>\n<\/p><\/div>\n<\/p><\/div>\n<p> <!-- Diagrama Familia AX PRO --> <\/p>\n<div style='margin: 30px 0;'>\n<h2 style='font-size: 20px; text-align: center; margin-bottom: 20px; border-bottom: 2px solid currentColor; padding-bottom: 5px; color: inherit; opacity: 0.8;'>Linea de Productos AX PRO<\/h2>\n<div style='display: flex; justify-content: center;'> <a href='https:\/\/www.syscom.mx\/principal\/listadoproductosazul\/intrusion-hikvision-paneles-de-alarma-y-accesorios-ax-pro-series-66286.html?ordenar=Precio_de_Menor_a_Mayor&#038;pag=1' target='_blank' rel='noopener'> <img style='width: 100%; max-width: 800px; height: auto; border: 1px solid rgba(150&comma;150&comma;150&comma;0.3); border-radius: 8px;' src='https:\/\/ftp3.syscom.mx\/usuarios\/jsosa\/HIKVISION\/alarmas\/AXPPRO\/banner\/AX%20PRO%20disgramas-hikvision.jpg' alt='Linea de Productos AX PRO'> <\/a> <\/div>\n<\/p><\/div>\n<p> <!-- Serie AX PRO --> <\/p>\n<div style='margin: 30px 0;'>\n<div style='display: flex; flex-wrap: wrap; gap: 30px; align-items: center;'>\n<div style='flex: 1 1 300px; min-width: 280px;'> <a href='https:\/\/www.syscom.mx\/principal\/listadoproductosazul\/intrusion-hikvision-paneles-de-alarma-y-accesorios-ax-pro-series-66286.html?ordenar=Precio_de_Menor_a_Mayor&#038;pag=1' target='_blank' rel='noopener'> <img style='width: 100%; max-width: 600px; height: auto; border: 1px solid rgba(150&comma;150&comma;150&comma;0.3); border-radius: 8px;' src='https:\/\/ftp3.syscom.mx\/usuarios\/jsosa\/HIKVISION\/alarmas\/AXPPRO\/Serie%20AXPRO.png' alt='Serie AX PRO'> <\/a> <\/div>\n<div style='flex: 1 1 300px; min-width: 280px;'>\n<h2 style='font-size: 18px; margin-top: 0; color: inherit; opacity: 0.8;'>Serie AX PRO<\/h2>\n<p style='margin: 10px 0;'>\u00bfNecesita proteger su hogar&comma; oficina o tienda?<\/p>\n<p style='margin: 10px 0;'>\u00bfCansado de tantos cables y mucho tiempo de instalaci\u00f3n?<\/p>\n<p style='margin: 10px 0;'>\u00a1Utilice una soluci\u00f3n de alarma inal\u00e1mbrica profesional!<\/p>\n<p style='margin: 10px 0;'><a style='color: inherit; text-decoration: underline;' href='https:\/\/www.syscom.mx\/principal\/listadoproductosazul\/intrusion-hikvision-paneles-de-alarma-y-accesorios-ax-pro-series-66286.html?ordenar=Precio_de_Menor_a_Mayor&#038;pag=1' target='_blank' rel='noopener'>Conozca todos los dispositivos que pueden integrar en la Serie AX PRO<\/a><\/p>\n<\/p><\/div>\n<\/p><\/div>\n<\/p><\/div>\n<p> <!-- Prueba de se\u00f1al --> <\/p>\n<div style='margin: 30px 0;'>\n<h3 style='font-size: 18px; text-align: center; margin-bottom: 20px; border-bottom: 2px solid currentColor; padding-bottom: 5px; color: inherit; opacity: 0.8;'>Prueba de Intensidad de Se\u00f1al<\/h3>\n<div style='display: flex; justify-content: center;'> <img style='width: 100%; max-width: 600px; height: auto; border: 1px solid rgba(150&comma;150&comma;150&comma;0.3); border-radius: 8px;' src='https:\/\/ftp3.syscom.mx\/usuarios\/jsosa\/HIKVISION\/alarmas\/AXPPRO\/DSPDEB1EG2WB\/DS-PDEB1-EG2-WB%20imagen.png' alt='Prueba de Intensidad de Se\u00f1al'> <\/div>\n<\/p><\/div>\n<p> <!-- Banner final --> <\/p>\n<div style='margin: 30px 0;'>\n<div style='display: flex; justify-content: center;'> <img style='width: 100%; max-width: 1200px; height: auto; border: 1px solid rgba(150&comma;150&comma;150&comma;0.3); border-radius: 8px;' src='https:\/\/ftp3.syscom.mx\/usuarios\/jsosa\/HIKVISION\/alarmas\/AXPPRO\/banner\/HIKVISION-AXPRO-SERIES.jpg' alt='Banner Serie AX PRO'> <\/div>\n<\/p><\/div>\n<\/p><\/div>\n","protected":false},"excerpt":{"rendered":"<p>(AX PRO) Bot\u00f3n de P\u00e1nico Inal\u00e1mbrico \/ Exterior IP66 \/ Indicador LED<\/p>\n","protected":false},"featured_media":3757,"comment_status":"open","ping_status":"closed","template":"","meta":[],"product_brand":[],"product_cat":[167],"product_tag":[93,168,54],"class_list":{"0":"post-3758","1":"product","2":"type-product","3":"status-publish","4":"has-post-thumbnail","6":"product_cat-botones-de-panico","7":"product_tag-accesorios","8":"product_tag-botones-de-panico","9":"product_tag-hikvision","11":"first","12":"instock","13":"sale","14":"shipping-taxable","15":"purchasable","16":"product-type-simple"},"_links":{"self":[{"href":"https:\/\/soydeaqui.ddns.net\/pachuca\/index.php\/wp-json\/wp\/v2\/product\/3758","targetHints":{"allow":["GET"]}}],"collection":[{"href":"https:\/\/soydeaqui.ddns.net\/pachuca\/index.php\/wp-json\/wp\/v2\/product"}],"about":[{"href":"https:\/\/soydeaqui.ddns.net\/pachuca\/index.php\/wp-json\/wp\/v2\/types\/product"}],"replies":[{"embeddable":true,"href":"https:\/\/soydeaqui.ddns.net\/pachuca\/index.php\/wp-json\/wp\/v2\/comments?post=3758"}],"wp:featuredmedia":[{"embeddable":true,"href":"https:\/\/soydeaqui.ddns.net\/pachuca\/index.php\/wp-json\/wp\/v2\/media\/3757"}],"wp:attachment":[{"href":"https:\/\/soydeaqui.ddns.net\/pachuca\/index.php\/wp-json\/wp\/v2\/media?parent=3758"}],"wp:term":[{"taxonomy":"product_brand","embeddable":true,"href":"https:\/\/soydeaqui.ddns.net\/pachuca\/index.php\/wp-json\/wp\/v2\/product_brand?post=3758"},{"taxonomy":"product_cat","embeddable":true,"href":"https:\/\/soydeaqui.ddns.net\/pachuca\/index.php\/wp-json\/wp\/v2\/product_cat?post=3758"},{"taxonomy":"product_tag","embeddable":true,"href":"https:\/\/soydeaqui.ddns.net\/pachuca\/index.php\/wp-json\/wp\/v2\/product_tag?post=3758"}],"curies":[{"name":"wp","href":"https:\/\/api.w.org\/{rel}","templated":true}]}}