{"id":37543,"date":"2026-03-18T16:33:47","date_gmt":"2026-03-18T16:33:47","guid":{"rendered":"https:\/\/soydeaqui.ddns.net\/pachuca\/index.php\/producto\/gabinete-para-instalacion-de-3-baterias-pl110d12-fabricado-en-lamina-galvanizada-accesorios-para-piso-o-poste-no-incluidos-2\/"},"modified":"2026-03-18T16:33:52","modified_gmt":"2026-03-18T16:33:52","slug":"gabinete-para-instalacion-de-3-baterias-pl110d12-fabricado-en-lamina-galvanizada-accesorios-para-piso-o-poste-no-incluidos-2","status":"publish","type":"product","link":"https:\/\/soydeaqui.ddns.net\/pachuca\/index.php\/producto\/gabinete-para-instalacion-de-3-baterias-pl110d12-fabricado-en-lamina-galvanizada-accesorios-para-piso-o-poste-no-incluidos-2\/","title":{"rendered":"Gabinete para instalaci\u00f3n de 3 Bater\u00edas PL110D12, Fabricado en L\u00e1mina Galvanizada, Accesorios para piso o poste (No incluidos)"},"content":{"rendered":"<div style='width: 100%; max-width: 1200px; margin: 0 auto; font-family: sans-serif; line-height: 1.6; color: inherit; background-color: transparent;'>\n<div style='display: flex; flex-wrap: wrap; gap: 30px; margin-bottom: 30px;'>\n<div style='flex: 1 1 300px; min-width: 280px;'>\n<h3 style='font-size: 22px; border-bottom: 2px solid currentColor; padding-bottom: 5px; margin-top: 0; color: inherit; opacity: 0.8;'>Aplicaci\u00f3n<\/h3>\n<ul style='padding-left: 20px; font-size: 15px; color: inherit;'>\n<li style='margin-bottom: 5px;'>Integraciones de energ\u00eda solar Aut\u00f3nomas<\/li>\n<li style='margin-bottom: 5px;'>Puntos de monitoreo remotos<\/li>\n<li style='margin-bottom: 5px;'>Puntos de repetici\u00f3n para redes inal\u00e1mbricas<\/li>\n<li style='margin-bottom: 5px;'>Integraci\u00f3n de controladores&comma; interruptores u otro equipo de energ\u00eda solar<\/li>\n<\/ul><\/div>\n<\/p><\/div>\n<div style='display: flex; flex-wrap: wrap; gap: 30px; margin-bottom: 30px;'>\n<div style='flex: 1 1 300px; min-width: 280px;'>\n<h3 style='font-size: 22px; border-bottom: 2px solid currentColor; padding-bottom: 5px; margin-top: 0; color: inherit; opacity: 0.8;'>Caracter\u00edsticas F\u00edsicas<\/h3>\n<ul style='padding-left: 20px; font-size: 15px; color: inherit;'>\n<li style='margin-bottom: 5px;'><strong>Aplicaci\u00f3n:<\/strong> Exterior<\/li>\n<li style='margin-bottom: 5px;'><strong>Material:<\/strong> L\u00e1mina de Acero Galvanizada<\/li>\n<li style='margin-bottom: 5px;'><strong>Peso:<\/strong> 24.49 kg<\/li>\n<li style='margin-bottom: 5px;'><strong>Dimensiones exteriores:<\/strong> 586 x 1081 x 311 mm (Ancho x Alto x Profundidad)<\/li>\n<li style='margin-bottom: 5px;'><strong>Incluye:<\/strong> Puerta ventilada<\/li>\n<\/ul><\/div>\n<\/p><\/div>\n<div style='display: flex; flex-wrap: wrap; gap: 30px; margin-bottom: 30px;'>\n<div style='flex: 1 1 300px; min-width: 280px;'>\n<h3 style='font-size: 22px; border-bottom: 2px solid currentColor; padding-bottom: 5px; margin-top: 0; color: inherit; opacity: 0.8;'>Pintura<\/h3>\n<ul style='padding-left: 20px; font-size: 15px; color: inherit;'>\n<li style='margin-bottom: 5px;'><strong>Color:<\/strong> Blanco tonalidad beige<\/li>\n<li style='margin-bottom: 5px;'><strong>Proceso:<\/strong> Aplicada por proceso electrost\u00e1tico horneado de 5 pasos: Desengrasado&comma; enjuague&comma; fosfato de Hierro&comma; enjuague y sellado<\/li>\n<li style='margin-bottom: 5px;'><strong>Tipo:<\/strong> Base Poli\u00e9ster<\/li>\n<\/ul><\/div>\n<\/p><\/div>\n<div style='display: flex; flex-wrap: wrap; gap: 30px; margin-bottom: 30px;'>\n<div style='flex: 1 1 300px; min-width: 280px;'>\n<h3 style='font-size: 22px; border-bottom: 2px solid currentColor; padding-bottom: 5px; margin-top: 0; color: inherit; opacity: 0.8;'>Compatible con<\/h3>\n<ul style='padding-left: 20px; font-size: 15px; color: inherit;'>\n<li style='margin-bottom: 5px;'>Montaje en poste: <a style='color: inherit; text-decoration: none;' href='https:\/\/www.syscom.mx\/principal\/searchcont?route=EI-PCB-40M-R2-EPCOM-INDUSTRIAL-201160&#038;autodetect=EIPCB40MR2'>EI-PCB-40M-R2<\/a><\/li>\n<li style='margin-bottom: 5px;'>Montaje en piso: <a style='color: inherit; text-decoration: none;' href='https:\/\/www.syscom.mx\/principal\/searchcont?route=EI-PCB-FB-EPCOM-INDUSTRIAL-191863&#038;autodetect=EI-PCB-FB%EF%BB%BF'>EI-PCB-FB<\/a><\/li>\n<\/ul><\/div>\n<\/p><\/div>\n<div style='display: flex; flex-wrap: wrap; gap: 30px; margin-bottom: 30px;'>\n<div style='flex: 1 1 300px; min-width: 280px;'> <img style='width: 100%; height: auto; border: 1px solid rgba(150&comma;150&comma;150&comma;0.3); border-radius: 8px;' src='https:\/\/ftp3.syscom.mx\/usuarios\/fotos\/EIPCB040303W3\/214703-unnamed.jpg' alt=''><\/div>\n<\/p><\/div>\n<\/p><\/div>\n","protected":false},"excerpt":{"rendered":"<p>Gabinete para instalaci\u00f3n de 3 Bater\u00edas PL110D12, Fabricado en L\u00e1mina Galvanizada, Accesorios para piso o poste (No incluidos)<\/p>\n","protected":false},"featured_media":37542,"comment_status":"open","ping_status":"closed","template":"","meta":[],"product_brand":[],"product_cat":[1104],"product_tag":[1085,181,1105],"class_list":{"0":"post-37543","1":"product","2":"type-product","3":"status-publish","4":"has-post-thumbnail","6":"product_cat-gabinetes-y-racks","7":"product_tag-baterias-y-cargadores","8":"product_tag-epcom-industrial","9":"product_tag-gabinetes-y-racks","11":"first","12":"outofstock","13":"sale","14":"shipping-taxable","15":"purchasable","16":"product-type-simple"},"_links":{"self":[{"href":"https:\/\/soydeaqui.ddns.net\/pachuca\/index.php\/wp-json\/wp\/v2\/product\/37543","targetHints":{"allow":["GET"]}}],"collection":[{"href":"https:\/\/soydeaqui.ddns.net\/pachuca\/index.php\/wp-json\/wp\/v2\/product"}],"about":[{"href":"https:\/\/soydeaqui.ddns.net\/pachuca\/index.php\/wp-json\/wp\/v2\/types\/product"}],"replies":[{"embeddable":true,"href":"https:\/\/soydeaqui.ddns.net\/pachuca\/index.php\/wp-json\/wp\/v2\/comments?post=37543"}],"wp:featuredmedia":[{"embeddable":true,"href":"https:\/\/soydeaqui.ddns.net\/pachuca\/index.php\/wp-json\/wp\/v2\/media\/37542"}],"wp:attachment":[{"href":"https:\/\/soydeaqui.ddns.net\/pachuca\/index.php\/wp-json\/wp\/v2\/media?parent=37543"}],"wp:term":[{"taxonomy":"product_brand","embeddable":true,"href":"https:\/\/soydeaqui.ddns.net\/pachuca\/index.php\/wp-json\/wp\/v2\/product_brand?post=37543"},{"taxonomy":"product_cat","embeddable":true,"href":"https:\/\/soydeaqui.ddns.net\/pachuca\/index.php\/wp-json\/wp\/v2\/product_cat?post=37543"},{"taxonomy":"product_tag","embeddable":true,"href":"https:\/\/soydeaqui.ddns.net\/pachuca\/index.php\/wp-json\/wp\/v2\/product_tag?post=37543"}],"curies":[{"name":"wp","href":"https:\/\/api.w.org\/{rel}","templated":true}]}}