{"id":37495,"date":"2026-03-18T16:32:30","date_gmt":"2026-03-18T16:32:30","guid":{"rendered":"https:\/\/soydeaqui.ddns.net\/pachuca\/index.php\/producto\/probador-de-baterias-9-vcc-1-5-vcc-aa-aaa-c-d\/"},"modified":"2026-03-18T16:32:44","modified_gmt":"2026-03-18T16:32:44","slug":"probador-de-baterias-9-vcc-1-5-vcc-aa-aaa-c-d","status":"publish","type":"product","link":"https:\/\/soydeaqui.ddns.net\/pachuca\/index.php\/producto\/probador-de-baterias-9-vcc-1-5-vcc-aa-aaa-c-d\/","title":{"rendered":"Probador de Bater\u00edas 9 Vcc \/ 1.5 Vcc [AA-AAA-C-D]"},"content":{"rendered":"<div style='width: 100%; max-width: 1200px; margin: 0 auto; font-family: sans-serif; line-height: 1.6; color: inherit; background-color: transparent;'> <!-- Logo --> <\/p>\n<div style='margin: 20px 0;'> <img style='width: 100%; height: auto; border: 1px solid rgba(150&comma;150&comma;150&comma;0.3); border-radius: 8px;' src='https:\/\/ftp3.syscom.mx\/usuarios\/fotos\/BAT250\/214500-amprobe_logo.png' alt='Logo Amprobe'> <\/div>\n<p> <!-- Descripci\u00f3n --> <\/p>\n<div style='margin: 30px 0;'>\n<h1 style='font-size: 28px; font-weight: 600; color: inherit; margin-top: 0; margin-bottom: 20px;'>Probador de Bater\u00edas<\/h1>\n<p>El probador de bater\u00eda Amprobe BAT-250 est\u00e1 dise\u00f1ado para mediciones de bater\u00eda con una mano&comma; c\u00f3modas y fiables. El probador dise\u00f1ado de forma \u00fanica ofrece un deslizador ergon\u00f3mico y un espacio lateral en forma de v para mantener mejor las bater\u00edas en su lugar durante las pruebas y una forma contorneada que se ajusta perfectamente en su mano. Probando bater\u00edas nunca hab\u00eda sido m\u00e1s f\u00e1cil.<\/p>\n<p>La descarga de la bater\u00eda es una de las causas m\u00e1s comunes para el fallo de un sensor o de un instrumento. El probador de bater\u00edas MTD-250 indica la cantidad de carga que queda en bater\u00edas est\u00e1ndar y recargables. La aguja anal\u00f3gica se mueve en una escala calibrada y codificada por color para identificar r\u00e1pidamente el estado de la bater\u00eda &#8216;bueno&#8217; (verde)&comma; &#8216;bajo&#8217; (amarillo) y &#8216;reemplazar\/recargar&#8217; (rojo). Las bater\u00edas de tipo 9 Vcc&comma; 1.5 Vcc AA&comma; AAA&comma; C&comma; D; pueden ser analizadas.<\/p>\n<\/p><\/div>\n<p> <!-- Caracter\u00edsticas --> <\/p>\n<div style='margin: 30px 0;'>\n<h3 style='font-size: 22px; border-bottom: 2px solid currentColor; padding-bottom: 5px; margin-top: 0; color: inherit; opacity: 0.8;'>Caracter\u00edsticas<\/h3>\n<ul style='padding-left: 20px; font-size: 15px; color: inherit;'>\n<li style='margin-bottom: 10px;'>Indicadores de c\u00f3digo de color f\u00e1cil de leer con indicadores &#8216;bueno&#8217;&comma; &#8216;bajos&#8217; y &#8216;reemplazar\/recargar&#8217;.<\/li>\n<li style='margin-bottom: 10px;'>An\u00e1lisis de bater\u00edas est\u00e1ndar y recargables: 9 Vcc \/ 1.5 Vcc AA&comma; AAA&comma; C&comma; D<\/li>\n<li style='margin-bottom: 10px;'>El espacio lateral mantiene bater\u00edas en su lugar durante las pruebas.<\/li>\n<li style='margin-bottom: 10px;'>La pantalla grande y vertical es m\u00e1s f\u00e1cil de leer<\/li>\n<li style='margin-bottom: 10px;'>El espacio en V mantiene las bater\u00edas en su lugar de forma segura durante la prueba para obtener resultados coherentemente precisos<\/li>\n<li style='margin-bottom: 10px;'>Contactos de alta calidad para bater\u00edas de 9 Vcc.<\/li>\n<li style='margin-bottom: 10px;'>Dise\u00f1ado para una operaci\u00f3n m\u00e1s f\u00e1cil y pruebas con una sola mano.<\/li>\n<li style='margin-bottom: 10px;'>Contornos adaptables a la mano para una operaci\u00f3n f\u00e1cil.<\/li>\n<\/ul><\/div>\n<p> <!-- Imagen del producto --> <\/p>\n<div style='margin: 30px 0;'> <img style='width: 100%; height: auto; border: 1px solid rgba(150&comma;150&comma;150&comma;0.3); border-radius: 8px;' src='https:\/\/ftp3.syscom.mx\/usuarios\/fotos\/BAT250\/214500-pd_bat-250_c.jpg' alt='Probador de Bater\u00edas Amprobe BAT250'> <\/div>\n<\/p><\/div>\n","protected":false},"excerpt":{"rendered":"<p>Probador de Bater\u00edas 9 Vcc \/ 1.5 Vcc [AA-AAA-C-D]<\/p>\n","protected":false},"featured_media":37494,"comment_status":"open","ping_status":"closed","template":"","meta":[],"product_brand":[],"product_cat":[1108],"product_tag":[1110,1085,1109],"class_list":{"0":"post-37495","1":"product","2":"type-product","3":"status-publish","4":"has-post-thumbnail","6":"product_cat-cargadores-de-baterias","7":"product_tag-amprobe","8":"product_tag-baterias-y-cargadores","9":"product_tag-cargadores-de-baterias","11":"first","12":"outofstock","13":"sale","14":"shipping-taxable","15":"purchasable","16":"product-type-simple"},"_links":{"self":[{"href":"https:\/\/soydeaqui.ddns.net\/pachuca\/index.php\/wp-json\/wp\/v2\/product\/37495","targetHints":{"allow":["GET"]}}],"collection":[{"href":"https:\/\/soydeaqui.ddns.net\/pachuca\/index.php\/wp-json\/wp\/v2\/product"}],"about":[{"href":"https:\/\/soydeaqui.ddns.net\/pachuca\/index.php\/wp-json\/wp\/v2\/types\/product"}],"replies":[{"embeddable":true,"href":"https:\/\/soydeaqui.ddns.net\/pachuca\/index.php\/wp-json\/wp\/v2\/comments?post=37495"}],"wp:featuredmedia":[{"embeddable":true,"href":"https:\/\/soydeaqui.ddns.net\/pachuca\/index.php\/wp-json\/wp\/v2\/media\/37494"}],"wp:attachment":[{"href":"https:\/\/soydeaqui.ddns.net\/pachuca\/index.php\/wp-json\/wp\/v2\/media?parent=37495"}],"wp:term":[{"taxonomy":"product_brand","embeddable":true,"href":"https:\/\/soydeaqui.ddns.net\/pachuca\/index.php\/wp-json\/wp\/v2\/product_brand?post=37495"},{"taxonomy":"product_cat","embeddable":true,"href":"https:\/\/soydeaqui.ddns.net\/pachuca\/index.php\/wp-json\/wp\/v2\/product_cat?post=37495"},{"taxonomy":"product_tag","embeddable":true,"href":"https:\/\/soydeaqui.ddns.net\/pachuca\/index.php\/wp-json\/wp\/v2\/product_tag?post=37495"}],"curies":[{"name":"wp","href":"https:\/\/api.w.org\/{rel}","templated":true}]}}