{"id":3747,"date":"2026-03-18T06:11:28","date_gmt":"2026-03-18T06:11:28","guid":{"rendered":"https:\/\/soydeaqui.ddns.net\/pachuca\/index.php\/producto\/kit-de-alarma-vista48-con-comunicador-boton-de-panico-y-deteccion-de-caidas-inalambrico-gabinete-transformador-y-bateria\/"},"modified":"2026-03-18T06:11:28","modified_gmt":"2026-03-18T06:11:28","slug":"kit-de-alarma-vista48-con-comunicador-boton-de-panico-y-deteccion-de-caidas-inalambrico-gabinete-transformador-y-bateria","status":"publish","type":"product","link":"https:\/\/soydeaqui.ddns.net\/pachuca\/index.php\/producto\/kit-de-alarma-vista48-con-comunicador-boton-de-panico-y-deteccion-de-caidas-inalambrico-gabinete-transformador-y-bateria\/","title":{"rendered":"Kit de Alarma VISTA48 con Comunicador, Bot\u00f3n de P\u00e1nico y Detecci\u00f3n de Ca\u00eddas Inal\u00e1mbrico, Gabinete, Transformador y Bater\u00eda"},"content":{"rendered":"<div style='width: 100%; max-width: 1200px; margin: 0 auto; font-family: sans-serif; line-height: 1.6; color: inherit; background-color: transparent;'> <!-- Im\u00e1genes iniciales --> <\/p>\n<div style='display: flex; flex-wrap: wrap; gap: 15px; justify-content: center; margin-bottom: 30px;'> <img style='width: 100%; max-width: 800px; height: auto; border: 1px solid rgba(150&comma;150&comma;150&comma;0.3); border-radius: 8px;' src='https:\/\/ftp3.syscom.mx\/usuarios\/vvega\/M2M\/mn01ltem\/mn01ltem_encabezado.jpg' alt=''> <img style='width: 100%; max-width: 300px; height: auto; border: 1px solid rgba(150&comma;150&comma;150&comma;0.3); border-radius: 8px;' src='https:\/\/ftp3.syscom.mx\/usuarios\/vvega\/M2M\/mn01ltem\/mn01ltem.jpg' alt=''> <\/div>\n<p> <!-- T\u00edtulo principal --> <\/p>\n<h3 style='font-size: 24px; text-align: center; margin: 0 0 20px; color: inherit; opacity: 0.9;'> <span style='font-size: 18pt; color: inherit;'>Comunicador de Alarma UNIVERSAL 4GLTEM \/ 5G<\/span> <\/h3>\n<p> <!-- Descripci\u00f3n principal --> <\/p>\n<p style='text-align: center; max-width: 800px; margin: 0 auto 40px; font-size: 16px; color: inherit;'> Comunicador Multimarca \u00fanico en el mercado extremadamente peque\u00f1o compatible con el 99% de paneles de alarma para el env\u00edo de eventos y poder armar y desarmar&comma; todo desde una sola aplicaci\u00f3n (RCONTROL)&comma; ideal para convertir tu panel de alarma en un equipo inteligente! <\/p>\n<p> <!-- Secci\u00f3n de caracter\u00edsticas en 3 columnas --> <\/p>\n<div style='display: flex; flex-wrap: wrap; gap: 20px; margin-bottom: 40px;'> <!-- Caracter\u00edstica 1 --> <\/p>\n<div style='flex: 1 1 300px; min-width: 280px;'>\n<div style='border: 1px solid rgba(150&comma;150&comma;150&comma;0.4); border-radius: 8px; overflow: hidden; display: flex; flex-direction: column; height: 100%;'>\n<div style='padding: 15px; border-bottom: 1px solid rgba(150&comma;150&comma;150&comma;0.2); font-weight: bold; font-size: 18px; background-color: #eeeeee; color: inherit;'> A prueba del Futuro&comma; Red 5G <\/div>\n<div style='padding: 15px; color: inherit;'> <img style='width: 100%; height: auto; border: 1px solid rgba(150&comma;150&comma;150&comma;0.3); border-radius: 8px; margin-bottom: 15px;' src='https:\/\/ftp3.syscom.mx\/usuarios\/vvega\/M2M\/mn01ltem\/MN01-LTE-M.png' alt=''> <\/p>\n<h4 style='font-size: 18px; color: inherit; opacity: 0.8; margin: 15px 0 10px; border-bottom: 1px solid rgba(150&comma;150&comma;150&comma;0.2); padding-bottom: 5px;'> Principales <\/h4>\n<ul style='padding-left: 20px; margin: 0 0 15px 0; font-size: 14px; list-style-type: disc; color: inherit;'>\n<li style='margin-bottom: 8px;'>Extremo Alta Seguridad.<\/li>\n<li style='margin-bottom: 8px;'>SIM Multicarrier incluido (Telcel&comma; Movistar&comma; AT&#038;T&comma; Iusacell).<\/li>\n<li style='margin-bottom: 8px;'>Incluye 2 A\u00d1OS servicio 4GLTEM\/5G sin Costo.<\/li>\n<li style='margin-bottom: 8px;'>A\u00f1o adicional agregando <a style='color: inherit; text-decoration: underline;' href='https:\/\/www.syscom.mx\/principal\/searchcont?route=VOUCHERLTEM-M2M-SERVICES-188046&#038;autodetect=voucherltem' target='_blank' rel='noopener'>VOUCHERLTEM<\/a>.<\/li>\n<li style='margin-bottom: 8px;'><strong style='color: inherit;'>NOTA:<\/strong> <em style='color: inherit;'>Si el voucher no es renovado dentro del mes correspondiente&comma; el equipo pasara a suspendido y se tendra que adquirir un REACTIVAM2M + VOUCHERLTEM<\/em><\/li>\n<\/ul><\/div>\n<\/p><\/div>\n<\/p><\/div>\n<p> <!-- Caracter\u00edstica 2 --> <\/p>\n<div style='flex: 1 1 300px; min-width: 280px;'>\n<div style='border: 1px solid rgba(150&comma;150&comma;150&comma;0.4); border-radius: 8px; overflow: hidden; display: flex; flex-direction: column; height: 100%;'>\n<div style='padding: 15px; border-bottom: 1px solid rgba(150&comma;150&comma;150&comma;0.2); font-weight: bold; font-size: 18px; background-color: #eeeeee; color: inherit;'> 2 A\u00f1os de Servicio GRATIS <\/div>\n<div style='padding: 15px; color: inherit;'> <img style='width: 100%; height: auto; border: 1px solid rgba(150&comma;150&comma;150&comma;0.3); border-radius: 8px; margin-bottom: 15px;' src='https:\/\/ftp3.syscom.mx\/usuarios\/vvega\/M2M\/mn02ltem\/MN02LTEM%20-%20RControl.png' alt=''> <\/p>\n<h4 style='font-size: 18px; color: inherit; opacity: 0.8; margin: 15px 0 10px; border-bottom: 1px solid rgba(150&comma;150&comma;150&comma;0.2); padding-bottom: 5px;'> Aplicaci\u00f3n y Plataforma <\/h4>\n<ul style='padding-left: 20px; margin: 0 0 15px 0; font-size: 14px; list-style-type: disc; color: inherit;'>\n<li style='margin-bottom: 8px;'><strong style='color: inherit;'>LOGO<\/strong> Directo en la aplicaci\u00f3n GRATIS!<\/li>\n<li style='margin-bottom: 8px;'>Soporta <strong style='color: inherit;'>PARTICIONES<\/strong>*<\/li>\n<li style='margin-bottom: 8px;'><strong style='color: inherit;'>Estatus y Bypass<\/strong> de Zonas*.<\/li>\n<li style='margin-bottom: 8px;'><strong style='color: inherit;'>Armado Total \/ Parcial*<\/strong> y Desarmado desde la APP.<\/li>\n<li style='margin-bottom: 8px;'>Identificacion de usuarios y posibilidad de etiquetado de zonas.<\/li>\n<li style='margin-bottom: 8px;'>Soporta hasta 100 usuarios en la APP con identificacion (quien armo \/desarmo)<\/li>\n<li style='margin-bottom: 8px;'>1 a\u00f1o de Historial de Eventos<\/li>\n<li style='margin-bottom: 8px;'><em style='color: inherit;'>*Ver modelos compatibles mas abajo<\/em>.<\/li>\n<\/ul><\/div>\n<\/p><\/div>\n<\/p><\/div>\n<p> <!-- Caracter\u00edstica 3 --> <\/p>\n<div style='flex: 1 1 300px; min-width: 280px;'>\n<div style='border: 1px solid rgba(150&comma;150&comma;150&comma;0.4); border-radius: 8px; overflow: hidden; display: flex; flex-direction: column; height: 100%;'>\n<div style='padding: 15px; border-bottom: 1px solid rgba(150&comma;150&comma;150&comma;0.2); font-weight: bold; font-size: 18px; background-color: #eeeeee; color: inherit;'> Peque\u00f1o y Ligero <\/div>\n<div style='padding: 15px; color: inherit;'> <img style='width: 100%; height: auto; border: 1px solid rgba(150&comma;150&comma;150&comma;0.3); border-radius: 8px; margin-bottom: 15px;' src='https:\/\/ftp3.syscom.mx\/usuarios\/vvega\/M2M\/mn01ltem\/MN01-LTE-M.png' alt=''> <\/p>\n<h4 style='font-size: 18px; color: inherit; opacity: 0.8; margin: 15px 0 10px; border-bottom: 1px solid rgba(150&comma;150&comma;150&comma;0.2); padding-bottom: 5px;'> Especificaciones Tecnicas <\/h4>\n<ul style='padding-left: 20px; margin: 0 0 15px 0; font-size: 14px; list-style-type: disc; color: inherit;'>\n<li style='margin-bottom: 8px;'>Multibanda CAT-M1&comma; LTE 700\/800\/850\/900\/1700\/1800\/1900\/2100 MHz&comma; EGPRS 850\/900\/1800\/1900 MHz<\/li>\n<li style='margin-bottom: 8px;'>Fuente Principal de 12 a 17 Vcc<\/li>\n<li style='margin-bottom: 8px;'>Consumo: 15 mA en espera&comma; pico 200 mA<\/li>\n<li style='margin-bottom: 8px;'>Soporta ContactID \/ SIA<\/li>\n<li style='margin-bottom: 8px;'>Antena: SMA&comma; 50 ohms<\/li>\n<li style='margin-bottom: 8px;'>Dimensiones: 4.4 x 3 x 1.7 cms<\/li>\n<li style='margin-bottom: 8px;'>Peso sin Antena: 28 gr<\/li>\n<\/ul><\/div>\n<\/p><\/div>\n<\/p><\/div>\n<\/p><\/div>\n<p> <!-- Imagen grande --> <img style='width: 100%; max-width: 900px; height: auto; border: 1px solid rgba(150&comma;150&comma;150&comma;0.3); border-radius: 8px; margin: 0 auto 30px; display: block;' src='https:\/\/ftp3.syscom.mx\/usuarios\/vvega\/M2M\/mn01ltem\/mn01ltem_dt42.jpg' alt=''> <!-- Secci\u00f3n de programaci\u00f3n remota --> <\/p>\n<div style='margin-bottom: 40px;'>\n<h2 style='font-size: 24px; color: inherit; opacity: 0.9; text-align: center; margin: 0 0 20px;'> <span style='color: #c0392b; font-weight: bold; color: inherit;'>Evite traslados Innecesarios con Programaci\u00f3n Remota<\/span> <\/h2>\n<p style='margin: 0 0 20px; color: inherit;'><strong style='color: inherit;'>Programaci\u00f3n Remota (Compatible con Honeywell<sup style='font-size: 10px; vertical-align: super; line-height: 0;'>\u00ae<\/sup> y DSC)<\/strong><\/p>\n<ul style='padding-left: 20px; margin: 0 0 20px 0; font-size: 14px; list-style-type: disc; color: inherit;'>\n<li style='margin-bottom: 8px;'>Realizar configuraciones en el panel sin tener que ir al lugar donde est\u00e1 instalado.<\/li>\n<li style='margin-bottom: 8px;'>El t\u00e9cnico \u00fanicamente reemplaza o instala equipos pero la configuraci\u00f3n se realiza remotamente desde la Central (mayor seguridad).<\/li>\n<\/ul>\n<p style='margin: 0 0 15px; color: inherit;'>Para la programacion remota se requiere:<\/p>\n<ul style='padding-left: 20px; margin: 0 0 20px 0; font-size: 14px; list-style-type: disc; color: inherit;'>\n<li style='margin-bottom: 8px;'><a style='color: inherit; text-decoration: underline;' href='https:\/\/www.syscom.mx\/producto\/SW-MODEM-M2M-M2M-SERVICES-205065.html' target='_blank' rel='noopener'>SW-MODEM-M2M<\/a>: Licencia Anual para conexiones ilimitadas a paneles de alarma.<\/li>\n<li style='margin-bottom: 8px;'><a style='color: inherit; text-decoration: underline;' href='https:\/\/www.syscom.mx\/producto\/MN-01RNGR-M2M-SERVICES-143761.html' target='_blank' rel='noopener'>MN01RNGR<\/a>: Se requiere uno por panel de alarma&comma; es un accesorio del MN02LTEM.<\/li>\n<\/ul>\n<p style='margin: 0 0 15px; color: inherit;'><em style='color: inherit;'>*NOTA: Para mas informacion dirigirse a esta <a style='color: inherit; text-decoration: underline;' href='https:\/\/ftp3.syscom.mx\/usuarios\/vvega\/M2M\/programacion\/M2M_Software_Modem_v02_ESP.pdf'>LIGA<\/a><\/em><\/p>\n<\/p><\/div>\n<p> <!-- Imagen de programaci\u00f3n --> <img style='width: 100%; max-width: 900px; height: auto; border: 1px solid rgba(150&comma;150&comma;150&comma;0.3); border-radius: 8px; margin: 0 auto 30px; display: block;' src='https:\/\/ftp3.syscom.mx\/usuarios\/vvega\/M2M\/mn01ltem\/mn01ltem_programacion.jpg' alt=''> <!-- Informaci\u00f3n importante --> <\/p>\n<div style='margin-bottom: 30px; padding: 20px; border: 1px solid rgba(150&comma;150&comma;150&comma;0.4); border-radius: 8px; background-color: rgba(200&comma;200&comma;200&comma;0.05);'>\n<p style='margin: 0 0 15px; color: inherit;'><strong style='color: inherit;'>IMPORTANTE<\/strong>&comma; <strong style='color: inherit;'>Solo los siguientes paneles de alarma son compatibles para utilizar la conexion del Bus de Datos&comma; con lo que podras ver particiones&comma; zonas y realizar armados parciales y bypass de zonas<\/strong><\/p>\n<p> <img style='width: 100%; max-width: 480px; height: auto; border: 1px solid rgba(150&comma;150&comma;150&comma;0.3); border-radius: 8px; display: block; margin: 0 auto 15px;' src='https:\/\/ftp3.syscom.mx\/usuarios\/vvega\/M2M\/MN02LTEM_CompatibilidadBusDatos.jpg' alt=''> <\/p>\n<p style='margin: 0 0 15px; color: inherit;'><strong style='color: inherit;'>Para el resto de los paneles se puede utilizar la conexion a zona llave (KEY SWITCH) para pode realizar el armado \/ desarmado remoto.<\/strong><\/p>\n<\/p><\/div>\n<p> <!-- Notas finales --> <\/p>\n<div style='margin-bottom: 30px;'>\n<p style='margin: 0 0 15px; color: inherit;'><strong style='color: inherit;'>NOTA:<\/strong> Estos dispositivos trabajan sobre redes celulares por lo que su operatividad depende de la estabilidad de estos servicios.<\/p>\n<p style='margin: 0; color: inherit;'><em style='color: inherit;'>*NOTA: Estos equipos adquiridos en cualquier categoria de &#8216;asterisco&#8217; pueden variar los meses de servicio<\/em><\/p>\n<\/p><\/div>\n<p> <!-- Contenido del kit --> <\/p>\n<div style='margin-bottom: 30px;'>\n<h3 style='font-size: 20px; color: inherit; margin: 0 0 15px; border-bottom: 2px solid currentColor; padding-bottom: 5px; opacity: 0.8;'>EL KIT INCLUYE:<\/h3>\n<ul style='padding-left: 20px; margin: 0; font-size: 14px; list-style-type: disc; color: inherit;'>\n<li style='margin-bottom: 8px;'>1 Panel de alarma VISTA48&comma; teclado alfanumerico con receptora inalambrico 6162RF<\/li>\n<li style='margin-bottom: 8px;'>1 Comunicador con antena MN01LTEM<\/li>\n<li style='margin-bottom: 8px;'>1 Bot\u00f3n de p\u00e1nico SFWSTFALL<\/li>\n<li style='margin-bottom: 8px;'>1 Transformador RT1640LS<\/li>\n<li style='margin-bottom: 8px;'>1 Bater\u00eda PL4.512<\/li>\n<li style='margin-bottom: 8px;'>1 Gabinete para panel VISTA48 SGRPRUV4<\/li>\n<\/ul><\/div>\n<\/p><\/div>\n","protected":false},"excerpt":{"rendered":"<p>Kit de Alarma VISTA48 con Comunicador, Bot\u00f3n de P\u00e1nico y Detecci\u00f3n de Ca\u00eddas Inal\u00e1mbrico, Gabinete, Transformador y Bater\u00eda<\/p>\n","protected":false},"featured_media":3746,"comment_status":"open","ping_status":"closed","template":"","meta":[],"product_brand":[],"product_cat":[179],"product_tag":[45,61,180],"class_list":{"0":"post-3747","1":"product","2":"type-product","3":"status-publish","4":"has-post-thumbnail","6":"product_cat-paneles-de-alarma-total-connect-honeywell","7":"product_tag-honeywell-home-resideo","8":"product_tag-paneles-de-alarma","9":"product_tag-total-connect-honeywell","11":"first","12":"outofstock","13":"sale","14":"shipping-taxable","15":"purchasable","16":"product-type-simple"},"_links":{"self":[{"href":"https:\/\/soydeaqui.ddns.net\/pachuca\/index.php\/wp-json\/wp\/v2\/product\/3747","targetHints":{"allow":["GET"]}}],"collection":[{"href":"https:\/\/soydeaqui.ddns.net\/pachuca\/index.php\/wp-json\/wp\/v2\/product"}],"about":[{"href":"https:\/\/soydeaqui.ddns.net\/pachuca\/index.php\/wp-json\/wp\/v2\/types\/product"}],"replies":[{"embeddable":true,"href":"https:\/\/soydeaqui.ddns.net\/pachuca\/index.php\/wp-json\/wp\/v2\/comments?post=3747"}],"wp:featuredmedia":[{"embeddable":true,"href":"https:\/\/soydeaqui.ddns.net\/pachuca\/index.php\/wp-json\/wp\/v2\/media\/3746"}],"wp:attachment":[{"href":"https:\/\/soydeaqui.ddns.net\/pachuca\/index.php\/wp-json\/wp\/v2\/media?parent=3747"}],"wp:term":[{"taxonomy":"product_brand","embeddable":true,"href":"https:\/\/soydeaqui.ddns.net\/pachuca\/index.php\/wp-json\/wp\/v2\/product_brand?post=3747"},{"taxonomy":"product_cat","embeddable":true,"href":"https:\/\/soydeaqui.ddns.net\/pachuca\/index.php\/wp-json\/wp\/v2\/product_cat?post=3747"},{"taxonomy":"product_tag","embeddable":true,"href":"https:\/\/soydeaqui.ddns.net\/pachuca\/index.php\/wp-json\/wp\/v2\/product_tag?post=3747"}],"curies":[{"name":"wp","href":"https:\/\/api.w.org\/{rel}","templated":true}]}}