{"id":37443,"date":"2026-03-18T16:31:14","date_gmt":"2026-03-18T16:31:14","guid":{"rendered":"https:\/\/soydeaqui.ddns.net\/pachuca\/index.php\/producto\/gabinete-para-instalacion-de-2-baterias-pl4012-fabricado-en-lamina-galvanizada-opcion-para-montar-en-poste-no-incluido\/"},"modified":"2026-03-18T16:31:26","modified_gmt":"2026-03-18T16:31:26","slug":"gabinete-para-instalacion-de-2-baterias-pl4012-fabricado-en-lamina-galvanizada-opcion-para-montar-en-poste-no-incluido","status":"publish","type":"product","link":"https:\/\/soydeaqui.ddns.net\/pachuca\/index.php\/producto\/gabinete-para-instalacion-de-2-baterias-pl4012-fabricado-en-lamina-galvanizada-opcion-para-montar-en-poste-no-incluido\/","title":{"rendered":"Gabinete para instalaci\u00f3n de 2 Bater\u00edas PL4012, Fabricado en L\u00e1mina Galvanizada, Opci\u00f3n para montar en poste (No incluido)"},"content":{"rendered":"<div style='width: 100%; max-width: 1200px; margin: 0 auto; font-family: sans-serif; line-height: 1.6; color: inherit; background-color: transparent;'> <!-- Imagen del producto --> <\/p>\n<div style='margin-bottom: 30px;'> <img style='width: 100%; height: auto; border: 1px solid rgba(150&comma;150&comma;150&comma;0.3); border-radius: 8px;' src='https:\/\/ftp3.syscom.mx\/usuarios\/fotos\/EIPCB040303W3\/214703-unnamed.jpg' alt=''> <\/div>\n<p> <!-- Secci\u00f3n de caracter\u00edsticas --> <\/p>\n<div style='display: flex; flex-wrap: wrap; gap: 30px; margin-bottom: 30px;'>\n<div style='flex: 1 1 300px; min-width: 280px;'>\n<h3 style='font-size: 22px; border-bottom: 2px solid currentColor; padding-bottom: 5px; margin-top: 0; color: inherit; opacity: 0.8;'>Caracter\u00edsticas Funcionales<\/h3>\n<ul style='padding-left: 20px; font-size: 15px; color: inherit;'>\n<li style='margin-bottom: 5px;'>Cuenta con puerta con cierre por tornillo + opcional un candado (no incluido).<\/li>\n<li style='margin-bottom: 5px;'>Herrajes de instalaci\u00f3n a poste\/pared o para instalaci\u00f3n elevado del suelo se venden por separado.<\/li>\n<li style='margin-bottom: 5px;'>Perforaciones para pasado de cableado.<\/li>\n<li style='margin-bottom: 5px;'>Fabricado en l\u00e1mina galvanizada resistente a corrosi\u00f3n.<\/li>\n<li style='margin-bottom: 5px;'>Originalmente dise\u00f1ado para albergar 2 bater\u00edas PL4012 (no incluidas) y un controlador solar.<\/li>\n<\/ul><\/div>\n<div style='flex: 1 1 300px; min-width: 280px;'>\n<h3 style='font-size: 22px; border-bottom: 2px solid currentColor; padding-bottom: 5px; margin-top: 0; color: inherit; opacity: 0.8;'>Caracter\u00edsticas F\u00edsicas<\/h3>\n<ul style='padding-left: 20px; font-size: 15px; color: inherit;'>\n<li style='margin-bottom: 5px;'><strong>Pintura:<\/strong> Electrost\u00e1tica color Blanco<\/li>\n<li style='margin-bottom: 5px;'><strong>Aplicaci\u00f3n:<\/strong> Exterior<\/li>\n<li style='margin-bottom: 5px;'><strong>Material:<\/strong> L\u00e1mina de acero galvanizada 1008 SAE. 20<\/li>\n<li style='margin-bottom: 5px;'><strong>Peso:<\/strong> 6.18 Kg<\/li>\n<\/ul><\/div>\n<\/p><\/div>\n<p> <!-- Informaci\u00f3n adicional --> <\/p>\n<div style='margin-bottom: 30px;'>\n<div style='padding: 15px; border: 1px solid rgba(150&comma; 150&comma; 150&comma; 0.4); border-radius: 8px; color: inherit;'>\n<p style='margin: 0; font-weight: bold; font-size: 15px; color: inherit;'>Enviado Semi Armado en caja de cart\u00f3n con kit de torniller\u00eda.<\/p>\n<\/p><\/div>\n<\/p><\/div>\n<\/p><\/div>\n","protected":false},"excerpt":{"rendered":"<p>Gabinete para instalaci\u00f3n de 2 Bater\u00edas PL4012, Fabricado en L\u00e1mina Galvanizada, Opci\u00f3n para montar en poste (No incluido)<\/p>\n","protected":false},"featured_media":37442,"comment_status":"open","ping_status":"closed","template":"","meta":[],"product_brand":[],"product_cat":[633],"product_tag":[634,181,605],"class_list":{"0":"post-37443","1":"product","2":"type-product","3":"status-publish","4":"has-post-thumbnail","6":"product_cat-accesorios-para-rack-gabinetes","7":"product_tag-accesorios-para-rack-gabinetes","8":"product_tag-epcom-industrial","9":"product_tag-racks-y-gabinetes","11":"first","12":"outofstock","13":"sale","14":"shipping-taxable","15":"purchasable","16":"product-type-simple"},"_links":{"self":[{"href":"https:\/\/soydeaqui.ddns.net\/pachuca\/index.php\/wp-json\/wp\/v2\/product\/37443","targetHints":{"allow":["GET"]}}],"collection":[{"href":"https:\/\/soydeaqui.ddns.net\/pachuca\/index.php\/wp-json\/wp\/v2\/product"}],"about":[{"href":"https:\/\/soydeaqui.ddns.net\/pachuca\/index.php\/wp-json\/wp\/v2\/types\/product"}],"replies":[{"embeddable":true,"href":"https:\/\/soydeaqui.ddns.net\/pachuca\/index.php\/wp-json\/wp\/v2\/comments?post=37443"}],"wp:featuredmedia":[{"embeddable":true,"href":"https:\/\/soydeaqui.ddns.net\/pachuca\/index.php\/wp-json\/wp\/v2\/media\/37442"}],"wp:attachment":[{"href":"https:\/\/soydeaqui.ddns.net\/pachuca\/index.php\/wp-json\/wp\/v2\/media?parent=37443"}],"wp:term":[{"taxonomy":"product_brand","embeddable":true,"href":"https:\/\/soydeaqui.ddns.net\/pachuca\/index.php\/wp-json\/wp\/v2\/product_brand?post=37443"},{"taxonomy":"product_cat","embeddable":true,"href":"https:\/\/soydeaqui.ddns.net\/pachuca\/index.php\/wp-json\/wp\/v2\/product_cat?post=37443"},{"taxonomy":"product_tag","embeddable":true,"href":"https:\/\/soydeaqui.ddns.net\/pachuca\/index.php\/wp-json\/wp\/v2\/product_tag?post=37443"}],"curies":[{"name":"wp","href":"https:\/\/api.w.org\/{rel}","templated":true}]}}